{"id":2526,"date":"2025-09-10T00:36:31","date_gmt":"2025-09-10T00:36:31","guid":{"rendered":"https:\/\/jiana-tech.com\/product\/saipwell-plc-program-pump-control-meter-power-supply-distribution-box-control-panel-plc-control-panel-cabinet\/"},"modified":"2025-10-25T03:22:24","modified_gmt":"2025-10-25T03:22:24","slug":"saipwell-plc-program-pump-control-meter-power-supply-distribution-box-control-panel-plc-control-panel-cabinet","status":"publish","type":"product","link":"https:\/\/jiana-tech.com\/ar\/product\/saipwell-plc-program-pump-control-meter-power-supply-distribution-box-control-panel-plc-control-panel-cabinet\/","title":{"rendered":"\u0633\u0627\u064a\u0628\u0648\u064a\u0644 \u0628\u0631\u0646\u0627\u0645\u062c \u0627\u0644\u062a\u062d\u0643\u0645 \u0627\u0644\u0645\u0646\u0637\u0642\u064a \u0627\u0644\u0642\u0627\u0628\u0644 \u0644\u0644\u0628\u0631\u0645\u062c\u0629 PLC \u0644\u0645\u0636\u062e\u0629 \u0627\u0644\u062a\u062d\u0643\u0645 \u0641\u064a \u0627\u0644\u0645\u0636\u062e\u0629 \u0635\u0646\u062f\u0648\u0642 \u062a\u0648\u0632\u064a\u0639 \u0625\u0645\u062f\u0627\u062f\u0627\u062a \u0627\u0644\u0637\u0627\u0642\u0629 \u0644\u0648\u062d\u0629 \u0627\u0644\u062a\u062d\u0643\u0645 PLC \u062e\u0632\u0627\u0646\u0629 \u0644\u0648\u062d\u0629 \u0627\u0644\u062a\u062d\u0643\u0645 PLC"},"content":{"rendered":"<p>\u0645\u0633\u062a\u0648\u0649 IP: IP66<br \/>\n\u0627\u0644\u0645\u0642\u0627\u0633 \u0627\u0644\u062e\u0627\u0631\u062c\u064a: 600 \u00d7 400 \u00d7 200 \u0645\u0645\u060c 150 \u00d7 100 \u00d7 40 \u0645\u0645\u060c 406.5 \u00d7 312.5 \u00d7 312.5 \u00d7 156 \u0645\u0645\u060c 432 \u00d7 44 \u00d7 300 \u0645\u0645\u060c 400 \u00d7 300 \u00d7 150 \u0645\u0645\u060c 115 \u00d7 75 \u00d7 55 \u0645\u0645\u060c 200 \u00d7 100 \u00d7 60 \u0645\u0645\u060c 255 \u00d7 200 \u00d7 80 \u0645\u0645\u060c 300 \u00d7 200 \u00d7 100 \u0645\u0645\u060c 106.9 \u00d7 105.9 \u00d7 105.9 \u00d7 32 \u0645\u0645\u060c 700 * 500 * 250 \u0645\u0645<br \/>\n\u0627\u0644\u0645\u0627\u062f\u0629: \u0641\u0648\u0644\u0627\u0630 \u0645\u062f\u0644\u0641\u0646 \u0639\u0644\u0649 \u0627\u0644\u0628\u0627\u0631\u062f\u060c \u0641\u0648\u0644\u0627\u0630 \u0645\u0642\u0627\u0648\u0645 \u0644\u0644\u0635\u062f\u0623\u060c \u0623\u0644\u0648\u0645\u0646\u064a\u0648\u0645<br \/>\n\u0645\u0643\u0627\u0646 \u0627\u0644\u0645\u0646\u0634\u0623:\u0634\u0646\u063a\u0647\u0627\u064a\u060c \u0627\u0644\u0635\u064a\u0646<br \/>\n\u0627\u0633\u0645 \u0627\u0644\u0639\u0644\u0627\u0645\u0629 \u0627\u0644\u062a\u062c\u0627\u0631\u064a\u0629:\u0633\u0627\u064a\u0628\/\u0633\u0627\u064a\u0628\u0648\u064a\u0644<br \/>\n\u0631\u0642\u0645 \u0627\u0644\u0645\u0648\u062f\u064a\u0644:SP-B3-705025- SP-B3-705025<br \/>\n\u0627\u0644\u0646\u0648\u0639:\u0635\u0646\u062f\u0648\u0642 \u0645\u062e\u0631\u062c<br \/>\n\u0634\u0647\u0627\u062f\u0629: CE ROHS ISO9001 UL<br \/>\n\u0627\u0644\u062a\u062e\u0635\u064a\u0635: \u0645\u0642\u0628\u0648\u0644<br \/>\n\u0645\u0639\u0627\u0644\u062c\u0629 \u0627\u0644\u0633\u0637\u062d:\u0637\u0644\u0627\u0621 \u0627\u0644\u0645\u0633\u062d\u0648\u0642<br \/>\n\u0627\u0644\u0639\u0644\u0627\u0645\u0629 \u0627\u0644\u062a\u062c\u0627\u0631\u064a\u0629:\u0633\u0627\u064a\u0628\/\u0633\u0627\u064a\u0628\u0648\u064a\u0644<br \/>\n\u0627\u0644\u062d\u062c\u0645: \u0627\u0644\u062a\u062e\u0635\u064a\u0635 \u0645\u0642\u0628\u0648\u0644<br \/>\n\u0627\u0644\u0633\u0645\u0627\u0643\u0629: 1.2 \u0645\u0645 \/ 1.5 \u0645\u0645<br \/>\n\u062a\u0637\u0628\u064a\u0642:\u0627\u0644\u0645\u062c\u0627\u0644 \u0627\u0644\u0643\u0647\u0631\u0628\u0627\u0626\u064a \u0627\u0644\u0635\u0646\u0627\u0639\u064a<br \/>\n\u0627\u0644\u0644\u0648\u0646:Ral7032<br \/>\n\u0642\u0641\u0644:\u0642\u0641\u0644 \u0645\u0646 \u0633\u0628\u0627\u0626\u0643 \u0627\u0644\u0632\u0646\u0643<br \/>\n\u0648\u062d\u062f\u0627\u062a \u0627\u0644\u0628\u064a\u0639:\u0635\u0646\u0641 \u0648\u0627\u062d\u062f<br \/>\n\u062d\u062c\u0645 \u0627\u0644\u0639\u0628\u0648\u0629 \u0627\u0644\u0648\u0627\u062d\u062f\u0629: 72 \u00d7 52 \u00d7 27 \u0633\u0645<br \/>\n\u0627\u0644\u0648\u0632\u0646 \u0627\u0644\u0625\u062c\u0645\u0627\u0644\u064a \u0627\u0644\u0641\u0631\u062f\u064a: 21.000 \u0643\u062c\u0645<\/p>\n<p><img decoding=\"async\" class=\"alignnone size-full\" src=\"https:\/\/jiana-tech.com\/wp-content\/uploads\/2025\/09\/detail_pic_0-4.png\" width=\"790\" alt=\"\"\/><\/p>\n<p><img decoding=\"async\" class=\"alignnone size-full\" src=\"https:\/\/jiana-tech.com\/wp-content\/uploads\/2025\/09\/detail_pic_1-4.png\" width=\"790\" alt=\"\"\/><\/p>\n<p><img decoding=\"async\" class=\"alignnone size-full\" src=\"https:\/\/jiana-tech.com\/wp-content\/uploads\/2025\/09\/detail_pic_2-5.jpg\" width=\"790\" alt=\"\"\/><\/p>\n<p><img decoding=\"async\" class=\"alignnone size-full\" src=\"https:\/\/jiana-tech.com\/wp-content\/uploads\/2025\/09\/detail_pic_3-5.jpg\" width=\"790\" alt=\"\"\/><\/p>\n<p><img decoding=\"async\" class=\"alignnone size-full\" src=\"https:\/\/jiana-tech.com\/wp-content\/uploads\/2025\/09\/detail_pic_4-5.jpg\" width=\"790\" alt=\"\"\/><\/p>\n<p><img decoding=\"async\" class=\"alignnone size-full\" src=\"https:\/\/jiana-tech.com\/wp-content\/uploads\/2025\/09\/detail_pic_5-4.jpg\" width=\"790\" alt=\"\"\/><\/p>\n<p><img decoding=\"async\" class=\"alignnone size-full\" src=\"https:\/\/jiana-tech.com\/wp-content\/uploads\/2025\/09\/detail_pic_6-4.jpg\" width=\"790\" alt=\"\"\/><\/p>\n<p><img decoding=\"async\" class=\"alignnone size-full\" src=\"https:\/\/jiana-tech.com\/wp-content\/uploads\/2025\/09\/detail_pic_7-4.jpg\" width=\"790\" alt=\"\"\/><\/p>\n<p><img decoding=\"async\" class=\"alignnone size-full\" src=\"https:\/\/jiana-tech.com\/wp-content\/uploads\/2025\/09\/detail_pic_8-4.jpg\" width=\"790\" alt=\"\"\/><\/p>\n<p><img decoding=\"async\" class=\"alignnone size-full\" src=\"https:\/\/jiana-tech.com\/wp-content\/uploads\/2025\/09\/detail_pic_9-4.jpg\" width=\"790\" alt=\"\"\/><\/p>\n<p><img decoding=\"async\" class=\"alignnone size-full\" src=\"https:\/\/jiana-tech.com\/wp-content\/uploads\/2025\/09\/detail_pic_10-5.png\" width=\"790\" alt=\"\"\/><\/p>\n<p><img decoding=\"async\" class=\"alignnone size-full\" src=\"https:\/\/jiana-tech.com\/wp-content\/uploads\/2025\/09\/detail_pic_11-5.png\" width=\"790\" alt=\"\"\/><\/p>\n<p><img decoding=\"async\" class=\"alignnone size-full\" src=\"https:\/\/jiana-tech.com\/wp-content\/uploads\/2025\/09\/detail_pic_12-4.jpg\" width=\"790\" alt=\"\"\/><\/p>\n<p><img decoding=\"async\" class=\"alignnone size-full\" src=\"https:\/\/jiana-tech.com\/wp-content\/uploads\/2025\/09\/detail_pic_13-4.jpg\" width=\"790\" alt=\"\"\/><\/p>\n<p><img decoding=\"async\" class=\"alignnone size-full\" src=\"https:\/\/jiana-tech.com\/wp-content\/uploads\/2025\/09\/detail_pic_14-5.jpg\" width=\"790\" alt=\"\"\/><\/p>\n<p><img decoding=\"async\" class=\"alignnone size-full\" src=\"https:\/\/jiana-tech.com\/wp-content\/uploads\/2025\/09\/detail_pic_15-4.png\" width=\"790\" alt=\"\"\/><\/p>","protected":false},"excerpt":{"rendered":"<p>\u0633\u0627\u064a\u0628\u0648\u064a\u0644 \u0628\u0631\u0646\u0627\u0645\u062c \u0627\u0644\u062a\u062d\u0643\u0645 \u0627\u0644\u0645\u0646\u0637\u0642\u064a \u0627\u0644\u0642\u0627\u0628\u0644 \u0644\u0644\u0628\u0631\u0645\u062c\u0629 PLC \u0644\u0645\u0636\u062e\u0629 \u0627\u0644\u062a\u062d\u0643\u0645 \u0641\u064a \u0627\u0644\u0645\u0636\u062e\u0629 \u0635\u0646\u062f\u0648\u0642 \u062a\u0648\u0632\u064a\u0639 \u0625\u0645\u062f\u0627\u062f\u0627\u062a \u0627\u0644\u0637\u0627\u0642\u0629 \u0644\u0648\u062d\u0629 \u0627\u0644\u062a\u062d\u0643\u0645 PLC \u062e\u0632\u0627\u0646\u0629 \u0644\u0648\u062d\u0629 \u0627\u0644\u062a\u062d\u0643\u0645 PLC<\/p>","protected":false},"featured_media":1929,"template":"","meta":{"site-sidebar-layout":"default","site-content-layout":"","ast-site-content-layout":"default","site-content-style":"default","site-sidebar-style":"default","ast-global-header-display":"","ast-banner-title-visibility":"","ast-main-header-display":"","ast-hfb-above-header-display":"","ast-hfb-below-header-display":"","ast-hfb-mobile-header-display":"","site-post-title":"","ast-breadcrumbs-content":"","ast-featured-img":"","footer-sml-layout":"","ast-disable-related-posts":"","theme-transparent-header-meta":"","adv-header-id-meta":"","stick-header-meta":"","header-above-stick-meta":"","header-main-stick-meta":"","header-below-stick-meta":"","astra-migrate-meta-layouts":"default","ast-page-background-enabled":"default","ast-page-background-meta":{"desktop":{"background-color":"var(--ast-global-color-5)","background-image":"","background-repeat":"repeat","background-position":"center center","background-size":"auto","background-attachment":"scroll","background-type":"","background-media":"","overlay-type":"","overlay-color":"","overlay-opacity":"","overlay-gradient":""},"tablet":{"background-color":"","background-image":"","background-repeat":"repeat","background-position":"center center","background-size":"auto","background-attachment":"scroll","background-type":"","background-media":"","overlay-type":"","overlay-color":"","overlay-opacity":"","overlay-gradient":""},"mobile":{"background-color":"","background-image":"","background-repeat":"repeat","background-position":"center center","background-size":"auto","background-attachment":"scroll","background-type":"","background-media":"","overlay-type":"","overlay-color":"","overlay-opacity":"","overlay-gradient":""}},"ast-content-background-meta":{"desktop":{"background-color":"var(--ast-global-color-4)","background-image":"","background-repeat":"repeat","background-position":"center center","background-size":"auto","background-attachment":"scroll","background-type":"","background-media":"","overlay-type":"","overlay-color":"","overlay-opacity":"","overlay-gradient":""},"tablet":{"background-color":"var(--ast-global-color-4)","background-image":"","background-repeat":"repeat","background-position":"center center","background-size":"auto","background-attachment":"scroll","background-type":"","background-media":"","overlay-type":"","overlay-color":"","overlay-opacity":"","overlay-gradient":""},"mobile":{"background-color":"var(--ast-global-color-4)","background-image":"","background-repeat":"repeat","background-position":"center center","background-size":"auto","background-attachment":"scroll","background-type":"","background-media":"","overlay-type":"","overlay-color":"","overlay-opacity":"","overlay-gradient":""}}},"product_brand":[],"product_cat":[33,19],"product_tag":[],"class_list":{"0":"post-2526","1":"product","2":"type-product","3":"status-publish","4":"has-post-thumbnail","6":"product_cat-plc-control-cabinet1","7":"product_cat-uncategorized","8":"desktop-align-left","9":"tablet-align-left","10":"mobile-align-left","12":"first","13":"outofstock","14":"shipping-taxable","15":"product-type-variable"},"_links":{"self":[{"href":"https:\/\/jiana-tech.com\/ar\/wp-json\/wp\/v2\/product\/2526","targetHints":{"allow":["GET"]}}],"collection":[{"href":"https:\/\/jiana-tech.com\/ar\/wp-json\/wp\/v2\/product"}],"about":[{"href":"https:\/\/jiana-tech.com\/ar\/wp-json\/wp\/v2\/types\/product"}],"wp:featuredmedia":[{"embeddable":true,"href":"https:\/\/jiana-tech.com\/ar\/wp-json\/wp\/v2\/media\/1929"}],"wp:attachment":[{"href":"https:\/\/jiana-tech.com\/ar\/wp-json\/wp\/v2\/media?parent=2526"}],"wp:term":[{"taxonomy":"product_brand","embeddable":true,"href":"https:\/\/jiana-tech.com\/ar\/wp-json\/wp\/v2\/product_brand?post=2526"},{"taxonomy":"product_cat","embeddable":true,"href":"https:\/\/jiana-tech.com\/ar\/wp-json\/wp\/v2\/product_cat?post=2526"},{"taxonomy":"product_tag","embeddable":true,"href":"https:\/\/jiana-tech.com\/ar\/wp-json\/wp\/v2\/product_tag?post=2526"}],"curies":[{"name":"\u062f\u0628\u0644\u064a\u0648 \u0628\u064a","href":"https:\/\/api.w.org\/{rel}","templated":true}]}}