{"id":1517,"date":"2025-08-05T01:00:52","date_gmt":"2025-08-05T01:00:52","guid":{"rendered":"https:\/\/jiana-tech.com\/?post_type=product&#038;p=1517"},"modified":"2025-08-05T01:01:59","modified_gmt":"2025-08-05T01:01:59","slug":"yangao-box-outdoor-cabinet-ip65-waterproof-fiber-glass-box","status":"publish","type":"product","link":"https:\/\/jiana-tech.com\/cs\/product\/yangao-box-outdoor-cabinet-ip65-waterproof-fiber-glass-box\/","title":{"rendered":"YanGao Box Venkovn\u00ed sk\u0159\u00ed\u0148 IP65 Vodot\u011bsn\u00e1 sklovl\u00e1knit\u00e1 krabice"},"content":{"rendered":"<p>Stupe\u0148 kryt\u00ed IP:IP65<br \/>\nTyp: Ovl\u00e1dac\u00ed sk\u0159\u00ed\u0148ka<br \/>\nM\u00edsto p\u016fvodu: Shandong, \u010c\u00edna<br \/>\nN\u00e1zev zna\u010dky: YanGao<br \/>\n\u010c\u00edslo modelu: PE-01<br \/>\nVn\u011bj\u0161\u00ed velikost: 250X300X140, 300*400*200, 400*400*200, 400*500*200, 400*600*230, 500*600*230, 600*800*300<br \/>\nMaterial:fiberglass, Polyester<br \/>\nN\u00e1zev produktu: Polyesterov\u00fd kryt<br \/>\nMateri\u00e1l: Polyester<br \/>\nBarva:st\u0159\u00edbrn\u00e1<br \/>\nMOQ: 1 ks<br \/>\nDodac\u00ed lh\u016fta: 10 dn\u00ed<br \/>\nCertifik\u00e1t: CE RoHS<br \/>\nStupe\u0148 kryt\u00ed: IP65<br \/>\nProdejn\u00ed jednotky: Jednotliv\u00e9 polo\u017eky<br \/>\nVelikost jednoho balen\u00ed: 37X32X22 cm<br \/>\nJednotliv\u00e1 celkov\u00e1 hmotnost: 3 000 KG<\/p>\n<p><img decoding=\"async\" class=\"alignnone size-full\" src=\"https:\/\/1688factorys.com\/wp-content\/uploads\/detail_pic_0-1589.jpg\" width=\"790\" alt=\"\"\/><\/p>\n<p><img decoding=\"async\" class=\"alignnone size-full\" src=\"https:\/\/1688factorys.com\/wp-content\/uploads\/detail_pic_1-1521.jpg\" width=\"790\" alt=\"\"\/><\/p>\n<p><img decoding=\"async\" class=\"alignnone size-full\" src=\"https:\/\/1688factorys.com\/wp-content\/uploads\/detail_pic_2-1560.jpg\" width=\"790\" alt=\"\"\/><\/p>\n<p><img decoding=\"async\" class=\"alignnone size-full\" src=\"https:\/\/1688factorys.com\/wp-content\/uploads\/detail_pic_3-1536.jpg\" width=\"790\" alt=\"\"\/><\/p>\n<p><img decoding=\"async\" class=\"alignnone size-full\" src=\"https:\/\/1688factorys.com\/wp-content\/uploads\/detail_pic_4-1379.jpg\" width=\"790\" alt=\"\"\/><\/p>\n<p><img decoding=\"async\" class=\"alignnone size-full\" src=\"https:\/\/1688factorys.com\/wp-content\/uploads\/detail_pic_5-1242.jpg\" width=\"790\" alt=\"\"\/><\/p>\n<p><img decoding=\"async\" class=\"alignnone size-full\" src=\"https:\/\/1688factorys.com\/wp-content\/uploads\/detail_pic_6-1254.jpg\" width=\"790\" alt=\"\"\/><\/p>\n<p><img decoding=\"async\" class=\"alignnone size-full\" src=\"https:\/\/1688factorys.com\/wp-content\/uploads\/detail_pic_7-1238.jpg\" width=\"790\" alt=\"\"\/><\/p>\n<p><img decoding=\"async\" class=\"alignnone size-full\" src=\"https:\/\/1688factorys.com\/wp-content\/uploads\/detail_pic_8-956.jpg\" width=\"790\" alt=\"\"\/><\/p>\n<p><img decoding=\"async\" class=\"alignnone size-full\" src=\"https:\/\/1688factorys.com\/wp-content\/uploads\/detail_pic_9-851.jpg\" width=\"790\" alt=\"\"\/><\/p>\n<p><img decoding=\"async\" class=\"alignnone size-full\" src=\"https:\/\/1688factorys.com\/wp-content\/uploads\/detail_pic_10-893.jpg\" width=\"790\" alt=\"\"\/><\/p>","protected":false},"excerpt":{"rendered":"<p>YanGao Box Venkovn\u00ed sk\u0159\u00ed\u0148 IP65 Vodot\u011bsn\u00e1 sklovl\u00e1knit\u00e1 krabice<\/p>","protected":false},"featured_media":1693,"template":"","meta":{"site-sidebar-layout":"default","site-content-layout":"","ast-site-content-layout":"default","site-content-style":"default","site-sidebar-style":"default","ast-global-header-display":"","ast-banner-title-visibility":"","ast-main-header-display":"","ast-hfb-above-header-display":"","ast-hfb-below-header-display":"","ast-hfb-mobile-header-display":"","site-post-title":"","ast-breadcrumbs-content":"","ast-featured-img":"","footer-sml-layout":"","theme-transparent-header-meta":"","adv-header-id-meta":"","stick-header-meta":"","header-above-stick-meta":"","header-main-stick-meta":"","header-below-stick-meta":"","astra-migrate-meta-layouts":"default","ast-page-background-enabled":"default","ast-page-background-meta":{"desktop":{"background-color":"var(--ast-global-color-5)","background-image":"","background-repeat":"repeat","background-position":"center center","background-size":"auto","background-attachment":"scroll","background-type":"","background-media":"","overlay-type":"","overlay-color":"","overlay-opacity":"","overlay-gradient":""},"tablet":{"background-color":"","background-image":"","background-repeat":"repeat","background-position":"center center","background-size":"auto","background-attachment":"scroll","background-type":"","background-media":"","overlay-type":"","overlay-color":"","overlay-opacity":"","overlay-gradient":""},"mobile":{"background-color":"","background-image":"","background-repeat":"repeat","background-position":"center center","background-size":"auto","background-attachment":"scroll","background-type":"","background-media":"","overlay-type":"","overlay-color":"","overlay-opacity":"","overlay-gradient":""}},"ast-content-background-meta":{"desktop":{"background-color":"var(--ast-global-color-4)","background-image":"","background-repeat":"repeat","background-position":"center center","background-size":"auto","background-attachment":"scroll","background-type":"","background-media":"","overlay-type":"","overlay-color":"","overlay-opacity":"","overlay-gradient":""},"tablet":{"background-color":"var(--ast-global-color-4)","background-image":"","background-repeat":"repeat","background-position":"center center","background-size":"auto","background-attachment":"scroll","background-type":"","background-media":"","overlay-type":"","overlay-color":"","overlay-opacity":"","overlay-gradient":""},"mobile":{"background-color":"var(--ast-global-color-4)","background-image":"","background-repeat":"repeat","background-position":"center center","background-size":"auto","background-attachment":"scroll","background-type":"","background-media":"","overlay-type":"","overlay-color":"","overlay-opacity":"","overlay-gradient":""}}},"product_brand":[],"product_cat":[24],"product_tag":[],"class_list":{"0":"post-1517","1":"product","2":"type-product","3":"status-publish","4":"has-post-thumbnail","6":"product_cat-fiber-glass-box","7":"desktop-align-left","8":"tablet-align-left","9":"mobile-align-left","11":"first","12":"outofstock","13":"shipping-taxable","14":"product-type-variable"},"_links":{"self":[{"href":"https:\/\/jiana-tech.com\/cs\/wp-json\/wp\/v2\/product\/1517","targetHints":{"allow":["GET"]}}],"collection":[{"href":"https:\/\/jiana-tech.com\/cs\/wp-json\/wp\/v2\/product"}],"about":[{"href":"https:\/\/jiana-tech.com\/cs\/wp-json\/wp\/v2\/types\/product"}],"wp:featuredmedia":[{"embeddable":true,"href":"https:\/\/jiana-tech.com\/cs\/wp-json\/wp\/v2\/media\/1693"}],"wp:attachment":[{"href":"https:\/\/jiana-tech.com\/cs\/wp-json\/wp\/v2\/media?parent=1517"}],"wp:term":[{"taxonomy":"product_brand","embeddable":true,"href":"https:\/\/jiana-tech.com\/cs\/wp-json\/wp\/v2\/product_brand?post=1517"},{"taxonomy":"product_cat","embeddable":true,"href":"https:\/\/jiana-tech.com\/cs\/wp-json\/wp\/v2\/product_cat?post=1517"},{"taxonomy":"product_tag","embeddable":true,"href":"https:\/\/jiana-tech.com\/cs\/wp-json\/wp\/v2\/product_tag?post=1517"}],"curies":[{"name":"wp","href":"https:\/\/api.w.org\/{rel}","templated":true}]}}