{"id":2542,"date":"2025-09-10T00:36:35","date_gmt":"2025-09-10T00:36:35","guid":{"rendered":"https:\/\/jiana-tech.com\/product\/saipwell-plc-control-cabinet-programming-variable-frequency-cabinet-electrical-industry-complete-electric-control-cabinet\/"},"modified":"2025-10-25T03:22:23","modified_gmt":"2025-10-25T03:22:23","slug":"saipwell-plc-control-cabinet-programming-variable-frequency-cabinet-electrical-industry-complete-electric-control-cabinet","status":"publish","type":"product","link":"https:\/\/jiana-tech.com\/cs\/product\/saipwell-plc-control-cabinet-programming-variable-frequency-cabinet-electrical-industry-complete-electric-control-cabinet\/","title":{"rendered":"SAIPWELL PLC rozvad\u011b\u010d Programov\u00e1n\u00ed Variabiln\u00ed frekven\u010dn\u00ed rozvad\u011b\u010d Elektrick\u00fd pr\u016fmysl Kompletn\u00ed elektrick\u00fd rozvad\u011b\u010d"},"content":{"rendered":"<p>\u00darove\u0148 IP: ip55<br \/>\nVn\u011bj\u0161\u00ed velikost: na m\u00edru<br \/>\nM\u00edsto p\u016fvodu: \u010c\u00edna<br \/>\nN\u00e1zev zna\u010dky: SAIPWELL<br \/>\n\u010c\u00edslo modelu: PLC<br \/>\nTyp: Ovl\u00e1dac\u00ed sk\u0159\u00ed\u0148ka<br \/>\nMateri\u00e1l krytu: ocel v\u00e1lcovan\u00e1 za studena\/nerezov\u00e1 ocel<br \/>\nTlou\u0161\u0165ka: 1,0\/1,2\/1,5\/2,0 mm \/ na zak\u00e1zku<br \/>\nCertifik\u00e1t: CE ROHS<br \/>\nSlu\u017eba: OEM.ODM<br \/>\nP\u0159izp\u016fsoben\u00ed: Silkscreen.cutout.label.laser Engrave<br \/>\nMOQ: 1 ks<br \/>\nProdejn\u00ed jednotky: Jednotliv\u00e9 polo\u017eky<br \/>\nVelikost jednotliv\u00e9ho balen\u00ed: XX cm<\/p>\n<p><img decoding=\"async\" class=\"alignnone size-full\" src=\"https:\/\/jiana-tech.com\/wp-content\/uploads\/2025\/09\/detail_pic_0-11.jpg\" width=\"790\" alt=\"\"\/><\/p>\n<p><img decoding=\"async\" class=\"alignnone size-full\" src=\"https:\/\/jiana-tech.com\/wp-content\/uploads\/2025\/09\/detail_pic_1-10.jpg\" width=\"790\" alt=\"\"\/><\/p>\n<p><img decoding=\"async\" class=\"alignnone size-full\" src=\"https:\/\/jiana-tech.com\/wp-content\/uploads\/2025\/09\/detail_pic_2-19.jpg\" width=\"790\" alt=\"\"\/><\/p>\n<p><img decoding=\"async\" class=\"alignnone size-full\" src=\"https:\/\/jiana-tech.com\/wp-content\/uploads\/2025\/09\/detail_pic_3-16.jpg\" width=\"790\" alt=\"\"\/><\/p>\n<p><img decoding=\"async\" class=\"alignnone size-full\" src=\"https:\/\/jiana-tech.com\/wp-content\/uploads\/2025\/09\/detail_pic_4-18.jpg\" width=\"790\" alt=\"\"\/><\/p>\n<p><img decoding=\"async\" class=\"alignnone size-full\" src=\"https:\/\/jiana-tech.com\/wp-content\/uploads\/2025\/09\/detail_pic_5-14.jpg\" width=\"790\" alt=\"\"\/><\/p>\n<p><img decoding=\"async\" class=\"alignnone size-full\" src=\"https:\/\/jiana-tech.com\/wp-content\/uploads\/2025\/09\/detail_pic_6-4.png\" width=\"790\" alt=\"\"\/><\/p>\n<p><img decoding=\"async\" class=\"alignnone size-full\" src=\"https:\/\/jiana-tech.com\/wp-content\/uploads\/2025\/09\/detail_pic_7-6.png\" width=\"790\" alt=\"\"\/><\/p>\n<p><img decoding=\"async\" class=\"alignnone size-full\" src=\"https:\/\/jiana-tech.com\/wp-content\/uploads\/2025\/09\/detail_pic_8-10.png\" width=\"790\" alt=\"\"\/><\/p>\n<p><img decoding=\"async\" class=\"alignnone size-full\" src=\"https:\/\/jiana-tech.com\/wp-content\/uploads\/2025\/09\/detail_pic_9-6.png\" width=\"790\" alt=\"\"\/><\/p>\n<p><img decoding=\"async\" class=\"alignnone size-full\" src=\"https:\/\/jiana-tech.com\/wp-content\/uploads\/2025\/09\/detail_pic_10-12.png\" width=\"790\" alt=\"\"\/><\/p>\n<p><img decoding=\"async\" class=\"alignnone size-full\" src=\"https:\/\/jiana-tech.com\/wp-content\/uploads\/2025\/09\/detail_pic_11-12.png\" width=\"790\" alt=\"\"\/><\/p>\n<p><img decoding=\"async\" class=\"alignnone size-full\" src=\"https:\/\/jiana-tech.com\/wp-content\/uploads\/2025\/09\/detail_pic_12-7.png\" width=\"790\" alt=\"\"\/><\/p>\n<p><img decoding=\"async\" class=\"alignnone size-full\" src=\"https:\/\/jiana-tech.com\/wp-content\/uploads\/2025\/09\/detail_pic_13-6.png\" width=\"790\" alt=\"\"\/><\/p>\n<p><img decoding=\"async\" class=\"alignnone size-full\" src=\"https:\/\/jiana-tech.com\/wp-content\/uploads\/2025\/09\/detail_pic_14-7.png\" width=\"790\" alt=\"\"\/><\/p>\n<p><img decoding=\"async\" class=\"alignnone size-full\" src=\"https:\/\/jiana-tech.com\/wp-content\/uploads\/2025\/09\/detail_pic_15-9.png\" width=\"790\" alt=\"\"\/><\/p>\n<p><img decoding=\"async\" class=\"alignnone size-full\" src=\"https:\/\/jiana-tech.com\/wp-content\/uploads\/2025\/09\/detail_pic_16-2.png\" width=\"790\" alt=\"\"\/><\/p>\n<p><img decoding=\"async\" class=\"alignnone size-full\" src=\"https:\/\/jiana-tech.com\/wp-content\/uploads\/2025\/09\/detail_pic_17-8.png\" width=\"790\" alt=\"\"\/><\/p>\n<p><img decoding=\"async\" class=\"alignnone size-full\" src=\"https:\/\/jiana-tech.com\/wp-content\/uploads\/2025\/09\/detail_pic_18-6.jpg\" width=\"790\" alt=\"\"\/><\/p>\n<p><img decoding=\"async\" class=\"alignnone size-full\" src=\"https:\/\/jiana-tech.com\/wp-content\/uploads\/2025\/09\/detail_pic_19-5.jpg\" width=\"790\" alt=\"\"\/><\/p>\n<p><img decoding=\"async\" class=\"alignnone size-full\" src=\"https:\/\/jiana-tech.com\/wp-content\/uploads\/2025\/09\/detail_pic_20-4.png\" width=\"790\" alt=\"\"\/><\/p>\n<p><img decoding=\"async\" class=\"alignnone size-full\" src=\"https:\/\/jiana-tech.com\/wp-content\/uploads\/2025\/09\/detail_pic_21-4.jpg\" width=\"790\" alt=\"\"\/><\/p>\n<p><img decoding=\"async\" class=\"alignnone size-full\" src=\"https:\/\/jiana-tech.com\/wp-content\/uploads\/2025\/09\/detail_pic_22-5.jpg\" width=\"790\" alt=\"\"\/><\/p>\n<p><img decoding=\"async\" class=\"alignnone size-full\" src=\"https:\/\/jiana-tech.com\/wp-content\/uploads\/2025\/09\/detail_pic_23-4.jpg\" width=\"790\" alt=\"\"\/><\/p>\n<p><img decoding=\"async\" class=\"alignnone size-full\" src=\"https:\/\/jiana-tech.com\/wp-content\/uploads\/2025\/09\/detail_pic_24-4.jpg\" width=\"790\" alt=\"\"\/><\/p>\n<p><img decoding=\"async\" class=\"alignnone size-full\" src=\"https:\/\/jiana-tech.com\/wp-content\/uploads\/2025\/09\/detail_pic_25-4.jpg\" width=\"790\" alt=\"\"\/><\/p>\n<p><img decoding=\"async\" class=\"alignnone size-full\" src=\"https:\/\/jiana-tech.com\/wp-content\/uploads\/2025\/09\/detail_pic_26-3.jpg\" width=\"790\" alt=\"\"\/><\/p>","protected":false},"excerpt":{"rendered":"<p>SAIPWELL PLC rozvad\u011b\u010d Programov\u00e1n\u00ed Variabiln\u00ed frekven\u010dn\u00ed rozvad\u011b\u010d Elektrick\u00fd pr\u016fmysl Kompletn\u00ed elektrick\u00fd rozvad\u011b\u010d<\/p>","protected":false},"featured_media":2351,"template":"","meta":{"site-sidebar-layout":"default","site-content-layout":"","ast-site-content-layout":"default","site-content-style":"default","site-sidebar-style":"default","ast-global-header-display":"","ast-banner-title-visibility":"","ast-main-header-display":"","ast-hfb-above-header-display":"","ast-hfb-below-header-display":"","ast-hfb-mobile-header-display":"","site-post-title":"","ast-breadcrumbs-content":"","ast-featured-img":"","footer-sml-layout":"","ast-disable-related-posts":"","theme-transparent-header-meta":"","adv-header-id-meta":"","stick-header-meta":"","header-above-stick-meta":"","header-main-stick-meta":"","header-below-stick-meta":"","astra-migrate-meta-layouts":"default","ast-page-background-enabled":"default","ast-page-background-meta":{"desktop":{"background-color":"var(--ast-global-color-5)","background-image":"","background-repeat":"repeat","background-position":"center center","background-size":"auto","background-attachment":"scroll","background-type":"","background-media":"","overlay-type":"","overlay-color":"","overlay-opacity":"","overlay-gradient":""},"tablet":{"background-color":"","background-image":"","background-repeat":"repeat","background-position":"center center","background-size":"auto","background-attachment":"scroll","background-type":"","background-media":"","overlay-type":"","overlay-color":"","overlay-opacity":"","overlay-gradient":""},"mobile":{"background-color":"","background-image":"","background-repeat":"repeat","background-position":"center center","background-size":"auto","background-attachment":"scroll","background-type":"","background-media":"","overlay-type":"","overlay-color":"","overlay-opacity":"","overlay-gradient":""}},"ast-content-background-meta":{"desktop":{"background-color":"var(--ast-global-color-4)","background-image":"","background-repeat":"repeat","background-position":"center center","background-size":"auto","background-attachment":"scroll","background-type":"","background-media":"","overlay-type":"","overlay-color":"","overlay-opacity":"","overlay-gradient":""},"tablet":{"background-color":"var(--ast-global-color-4)","background-image":"","background-repeat":"repeat","background-position":"center center","background-size":"auto","background-attachment":"scroll","background-type":"","background-media":"","overlay-type":"","overlay-color":"","overlay-opacity":"","overlay-gradient":""},"mobile":{"background-color":"var(--ast-global-color-4)","background-image":"","background-repeat":"repeat","background-position":"center center","background-size":"auto","background-attachment":"scroll","background-type":"","background-media":"","overlay-type":"","overlay-color":"","overlay-opacity":"","overlay-gradient":""}}},"product_brand":[],"product_cat":[33,19],"product_tag":[],"class_list":{"0":"post-2542","1":"product","2":"type-product","3":"status-publish","4":"has-post-thumbnail","6":"product_cat-plc-control-cabinet1","7":"product_cat-uncategorized","8":"desktop-align-left","9":"tablet-align-left","10":"mobile-align-left","12":"first","13":"outofstock","14":"shipping-taxable","15":"product-type-variable"},"_links":{"self":[{"href":"https:\/\/jiana-tech.com\/cs\/wp-json\/wp\/v2\/product\/2542","targetHints":{"allow":["GET"]}}],"collection":[{"href":"https:\/\/jiana-tech.com\/cs\/wp-json\/wp\/v2\/product"}],"about":[{"href":"https:\/\/jiana-tech.com\/cs\/wp-json\/wp\/v2\/types\/product"}],"wp:featuredmedia":[{"embeddable":true,"href":"https:\/\/jiana-tech.com\/cs\/wp-json\/wp\/v2\/media\/2351"}],"wp:attachment":[{"href":"https:\/\/jiana-tech.com\/cs\/wp-json\/wp\/v2\/media?parent=2542"}],"wp:term":[{"taxonomy":"product_brand","embeddable":true,"href":"https:\/\/jiana-tech.com\/cs\/wp-json\/wp\/v2\/product_brand?post=2542"},{"taxonomy":"product_cat","embeddable":true,"href":"https:\/\/jiana-tech.com\/cs\/wp-json\/wp\/v2\/product_cat?post=2542"},{"taxonomy":"product_tag","embeddable":true,"href":"https:\/\/jiana-tech.com\/cs\/wp-json\/wp\/v2\/product_tag?post=2542"}],"curies":[{"name":"wp","href":"https:\/\/api.w.org\/{rel}","templated":true}]}}