{"id":2861,"date":"2025-10-25T01:16:31","date_gmt":"2025-10-25T01:16:31","guid":{"rendered":"https:\/\/jiana-tech.com\/?post_type=product&#038;p=2861"},"modified":"2025-10-25T01:29:47","modified_gmt":"2025-10-25T01:29:47","slug":"atv610-series-inverter-cabinet","status":"publish","type":"product","link":"https:\/\/jiana-tech.com\/cs\/product\/atv610-series-inverter-cabinet\/","title":{"rendered":"Sk\u0159\u00ed\u0148 m\u011bni\u010de \u0159ady ATV610"},"content":{"rendered":"<p style=\"text-align: center;\">\u25cf Elektrick\u00e1 \u0159\u00eddic\u00ed sk\u0159\u00ed\u0148 cel\u00e9ho syst\u00e9mu vyu\u017e\u00edv\u00e1 venkovn\u00ed p\u0159etlakovou nev\u00fdbu\u0161nou konstrukci.<\/p>\n<p style=\"text-align: center;\">\u25cfHlavn\u00edm zdrojem nap\u00e1jen\u00ed elektrick\u00e9 rozvodn\u00e9 sk\u0159\u00edn\u011b je t\u0159\u00edf\u00e1zov\u00fd, p\u011bti\u017eilov\u00fd kabel se jmenovit\u00fdm nap\u011bt\u00edm AC380 V, jmenovitou frekvenc\u00ed 50 Hz a maxim\u00e1ln\u00edm zat\u011b\u017eovac\u00edm proudem 250 A.<\/p>\n<p style=\"text-align: center;\">\u25cf \u010cern\u00fd vodi\u010d uvnit\u0159 sk\u0159\u00edn\u011b je nap\u00e1jec\u00ed veden\u00ed AC380V, \u017elut\u00fd vodi\u010d je \u0159\u00eddic\u00ed veden\u00ed AC220V, modr\u00fd vodi\u010d je \u0159\u00eddic\u00ed veden\u00ed DC24V a \u017elutozelen\u00e9 veden\u00ed je zemnic\u00ed veden\u00ed.<\/p>\n<p style=\"text-align: center;\">\u25cf Mezi hlavn\u00ed sou\u010d\u00e1sti uvnit\u0159 sk\u0159\u00edn\u011b pat\u0159\u00ed jisti\u010d s lisovanou sk\u0159\u00edn\u00ed, miniaturn\u00ed jisti\u010d, mezilehl\u00e9 rel\u00e9, st\u0159\u00eddav\u00fd styka\u010d, frekven\u010dn\u00ed m\u011bni\u010d a PLC.<\/p>\n<p style=\"text-align: center;\">\u25cf Frekven\u010dn\u00ed m\u011bni\u010d uvnit\u0159 sk\u0159\u00edn\u011b pou\u017e\u00edv\u00e1 \u0159adu ATV610, kter\u00e1 je jednoduch\u00e1 a snadno pou\u017eiteln\u00e1. Standardn\u011b se dod\u00e1v\u00e1 s ovl\u00e1dac\u00edm panelem s \u010d\u00ednsk\u00fdm displejem a r\u016fzn\u00fdmi aplika\u010dn\u00edmi makrokonfiguracemi pokr\u00fdvaj\u00edc\u00edmi 90% aplikace ventil\u00e1tor\u016f a \u010derpadel. Je typu plug-and-play a nevy\u017eaduje \u017e\u00e1dn\u00e9 \u00fapravy parametr\u016f.<\/p>\n<p style=\"text-align: center;\">\u25cfSk\u0159\u00ed\u0148 je vybavena tla\u010d\u00edtky, indik\u00e1tory a pokro\u010dil\u00fdm ovl\u00e1dac\u00edm panelem, kter\u00fd se p\u0159ipojuje k elektrick\u00fdm sou\u010d\u00e1stem uvnit\u0159 \u0159\u00eddic\u00ed sk\u0159\u00edn\u011b frekven\u010dn\u00edho m\u011bni\u010de. Tento panel zobrazuje provozn\u00ed stav rozv\u00e1d\u011b\u010de frekven\u010dn\u00edho m\u011bni\u010de a tak\u00e9 ovl\u00e1d\u00e1 spu\u0161t\u011bn\u00ed a zastaven\u00ed frekven\u010dn\u00edho m\u011bni\u010de.<\/p>\n<p><img fetchpriority=\"high\" decoding=\"async\" class=\"aligncenter size-full wp-image-2862\" src=\"https:\/\/jiana-tech.com\/wp-content\/uploads\/2025\/10\/\u4ea7\u54c1\u4e8cIMG_20190706_1024281.jpg-2.jpg\" alt=\"\" width=\"900\" height=\"1200\" srcset=\"https:\/\/jiana-tech.com\/wp-content\/uploads\/2025\/10\/\u4ea7\u54c1\u4e8cIMG_20190706_1024281.jpg-2.jpg 900w, https:\/\/jiana-tech.com\/wp-content\/uploads\/2025\/10\/\u4ea7\u54c1\u4e8cIMG_20190706_1024281.jpg-2-225x300.jpg 225w, https:\/\/jiana-tech.com\/wp-content\/uploads\/2025\/10\/\u4ea7\u54c1\u4e8cIMG_20190706_1024281.jpg-2-768x1024.jpg 768w, https:\/\/jiana-tech.com\/wp-content\/uploads\/2025\/10\/\u4ea7\u54c1\u4e8cIMG_20190706_1024281.jpg-2-9x12.jpg 9w, https:\/\/jiana-tech.com\/wp-content\/uploads\/2025\/10\/\u4ea7\u54c1\u4e8cIMG_20190706_1024281.jpg-2-600x800.jpg 600w\" sizes=\"(max-width: 900px) 100vw, 900px\" \/> <img decoding=\"async\" class=\"aligncenter size-full wp-image-2863\" src=\"https:\/\/jiana-tech.com\/wp-content\/uploads\/2025\/10\/\u5c01\u9762\u4e00IMG_20190706_1028011.jpg-2.jpg\" alt=\"\" width=\"900\" height=\"1200\" srcset=\"https:\/\/jiana-tech.com\/wp-content\/uploads\/2025\/10\/\u5c01\u9762\u4e00IMG_20190706_1028011.jpg-2.jpg 900w, https:\/\/jiana-tech.com\/wp-content\/uploads\/2025\/10\/\u5c01\u9762\u4e00IMG_20190706_1028011.jpg-2-225x300.jpg 225w, https:\/\/jiana-tech.com\/wp-content\/uploads\/2025\/10\/\u5c01\u9762\u4e00IMG_20190706_1028011.jpg-2-768x1024.jpg 768w, https:\/\/jiana-tech.com\/wp-content\/uploads\/2025\/10\/\u5c01\u9762\u4e00IMG_20190706_1028011.jpg-2-9x12.jpg 9w, https:\/\/jiana-tech.com\/wp-content\/uploads\/2025\/10\/\u5c01\u9762\u4e00IMG_20190706_1028011.jpg-2-600x800.jpg 600w\" sizes=\"(max-width: 900px) 100vw, 900px\" \/> <img decoding=\"async\" class=\"aligncenter size-full wp-image-2864\" src=\"https:\/\/jiana-tech.com\/wp-content\/uploads\/2025\/10\/\u65bd\u8010\u5fb7ATV610\u7cfb\u5217\u53d8\u9891\u5668\u67dc-2.jpg\" alt=\"\" width=\"600\" height=\"450\" srcset=\"https:\/\/jiana-tech.com\/wp-content\/uploads\/2025\/10\/\u65bd\u8010\u5fb7ATV610\u7cfb\u5217\u53d8\u9891\u5668\u67dc-2.jpg 600w, https:\/\/jiana-tech.com\/wp-content\/uploads\/2025\/10\/\u65bd\u8010\u5fb7ATV610\u7cfb\u5217\u53d8\u9891\u5668\u67dc-2-300x225.jpg 300w, https:\/\/jiana-tech.com\/wp-content\/uploads\/2025\/10\/\u65bd\u8010\u5fb7ATV610\u7cfb\u5217\u53d8\u9891\u5668\u67dc-2-16x12.jpg 16w\" sizes=\"(max-width: 600px) 100vw, 600px\" \/> <img loading=\"lazy\" decoding=\"async\" class=\"aligncenter size-full wp-image-2865\" src=\"https:\/\/jiana-tech.com\/wp-content\/uploads\/2025\/10\/\u65bd\u8010\u5fb7ATV610\u7cfb\u5217\u53d8\u9891\u5668\u67dc-2.jpg\" alt=\"\" width=\"600\" height=\"450\" srcset=\"https:\/\/jiana-tech.com\/wp-content\/uploads\/2025\/10\/\u65bd\u8010\u5fb7ATV610\u7cfb\u5217\u53d8\u9891\u5668\u67dc-2.jpg 600w, https:\/\/jiana-tech.com\/wp-content\/uploads\/2025\/10\/\u65bd\u8010\u5fb7ATV610\u7cfb\u5217\u53d8\u9891\u5668\u67dc-2-300x225.jpg 300w, https:\/\/jiana-tech.com\/wp-content\/uploads\/2025\/10\/\u65bd\u8010\u5fb7ATV610\u7cfb\u5217\u53d8\u9891\u5668\u67dc-2-16x12.jpg 16w\" sizes=\"(max-width: 600px) 100vw, 600px\" \/><\/p>","protected":false},"excerpt":{"rendered":"<p>\u0158\u00eddic\u00ed sk\u0159\u00ed\u0148 s frekven\u010dn\u00ed konverz\u00ed se pou\u017e\u00edv\u00e1 p\u0159edev\u0161\u00edm k nastaven\u00ed provozn\u00ed frekvence za\u0159\u00edzen\u00ed, sn\u00ed\u017een\u00ed energetick\u00fdch ztr\u00e1t, plynul\u00e9mu spu\u0161t\u011bn\u00ed za\u0159\u00edzen\u00ed a omezen\u00ed po\u0161kozen\u00ed motoru zp\u016fsoben\u00e9ho velk\u00fdm proudem vznikaj\u00edc\u00edm p\u0159i p\u0159\u00edm\u00e9m spu\u0161t\u011bn\u00ed za\u0159\u00edzen\u00ed. M\u00e1 tak\u00e9 analogov\u00fd vstup (pro regulaci ot\u00e1\u010dek nebo zp\u011btnovazebn\u00ed sign\u00e1l), PID sp\u00ednac\u00ed \u0159\u00edzen\u00ed (pro regulaci, konstantn\u00ed tlak \u010derpadla) a komunika\u010dn\u00ed funkce.<\/p>","protected":false},"featured_media":2864,"template":"","meta":{"site-sidebar-layout":"default","site-content-layout":"","ast-site-content-layout":"default","site-content-style":"default","site-sidebar-style":"default","ast-global-header-display":"","ast-banner-title-visibility":"","ast-main-header-display":"","ast-hfb-above-header-display":"","ast-hfb-below-header-display":"","ast-hfb-mobile-header-display":"","site-post-title":"","ast-breadcrumbs-content":"","ast-featured-img":"","footer-sml-layout":"","theme-transparent-header-meta":"default","adv-header-id-meta":"","stick-header-meta":"","header-above-stick-meta":"","header-main-stick-meta":"","header-below-stick-meta":"","astra-migrate-meta-layouts":"set","ast-page-background-enabled":"default","ast-page-background-meta":{"desktop":{"background-color":"var(--ast-global-color-5)","background-image":"","background-repeat":"repeat","background-position":"center center","background-size":"auto","background-attachment":"scroll","background-type":"","background-media":"","overlay-type":"","overlay-color":"","overlay-opacity":"","overlay-gradient":""},"tablet":{"background-color":"","background-image":"","background-repeat":"repeat","background-position":"center center","background-size":"auto","background-attachment":"scroll","background-type":"","background-media":"","overlay-type":"","overlay-color":"","overlay-opacity":"","overlay-gradient":""},"mobile":{"background-color":"","background-image":"","background-repeat":"repeat","background-position":"center center","background-size":"auto","background-attachment":"scroll","background-type":"","background-media":"","overlay-type":"","overlay-color":"","overlay-opacity":"","overlay-gradient":""}},"ast-content-background-meta":{"desktop":{"background-color":"var(--ast-global-color-4)","background-image":"","background-repeat":"repeat","background-position":"center center","background-size":"auto","background-attachment":"scroll","background-type":"","background-media":"","overlay-type":"","overlay-color":"","overlay-opacity":"","overlay-gradient":""},"tablet":{"background-color":"var(--ast-global-color-4)","background-image":"","background-repeat":"repeat","background-position":"center center","background-size":"auto","background-attachment":"scroll","background-type":"","background-media":"","overlay-type":"","overlay-color":"","overlay-opacity":"","overlay-gradient":""},"mobile":{"background-color":"var(--ast-global-color-4)","background-image":"","background-repeat":"repeat","background-position":"center center","background-size":"auto","background-attachment":"scroll","background-type":"","background-media":"","overlay-type":"","overlay-color":"","overlay-opacity":"","overlay-gradient":""}}},"product_brand":[],"product_cat":[28],"product_tag":[],"class_list":{"0":"post-2861","1":"product","2":"type-product","3":"status-publish","4":"has-post-thumbnail","6":"product_cat-frequency-converter-control-cabinet","7":"desktop-align-left","8":"tablet-align-left","9":"mobile-align-left","11":"first","12":"outofstock","13":"shipping-taxable","14":"product-type-variable"},"_links":{"self":[{"href":"https:\/\/jiana-tech.com\/cs\/wp-json\/wp\/v2\/product\/2861","targetHints":{"allow":["GET"]}}],"collection":[{"href":"https:\/\/jiana-tech.com\/cs\/wp-json\/wp\/v2\/product"}],"about":[{"href":"https:\/\/jiana-tech.com\/cs\/wp-json\/wp\/v2\/types\/product"}],"wp:featuredmedia":[{"embeddable":true,"href":"https:\/\/jiana-tech.com\/cs\/wp-json\/wp\/v2\/media\/2864"}],"wp:attachment":[{"href":"https:\/\/jiana-tech.com\/cs\/wp-json\/wp\/v2\/media?parent=2861"}],"wp:term":[{"taxonomy":"product_brand","embeddable":true,"href":"https:\/\/jiana-tech.com\/cs\/wp-json\/wp\/v2\/product_brand?post=2861"},{"taxonomy":"product_cat","embeddable":true,"href":"https:\/\/jiana-tech.com\/cs\/wp-json\/wp\/v2\/product_cat?post=2861"},{"taxonomy":"product_tag","embeddable":true,"href":"https:\/\/jiana-tech.com\/cs\/wp-json\/wp\/v2\/product_tag?post=2861"}],"curies":[{"name":"wp","href":"https:\/\/api.w.org\/{rel}","templated":true}]}}