{"id":2881,"date":"2025-10-25T01:27:02","date_gmt":"2025-10-25T01:27:02","guid":{"rendered":"https:\/\/jiana-tech.com\/?post_type=product&#038;p=2881"},"modified":"2025-10-25T01:29:07","modified_gmt":"2025-10-25T01:29:07","slug":"g120xa-series-inverter-cabinet","status":"publish","type":"product","link":"https:\/\/jiana-tech.com\/cs\/product\/g120xa-series-inverter-cabinet\/","title":{"rendered":"Sk\u0159\u00ed\u0148 m\u011bni\u010de \u0159ady G120XA"},"content":{"rendered":"<p style=\"text-align: center;\">\u25cf Elektrick\u00e1 rozvodn\u00e1 sk\u0159\u00ed\u0148 cel\u00e9ho syst\u00e9mu m\u00e1 vnit\u0159n\u00ed proveden\u00ed ve stylu Rittal se stupn\u011bm kryt\u00ed IP40.<\/p>\n<p style=\"text-align: center;\">\u25cf Hlavn\u00ed nap\u00e1jen\u00ed rozv\u00e1d\u011b\u010de je t\u0159\u00edf\u00e1zov\u00fd, p\u011btivodi\u010dov\u00fd syst\u00e9m se jmenovit\u00fdm nap\u011bt\u00edm AC380 V, jmenovitou frekvenc\u00ed 50 Hz a maxim\u00e1ln\u00edm zat\u011b\u017eovac\u00edm proudem 320 A.<\/p>\n<p style=\"text-align: center;\">\u25cf \u010cern\u00fd vodi\u010d uvnit\u0159 sk\u0159\u00edn\u011b je nap\u00e1jec\u00ed veden\u00ed AC380V, \u017elut\u00fd vodi\u010d je \u0159\u00eddic\u00ed veden\u00ed AC220V a \u017elutozelen\u00e9 veden\u00ed je zemnic\u00ed veden\u00ed.<\/p>\n<p style=\"text-align: center;\">\u25cf Mezi hlavn\u00ed sou\u010d\u00e1sti uvnit\u0159 sk\u0159\u00edn\u011b pat\u0159\u00ed jisti\u010d s lisovanou sk\u0159\u00edn\u00ed, miniaturn\u00ed jisti\u010d, mezilehl\u00e9 rel\u00e9, st\u0159\u00eddav\u00fd styka\u010d, frekven\u010dn\u00ed m\u011bni\u010d a PLC.<\/p>\n<p style=\"text-align: center;\">\u25cf Frekven\u010dn\u00ed m\u011bni\u010d uvnit\u0159 rozv\u00e1d\u011b\u010de pou\u017e\u00edv\u00e1 \u0159adu G120XA, kter\u00e1 m\u00e1 vestav\u011bn\u00e9 aplikace pro ventil\u00e1tory a \u010derpadla a obsahuje vynikaj\u00edc\u00ed vysoce v\u00fdkonn\u00e9 algoritmy vektorov\u00e9ho \u0159\u00edzen\u00ed pro snadn\u00fd pohon z\u00e1t\u011b\u017e\u00ed, jako jsou ventil\u00e1tory, \u010derpadla a kompresory.<\/p>\n<p style=\"text-align: center;\">\u25cf Sk\u0159\u00ed\u0148 je vybavena tla\u010d\u00edtky, kontrolkami a pokro\u010dil\u00fdm ovl\u00e1dac\u00edm panelem. Tento panel, p\u0159ipojen\u00fd k elektrick\u00fdm sou\u010d\u00e1stem uvnit\u0159 frekven\u010dn\u00edho m\u011bni\u010de, zobrazuje provozn\u00ed stav frekven\u010dn\u00edho m\u011bni\u010de a ovl\u00e1d\u00e1 spu\u0161t\u011bn\u00ed a zastaven\u00ed frekven\u010dn\u00edho m\u011bni\u010de.<\/p>\n<p><img fetchpriority=\"high\" decoding=\"async\" class=\"aligncenter size-full wp-image-2882\" src=\"https:\/\/jiana-tech.com\/wp-content\/uploads\/2025\/10\/\u4ea7\u54c1\u4e8cIMG_18-11.jpg-2.jpg\" alt=\"\" width=\"930\" height=\"600\" srcset=\"https:\/\/jiana-tech.com\/wp-content\/uploads\/2025\/10\/\u4ea7\u54c1\u4e8cIMG_18-11.jpg-2.jpg 930w, https:\/\/jiana-tech.com\/wp-content\/uploads\/2025\/10\/\u4ea7\u54c1\u4e8cIMG_18-11.jpg-2-300x194.jpg 300w, https:\/\/jiana-tech.com\/wp-content\/uploads\/2025\/10\/\u4ea7\u54c1\u4e8cIMG_18-11.jpg-2-768x495.jpg 768w, https:\/\/jiana-tech.com\/wp-content\/uploads\/2025\/10\/\u4ea7\u54c1\u4e8cIMG_18-11.jpg-2-18x12.jpg 18w, https:\/\/jiana-tech.com\/wp-content\/uploads\/2025\/10\/\u4ea7\u54c1\u4e8cIMG_18-11.jpg-2-600x387.jpg 600w\" sizes=\"(max-width: 930px) 100vw, 930px\" \/> <img decoding=\"async\" class=\"aligncenter size-full wp-image-2883\" src=\"https:\/\/jiana-tech.com\/wp-content\/uploads\/2025\/10\/\u5c01\u9762\u4e00IMG_18-01.jpg-2.jpg\" alt=\"\" width=\"930\" height=\"600\" srcset=\"https:\/\/jiana-tech.com\/wp-content\/uploads\/2025\/10\/\u5c01\u9762\u4e00IMG_18-01.jpg-2.jpg 930w, https:\/\/jiana-tech.com\/wp-content\/uploads\/2025\/10\/\u5c01\u9762\u4e00IMG_18-01.jpg-2-300x194.jpg 300w, https:\/\/jiana-tech.com\/wp-content\/uploads\/2025\/10\/\u5c01\u9762\u4e00IMG_18-01.jpg-2-768x495.jpg 768w, https:\/\/jiana-tech.com\/wp-content\/uploads\/2025\/10\/\u5c01\u9762\u4e00IMG_18-01.jpg-2-18x12.jpg 18w, https:\/\/jiana-tech.com\/wp-content\/uploads\/2025\/10\/\u5c01\u9762\u4e00IMG_18-01.jpg-2-600x387.jpg 600w\" sizes=\"(max-width: 930px) 100vw, 930px\" \/> <img decoding=\"async\" class=\"aligncenter size-full wp-image-2884\" src=\"https:\/\/jiana-tech.com\/wp-content\/uploads\/2025\/10\/\u897f\u95e8\u5b50G120XA\u7cfb\u5217\u53d8\u9891\u5668\u67dc-2.jpg\" alt=\"\" width=\"600\" height=\"450\" srcset=\"https:\/\/jiana-tech.com\/wp-content\/uploads\/2025\/10\/\u897f\u95e8\u5b50G120XA\u7cfb\u5217\u53d8\u9891\u5668\u67dc-2.jpg 600w, https:\/\/jiana-tech.com\/wp-content\/uploads\/2025\/10\/\u897f\u95e8\u5b50G120XA\u7cfb\u5217\u53d8\u9891\u5668\u67dc-2-300x225.jpg 300w, https:\/\/jiana-tech.com\/wp-content\/uploads\/2025\/10\/\u897f\u95e8\u5b50G120XA\u7cfb\u5217\u53d8\u9891\u5668\u67dc-2-16x12.jpg 16w\" sizes=\"(max-width: 600px) 100vw, 600px\" \/> <img loading=\"lazy\" decoding=\"async\" class=\"aligncenter size-full wp-image-2885\" src=\"https:\/\/jiana-tech.com\/wp-content\/uploads\/2025\/10\/\u897f\u95e8\u5b50G120XA\u7cfb\u5217\u53d8\u9891\u5668\u67dc-001.jpg\" alt=\"\" width=\"600\" height=\"450\" srcset=\"https:\/\/jiana-tech.com\/wp-content\/uploads\/2025\/10\/\u897f\u95e8\u5b50G120XA\u7cfb\u5217\u53d8\u9891\u5668\u67dc-001.jpg 600w, https:\/\/jiana-tech.com\/wp-content\/uploads\/2025\/10\/\u897f\u95e8\u5b50G120XA\u7cfb\u5217\u53d8\u9891\u5668\u67dc-001-300x225.jpg 300w, https:\/\/jiana-tech.com\/wp-content\/uploads\/2025\/10\/\u897f\u95e8\u5b50G120XA\u7cfb\u5217\u53d8\u9891\u5668\u67dc-001-16x12.jpg 16w\" sizes=\"(max-width: 600px) 100vw, 600px\" \/><\/p>","protected":false},"excerpt":{"rendered":"<p>\u0158\u00eddic\u00ed sk\u0159\u00ed\u0148 s frekven\u010dn\u00ed konverz\u00ed se pou\u017e\u00edv\u00e1 p\u0159edev\u0161\u00edm k nastaven\u00ed provozn\u00ed frekvence za\u0159\u00edzen\u00ed, sn\u00ed\u017een\u00ed energetick\u00fdch ztr\u00e1t, plynul\u00e9mu spu\u0161t\u011bn\u00ed za\u0159\u00edzen\u00ed a omezen\u00ed po\u0161kozen\u00ed motoru zp\u016fsoben\u00e9ho velk\u00fdm proudem vznikaj\u00edc\u00edm p\u0159i p\u0159\u00edm\u00e9m spu\u0161t\u011bn\u00ed za\u0159\u00edzen\u00ed. M\u00e1 tak\u00e9 analogov\u00fd vstup (pro regulaci ot\u00e1\u010dek nebo zp\u011btnovazebn\u00ed sign\u00e1l), PID sp\u00ednac\u00ed \u0159\u00edzen\u00ed (pro regulaci, konstantn\u00ed tlak \u010derpadla) a komunika\u010dn\u00ed funkce.<\/p>","protected":false},"featured_media":2884,"template":"","meta":{"site-sidebar-layout":"default","site-content-layout":"","ast-site-content-layout":"default","site-content-style":"default","site-sidebar-style":"default","ast-global-header-display":"","ast-banner-title-visibility":"","ast-main-header-display":"","ast-hfb-above-header-display":"","ast-hfb-below-header-display":"","ast-hfb-mobile-header-display":"","site-post-title":"","ast-breadcrumbs-content":"","ast-featured-img":"","footer-sml-layout":"","theme-transparent-header-meta":"default","adv-header-id-meta":"","stick-header-meta":"","header-above-stick-meta":"","header-main-stick-meta":"","header-below-stick-meta":"","astra-migrate-meta-layouts":"set","ast-page-background-enabled":"default","ast-page-background-meta":{"desktop":{"background-color":"var(--ast-global-color-5)","background-image":"","background-repeat":"repeat","background-position":"center center","background-size":"auto","background-attachment":"scroll","background-type":"","background-media":"","overlay-type":"","overlay-color":"","overlay-opacity":"","overlay-gradient":""},"tablet":{"background-color":"","background-image":"","background-repeat":"repeat","background-position":"center center","background-size":"auto","background-attachment":"scroll","background-type":"","background-media":"","overlay-type":"","overlay-color":"","overlay-opacity":"","overlay-gradient":""},"mobile":{"background-color":"","background-image":"","background-repeat":"repeat","background-position":"center center","background-size":"auto","background-attachment":"scroll","background-type":"","background-media":"","overlay-type":"","overlay-color":"","overlay-opacity":"","overlay-gradient":""}},"ast-content-background-meta":{"desktop":{"background-color":"var(--ast-global-color-4)","background-image":"","background-repeat":"repeat","background-position":"center center","background-size":"auto","background-attachment":"scroll","background-type":"","background-media":"","overlay-type":"","overlay-color":"","overlay-opacity":"","overlay-gradient":""},"tablet":{"background-color":"var(--ast-global-color-4)","background-image":"","background-repeat":"repeat","background-position":"center center","background-size":"auto","background-attachment":"scroll","background-type":"","background-media":"","overlay-type":"","overlay-color":"","overlay-opacity":"","overlay-gradient":""},"mobile":{"background-color":"var(--ast-global-color-4)","background-image":"","background-repeat":"repeat","background-position":"center center","background-size":"auto","background-attachment":"scroll","background-type":"","background-media":"","overlay-type":"","overlay-color":"","overlay-opacity":"","overlay-gradient":""}}},"product_brand":[],"product_cat":[28],"product_tag":[],"class_list":{"0":"post-2881","1":"product","2":"type-product","3":"status-publish","4":"has-post-thumbnail","6":"product_cat-frequency-converter-control-cabinet","7":"desktop-align-left","8":"tablet-align-left","9":"mobile-align-left","11":"first","12":"outofstock","13":"shipping-taxable","14":"product-type-variable"},"_links":{"self":[{"href":"https:\/\/jiana-tech.com\/cs\/wp-json\/wp\/v2\/product\/2881","targetHints":{"allow":["GET"]}}],"collection":[{"href":"https:\/\/jiana-tech.com\/cs\/wp-json\/wp\/v2\/product"}],"about":[{"href":"https:\/\/jiana-tech.com\/cs\/wp-json\/wp\/v2\/types\/product"}],"wp:featuredmedia":[{"embeddable":true,"href":"https:\/\/jiana-tech.com\/cs\/wp-json\/wp\/v2\/media\/2884"}],"wp:attachment":[{"href":"https:\/\/jiana-tech.com\/cs\/wp-json\/wp\/v2\/media?parent=2881"}],"wp:term":[{"taxonomy":"product_brand","embeddable":true,"href":"https:\/\/jiana-tech.com\/cs\/wp-json\/wp\/v2\/product_brand?post=2881"},{"taxonomy":"product_cat","embeddable":true,"href":"https:\/\/jiana-tech.com\/cs\/wp-json\/wp\/v2\/product_cat?post=2881"},{"taxonomy":"product_tag","embeddable":true,"href":"https:\/\/jiana-tech.com\/cs\/wp-json\/wp\/v2\/product_tag?post=2881"}],"curies":[{"name":"wp","href":"https:\/\/api.w.org\/{rel}","templated":true}]}}