{"id":2909,"date":"2025-10-25T01:48:04","date_gmt":"2025-10-25T01:48:04","guid":{"rendered":"https:\/\/jiana-tech.com\/?post_type=product&#038;p=2909"},"modified":"2025-10-25T02:00:55","modified_gmt":"2025-10-25T02:00:55","slug":"fuji-brand-switch-distribution-cabinet","status":"publish","type":"product","link":"https:\/\/jiana-tech.com\/cs\/product\/fuji-brand-switch-distribution-cabinet\/","title":{"rendered":"Rozv\u00e1d\u011b\u010d zna\u010dky Fuji"},"content":{"rendered":"<p style=\"text-align: center;\">\u25cf Elektrick\u00e1 \u0159\u00eddic\u00ed sk\u0159\u00ed\u0148 cel\u00e9ho syst\u00e9mu m\u00e1 sva\u0159ovan\u00e9 vnit\u0159n\u00ed a vn\u011bj\u0161\u00ed dve\u0159e se stupn\u011bm kryt\u00ed IP40.<\/p>\n<p style=\"text-align: center;\">\u25cf Hlavn\u00ed nap\u00e1jec\u00ed veden\u00ed pro elektrick\u00fd rozv\u00e1d\u011b\u010d je t\u0159\u00edf\u00e1zov\u00e9, p\u011btivodi\u010dov\u00e9, se jmenovit\u00fdm nap\u011bt\u00edm AC380 V, jmenovitou frekvenc\u00ed 50 Hz a maxim\u00e1ln\u00edm zat\u011b\u017eovac\u00edm proudem 500 A.<\/p>\n<p style=\"text-align: center;\">\u25cf \u017dlut\u00e9, zelen\u00e9 a \u010derven\u00e9 m\u011bd\u011bn\u00e9 p\u0159\u00edpojnice uvnit\u0159 sk\u0159\u00edn\u011b jsou t\u0159\u00edf\u00e1zov\u00e9 vodi\u010de A, B a C pod nap\u011bt\u00edm, zat\u00edmco \u010dern\u00fd vodi\u010d je nap\u00e1jec\u00ed veden\u00ed AC380V\/AC220V pro sp\u00edna\u010d.<\/p>\n<p style=\"text-align: center;\">\u25cf Mezi hlavn\u00ed komponenty uvnit\u0159 sk\u0159\u00edn\u011b pat\u0159\u00ed jisti\u010de s lisovan\u00fdm pouzdrem, miniaturn\u00ed jisti\u010de a styka\u010de st\u0159\u00eddav\u00e9ho proudu.<\/p>\n<p style=\"text-align: center;\">\u25cf Jisti\u010de s lisovan\u00fdm pouzdrem uvnit\u0159 sk\u0159\u00edn\u011b jsou \u0159ady Fuji G-TWIN, kter\u00e9 se vyzna\u010duj\u00ed kompaktn\u00edmi rozm\u011bry, vysok\u00fdm v\u00fdkonem, pokro\u010dilou technologi\u00ed ochrany \u017eivotn\u00edho prost\u0159ed\u00ed a \u00fasporami energie.<\/p>\n<p style=\"text-align: center;\">\u25cf V\u00fdstupn\u00ed v\u00fdkon 150A sp\u00edna\u010de v lisovan\u00e9m pouzd\u0159e uvnit\u0159 sk\u0159\u00edn\u011b je \u0159\u00edzen styka\u010dem. Ovl\u00e1dac\u00ed vodi\u010d c\u00edvky styka\u010de je veden do spodn\u00ed svorkovnice, co\u017e umo\u017e\u0148uje d\u00e1lkov\u00e9 zap\u00edn\u00e1n\u00ed a vyp\u00edn\u00e1n\u00ed. V\u0161echny rukojeti sp\u00edna\u010de jsou odkryt\u00e9, zat\u00edmco \u017eiv\u00e9 nap\u011bt\u00ed a ostatn\u00ed sou\u010d\u00e1sti jsou skryty vnit\u0159n\u00edmi dv\u00ed\u0159ky. Pro ovl\u00e1d\u00e1n\u00ed sta\u010d\u00ed otev\u0159\u00edt vn\u011bj\u0161\u00ed dv\u00ed\u0159ka, co\u017e je pohodln\u00e9, bezpe\u010dn\u011bj\u0161\u00ed a spolehliv\u011bj\u0161\u00ed.<\/p>\n<p style=\"text-align: center;\">Sk\u0159\u00ed\u0148 je vybavena stavov\u00fdmi indik\u00e1tory a multifunk\u010dn\u00edm m\u011b\u0159i\u010dem, kter\u00fd umo\u017e\u0148uje v re\u00e1ln\u00e9m \u010dase sledovat t\u0159\u00edf\u00e1zov\u00e9 nap\u011bt\u00ed, proud, frekvenci a dal\u0161\u00ed parametry, co\u017e umo\u017e\u0148uje l\u00e9pe pochopit aktu\u00e1ln\u00ed provozn\u00ed podm\u00ednky.<\/p>\n<p><img fetchpriority=\"high\" decoding=\"async\" class=\"aligncenter size-full wp-image-2910\" src=\"https:\/\/jiana-tech.com\/wp-content\/uploads\/2025\/10\/\u4ea7\u54c1\u7ec6\u8282\u56fe-2-1.jpg\" alt=\"\" width=\"930\" height=\"600\" srcset=\"https:\/\/jiana-tech.com\/wp-content\/uploads\/2025\/10\/\u4ea7\u54c1\u7ec6\u8282\u56fe-2-1.jpg 930w, https:\/\/jiana-tech.com\/wp-content\/uploads\/2025\/10\/\u4ea7\u54c1\u7ec6\u8282\u56fe-2-1-300x194.jpg 300w, https:\/\/jiana-tech.com\/wp-content\/uploads\/2025\/10\/\u4ea7\u54c1\u7ec6\u8282\u56fe-2-1-768x495.jpg 768w, https:\/\/jiana-tech.com\/wp-content\/uploads\/2025\/10\/\u4ea7\u54c1\u7ec6\u8282\u56fe-2-1-18x12.jpg 18w, https:\/\/jiana-tech.com\/wp-content\/uploads\/2025\/10\/\u4ea7\u54c1\u7ec6\u8282\u56fe-2-1-600x387.jpg 600w\" sizes=\"(max-width: 930px) 100vw, 930px\" \/> <img decoding=\"async\" class=\"aligncenter size-full wp-image-2911\" src=\"https:\/\/jiana-tech.com\/wp-content\/uploads\/2025\/10\/\u5bcc\u58eb\u54c1\u724c\u5f00\u5173\u914d\u7535\u67dc-2-1.jpg\" alt=\"\" width=\"600\" height=\"450\" srcset=\"https:\/\/jiana-tech.com\/wp-content\/uploads\/2025\/10\/\u5bcc\u58eb\u54c1\u724c\u5f00\u5173\u914d\u7535\u67dc-2-1.jpg 600w, https:\/\/jiana-tech.com\/wp-content\/uploads\/2025\/10\/\u5bcc\u58eb\u54c1\u724c\u5f00\u5173\u914d\u7535\u67dc-2-1-300x225.jpg 300w, https:\/\/jiana-tech.com\/wp-content\/uploads\/2025\/10\/\u5bcc\u58eb\u54c1\u724c\u5f00\u5173\u914d\u7535\u67dc-2-1-16x12.jpg 16w\" sizes=\"(max-width: 600px) 100vw, 600px\" \/><\/p>","protected":false},"excerpt":{"rendered":"<p>1. Elektrick\u00e1 rozvodn\u00e1 sk\u0159\u00ed\u0148 cel\u00e9ho syst\u00e9mu m\u00e1 sva\u0159ovan\u00e9 vnit\u0159n\u00ed a vn\u011bj\u0161\u00ed dve\u0159e se stupn\u011bm kryt\u00ed IP40.<br \/>\n2. Hlavn\u00ed nap\u00e1jen\u00ed rozv\u00e1d\u011b\u010de je t\u0159\u00edf\u00e1zov\u00e9, p\u011btivodi\u010dov\u00e9, se jmenovit\u00fdm nap\u011bt\u00edm AC380 V, jmenovitou frekvenc\u00ed 50 Hz a maxim\u00e1ln\u00edm zat\u011b\u017eovac\u00edm proudem 500 A.<br \/>\n3. \u017dlut\u00e9, zelen\u00e9 a \u010derven\u00e9 m\u011bd\u011bn\u00e9 p\u0159\u00edpojnice uvnit\u0159 sk\u0159\u00edn\u011b jsou t\u0159\u00edf\u00e1zov\u00e9 vodi\u010de pod nap\u011bt\u00edm A, B a C. \u010cern\u00fd vodi\u010d je sp\u00edna\u010d nap\u00e1jen\u00ed AC380V.<\/p>","protected":false},"featured_media":2912,"template":"","meta":{"site-sidebar-layout":"default","site-content-layout":"","ast-site-content-layout":"default","site-content-style":"default","site-sidebar-style":"default","ast-global-header-display":"","ast-banner-title-visibility":"","ast-main-header-display":"","ast-hfb-above-header-display":"","ast-hfb-below-header-display":"","ast-hfb-mobile-header-display":"","site-post-title":"","ast-breadcrumbs-content":"","ast-featured-img":"","footer-sml-layout":"","theme-transparent-header-meta":"default","adv-header-id-meta":"","stick-header-meta":"","header-above-stick-meta":"","header-main-stick-meta":"","header-below-stick-meta":"","astra-migrate-meta-layouts":"set","ast-page-background-enabled":"default","ast-page-background-meta":{"desktop":{"background-color":"var(--ast-global-color-5)","background-image":"","background-repeat":"repeat","background-position":"center center","background-size":"auto","background-attachment":"scroll","background-type":"","background-media":"","overlay-type":"","overlay-color":"","overlay-opacity":"","overlay-gradient":""},"tablet":{"background-color":"","background-image":"","background-repeat":"repeat","background-position":"center center","background-size":"auto","background-attachment":"scroll","background-type":"","background-media":"","overlay-type":"","overlay-color":"","overlay-opacity":"","overlay-gradient":""},"mobile":{"background-color":"","background-image":"","background-repeat":"repeat","background-position":"center center","background-size":"auto","background-attachment":"scroll","background-type":"","background-media":"","overlay-type":"","overlay-color":"","overlay-opacity":"","overlay-gradient":""}},"ast-content-background-meta":{"desktop":{"background-color":"var(--ast-global-color-4)","background-image":"","background-repeat":"repeat","background-position":"center center","background-size":"auto","background-attachment":"scroll","background-type":"","background-media":"","overlay-type":"","overlay-color":"","overlay-opacity":"","overlay-gradient":""},"tablet":{"background-color":"var(--ast-global-color-4)","background-image":"","background-repeat":"repeat","background-position":"center center","background-size":"auto","background-attachment":"scroll","background-type":"","background-media":"","overlay-type":"","overlay-color":"","overlay-opacity":"","overlay-gradient":""},"mobile":{"background-color":"var(--ast-global-color-4)","background-image":"","background-repeat":"repeat","background-position":"center center","background-size":"auto","background-attachment":"scroll","background-type":"","background-media":"","overlay-type":"","overlay-color":"","overlay-opacity":"","overlay-gradient":""}}},"product_brand":[],"product_cat":[29],"product_tag":[],"class_list":{"0":"post-2909","1":"product","2":"type-product","3":"status-publish","4":"has-post-thumbnail","6":"product_cat-low-voltage-distribution-cabinet","7":"desktop-align-left","8":"tablet-align-left","9":"mobile-align-left","11":"first","12":"outofstock","13":"shipping-taxable","14":"product-type-variable"},"_links":{"self":[{"href":"https:\/\/jiana-tech.com\/cs\/wp-json\/wp\/v2\/product\/2909","targetHints":{"allow":["GET"]}}],"collection":[{"href":"https:\/\/jiana-tech.com\/cs\/wp-json\/wp\/v2\/product"}],"about":[{"href":"https:\/\/jiana-tech.com\/cs\/wp-json\/wp\/v2\/types\/product"}],"wp:featuredmedia":[{"embeddable":true,"href":"https:\/\/jiana-tech.com\/cs\/wp-json\/wp\/v2\/media\/2912"}],"wp:attachment":[{"href":"https:\/\/jiana-tech.com\/cs\/wp-json\/wp\/v2\/media?parent=2909"}],"wp:term":[{"taxonomy":"product_brand","embeddable":true,"href":"https:\/\/jiana-tech.com\/cs\/wp-json\/wp\/v2\/product_brand?post=2909"},{"taxonomy":"product_cat","embeddable":true,"href":"https:\/\/jiana-tech.com\/cs\/wp-json\/wp\/v2\/product_cat?post=2909"},{"taxonomy":"product_tag","embeddable":true,"href":"https:\/\/jiana-tech.com\/cs\/wp-json\/wp\/v2\/product_tag?post=2909"}],"curies":[{"name":"wp","href":"https:\/\/api.w.org\/{rel}","templated":true}]}}