{"id":2952,"date":"2025-10-25T02:50:25","date_gmt":"2025-10-25T02:50:25","guid":{"rendered":"https:\/\/jiana-tech.com\/?post_type=product&#038;p=2952"},"modified":"2025-10-25T02:52:24","modified_gmt":"2025-10-25T02:52:24","slug":"ab-controllogix-redundant-series-plc-cabinet","status":"publish","type":"product","link":"https:\/\/jiana-tech.com\/cs\/product\/ab-controllogix-redundant-series-plc-cabinet\/","title":{"rendered":"Sk\u0159\u00ed\u0148 PLC AB ControlLogix Redundantn\u00ed \u0159ady"},"content":{"rendered":"<p style=\"text-align: center;\">\u25cf The entire system&#8217;s electrical control cabinet utilizes an indoor welded cabinet design with an IP40 protection rating.<\/p>\n<p style=\"text-align: center;\">\u25cf The main power supply for the control cabinet is single-phase AC220V, rated at 50Hz, with a maximum load current of 25A.<\/p>\n<p style=\"text-align: center;\">\u25cf The yellow wire in the cabinet is the AC220V control line, the blue wire is the DC24V control line, and the yellow-green line is the ground line.<\/p>\n<p style=\"text-align: center;\">\u25cf The cabinet&#8217;s main components include a miniature circuit breaker, intermediate relay, switching power supply, and PLC.<\/p>\n<p style=\"text-align: center;\">\u25cf The cabinet&#8217;s components utilize brands such as Fuji, AB, and MW, ensuring system stability and a longer service life.<\/p>\n<p style=\"text-align: center;\">\u25cf The entire system utilizes the AB ControlLogix series CPU, featuring a fully modular design. From the frame power supply and module type to the memory, number of controllers, and network type, everything can be selected based on application requirements.<\/p>\n<p style=\"text-align: center;\">\u25cf V\u0161echny hodnoty parametr\u016f na panelu PLC lze m\u011bnit v re\u00e1ln\u00e9m \u010dase a v\u0161echny informace o alarmech lze zobrazit na obrazovce alarm\u016f, co\u017e usnad\u0148uje \u0159e\u0161en\u00ed abnorm\u00e1ln\u00edch situac\u00ed. V nouzov\u00fdch situac\u00edch umo\u017e\u0148uje tla\u010d\u00edtko nouzov\u00e9ho zastaven\u00ed rozv\u00e1d\u011b\u010de PLC rychl\u00e9 vypnut\u00ed.<\/p>\n<p><img fetchpriority=\"high\" decoding=\"async\" class=\"aligncenter size-full wp-image-2953\" src=\"https:\/\/jiana-tech.com\/wp-content\/uploads\/2025\/10\/AB-ControlLogix-\u5197\u4f59\u7cfb\u5217PLC\u67dc-2.jpg\" alt=\"\" width=\"600\" height=\"450\" srcset=\"https:\/\/jiana-tech.com\/wp-content\/uploads\/2025\/10\/AB-ControlLogix-\u5197\u4f59\u7cfb\u5217PLC\u67dc-2.jpg 600w, https:\/\/jiana-tech.com\/wp-content\/uploads\/2025\/10\/AB-ControlLogix-\u5197\u4f59\u7cfb\u5217PLC\u67dc-2-300x225.jpg 300w, https:\/\/jiana-tech.com\/wp-content\/uploads\/2025\/10\/AB-ControlLogix-\u5197\u4f59\u7cfb\u5217PLC\u67dc-2-16x12.jpg 16w\" sizes=\"(max-width: 600px) 100vw, 600px\" \/> <img decoding=\"async\" class=\"aligncenter size-full wp-image-2954\" src=\"https:\/\/jiana-tech.com\/wp-content\/uploads\/2025\/10\/AB-ControlLogix-\u5197\u4f59\u7cfb\u5217PLC\u67dc-001.jpg\" alt=\"\" width=\"600\" height=\"450\" srcset=\"https:\/\/jiana-tech.com\/wp-content\/uploads\/2025\/10\/AB-ControlLogix-\u5197\u4f59\u7cfb\u5217PLC\u67dc-001.jpg 600w, https:\/\/jiana-tech.com\/wp-content\/uploads\/2025\/10\/AB-ControlLogix-\u5197\u4f59\u7cfb\u5217PLC\u67dc-001-300x225.jpg 300w, https:\/\/jiana-tech.com\/wp-content\/uploads\/2025\/10\/AB-ControlLogix-\u5197\u4f59\u7cfb\u5217PLC\u67dc-001-16x12.jpg 16w\" sizes=\"(max-width: 600px) 100vw, 600px\" \/> <img decoding=\"async\" class=\"aligncenter size-full wp-image-2955\" src=\"https:\/\/jiana-tech.com\/wp-content\/uploads\/2025\/10\/\u4ea7\u54c1\u4e8cIMG_20211125_1131551.jpg-2.jpg\" alt=\"\" width=\"900\" height=\"1200\" srcset=\"https:\/\/jiana-tech.com\/wp-content\/uploads\/2025\/10\/\u4ea7\u54c1\u4e8cIMG_20211125_1131551.jpg-2.jpg 900w, https:\/\/jiana-tech.com\/wp-content\/uploads\/2025\/10\/\u4ea7\u54c1\u4e8cIMG_20211125_1131551.jpg-2-225x300.jpg 225w, https:\/\/jiana-tech.com\/wp-content\/uploads\/2025\/10\/\u4ea7\u54c1\u4e8cIMG_20211125_1131551.jpg-2-768x1024.jpg 768w, https:\/\/jiana-tech.com\/wp-content\/uploads\/2025\/10\/\u4ea7\u54c1\u4e8cIMG_20211125_1131551.jpg-2-9x12.jpg 9w, https:\/\/jiana-tech.com\/wp-content\/uploads\/2025\/10\/\u4ea7\u54c1\u4e8cIMG_20211125_1131551.jpg-2-600x800.jpg 600w\" sizes=\"(max-width: 900px) 100vw, 900px\" \/> <img loading=\"lazy\" decoding=\"async\" class=\"aligncenter size-full wp-image-2956\" src=\"https:\/\/jiana-tech.com\/wp-content\/uploads\/2025\/10\/\u5c01\u9762\u4e00YAO0411.jpg-2.jpg\" alt=\"\" width=\"900\" height=\"1200\" srcset=\"https:\/\/jiana-tech.com\/wp-content\/uploads\/2025\/10\/\u5c01\u9762\u4e00YAO0411.jpg-2.jpg 900w, https:\/\/jiana-tech.com\/wp-content\/uploads\/2025\/10\/\u5c01\u9762\u4e00YAO0411.jpg-2-225x300.jpg 225w, https:\/\/jiana-tech.com\/wp-content\/uploads\/2025\/10\/\u5c01\u9762\u4e00YAO0411.jpg-2-768x1024.jpg 768w, https:\/\/jiana-tech.com\/wp-content\/uploads\/2025\/10\/\u5c01\u9762\u4e00YAO0411.jpg-2-9x12.jpg 9w, https:\/\/jiana-tech.com\/wp-content\/uploads\/2025\/10\/\u5c01\u9762\u4e00YAO0411.jpg-2-600x800.jpg 600w\" sizes=\"(max-width: 900px) 100vw, 900px\" \/><\/p>","protected":false},"excerpt":{"rendered":"<p>Rozv\u00e1d\u011b\u010d PLC je programovateln\u00fd integrovan\u00fd rozv\u00e1d\u011b\u010d s ochrann\u00fdmi funkcemi, jako je ochrana proti p\u0159et\u00ed\u017een\u00ed, zkratu a v\u00fdpadku f\u00e1ze. M\u00e1 kompaktn\u00ed konstrukci, stabiln\u00ed provoz a kompletn\u00ed funkce. Lze ji kombinovat podle aktu\u00e1ln\u00edho rozsahu \u0159\u00edzen\u00ed a lze realizovat automatick\u00e9 \u0159\u00edzen\u00ed jedn\u00e9 sk\u0159\u00edn\u011b nebo ji p\u0159ipojit prost\u0159ednictv\u00edm pr\u016fmyslov\u00e9ho Ethernetu.<\/p>","protected":false},"featured_media":2953,"template":"","meta":{"site-sidebar-layout":"default","site-content-layout":"","ast-site-content-layout":"default","site-content-style":"default","site-sidebar-style":"default","ast-global-header-display":"","ast-banner-title-visibility":"","ast-main-header-display":"","ast-hfb-above-header-display":"","ast-hfb-below-header-display":"","ast-hfb-mobile-header-display":"","site-post-title":"","ast-breadcrumbs-content":"","ast-featured-img":"","footer-sml-layout":"","theme-transparent-header-meta":"default","adv-header-id-meta":"","stick-header-meta":"","header-above-stick-meta":"","header-main-stick-meta":"","header-below-stick-meta":"","astra-migrate-meta-layouts":"set","ast-page-background-enabled":"default","ast-page-background-meta":{"desktop":{"background-color":"var(--ast-global-color-5)","background-image":"","background-repeat":"repeat","background-position":"center center","background-size":"auto","background-attachment":"scroll","background-type":"","background-media":"","overlay-type":"","overlay-color":"","overlay-opacity":"","overlay-gradient":""},"tablet":{"background-color":"","background-image":"","background-repeat":"repeat","background-position":"center center","background-size":"auto","background-attachment":"scroll","background-type":"","background-media":"","overlay-type":"","overlay-color":"","overlay-opacity":"","overlay-gradient":""},"mobile":{"background-color":"","background-image":"","background-repeat":"repeat","background-position":"center center","background-size":"auto","background-attachment":"scroll","background-type":"","background-media":"","overlay-type":"","overlay-color":"","overlay-opacity":"","overlay-gradient":""}},"ast-content-background-meta":{"desktop":{"background-color":"var(--ast-global-color-4)","background-image":"","background-repeat":"repeat","background-position":"center center","background-size":"auto","background-attachment":"scroll","background-type":"","background-media":"","overlay-type":"","overlay-color":"","overlay-opacity":"","overlay-gradient":""},"tablet":{"background-color":"var(--ast-global-color-4)","background-image":"","background-repeat":"repeat","background-position":"center center","background-size":"auto","background-attachment":"scroll","background-type":"","background-media":"","overlay-type":"","overlay-color":"","overlay-opacity":"","overlay-gradient":""},"mobile":{"background-color":"var(--ast-global-color-4)","background-image":"","background-repeat":"repeat","background-position":"center center","background-size":"auto","background-attachment":"scroll","background-type":"","background-media":"","overlay-type":"","overlay-color":"","overlay-opacity":"","overlay-gradient":""}}},"product_brand":[],"product_cat":[32],"product_tag":[],"class_list":{"0":"post-2952","1":"product","2":"type-product","3":"status-publish","4":"has-post-thumbnail","6":"product_cat-plc-control-cabinet","7":"desktop-align-left","8":"tablet-align-left","9":"mobile-align-left","11":"first","12":"outofstock","13":"shipping-taxable","14":"product-type-variable"},"_links":{"self":[{"href":"https:\/\/jiana-tech.com\/cs\/wp-json\/wp\/v2\/product\/2952","targetHints":{"allow":["GET"]}}],"collection":[{"href":"https:\/\/jiana-tech.com\/cs\/wp-json\/wp\/v2\/product"}],"about":[{"href":"https:\/\/jiana-tech.com\/cs\/wp-json\/wp\/v2\/types\/product"}],"wp:featuredmedia":[{"embeddable":true,"href":"https:\/\/jiana-tech.com\/cs\/wp-json\/wp\/v2\/media\/2953"}],"wp:attachment":[{"href":"https:\/\/jiana-tech.com\/cs\/wp-json\/wp\/v2\/media?parent=2952"}],"wp:term":[{"taxonomy":"product_brand","embeddable":true,"href":"https:\/\/jiana-tech.com\/cs\/wp-json\/wp\/v2\/product_brand?post=2952"},{"taxonomy":"product_cat","embeddable":true,"href":"https:\/\/jiana-tech.com\/cs\/wp-json\/wp\/v2\/product_cat?post=2952"},{"taxonomy":"product_tag","embeddable":true,"href":"https:\/\/jiana-tech.com\/cs\/wp-json\/wp\/v2\/product_tag?post=2952"}],"curies":[{"name":"wp","href":"https:\/\/api.w.org\/{rel}","templated":true}]}}