{"id":3006,"date":"2025-10-25T03:10:01","date_gmt":"2025-10-25T03:10:01","guid":{"rendered":"https:\/\/jiana-tech.com\/?post_type=product&#038;p=3006"},"modified":"2025-10-25T03:11:24","modified_gmt":"2025-10-25T03:11:24","slug":"siemens-s7-1500-series-plc-cabinet","status":"publish","type":"product","link":"https:\/\/jiana-tech.com\/cs\/product\/siemens-s7-1500-series-plc-cabinet\/","title":{"rendered":"Sk\u0159\u00ed\u0148 PLC \u0159ady Siemens S7-1500"},"content":{"rendered":"<p style=\"text-align: center;\">\u25cf The entire system&#8217;s electrical control cabinets utilize an indoor Rittal-style design with an IP40 protection rating. There are four control cabinets: cabinets 1, 2, and 3 are MCC cabinets, and the final one is a PLC cabinet. This design effectively isolates interference between power and signal lines.<\/p>\n<p style=\"text-align: center;\">\u25cf The main power supply to the control cabinets is a three-phase, five-wire system with a rated voltage of AC380V, a rated frequency of 50Hz, and a maximum load current of 1000A.<\/p>\n<p style=\"text-align: center;\">\u25cf \u010cern\u00fd vodi\u010d uvnit\u0159 sk\u0159\u00edn\u011b je nap\u00e1jec\u00ed veden\u00ed AC380V, \u017elut\u00fd vodi\u010d je \u0159\u00eddic\u00ed veden\u00ed AC220V, modr\u00fd vodi\u010d je \u0159\u00eddic\u00ed veden\u00ed DC24V a \u017elutozelen\u00e9 veden\u00ed je zemnic\u00ed veden\u00ed.<\/p>\n<p style=\"text-align: center;\">\u25cf Mezi hlavn\u00ed sou\u010d\u00e1sti uvnit\u0159 sk\u0159\u00edn\u011b pat\u0159\u00ed jisti\u010d s lisovanou sk\u0159\u00edn\u00ed, miniaturn\u00ed jisti\u010d, mezilehl\u00e9 rel\u00e9, st\u0159\u00eddav\u00fd styka\u010d, frekven\u010dn\u00ed m\u011bni\u010d a PLC.<\/p>\n<p style=\"text-align: center;\">\u25cf Inside the cabinet Components from leading brands such as Schneider, Siemens, and Omron ensure system stability and a longer service life.<\/p>\n<p style=\"text-align: center;\">\u25cf V\u0161echny ovl\u00e1dac\u00ed prvky za\u0159\u00edzen\u00ed jsou vybaveny manu\u00e1ln\u00edmi a automatick\u00fdmi funkcemi, kter\u00e9 umo\u017e\u0148uj\u00ed flexibiln\u00ed p\u0159ep\u00edn\u00e1n\u00ed re\u017eim\u016f pro spln\u011bn\u00ed r\u016fzn\u00fdch pot\u0159eb ovl\u00e1d\u00e1n\u00ed.<\/p>\n<p style=\"text-align: center;\">\u25cf The entire system utilizes the Siemens S7-1500 series CPU. Its fast response time, integrated CPU display panel, and corresponding debugging and diagnostic mechanisms significantly improve production efficiency and reduce costs.<\/p>\n<p style=\"text-align: center;\">\u25cf The control cabinet is equipped with a multi-function meter for real-time monitoring of three-phase voltage, current, and other parameters.<\/p>\n<p style=\"text-align: center;\">\u25cf A wireless communication module is built into the cabinet, enabling remote program modification and the viewing of real-time operating parameters and other information via a mobile app or web browser.<\/p>\n<p><img fetchpriority=\"high\" decoding=\"async\" class=\"aligncenter size-full wp-image-3007\" src=\"https:\/\/jiana-tech.com\/wp-content\/uploads\/2025\/10\/\u4ea7\u54c1\u4e8cIMG_20210414_0829201.jpg-2.jpg\" alt=\"\" width=\"930\" height=\"600\" srcset=\"https:\/\/jiana-tech.com\/wp-content\/uploads\/2025\/10\/\u4ea7\u54c1\u4e8cIMG_20210414_0829201.jpg-2.jpg 930w, https:\/\/jiana-tech.com\/wp-content\/uploads\/2025\/10\/\u4ea7\u54c1\u4e8cIMG_20210414_0829201.jpg-2-300x194.jpg 300w, https:\/\/jiana-tech.com\/wp-content\/uploads\/2025\/10\/\u4ea7\u54c1\u4e8cIMG_20210414_0829201.jpg-2-768x495.jpg 768w, https:\/\/jiana-tech.com\/wp-content\/uploads\/2025\/10\/\u4ea7\u54c1\u4e8cIMG_20210414_0829201.jpg-2-18x12.jpg 18w, https:\/\/jiana-tech.com\/wp-content\/uploads\/2025\/10\/\u4ea7\u54c1\u4e8cIMG_20210414_0829201.jpg-2-600x387.jpg 600w\" sizes=\"(max-width: 930px) 100vw, 930px\" \/> <img decoding=\"async\" class=\"aligncenter size-full wp-image-3008\" src=\"https:\/\/jiana-tech.com\/wp-content\/uploads\/2025\/10\/\u5c01\u9762\u4e00IMG_20210414_08392911.jpg-2.jpg\" alt=\"\" width=\"930\" height=\"600\" srcset=\"https:\/\/jiana-tech.com\/wp-content\/uploads\/2025\/10\/\u5c01\u9762\u4e00IMG_20210414_08392911.jpg-2.jpg 930w, https:\/\/jiana-tech.com\/wp-content\/uploads\/2025\/10\/\u5c01\u9762\u4e00IMG_20210414_08392911.jpg-2-300x194.jpg 300w, https:\/\/jiana-tech.com\/wp-content\/uploads\/2025\/10\/\u5c01\u9762\u4e00IMG_20210414_08392911.jpg-2-768x495.jpg 768w, https:\/\/jiana-tech.com\/wp-content\/uploads\/2025\/10\/\u5c01\u9762\u4e00IMG_20210414_08392911.jpg-2-18x12.jpg 18w, https:\/\/jiana-tech.com\/wp-content\/uploads\/2025\/10\/\u5c01\u9762\u4e00IMG_20210414_08392911.jpg-2-600x387.jpg 600w\" sizes=\"(max-width: 930px) 100vw, 930px\" \/> <img decoding=\"async\" class=\"aligncenter size-full wp-image-3009\" src=\"https:\/\/jiana-tech.com\/wp-content\/uploads\/2025\/10\/\u897f\u95e8\u5b50S7-1500\u7cfb\u5217PLC\u67dc-2.jpg\" alt=\"\" width=\"600\" height=\"450\" srcset=\"https:\/\/jiana-tech.com\/wp-content\/uploads\/2025\/10\/\u897f\u95e8\u5b50S7-1500\u7cfb\u5217PLC\u67dc-2.jpg 600w, https:\/\/jiana-tech.com\/wp-content\/uploads\/2025\/10\/\u897f\u95e8\u5b50S7-1500\u7cfb\u5217PLC\u67dc-2-300x225.jpg 300w, https:\/\/jiana-tech.com\/wp-content\/uploads\/2025\/10\/\u897f\u95e8\u5b50S7-1500\u7cfb\u5217PLC\u67dc-2-16x12.jpg 16w\" sizes=\"(max-width: 600px) 100vw, 600px\" \/> <img loading=\"lazy\" decoding=\"async\" class=\"aligncenter size-full wp-image-3010\" src=\"https:\/\/jiana-tech.com\/wp-content\/uploads\/2025\/10\/\u897f\u95e8\u5b50S7-1500\u7cfb\u5217PLC\u67dc-001.jpg\" alt=\"\" width=\"600\" height=\"450\" srcset=\"https:\/\/jiana-tech.com\/wp-content\/uploads\/2025\/10\/\u897f\u95e8\u5b50S7-1500\u7cfb\u5217PLC\u67dc-001.jpg 600w, https:\/\/jiana-tech.com\/wp-content\/uploads\/2025\/10\/\u897f\u95e8\u5b50S7-1500\u7cfb\u5217PLC\u67dc-001-300x225.jpg 300w, https:\/\/jiana-tech.com\/wp-content\/uploads\/2025\/10\/\u897f\u95e8\u5b50S7-1500\u7cfb\u5217PLC\u67dc-001-16x12.jpg 16w\" sizes=\"(max-width: 600px) 100vw, 600px\" \/> <img loading=\"lazy\" decoding=\"async\" class=\"aligncenter size-full wp-image-3011\" src=\"https:\/\/jiana-tech.com\/wp-content\/uploads\/2025\/10\/\u897f\u95e8\u5b50S7-1500\u7cfb\u5217PLC\u67dc-002.jpg\" alt=\"\" width=\"600\" height=\"450\" srcset=\"https:\/\/jiana-tech.com\/wp-content\/uploads\/2025\/10\/\u897f\u95e8\u5b50S7-1500\u7cfb\u5217PLC\u67dc-002.jpg 600w, https:\/\/jiana-tech.com\/wp-content\/uploads\/2025\/10\/\u897f\u95e8\u5b50S7-1500\u7cfb\u5217PLC\u67dc-002-300x225.jpg 300w, https:\/\/jiana-tech.com\/wp-content\/uploads\/2025\/10\/\u897f\u95e8\u5b50S7-1500\u7cfb\u5217PLC\u67dc-002-16x12.jpg 16w\" sizes=\"(max-width: 600px) 100vw, 600px\" \/><\/p>","protected":false},"excerpt":{"rendered":"<p>Rozv\u00e1d\u011b\u010d PLC je programovateln\u00fd integrovan\u00fd rozv\u00e1d\u011b\u010d s ochrann\u00fdmi funkcemi, jako je ochrana proti p\u0159et\u00ed\u017een\u00ed, zkratu a v\u00fdpadku f\u00e1ze. M\u00e1 kompaktn\u00ed konstrukci, stabiln\u00ed provoz a kompletn\u00ed funkce. Lze ji kombinovat podle aktu\u00e1ln\u00edho rozsahu \u0159\u00edzen\u00ed a lze realizovat automatick\u00e9 \u0159\u00edzen\u00ed jedn\u00e9 sk\u0159\u00edn\u011b nebo ji p\u0159ipojit prost\u0159ednictv\u00edm pr\u016fmyslov\u00e9ho Ethernetu.<\/p>","protected":false},"featured_media":3009,"template":"","meta":{"site-sidebar-layout":"default","site-content-layout":"","ast-site-content-layout":"default","site-content-style":"default","site-sidebar-style":"default","ast-global-header-display":"","ast-banner-title-visibility":"","ast-main-header-display":"","ast-hfb-above-header-display":"","ast-hfb-below-header-display":"","ast-hfb-mobile-header-display":"","site-post-title":"","ast-breadcrumbs-content":"","ast-featured-img":"","footer-sml-layout":"","theme-transparent-header-meta":"default","adv-header-id-meta":"","stick-header-meta":"","header-above-stick-meta":"","header-main-stick-meta":"","header-below-stick-meta":"","astra-migrate-meta-layouts":"set","ast-page-background-enabled":"default","ast-page-background-meta":{"desktop":{"background-color":"var(--ast-global-color-5)","background-image":"","background-repeat":"repeat","background-position":"center center","background-size":"auto","background-attachment":"scroll","background-type":"","background-media":"","overlay-type":"","overlay-color":"","overlay-opacity":"","overlay-gradient":""},"tablet":{"background-color":"","background-image":"","background-repeat":"repeat","background-position":"center center","background-size":"auto","background-attachment":"scroll","background-type":"","background-media":"","overlay-type":"","overlay-color":"","overlay-opacity":"","overlay-gradient":""},"mobile":{"background-color":"","background-image":"","background-repeat":"repeat","background-position":"center center","background-size":"auto","background-attachment":"scroll","background-type":"","background-media":"","overlay-type":"","overlay-color":"","overlay-opacity":"","overlay-gradient":""}},"ast-content-background-meta":{"desktop":{"background-color":"var(--ast-global-color-4)","background-image":"","background-repeat":"repeat","background-position":"center center","background-size":"auto","background-attachment":"scroll","background-type":"","background-media":"","overlay-type":"","overlay-color":"","overlay-opacity":"","overlay-gradient":""},"tablet":{"background-color":"var(--ast-global-color-4)","background-image":"","background-repeat":"repeat","background-position":"center center","background-size":"auto","background-attachment":"scroll","background-type":"","background-media":"","overlay-type":"","overlay-color":"","overlay-opacity":"","overlay-gradient":""},"mobile":{"background-color":"var(--ast-global-color-4)","background-image":"","background-repeat":"repeat","background-position":"center center","background-size":"auto","background-attachment":"scroll","background-type":"","background-media":"","overlay-type":"","overlay-color":"","overlay-opacity":"","overlay-gradient":""}}},"product_brand":[],"product_cat":[32],"product_tag":[],"class_list":{"0":"post-3006","1":"product","2":"type-product","3":"status-publish","4":"has-post-thumbnail","6":"product_cat-plc-control-cabinet","7":"desktop-align-left","8":"tablet-align-left","9":"mobile-align-left","11":"first","12":"outofstock","13":"shipping-taxable","14":"product-type-variable"},"_links":{"self":[{"href":"https:\/\/jiana-tech.com\/cs\/wp-json\/wp\/v2\/product\/3006","targetHints":{"allow":["GET"]}}],"collection":[{"href":"https:\/\/jiana-tech.com\/cs\/wp-json\/wp\/v2\/product"}],"about":[{"href":"https:\/\/jiana-tech.com\/cs\/wp-json\/wp\/v2\/types\/product"}],"wp:featuredmedia":[{"embeddable":true,"href":"https:\/\/jiana-tech.com\/cs\/wp-json\/wp\/v2\/media\/3009"}],"wp:attachment":[{"href":"https:\/\/jiana-tech.com\/cs\/wp-json\/wp\/v2\/media?parent=3006"}],"wp:term":[{"taxonomy":"product_brand","embeddable":true,"href":"https:\/\/jiana-tech.com\/cs\/wp-json\/wp\/v2\/product_brand?post=3006"},{"taxonomy":"product_cat","embeddable":true,"href":"https:\/\/jiana-tech.com\/cs\/wp-json\/wp\/v2\/product_cat?post=3006"},{"taxonomy":"product_tag","embeddable":true,"href":"https:\/\/jiana-tech.com\/cs\/wp-json\/wp\/v2\/product_tag?post=3006"}],"curies":[{"name":"wp","href":"https:\/\/api.w.org\/{rel}","templated":true}]}}