{"id":459,"date":"2025-08-05T00:53:02","date_gmt":"2025-08-05T00:53:02","guid":{"rendered":"https:\/\/jiana-tech.com\/?post_type=product&#038;p=459"},"modified":"2025-08-05T00:54:12","modified_gmt":"2025-08-05T00:54:12","slug":"yangao-box-abs-plastic-box-enclosure-ip65-enclosures-stainless-steel-buckle-enclosure-box","status":"publish","type":"product","link":"https:\/\/jiana-tech.com\/cs\/product\/yangao-box-abs-plastic-box-enclosure-ip65-enclosures-stainless-steel-buckle-enclosure-box\/","title":{"rendered":"YanGao Box Abs Plastov\u00e1 sk\u0159\u00ed\u0148ka sk\u0159\u00ed\u0148 IP65 sk\u0159\u00edn\u011b Nerezov\u00e1 ocel p\u0159ezka sk\u0159\u00ed\u0148 Box"},"content":{"rendered":"<p>Stupe\u0148 kryt\u00ed IP:IP65<br \/>\nTyp: Ovl\u00e1dac\u00ed sk\u0159\u00ed\u0148ka<br \/>\nM\u00edsto p\u016fvodu: Shandong, \u010c\u00edna<br \/>\nN\u00e1zev zna\u010dky: Yangao<br \/>\n\u010c\u00edslo modelu: SF1<br \/>\nVn\u011bj\u0161\u00ed velikost:120*90*70, 150*100*70, 150*100*90, 210*110*75, 220*170*110, 210*160*100, 260*110*75, 260*160*100, 290*190*140, 280*190*140, 300*200*130, 300*300*180, 390*290*160, 330*330*130, 380*280*130, 400*300*180, 350*250*150, 450*350*200, 500*400*200, 630*530*250<br \/>\nMateri\u00e1l: PC, ABS<br \/>\nN\u00e1zev produktu: elektrick\u00fd rozvad\u011b\u010d<br \/>\nBarva:\u0161ed\u00e1<br \/>\nPou\u017eit\u00ed: Ochrana instalovan\u00fdch jisti\u010d\u016f<br \/>\nPou\u017eit\u00ed: \u0161iroce pou\u017e\u00edvan\u00fd<br \/>\nVlastnosti: Bezpe\u010dnostn\u00ed odolnost<br \/>\nFunkce: Ochrann\u00e1 funkce<br \/>\nTvar: Obd\u00e9ln\u00edk<br \/>\nP\u0159izp\u016fsoben\u00ed: P\u0159ijm\u011bte kryt na m\u00edru<br \/>\nLogo: P\u0159ijm\u011bte vlastn\u00ed logo<br \/>\nProdejn\u00ed jednotky: Jednotliv\u00e9 polo\u017eky<br \/>\nVelikost jednoho balen\u00ed: 33X23X19 cm<br \/>\nJednotliv\u00e1 hrub\u00e1 hmotnost: 1 400 KG<\/p>\n<p><img decoding=\"async\" class=\"alignnone size-full\" src=\"https:\/\/1688factorys.com\/wp-content\/uploads\/detail_pic_0-111.png\" width=\"790\" alt=\"\"\/><\/p>\n<p><img decoding=\"async\" class=\"alignnone size-full\" src=\"https:\/\/1688factorys.com\/wp-content\/uploads\/detail_pic_1-1363.jpg\" width=\"790\" alt=\"\"\/><\/p>\n<p><img decoding=\"async\" class=\"alignnone size-full\" src=\"https:\/\/1688factorys.com\/wp-content\/uploads\/detail_pic_2-1403.jpg\" width=\"790\" alt=\"\"\/><\/p>\n<p><img decoding=\"async\" class=\"alignnone size-full\" src=\"https:\/\/1688factorys.com\/wp-content\/uploads\/detail_pic_3-1379.jpg\" width=\"790\" alt=\"\"\/><\/p>\n<p><img decoding=\"async\" class=\"alignnone size-full\" src=\"https:\/\/1688factorys.com\/wp-content\/uploads\/detail_pic_4-1223.jpg\" width=\"790\" alt=\"\"\/><\/p>\n<p><img decoding=\"async\" class=\"alignnone size-full\" src=\"https:\/\/1688factorys.com\/wp-content\/uploads\/detail_pic_5-1087.jpg\" width=\"790\" alt=\"\"\/><\/p>\n<p><img decoding=\"async\" class=\"alignnone size-full\" src=\"https:\/\/1688factorys.com\/wp-content\/uploads\/detail_pic_6-1099.jpg\" width=\"790\" alt=\"\"\/><\/p>\n<p><img decoding=\"async\" class=\"alignnone size-full\" src=\"https:\/\/1688factorys.com\/wp-content\/uploads\/detail_pic_7-1082.jpg\" width=\"790\" alt=\"\"\/><\/p>\n<p><img decoding=\"async\" class=\"alignnone size-full\" src=\"https:\/\/1688factorys.com\/wp-content\/uploads\/detail_pic_8-802.jpg\" width=\"790\" alt=\"\"\/><\/p>","protected":false},"excerpt":{"rendered":"<p>YanGao Box Abs Plastov\u00e1 sk\u0159\u00ed\u0148ka sk\u0159\u00ed\u0148 IP65 sk\u0159\u00edn\u011b Nerezov\u00e1 ocel p\u0159ezka sk\u0159\u00ed\u0148 Box<\/p>","protected":false},"featured_media":648,"template":"","meta":{"site-sidebar-layout":"default","site-content-layout":"","ast-site-content-layout":"default","site-content-style":"default","site-sidebar-style":"default","ast-global-header-display":"","ast-banner-title-visibility":"","ast-main-header-display":"","ast-hfb-above-header-display":"","ast-hfb-below-header-display":"","ast-hfb-mobile-header-display":"","site-post-title":"","ast-breadcrumbs-content":"","ast-featured-img":"","footer-sml-layout":"","ast-disable-related-posts":"","theme-transparent-header-meta":"","adv-header-id-meta":"","stick-header-meta":"","header-above-stick-meta":"","header-main-stick-meta":"","header-below-stick-meta":"","astra-migrate-meta-layouts":"default","ast-page-background-enabled":"default","ast-page-background-meta":{"desktop":{"background-color":"var(--ast-global-color-5)","background-image":"","background-repeat":"repeat","background-position":"center center","background-size":"auto","background-attachment":"scroll","background-type":"","background-media":"","overlay-type":"","overlay-color":"","overlay-opacity":"","overlay-gradient":""},"tablet":{"background-color":"","background-image":"","background-repeat":"repeat","background-position":"center center","background-size":"auto","background-attachment":"scroll","background-type":"","background-media":"","overlay-type":"","overlay-color":"","overlay-opacity":"","overlay-gradient":""},"mobile":{"background-color":"","background-image":"","background-repeat":"repeat","background-position":"center center","background-size":"auto","background-attachment":"scroll","background-type":"","background-media":"","overlay-type":"","overlay-color":"","overlay-opacity":"","overlay-gradient":""}},"ast-content-background-meta":{"desktop":{"background-color":"var(--ast-global-color-4)","background-image":"","background-repeat":"repeat","background-position":"center center","background-size":"auto","background-attachment":"scroll","background-type":"","background-media":"","overlay-type":"","overlay-color":"","overlay-opacity":"","overlay-gradient":""},"tablet":{"background-color":"var(--ast-global-color-4)","background-image":"","background-repeat":"repeat","background-position":"center center","background-size":"auto","background-attachment":"scroll","background-type":"","background-media":"","overlay-type":"","overlay-color":"","overlay-opacity":"","overlay-gradient":""},"mobile":{"background-color":"var(--ast-global-color-4)","background-image":"","background-repeat":"repeat","background-position":"center center","background-size":"auto","background-attachment":"scroll","background-type":"","background-media":"","overlay-type":"","overlay-color":"","overlay-opacity":"","overlay-gradient":""}}},"product_brand":[],"product_cat":[21],"product_tag":[],"class_list":{"0":"post-459","1":"product","2":"type-product","3":"status-publish","4":"has-post-thumbnail","6":"product_cat-plastic-waterproof-box","7":"desktop-align-left","8":"tablet-align-left","9":"mobile-align-left","11":"first","12":"outofstock","13":"shipping-taxable","14":"product-type-variable"},"_links":{"self":[{"href":"https:\/\/jiana-tech.com\/cs\/wp-json\/wp\/v2\/product\/459","targetHints":{"allow":["GET"]}}],"collection":[{"href":"https:\/\/jiana-tech.com\/cs\/wp-json\/wp\/v2\/product"}],"about":[{"href":"https:\/\/jiana-tech.com\/cs\/wp-json\/wp\/v2\/types\/product"}],"wp:featuredmedia":[{"embeddable":true,"href":"https:\/\/jiana-tech.com\/cs\/wp-json\/wp\/v2\/media\/648"}],"wp:attachment":[{"href":"https:\/\/jiana-tech.com\/cs\/wp-json\/wp\/v2\/media?parent=459"}],"wp:term":[{"taxonomy":"product_brand","embeddable":true,"href":"https:\/\/jiana-tech.com\/cs\/wp-json\/wp\/v2\/product_brand?post=459"},{"taxonomy":"product_cat","embeddable":true,"href":"https:\/\/jiana-tech.com\/cs\/wp-json\/wp\/v2\/product_cat?post=459"},{"taxonomy":"product_tag","embeddable":true,"href":"https:\/\/jiana-tech.com\/cs\/wp-json\/wp\/v2\/product_tag?post=459"}],"curies":[{"name":"wp","href":"https:\/\/api.w.org\/{rel}","templated":true}]}}