{"id":2891,"date":"2025-10-25T01:32:09","date_gmt":"2025-10-25T01:32:09","guid":{"rendered":"https:\/\/jiana-tech.com\/?post_type=product&#038;p=2891"},"modified":"2025-10-25T01:33:52","modified_gmt":"2025-10-25T01:33:52","slug":"gv3100-series-inverter-cabinet","status":"publish","type":"product","link":"https:\/\/jiana-tech.com\/de\/product\/gv3100-series-inverter-cabinet\/","title":{"rendered":"Wechselrichterschrank der Serie GV3100"},"content":{"rendered":"<p style=\"text-align: center;\">\u25cf Der elektrische Schaltschrank des gesamten Systems besteht aus einem geschwei\u00dften Au\u00dfengeh\u00e4use mit der Schutzart IP54.<\/p>\n<p style=\"text-align: center;\">\u25cf Die Hauptstromversorgung der elektrischen Schaltschr\u00e4nke ist ein dreiphasiges F\u00fcnfleitersystem mit einer Nennspannung von 380 V, einer Nennfrequenz von 50 Hz und einem maximalen Laststrom von 320 A.<\/p>\n<p style=\"text-align: center;\">Die schwarze Leitung im Inneren des Geh\u00e4uses ist die AC380V-Stromleitung, die gelbe Leitung ist die AC220V-Steuerleitung, die blaue Leitung ist die DC24V-Steuerleitung und die gelb-gr\u00fcne Leitung ist die Erdleitung.<\/p>\n<p style=\"text-align: center;\">Zu den Hauptkomponenten im Inneren des Schaltschranks geh\u00f6ren ein Kompaktleistungsschalter, ein Leitungsschutzschalter, ein Zwischenrelais, ein Wechselstromsch\u00fctz und ein Frequenzumrichter.<\/p>\n<p style=\"text-align: center;\">Der Frequenzumrichter im Inneren des Schaltschranks stammt aus der Serie GV3100. Er verbessert nicht nur die Stabilit\u00e4t, sondern bietet auch eine Vielzahl praktischer und fortschrittlicher Funktionen, wie z. B. Selbstidentifizierung der Motorparameter, analoger Stromausgang, digitaler Ausgang, flexible Frequenzeinstellungsmodi mit Online-Umschaltung zwischen mehreren Frequenzeinstellungsmodi, Online-Parameter\u00e4nderung, Impulsfrequenzeinstellung, Speicherung von Abschaltparametern, feste und variable Schwingungssteuerung und RS485-Kommunikation.<\/p>\n<p style=\"text-align: center;\">\u25cf Der Schrank verf\u00fcgt \u00fcber Tasten, Anzeigeleuchten und ein erweitertes Bedienfeld. Es wird an die elektrischen Komponenten im VFD-Schrank angeschlossen, zeigt den Betriebsstatus des Schranks an und steuert auch den Start und Stopp des VFD.<\/p>\n<p><img fetchpriority=\"high\" decoding=\"async\" class=\"aligncenter size-full wp-image-2892\" src=\"https:\/\/jiana-tech.com\/wp-content\/uploads\/2025\/10\/\u4ea7\u54c1\u4e8cIMG_20191231_1536521.jpg-2.jpg\" alt=\"\" width=\"900\" height=\"1200\" srcset=\"https:\/\/jiana-tech.com\/wp-content\/uploads\/2025\/10\/\u4ea7\u54c1\u4e8cIMG_20191231_1536521.jpg-2.jpg 900w, https:\/\/jiana-tech.com\/wp-content\/uploads\/2025\/10\/\u4ea7\u54c1\u4e8cIMG_20191231_1536521.jpg-2-225x300.jpg 225w, https:\/\/jiana-tech.com\/wp-content\/uploads\/2025\/10\/\u4ea7\u54c1\u4e8cIMG_20191231_1536521.jpg-2-768x1024.jpg 768w, https:\/\/jiana-tech.com\/wp-content\/uploads\/2025\/10\/\u4ea7\u54c1\u4e8cIMG_20191231_1536521.jpg-2-9x12.jpg 9w, https:\/\/jiana-tech.com\/wp-content\/uploads\/2025\/10\/\u4ea7\u54c1\u4e8cIMG_20191231_1536521.jpg-2-600x800.jpg 600w\" sizes=\"(max-width: 900px) 100vw, 900px\" \/> <img decoding=\"async\" class=\"aligncenter size-full wp-image-2893\" src=\"https:\/\/jiana-tech.com\/wp-content\/uploads\/2025\/10\/\u5c01\u9762\u4e00IMG_20191231_15394811.jpg-2.jpg\" alt=\"\" width=\"900\" height=\"1200\" srcset=\"https:\/\/jiana-tech.com\/wp-content\/uploads\/2025\/10\/\u5c01\u9762\u4e00IMG_20191231_15394811.jpg-2.jpg 900w, https:\/\/jiana-tech.com\/wp-content\/uploads\/2025\/10\/\u5c01\u9762\u4e00IMG_20191231_15394811.jpg-2-225x300.jpg 225w, https:\/\/jiana-tech.com\/wp-content\/uploads\/2025\/10\/\u5c01\u9762\u4e00IMG_20191231_15394811.jpg-2-768x1024.jpg 768w, https:\/\/jiana-tech.com\/wp-content\/uploads\/2025\/10\/\u5c01\u9762\u4e00IMG_20191231_15394811.jpg-2-9x12.jpg 9w, https:\/\/jiana-tech.com\/wp-content\/uploads\/2025\/10\/\u5c01\u9762\u4e00IMG_20191231_15394811.jpg-2-600x800.jpg 600w\" sizes=\"(max-width: 900px) 100vw, 900px\" \/> <img decoding=\"async\" class=\"aligncenter size-full wp-image-2894\" src=\"https:\/\/jiana-tech.com\/wp-content\/uploads\/2025\/10\/\u6613\u9a71GV3100\u7cfb\u5217\u53d8\u9891\u5668\u67dc-2.jpg\" alt=\"\" width=\"600\" height=\"450\" srcset=\"https:\/\/jiana-tech.com\/wp-content\/uploads\/2025\/10\/\u6613\u9a71GV3100\u7cfb\u5217\u53d8\u9891\u5668\u67dc-2.jpg 600w, https:\/\/jiana-tech.com\/wp-content\/uploads\/2025\/10\/\u6613\u9a71GV3100\u7cfb\u5217\u53d8\u9891\u5668\u67dc-2-300x225.jpg 300w, https:\/\/jiana-tech.com\/wp-content\/uploads\/2025\/10\/\u6613\u9a71GV3100\u7cfb\u5217\u53d8\u9891\u5668\u67dc-2-16x12.jpg 16w\" sizes=\"(max-width: 600px) 100vw, 600px\" \/> <img loading=\"lazy\" decoding=\"async\" class=\"aligncenter size-full wp-image-2895\" src=\"https:\/\/jiana-tech.com\/wp-content\/uploads\/2025\/10\/\u6613\u9a71GV3100\u7cfb\u5217\u53d8\u9891\u5668\u67dc-001.jpg\" alt=\"\" width=\"600\" height=\"450\" srcset=\"https:\/\/jiana-tech.com\/wp-content\/uploads\/2025\/10\/\u6613\u9a71GV3100\u7cfb\u5217\u53d8\u9891\u5668\u67dc-001.jpg 600w, https:\/\/jiana-tech.com\/wp-content\/uploads\/2025\/10\/\u6613\u9a71GV3100\u7cfb\u5217\u53d8\u9891\u5668\u67dc-001-300x225.jpg 300w, https:\/\/jiana-tech.com\/wp-content\/uploads\/2025\/10\/\u6613\u9a71GV3100\u7cfb\u5217\u53d8\u9891\u5668\u67dc-001-16x12.jpg 16w\" sizes=\"(max-width: 600px) 100vw, 600px\" \/><\/p>","protected":false},"excerpt":{"rendered":"<p>Der Schaltschrank f\u00fcr die Frequenzumwandlung wird haupts\u00e4chlich dazu verwendet, die Betriebsfrequenz des Ger\u00e4ts einzustellen, Energieverluste zu reduzieren, das Ger\u00e4t sanft zu starten und die Sch\u00e4den am Motor zu verringern, die durch den gro\u00dfen Strom verursacht werden, der beim direkten Start des Ger\u00e4ts entsteht. Er verf\u00fcgt au\u00dferdem \u00fcber einen Analogeingang (f\u00fcr die Drehzahlregelung oder das R\u00fcckkopplungssignal), eine PID-Schaltregelung (f\u00fcr die Steuerung, den konstanten Pumpendruck) und Kommunikationsfunktionen.<\/p>","protected":false},"featured_media":2894,"template":"","meta":{"site-sidebar-layout":"default","site-content-layout":"","ast-site-content-layout":"default","site-content-style":"default","site-sidebar-style":"default","ast-global-header-display":"","ast-banner-title-visibility":"","ast-main-header-display":"","ast-hfb-above-header-display":"","ast-hfb-below-header-display":"","ast-hfb-mobile-header-display":"","site-post-title":"","ast-breadcrumbs-content":"","ast-featured-img":"","footer-sml-layout":"","ast-disable-related-posts":"","theme-transparent-header-meta":"default","adv-header-id-meta":"","stick-header-meta":"","header-above-stick-meta":"","header-main-stick-meta":"","header-below-stick-meta":"","astra-migrate-meta-layouts":"set","ast-page-background-enabled":"default","ast-page-background-meta":{"desktop":{"background-color":"var(--ast-global-color-5)","background-image":"","background-repeat":"repeat","background-position":"center center","background-size":"auto","background-attachment":"scroll","background-type":"","background-media":"","overlay-type":"","overlay-color":"","overlay-opacity":"","overlay-gradient":""},"tablet":{"background-color":"","background-image":"","background-repeat":"repeat","background-position":"center center","background-size":"auto","background-attachment":"scroll","background-type":"","background-media":"","overlay-type":"","overlay-color":"","overlay-opacity":"","overlay-gradient":""},"mobile":{"background-color":"","background-image":"","background-repeat":"repeat","background-position":"center center","background-size":"auto","background-attachment":"scroll","background-type":"","background-media":"","overlay-type":"","overlay-color":"","overlay-opacity":"","overlay-gradient":""}},"ast-content-background-meta":{"desktop":{"background-color":"var(--ast-global-color-4)","background-image":"","background-repeat":"repeat","background-position":"center center","background-size":"auto","background-attachment":"scroll","background-type":"","background-media":"","overlay-type":"","overlay-color":"","overlay-opacity":"","overlay-gradient":""},"tablet":{"background-color":"var(--ast-global-color-4)","background-image":"","background-repeat":"repeat","background-position":"center center","background-size":"auto","background-attachment":"scroll","background-type":"","background-media":"","overlay-type":"","overlay-color":"","overlay-opacity":"","overlay-gradient":""},"mobile":{"background-color":"var(--ast-global-color-4)","background-image":"","background-repeat":"repeat","background-position":"center center","background-size":"auto","background-attachment":"scroll","background-type":"","background-media":"","overlay-type":"","overlay-color":"","overlay-opacity":"","overlay-gradient":""}}},"product_brand":[],"product_cat":[28],"product_tag":[],"class_list":{"0":"post-2891","1":"product","2":"type-product","3":"status-publish","4":"has-post-thumbnail","6":"product_cat-frequency-converter-control-cabinet","7":"desktop-align-left","8":"tablet-align-left","9":"mobile-align-left","11":"first","12":"outofstock","13":"shipping-taxable","14":"product-type-variable"},"_links":{"self":[{"href":"https:\/\/jiana-tech.com\/de\/wp-json\/wp\/v2\/product\/2891","targetHints":{"allow":["GET"]}}],"collection":[{"href":"https:\/\/jiana-tech.com\/de\/wp-json\/wp\/v2\/product"}],"about":[{"href":"https:\/\/jiana-tech.com\/de\/wp-json\/wp\/v2\/types\/product"}],"wp:featuredmedia":[{"embeddable":true,"href":"https:\/\/jiana-tech.com\/de\/wp-json\/wp\/v2\/media\/2894"}],"wp:attachment":[{"href":"https:\/\/jiana-tech.com\/de\/wp-json\/wp\/v2\/media?parent=2891"}],"wp:term":[{"taxonomy":"product_brand","embeddable":true,"href":"https:\/\/jiana-tech.com\/de\/wp-json\/wp\/v2\/product_brand?post=2891"},{"taxonomy":"product_cat","embeddable":true,"href":"https:\/\/jiana-tech.com\/de\/wp-json\/wp\/v2\/product_cat?post=2891"},{"taxonomy":"product_tag","embeddable":true,"href":"https:\/\/jiana-tech.com\/de\/wp-json\/wp\/v2\/product_tag?post=2891"}],"curies":[{"name":"wp","href":"https:\/\/api.w.org\/{rel}","templated":true}]}}