{"id":2926,"date":"2025-10-25T02:12:42","date_gmt":"2025-10-25T02:12:42","guid":{"rendered":"https:\/\/jiana-tech.com\/?post_type=product&#038;p=2926"},"modified":"2025-10-25T02:14:49","modified_gmt":"2025-10-25T02:14:49","slug":"voc-waste-gas-treatment-system-control-cabinet","status":"publish","type":"product","link":"https:\/\/jiana-tech.com\/de\/product\/voc-waste-gas-treatment-system-control-cabinet\/","title":{"rendered":"Schaltschrank des VOC-Abgasbehandlungssystems"},"content":{"rendered":"<p style=\"text-align: center;\">Die elektrischen Steuerschr\u00e4nke des gesamten Systems sind als Rittal-Schr\u00e4nke f\u00fcr den Innenbereich mit der Schutzart IP40 ausgef\u00fchrt. Insgesamt gibt es vier Schaltschr\u00e4nke: Die Schr\u00e4nke 1, 2 und 3 sind MCC-Schr\u00e4nke und der letzte ist ein SPS-Schrank. Durch diese Konstruktion werden Interferenzen zwischen Strom- und Signalleitungen effektiv isoliert.<\/p>\n<p style=\"text-align: center;\">\u25cf Die Hauptstromversorgung der elektrischen Schaltschr\u00e4nke ist ein dreiphasiges F\u00fcnfleitersystem mit einer Nennspannung von 380 V, einer Nennfrequenz von 50 Hz und einem maximalen Laststrom von 320 A.<\/p>\n<p style=\"text-align: center;\">Die gelben, gr\u00fcnen und roten Kupferschienen in den Schr\u00e4nken sind die stromf\u00fchrenden Dreiphasenleitungen A, B und C. Die gelbe Leitung ist die AC220V-Steuerleitung, die blaue Leitung ist die DC24V-Steuerleitung und die gelb-gr\u00fcne Verbindung ist die Erdleitung.<\/p>\n<p style=\"text-align: center;\">Zu den Hauptkomponenten im Schaltschrank geh\u00f6ren Schutzschalter, Leitungsschutzschalter, Zwischenrelais, Schaltnetzteile, Schalter, SPS und Touchscreens.<\/p>\n<p style=\"text-align: center;\">Die Schaltschrankkomponenten stammen von renommierten Marken wie Schneider und Siemens und sorgen f\u00fcr Systemstabilit\u00e4t und eine l\u00e4ngere Lebensdauer.<\/p>\n<p style=\"text-align: center;\">Die gesamte System-CPU verf\u00fcgt \u00fcber eine redundante Architektur, die die Funktionalit\u00e4t und Zuverl\u00e4ssigkeit erh\u00f6ht.<\/p>\n<p style=\"text-align: center;\">Alle Ger\u00e4testeuerungen verf\u00fcgen \u00fcber manuelle und automatische Funktionen mit flexiblen Schaltmodi, um unterschiedliche Steuerungsanforderungen zu erf\u00fcllen.<\/p>\n<p style=\"text-align: center;\">Der Schaltschrank verf\u00fcgt \u00fcber Tasten, Kontrollleuchten und ein Wechselrichter-Bedienfeld. Diese Bedienfelder, die mit den elektrischen Komponenten im Schrank verbunden sind, zeigen den Betriebsstatus des Schaltschranks an und steuern das Starten und Stoppen der Ger\u00e4te.<\/p>\n<p style=\"text-align: center;\">\u25cf Ein Multifunktions-Stromz\u00e4hler ist auf dem Schrank installiert und liefert Echtzeit-Informationen \u00fcber dreiphasige Spannung, Strom und andere Parameter.<\/p>\n<p style=\"text-align: center;\">Alle Parameterwerte auf dem SPS-Bedienfeld k\u00f6nnen in Echtzeit ge\u00e4ndert werden, und alle Alarminformationen k\u00f6nnen auf dem Alarmbildschirm angezeigt werden, was den Umgang mit abnormalen Situationen erleichtert. In Notf\u00e4llen erm\u00f6glicht die Not-Aus-Taste des SPS-Schranks eine schnelle Abschaltung.<\/p>\n<p><img fetchpriority=\"high\" decoding=\"async\" class=\"aligncenter size-full wp-image-2927\" src=\"https:\/\/jiana-tech.com\/wp-content\/uploads\/2025\/10\/VOC\u5e9f\u6c14\u5904\u7406\u7cfb\u7edf\u63a7\u5236\u67dc-2.jpg\" alt=\"\" width=\"600\" height=\"450\" srcset=\"https:\/\/jiana-tech.com\/wp-content\/uploads\/2025\/10\/VOC\u5e9f\u6c14\u5904\u7406\u7cfb\u7edf\u63a7\u5236\u67dc-2.jpg 600w, https:\/\/jiana-tech.com\/wp-content\/uploads\/2025\/10\/VOC\u5e9f\u6c14\u5904\u7406\u7cfb\u7edf\u63a7\u5236\u67dc-2-300x225.jpg 300w, https:\/\/jiana-tech.com\/wp-content\/uploads\/2025\/10\/VOC\u5e9f\u6c14\u5904\u7406\u7cfb\u7edf\u63a7\u5236\u67dc-2-16x12.jpg 16w\" sizes=\"(max-width: 600px) 100vw, 600px\" \/> <img decoding=\"async\" class=\"aligncenter size-full wp-image-2928\" src=\"https:\/\/jiana-tech.com\/wp-content\/uploads\/2025\/10\/VOC\u5e9f\u6c14\u5904\u7406\u7cfb\u7edf\u63a7\u5236\u67dc-2.jpg\" alt=\"\" width=\"930\" height=\"600\" srcset=\"https:\/\/jiana-tech.com\/wp-content\/uploads\/2025\/10\/VOC\u5e9f\u6c14\u5904\u7406\u7cfb\u7edf\u63a7\u5236\u67dc-2.jpg 600w, https:\/\/jiana-tech.com\/wp-content\/uploads\/2025\/10\/VOC\u5e9f\u6c14\u5904\u7406\u7cfb\u7edf\u63a7\u5236\u67dc-2-300x225.jpg 300w, https:\/\/jiana-tech.com\/wp-content\/uploads\/2025\/10\/VOC\u5e9f\u6c14\u5904\u7406\u7cfb\u7edf\u63a7\u5236\u67dc-2-16x12.jpg 16w\" sizes=\"(max-width: 930px) 100vw, 930px\" \/> <img decoding=\"async\" class=\"aligncenter size-full wp-image-2929\" src=\"https:\/\/jiana-tech.com\/wp-content\/uploads\/2025\/10\/VOC\u5e9f\u6c14\u5904\u7406\u7cfb\u7edf\u63a7\u5236\u67dc1.jpg-2.jpg\" alt=\"\" width=\"930\" height=\"600\" srcset=\"https:\/\/jiana-tech.com\/wp-content\/uploads\/2025\/10\/VOC\u5e9f\u6c14\u5904\u7406\u7cfb\u7edf\u63a7\u5236\u67dc1.jpg-2.jpg 930w, https:\/\/jiana-tech.com\/wp-content\/uploads\/2025\/10\/VOC\u5e9f\u6c14\u5904\u7406\u7cfb\u7edf\u63a7\u5236\u67dc1.jpg-2-300x194.jpg 300w, https:\/\/jiana-tech.com\/wp-content\/uploads\/2025\/10\/VOC\u5e9f\u6c14\u5904\u7406\u7cfb\u7edf\u63a7\u5236\u67dc1.jpg-2-768x495.jpg 768w, https:\/\/jiana-tech.com\/wp-content\/uploads\/2025\/10\/VOC\u5e9f\u6c14\u5904\u7406\u7cfb\u7edf\u63a7\u5236\u67dc1.jpg-2-18x12.jpg 18w, https:\/\/jiana-tech.com\/wp-content\/uploads\/2025\/10\/VOC\u5e9f\u6c14\u5904\u7406\u7cfb\u7edf\u63a7\u5236\u67dc1.jpg-2-600x387.jpg 600w\" sizes=\"(max-width: 930px) 100vw, 930px\" \/><\/p>","protected":false},"excerpt":{"rendered":"<p>1. Der elektrische Schaltschrank des Gesamtsystems ist ein Rittal-Innenraumschrank in der Schutzart IP40. Er besteht aus vier Schaltschr\u00e4nken: 1, 2 und 3 sind MCC-Schr\u00e4nke, und der letzte ist ein SPS-Schrank. Durch diese Konstruktion werden St\u00f6rungen zwischen Strom- und Signalleitungen wirksam isoliert.<br \/>\n2. Die Hauptstromversorgung des elektrischen Schaltschranks ist ein dreiphasiges F\u00fcnfleitersystem mit einer Nennspannung von 380 V AC.<\/p>","protected":false},"featured_media":2927,"template":"","meta":{"site-sidebar-layout":"default","site-content-layout":"","ast-site-content-layout":"default","site-content-style":"default","site-sidebar-style":"default","ast-global-header-display":"","ast-banner-title-visibility":"","ast-main-header-display":"","ast-hfb-above-header-display":"","ast-hfb-below-header-display":"","ast-hfb-mobile-header-display":"","site-post-title":"","ast-breadcrumbs-content":"","ast-featured-img":"","footer-sml-layout":"","theme-transparent-header-meta":"default","adv-header-id-meta":"","stick-header-meta":"","header-above-stick-meta":"","header-main-stick-meta":"","header-below-stick-meta":"","astra-migrate-meta-layouts":"set","ast-page-background-enabled":"default","ast-page-background-meta":{"desktop":{"background-color":"var(--ast-global-color-5)","background-image":"","background-repeat":"repeat","background-position":"center center","background-size":"auto","background-attachment":"scroll","background-type":"","background-media":"","overlay-type":"","overlay-color":"","overlay-opacity":"","overlay-gradient":""},"tablet":{"background-color":"","background-image":"","background-repeat":"repeat","background-position":"center center","background-size":"auto","background-attachment":"scroll","background-type":"","background-media":"","overlay-type":"","overlay-color":"","overlay-opacity":"","overlay-gradient":""},"mobile":{"background-color":"","background-image":"","background-repeat":"repeat","background-position":"center center","background-size":"auto","background-attachment":"scroll","background-type":"","background-media":"","overlay-type":"","overlay-color":"","overlay-opacity":"","overlay-gradient":""}},"ast-content-background-meta":{"desktop":{"background-color":"var(--ast-global-color-4)","background-image":"","background-repeat":"repeat","background-position":"center center","background-size":"auto","background-attachment":"scroll","background-type":"","background-media":"","overlay-type":"","overlay-color":"","overlay-opacity":"","overlay-gradient":""},"tablet":{"background-color":"var(--ast-global-color-4)","background-image":"","background-repeat":"repeat","background-position":"center center","background-size":"auto","background-attachment":"scroll","background-type":"","background-media":"","overlay-type":"","overlay-color":"","overlay-opacity":"","overlay-gradient":""},"mobile":{"background-color":"var(--ast-global-color-4)","background-image":"","background-repeat":"repeat","background-position":"center center","background-size":"auto","background-attachment":"scroll","background-type":"","background-media":"","overlay-type":"","overlay-color":"","overlay-opacity":"","overlay-gradient":""}}},"product_brand":[],"product_cat":[30],"product_tag":[],"class_list":{"0":"post-2926","1":"product","2":"type-product","3":"status-publish","4":"has-post-thumbnail","6":"product_cat-environmental-protection-equipment-system-control-cabinet","7":"desktop-align-left","8":"tablet-align-left","9":"mobile-align-left","11":"first","12":"outofstock","13":"shipping-taxable","14":"product-type-variable"},"_links":{"self":[{"href":"https:\/\/jiana-tech.com\/de\/wp-json\/wp\/v2\/product\/2926","targetHints":{"allow":["GET"]}}],"collection":[{"href":"https:\/\/jiana-tech.com\/de\/wp-json\/wp\/v2\/product"}],"about":[{"href":"https:\/\/jiana-tech.com\/de\/wp-json\/wp\/v2\/types\/product"}],"wp:featuredmedia":[{"embeddable":true,"href":"https:\/\/jiana-tech.com\/de\/wp-json\/wp\/v2\/media\/2927"}],"wp:attachment":[{"href":"https:\/\/jiana-tech.com\/de\/wp-json\/wp\/v2\/media?parent=2926"}],"wp:term":[{"taxonomy":"product_brand","embeddable":true,"href":"https:\/\/jiana-tech.com\/de\/wp-json\/wp\/v2\/product_brand?post=2926"},{"taxonomy":"product_cat","embeddable":true,"href":"https:\/\/jiana-tech.com\/de\/wp-json\/wp\/v2\/product_cat?post=2926"},{"taxonomy":"product_tag","embeddable":true,"href":"https:\/\/jiana-tech.com\/de\/wp-json\/wp\/v2\/product_tag?post=2926"}],"curies":[{"name":"wp","href":"https:\/\/api.w.org\/{rel}","templated":true}]}}