{"id":2978,"date":"2025-10-25T03:01:08","date_gmt":"2025-10-25T03:01:08","guid":{"rendered":"https:\/\/jiana-tech.com\/?post_type=product&#038;p=2978"},"modified":"2025-10-25T03:02:53","modified_gmt":"2025-10-25T03:02:53","slug":"siemens-s7-200smart-series-plc-cabinet","status":"publish","type":"product","link":"https:\/\/jiana-tech.com\/de\/product\/siemens-s7-200smart-series-plc-cabinet\/","title":{"rendered":"Siemens SPS-Schrank der Serie S7-200Smart"},"content":{"rendered":"<p style=\"text-align: center;\">\u25cf The entire system&#8217;s electrical control cabinet utilizes an indoor-style Rittal-style cabinet with an IP40 protection rating.<\/p>\n<p style=\"text-align: center;\">\u25cf Die Hauptstromversorgung der elektrischen Schaltschr\u00e4nke ist ein dreiphasiges F\u00fcnfleitersystem mit einer Nennspannung von 380 V, einer Nennfrequenz von 50 Hz und einem maximalen Laststrom von 320 A.<\/p>\n<p style=\"text-align: center;\">Die schwarze Leitung im Inneren des Geh\u00e4uses ist die AC380V-Stromleitung, die gelbe Leitung ist die AC220V-Steuerleitung, die blaue Leitung ist die DC24V-Steuerleitung und die gelb-gr\u00fcne Leitung ist die Erdleitung.<\/p>\n<p style=\"text-align: center;\">Zu den Hauptkomponenten des Schaltschranks geh\u00f6ren Kompaktleistungsschalter, Leitungsschutzschalter, Zwischenrelais, Frequenzumrichter, AC-Sch\u00fctze, SPS und Touchscreens.<\/p>\n<p style=\"text-align: center;\">\u25cf Cabinet components are from leading brands such as Schneider, Siemens, and ABB, ensuring system stability and a long service life.<\/p>\n<p style=\"text-align: center;\">\u25cf Alle Ger\u00e4testeuerungen verf\u00fcgen \u00fcber manuelle und automatische Funktionen mit flexiblen Schaltmodi, um unterschiedliche Steuerungsanforderungen zu erf\u00fcllen.<\/p>\n<p style=\"text-align: center;\">\u25cf The entire system CPU utilizes the Siemens S7-200 Smart series, a cost-effective choice and a perfect small automation solution.<\/p>\n<p style=\"text-align: center;\">\u25cf All parameter values \u200b\u200bon the panel can be modified in real time, and all alarm information can be viewed on the alarm screen, making it easy to handle abnormal situations.<\/p>\n<p><img fetchpriority=\"high\" decoding=\"async\" class=\"aligncenter size-full wp-image-2979\" src=\"https:\/\/jiana-tech.com\/wp-content\/uploads\/2025\/10\/\u4ea7\u54c1\u4e8cIMG_20220109_1648331.jpg-2.jpg\" alt=\"\" width=\"900\" height=\"1200\" srcset=\"https:\/\/jiana-tech.com\/wp-content\/uploads\/2025\/10\/\u4ea7\u54c1\u4e8cIMG_20220109_1648331.jpg-2.jpg 900w, https:\/\/jiana-tech.com\/wp-content\/uploads\/2025\/10\/\u4ea7\u54c1\u4e8cIMG_20220109_1648331.jpg-2-225x300.jpg 225w, https:\/\/jiana-tech.com\/wp-content\/uploads\/2025\/10\/\u4ea7\u54c1\u4e8cIMG_20220109_1648331.jpg-2-768x1024.jpg 768w, https:\/\/jiana-tech.com\/wp-content\/uploads\/2025\/10\/\u4ea7\u54c1\u4e8cIMG_20220109_1648331.jpg-2-9x12.jpg 9w, https:\/\/jiana-tech.com\/wp-content\/uploads\/2025\/10\/\u4ea7\u54c1\u4e8cIMG_20220109_1648331.jpg-2-600x800.jpg 600w\" sizes=\"(max-width: 900px) 100vw, 900px\" \/> <img decoding=\"async\" class=\"aligncenter size-full wp-image-2980\" src=\"https:\/\/jiana-tech.com\/wp-content\/uploads\/2025\/10\/\u5c01\u9762\u4e00IMG_20220109_1652281.jpg-2.jpg\" alt=\"\" width=\"900\" height=\"1200\" srcset=\"https:\/\/jiana-tech.com\/wp-content\/uploads\/2025\/10\/\u5c01\u9762\u4e00IMG_20220109_1652281.jpg-2.jpg 900w, https:\/\/jiana-tech.com\/wp-content\/uploads\/2025\/10\/\u5c01\u9762\u4e00IMG_20220109_1652281.jpg-2-225x300.jpg 225w, https:\/\/jiana-tech.com\/wp-content\/uploads\/2025\/10\/\u5c01\u9762\u4e00IMG_20220109_1652281.jpg-2-768x1024.jpg 768w, https:\/\/jiana-tech.com\/wp-content\/uploads\/2025\/10\/\u5c01\u9762\u4e00IMG_20220109_1652281.jpg-2-9x12.jpg 9w, https:\/\/jiana-tech.com\/wp-content\/uploads\/2025\/10\/\u5c01\u9762\u4e00IMG_20220109_1652281.jpg-2-600x800.jpg 600w\" sizes=\"(max-width: 900px) 100vw, 900px\" \/> <img decoding=\"async\" class=\"aligncenter size-full wp-image-2981\" src=\"https:\/\/jiana-tech.com\/wp-content\/uploads\/2025\/10\/\u897f\u95e8\u5b50S7-200Smart\u7cfb\u5217PLC\u67dc-2.jpg\" alt=\"\" width=\"600\" height=\"450\" srcset=\"https:\/\/jiana-tech.com\/wp-content\/uploads\/2025\/10\/\u897f\u95e8\u5b50S7-200Smart\u7cfb\u5217PLC\u67dc-2.jpg 600w, https:\/\/jiana-tech.com\/wp-content\/uploads\/2025\/10\/\u897f\u95e8\u5b50S7-200Smart\u7cfb\u5217PLC\u67dc-2-300x225.jpg 300w, https:\/\/jiana-tech.com\/wp-content\/uploads\/2025\/10\/\u897f\u95e8\u5b50S7-200Smart\u7cfb\u5217PLC\u67dc-2-16x12.jpg 16w\" sizes=\"(max-width: 600px) 100vw, 600px\" \/> <img loading=\"lazy\" decoding=\"async\" class=\"aligncenter size-full wp-image-2982\" src=\"https:\/\/jiana-tech.com\/wp-content\/uploads\/2025\/10\/\u897f\u95e8\u5b50S7-200Smart\u7cfb\u5217PLC\u67dc-001.jpg\" alt=\"\" width=\"600\" height=\"450\" srcset=\"https:\/\/jiana-tech.com\/wp-content\/uploads\/2025\/10\/\u897f\u95e8\u5b50S7-200Smart\u7cfb\u5217PLC\u67dc-001.jpg 600w, https:\/\/jiana-tech.com\/wp-content\/uploads\/2025\/10\/\u897f\u95e8\u5b50S7-200Smart\u7cfb\u5217PLC\u67dc-001-300x225.jpg 300w, https:\/\/jiana-tech.com\/wp-content\/uploads\/2025\/10\/\u897f\u95e8\u5b50S7-200Smart\u7cfb\u5217PLC\u67dc-001-16x12.jpg 16w\" sizes=\"(max-width: 600px) 100vw, 600px\" \/> <img loading=\"lazy\" decoding=\"async\" class=\"aligncenter size-full wp-image-2983\" src=\"https:\/\/jiana-tech.com\/wp-content\/uploads\/2025\/10\/\u897f\u95e8\u5b50S7-200Smart\u7cfb\u5217PLC\u67dc-002.jpg\" alt=\"\" width=\"600\" height=\"450\" srcset=\"https:\/\/jiana-tech.com\/wp-content\/uploads\/2025\/10\/\u897f\u95e8\u5b50S7-200Smart\u7cfb\u5217PLC\u67dc-002.jpg 600w, https:\/\/jiana-tech.com\/wp-content\/uploads\/2025\/10\/\u897f\u95e8\u5b50S7-200Smart\u7cfb\u5217PLC\u67dc-002-300x225.jpg 300w, https:\/\/jiana-tech.com\/wp-content\/uploads\/2025\/10\/\u897f\u95e8\u5b50S7-200Smart\u7cfb\u5217PLC\u67dc-002-16x12.jpg 16w\" sizes=\"(max-width: 600px) 100vw, 600px\" \/><\/p>","protected":false},"excerpt":{"rendered":"<p>PLC control cabinet is a programmable integrated control cabinet with protection functions such as overload, short circuit, and phase loss protection. It has a compact structure, stable operation, and complete functions. It can be combined according to the actual control scale, and can realize single cabinet automatic control or be connected through industrial Ethernet.<\/p>","protected":false},"featured_media":2981,"template":"","meta":{"site-sidebar-layout":"default","site-content-layout":"","ast-site-content-layout":"default","site-content-style":"default","site-sidebar-style":"default","ast-global-header-display":"","ast-banner-title-visibility":"","ast-main-header-display":"","ast-hfb-above-header-display":"","ast-hfb-below-header-display":"","ast-hfb-mobile-header-display":"","site-post-title":"","ast-breadcrumbs-content":"","ast-featured-img":"","footer-sml-layout":"","theme-transparent-header-meta":"default","adv-header-id-meta":"","stick-header-meta":"","header-above-stick-meta":"","header-main-stick-meta":"","header-below-stick-meta":"","astra-migrate-meta-layouts":"set","ast-page-background-enabled":"default","ast-page-background-meta":{"desktop":{"background-color":"var(--ast-global-color-5)","background-image":"","background-repeat":"repeat","background-position":"center center","background-size":"auto","background-attachment":"scroll","background-type":"","background-media":"","overlay-type":"","overlay-color":"","overlay-opacity":"","overlay-gradient":""},"tablet":{"background-color":"","background-image":"","background-repeat":"repeat","background-position":"center center","background-size":"auto","background-attachment":"scroll","background-type":"","background-media":"","overlay-type":"","overlay-color":"","overlay-opacity":"","overlay-gradient":""},"mobile":{"background-color":"","background-image":"","background-repeat":"repeat","background-position":"center center","background-size":"auto","background-attachment":"scroll","background-type":"","background-media":"","overlay-type":"","overlay-color":"","overlay-opacity":"","overlay-gradient":""}},"ast-content-background-meta":{"desktop":{"background-color":"var(--ast-global-color-4)","background-image":"","background-repeat":"repeat","background-position":"center center","background-size":"auto","background-attachment":"scroll","background-type":"","background-media":"","overlay-type":"","overlay-color":"","overlay-opacity":"","overlay-gradient":""},"tablet":{"background-color":"var(--ast-global-color-4)","background-image":"","background-repeat":"repeat","background-position":"center center","background-size":"auto","background-attachment":"scroll","background-type":"","background-media":"","overlay-type":"","overlay-color":"","overlay-opacity":"","overlay-gradient":""},"mobile":{"background-color":"var(--ast-global-color-4)","background-image":"","background-repeat":"repeat","background-position":"center center","background-size":"auto","background-attachment":"scroll","background-type":"","background-media":"","overlay-type":"","overlay-color":"","overlay-opacity":"","overlay-gradient":""}}},"product_brand":[],"product_cat":[32],"product_tag":[],"class_list":{"0":"post-2978","1":"product","2":"type-product","3":"status-publish","4":"has-post-thumbnail","6":"product_cat-plc-control-cabinet","7":"desktop-align-left","8":"tablet-align-left","9":"mobile-align-left","11":"first","12":"outofstock","13":"shipping-taxable","14":"product-type-variable"},"_links":{"self":[{"href":"https:\/\/jiana-tech.com\/de\/wp-json\/wp\/v2\/product\/2978","targetHints":{"allow":["GET"]}}],"collection":[{"href":"https:\/\/jiana-tech.com\/de\/wp-json\/wp\/v2\/product"}],"about":[{"href":"https:\/\/jiana-tech.com\/de\/wp-json\/wp\/v2\/types\/product"}],"wp:featuredmedia":[{"embeddable":true,"href":"https:\/\/jiana-tech.com\/de\/wp-json\/wp\/v2\/media\/2981"}],"wp:attachment":[{"href":"https:\/\/jiana-tech.com\/de\/wp-json\/wp\/v2\/media?parent=2978"}],"wp:term":[{"taxonomy":"product_brand","embeddable":true,"href":"https:\/\/jiana-tech.com\/de\/wp-json\/wp\/v2\/product_brand?post=2978"},{"taxonomy":"product_cat","embeddable":true,"href":"https:\/\/jiana-tech.com\/de\/wp-json\/wp\/v2\/product_cat?post=2978"},{"taxonomy":"product_tag","embeddable":true,"href":"https:\/\/jiana-tech.com\/de\/wp-json\/wp\/v2\/product_tag?post=2978"}],"curies":[{"name":"wp","href":"https:\/\/api.w.org\/{rel}","templated":true}]}}