{"id":2990,"date":"2025-10-25T03:04:47","date_gmt":"2025-10-25T03:04:47","guid":{"rendered":"https:\/\/jiana-tech.com\/?post_type=product&#038;p=2990"},"modified":"2025-10-25T03:06:22","modified_gmt":"2025-10-25T03:06:22","slug":"siemens-s7-400-series-plc-cabinet","status":"publish","type":"product","link":"https:\/\/jiana-tech.com\/de\/product\/siemens-s7-400-series-plc-cabinet\/","title":{"rendered":"Siemens SPS-Schrank der Serie S7-400"},"content":{"rendered":"<p style=\"text-align: center;\">\u25cf The entire system&#8217;s electrical control cabinet features an indoor welded front and rear doors with an IP40 protection rating.<\/p>\n<p style=\"text-align: center;\">\u25cf The main power supply for the control cabinet is single-phase AC220V, rated at 50Hz, with a maximum load current of 20A.<\/p>\n<p style=\"text-align: center;\">\u25cf The yellow wire inside the cabinet is the AC220V control line, the blue wire is the DC24V control line, and the yellow-green line is the ground line.<\/p>\n<p style=\"text-align: center;\">\u25cf The cabinet&#8217;s main components include a miniature circuit breaker, intermediate relay, switching power supply, switch, PLC, and touch screen.<\/p>\n<p style=\"text-align: center;\">\u25cf Cabinet components are from leading brands such as Schneider, Siemens, and Omron, ensuring system stability and a long service life.<\/p>\n<p style=\"text-align: center;\">\u25cf The entire system CPU utilizes the Siemens S7-400 redundancy kit, a high-performance CPU in the high-end performance range.<\/p>\n<p style=\"text-align: center;\">Alle Parameterwerte auf dem SPS-Bedienfeld k\u00f6nnen in Echtzeit ge\u00e4ndert werden, und alle Alarminformationen k\u00f6nnen auf dem Alarmbildschirm angezeigt werden, was den Umgang mit abnormalen Situationen erleichtert. In Notf\u00e4llen erm\u00f6glicht die Not-Aus-Taste des SPS-Schranks eine schnelle Abschaltung.<\/p>\n<p><img fetchpriority=\"high\" decoding=\"async\" class=\"aligncenter size-full wp-image-2991\" src=\"https:\/\/jiana-tech.com\/wp-content\/uploads\/2025\/10\/\u4ea7\u54c1\u4e8cIMG_20200326_1312241.jpg-2.jpg\" alt=\"\" width=\"900\" height=\"1200\" srcset=\"https:\/\/jiana-tech.com\/wp-content\/uploads\/2025\/10\/\u4ea7\u54c1\u4e8cIMG_20200326_1312241.jpg-2.jpg 900w, https:\/\/jiana-tech.com\/wp-content\/uploads\/2025\/10\/\u4ea7\u54c1\u4e8cIMG_20200326_1312241.jpg-2-225x300.jpg 225w, https:\/\/jiana-tech.com\/wp-content\/uploads\/2025\/10\/\u4ea7\u54c1\u4e8cIMG_20200326_1312241.jpg-2-768x1024.jpg 768w, https:\/\/jiana-tech.com\/wp-content\/uploads\/2025\/10\/\u4ea7\u54c1\u4e8cIMG_20200326_1312241.jpg-2-9x12.jpg 9w, https:\/\/jiana-tech.com\/wp-content\/uploads\/2025\/10\/\u4ea7\u54c1\u4e8cIMG_20200326_1312241.jpg-2-600x800.jpg 600w\" sizes=\"(max-width: 900px) 100vw, 900px\" \/> <img decoding=\"async\" class=\"aligncenter size-full wp-image-2992\" src=\"https:\/\/jiana-tech.com\/wp-content\/uploads\/2025\/10\/\u5c01\u9762\u4e00IMG_20200326_1319231.jpg-2.jpg\" alt=\"\" width=\"900\" height=\"1200\" srcset=\"https:\/\/jiana-tech.com\/wp-content\/uploads\/2025\/10\/\u5c01\u9762\u4e00IMG_20200326_1319231.jpg-2.jpg 900w, https:\/\/jiana-tech.com\/wp-content\/uploads\/2025\/10\/\u5c01\u9762\u4e00IMG_20200326_1319231.jpg-2-225x300.jpg 225w, https:\/\/jiana-tech.com\/wp-content\/uploads\/2025\/10\/\u5c01\u9762\u4e00IMG_20200326_1319231.jpg-2-768x1024.jpg 768w, https:\/\/jiana-tech.com\/wp-content\/uploads\/2025\/10\/\u5c01\u9762\u4e00IMG_20200326_1319231.jpg-2-9x12.jpg 9w, https:\/\/jiana-tech.com\/wp-content\/uploads\/2025\/10\/\u5c01\u9762\u4e00IMG_20200326_1319231.jpg-2-600x800.jpg 600w\" sizes=\"(max-width: 900px) 100vw, 900px\" \/> <img decoding=\"async\" class=\"aligncenter size-full wp-image-2993\" src=\"https:\/\/jiana-tech.com\/wp-content\/uploads\/2025\/10\/\u897f\u95e8\u5b50S7-400\u7cfb\u5217PLC\u67dc-2.jpg\" alt=\"\" width=\"600\" height=\"450\" srcset=\"https:\/\/jiana-tech.com\/wp-content\/uploads\/2025\/10\/\u897f\u95e8\u5b50S7-400\u7cfb\u5217PLC\u67dc-2.jpg 600w, https:\/\/jiana-tech.com\/wp-content\/uploads\/2025\/10\/\u897f\u95e8\u5b50S7-400\u7cfb\u5217PLC\u67dc-2-300x225.jpg 300w, https:\/\/jiana-tech.com\/wp-content\/uploads\/2025\/10\/\u897f\u95e8\u5b50S7-400\u7cfb\u5217PLC\u67dc-2-16x12.jpg 16w\" sizes=\"(max-width: 600px) 100vw, 600px\" \/> <img loading=\"lazy\" decoding=\"async\" class=\"aligncenter size-full wp-image-2994\" src=\"https:\/\/jiana-tech.com\/wp-content\/uploads\/2025\/10\/\u897f\u95e8\u5b50S7-400\u7cfb\u5217PLC\u67dc-001.jpg\" alt=\"\" width=\"600\" height=\"450\" srcset=\"https:\/\/jiana-tech.com\/wp-content\/uploads\/2025\/10\/\u897f\u95e8\u5b50S7-400\u7cfb\u5217PLC\u67dc-001.jpg 600w, https:\/\/jiana-tech.com\/wp-content\/uploads\/2025\/10\/\u897f\u95e8\u5b50S7-400\u7cfb\u5217PLC\u67dc-001-300x225.jpg 300w, https:\/\/jiana-tech.com\/wp-content\/uploads\/2025\/10\/\u897f\u95e8\u5b50S7-400\u7cfb\u5217PLC\u67dc-001-16x12.jpg 16w\" sizes=\"(max-width: 600px) 100vw, 600px\" \/><\/p>","protected":false},"excerpt":{"rendered":"<p>PLC control cabinet is a programmable integrated control cabinet with protection functions such as overload, short circuit, and phase loss protection. It has a compact structure, stable operation, and complete functions. It can be combined according to the actual control scale, and can realize single cabinet automatic control or be connected through industrial Ethernet.<\/p>","protected":false},"featured_media":2993,"template":"","meta":{"site-sidebar-layout":"default","site-content-layout":"","ast-site-content-layout":"default","site-content-style":"default","site-sidebar-style":"default","ast-global-header-display":"","ast-banner-title-visibility":"","ast-main-header-display":"","ast-hfb-above-header-display":"","ast-hfb-below-header-display":"","ast-hfb-mobile-header-display":"","site-post-title":"","ast-breadcrumbs-content":"","ast-featured-img":"","footer-sml-layout":"","theme-transparent-header-meta":"default","adv-header-id-meta":"","stick-header-meta":"","header-above-stick-meta":"","header-main-stick-meta":"","header-below-stick-meta":"","astra-migrate-meta-layouts":"set","ast-page-background-enabled":"default","ast-page-background-meta":{"desktop":{"background-color":"var(--ast-global-color-5)","background-image":"","background-repeat":"repeat","background-position":"center center","background-size":"auto","background-attachment":"scroll","background-type":"","background-media":"","overlay-type":"","overlay-color":"","overlay-opacity":"","overlay-gradient":""},"tablet":{"background-color":"","background-image":"","background-repeat":"repeat","background-position":"center center","background-size":"auto","background-attachment":"scroll","background-type":"","background-media":"","overlay-type":"","overlay-color":"","overlay-opacity":"","overlay-gradient":""},"mobile":{"background-color":"","background-image":"","background-repeat":"repeat","background-position":"center center","background-size":"auto","background-attachment":"scroll","background-type":"","background-media":"","overlay-type":"","overlay-color":"","overlay-opacity":"","overlay-gradient":""}},"ast-content-background-meta":{"desktop":{"background-color":"var(--ast-global-color-4)","background-image":"","background-repeat":"repeat","background-position":"center center","background-size":"auto","background-attachment":"scroll","background-type":"","background-media":"","overlay-type":"","overlay-color":"","overlay-opacity":"","overlay-gradient":""},"tablet":{"background-color":"var(--ast-global-color-4)","background-image":"","background-repeat":"repeat","background-position":"center center","background-size":"auto","background-attachment":"scroll","background-type":"","background-media":"","overlay-type":"","overlay-color":"","overlay-opacity":"","overlay-gradient":""},"mobile":{"background-color":"var(--ast-global-color-4)","background-image":"","background-repeat":"repeat","background-position":"center center","background-size":"auto","background-attachment":"scroll","background-type":"","background-media":"","overlay-type":"","overlay-color":"","overlay-opacity":"","overlay-gradient":""}}},"product_brand":[],"product_cat":[32],"product_tag":[],"class_list":{"0":"post-2990","1":"product","2":"type-product","3":"status-publish","4":"has-post-thumbnail","6":"product_cat-plc-control-cabinet","7":"desktop-align-left","8":"tablet-align-left","9":"mobile-align-left","11":"first","12":"outofstock","13":"shipping-taxable","14":"product-type-variable"},"_links":{"self":[{"href":"https:\/\/jiana-tech.com\/de\/wp-json\/wp\/v2\/product\/2990","targetHints":{"allow":["GET"]}}],"collection":[{"href":"https:\/\/jiana-tech.com\/de\/wp-json\/wp\/v2\/product"}],"about":[{"href":"https:\/\/jiana-tech.com\/de\/wp-json\/wp\/v2\/types\/product"}],"wp:featuredmedia":[{"embeddable":true,"href":"https:\/\/jiana-tech.com\/de\/wp-json\/wp\/v2\/media\/2993"}],"wp:attachment":[{"href":"https:\/\/jiana-tech.com\/de\/wp-json\/wp\/v2\/media?parent=2990"}],"wp:term":[{"taxonomy":"product_brand","embeddable":true,"href":"https:\/\/jiana-tech.com\/de\/wp-json\/wp\/v2\/product_brand?post=2990"},{"taxonomy":"product_cat","embeddable":true,"href":"https:\/\/jiana-tech.com\/de\/wp-json\/wp\/v2\/product_cat?post=2990"},{"taxonomy":"product_tag","embeddable":true,"href":"https:\/\/jiana-tech.com\/de\/wp-json\/wp\/v2\/product_tag?post=2990"}],"curies":[{"name":"wp","href":"https:\/\/api.w.org\/{rel}","templated":true}]}}