{"id":2856,"date":"2025-10-25T01:14:14","date_gmt":"2025-10-25T01:14:14","guid":{"rendered":"https:\/\/jiana-tech.com\/?post_type=product&#038;p=2856"},"modified":"2025-10-25T01:29:55","modified_gmt":"2025-10-25T01:29:55","slug":"fr-f800-series-inverter-cabinet","status":"publish","type":"product","link":"https:\/\/jiana-tech.com\/es\/product\/fr-f800-series-inverter-cabinet\/","title":{"rendered":"Armario del inversor de la serie FR-F800"},"content":{"rendered":"<p style=\"text-align: center;\">\u25cf El armario de control el\u00e9ctrico de todo el sistema utiliza un dise\u00f1o de acero inoxidable para exteriores, estilo Rittal, con un grado de protecci\u00f3n IP54.<\/p>\n<p style=\"text-align: center;\">\u25cf La alimentaci\u00f3n principal del armario el\u00e9ctrico es un sistema trif\u00e1sico de cinco hilos con una tensi\u00f3n nominal de AC380V, una frecuencia nominal de 50Hz y una corriente de carga m\u00e1xima de 320A.<\/p>\n<p style=\"text-align: center;\">\u25cf El cable negro del interior del armario es la l\u00ednea de alimentaci\u00f3n AC380V, el cable amarillo es la l\u00ednea de control AC220V, el cable azul es la l\u00ednea de control DC24V y la l\u00ednea amarillo-verde es la l\u00ednea de tierra.<\/p>\n<p style=\"text-align: center;\">\u25cf Los componentes principales dentro del armario incluyen un disyuntor de caja moldeada, un disyuntor en miniatura, un rel\u00e9 intermedio, un contactor de CA y un convertidor de frecuencia.<\/p>\n<p style=\"text-align: center;\">\u25cf El convertidor de frecuencia del interior del armario es de la serie FR-F800, de bajo consumo y respetuoso con el medio ambiente. Maximiza el rendimiento del motor al tiempo que aumenta el par de arranque y ahorra energ\u00eda, lo que le permite accionar una gran variedad de motores.<\/p>\n<p style=\"text-align: center;\">\u25cf El armario dispone de botones e indicadores luminosos, que est\u00e1n conectados a los componentes el\u00e9ctricos del interior del armario de control del convertidor de frecuencia. Muestran el estado de funcionamiento del armario de control del convertidor de frecuencia y tambi\u00e9n controlan el arranque y la parada del convertidor de frecuencia.<\/p>\n<p><img fetchpriority=\"high\" decoding=\"async\" class=\"aligncenter size-full wp-image-2857\" src=\"https:\/\/jiana-tech.com\/wp-content\/uploads\/2025\/10\/\u4ea7\u54c1\u4e8cIMG_20211008_0950291.jpg-2.jpg\" alt=\"\" width=\"900\" height=\"1200\" srcset=\"https:\/\/jiana-tech.com\/wp-content\/uploads\/2025\/10\/\u4ea7\u54c1\u4e8cIMG_20211008_0950291.jpg-2.jpg 900w, https:\/\/jiana-tech.com\/wp-content\/uploads\/2025\/10\/\u4ea7\u54c1\u4e8cIMG_20211008_0950291.jpg-2-225x300.jpg 225w, https:\/\/jiana-tech.com\/wp-content\/uploads\/2025\/10\/\u4ea7\u54c1\u4e8cIMG_20211008_0950291.jpg-2-768x1024.jpg 768w, https:\/\/jiana-tech.com\/wp-content\/uploads\/2025\/10\/\u4ea7\u54c1\u4e8cIMG_20211008_0950291.jpg-2-9x12.jpg 9w, https:\/\/jiana-tech.com\/wp-content\/uploads\/2025\/10\/\u4ea7\u54c1\u4e8cIMG_20211008_0950291.jpg-2-600x800.jpg 600w\" sizes=\"(max-width: 900px) 100vw, 900px\" \/> <img decoding=\"async\" class=\"aligncenter size-full wp-image-2858\" src=\"https:\/\/jiana-tech.com\/wp-content\/uploads\/2025\/10\/\u4ea7\u54c1\u4e00IMG_20211008_0956141.jpg-2.jpg\" alt=\"\" width=\"900\" height=\"1200\" srcset=\"https:\/\/jiana-tech.com\/wp-content\/uploads\/2025\/10\/\u4ea7\u54c1\u4e00IMG_20211008_0956141.jpg-2.jpg 900w, https:\/\/jiana-tech.com\/wp-content\/uploads\/2025\/10\/\u4ea7\u54c1\u4e00IMG_20211008_0956141.jpg-2-225x300.jpg 225w, https:\/\/jiana-tech.com\/wp-content\/uploads\/2025\/10\/\u4ea7\u54c1\u4e00IMG_20211008_0956141.jpg-2-768x1024.jpg 768w, https:\/\/jiana-tech.com\/wp-content\/uploads\/2025\/10\/\u4ea7\u54c1\u4e00IMG_20211008_0956141.jpg-2-9x12.jpg 9w, https:\/\/jiana-tech.com\/wp-content\/uploads\/2025\/10\/\u4ea7\u54c1\u4e00IMG_20211008_0956141.jpg-2-600x800.jpg 600w\" sizes=\"(max-width: 900px) 100vw, 900px\" \/> <img decoding=\"async\" class=\"aligncenter size-full wp-image-2859\" src=\"https:\/\/jiana-tech.com\/wp-content\/uploads\/2025\/10\/\u4e09\u83f1FR-F800\u7cfb\u5217\u53d8\u9891\u5668\u67dc-2.jpg\" alt=\"\" width=\"600\" height=\"450\" srcset=\"https:\/\/jiana-tech.com\/wp-content\/uploads\/2025\/10\/\u4e09\u83f1FR-F800\u7cfb\u5217\u53d8\u9891\u5668\u67dc-2.jpg 600w, https:\/\/jiana-tech.com\/wp-content\/uploads\/2025\/10\/\u4e09\u83f1FR-F800\u7cfb\u5217\u53d8\u9891\u5668\u67dc-2-300x225.jpg 300w, https:\/\/jiana-tech.com\/wp-content\/uploads\/2025\/10\/\u4e09\u83f1FR-F800\u7cfb\u5217\u53d8\u9891\u5668\u67dc-2-16x12.jpg 16w\" sizes=\"(max-width: 600px) 100vw, 600px\" \/> <img loading=\"lazy\" decoding=\"async\" class=\"aligncenter size-full wp-image-2860\" src=\"https:\/\/jiana-tech.com\/wp-content\/uploads\/2025\/10\/\u4e09\u83f1FR-F800\u7cfb\u5217\u53d8\u9891\u5668\u67dc-001.jpg\" alt=\"\" width=\"600\" height=\"450\" srcset=\"https:\/\/jiana-tech.com\/wp-content\/uploads\/2025\/10\/\u4e09\u83f1FR-F800\u7cfb\u5217\u53d8\u9891\u5668\u67dc-001.jpg 600w, https:\/\/jiana-tech.com\/wp-content\/uploads\/2025\/10\/\u4e09\u83f1FR-F800\u7cfb\u5217\u53d8\u9891\u5668\u67dc-001-300x225.jpg 300w, https:\/\/jiana-tech.com\/wp-content\/uploads\/2025\/10\/\u4e09\u83f1FR-F800\u7cfb\u5217\u53d8\u9891\u5668\u67dc-001-16x12.jpg 16w\" sizes=\"(max-width: 600px) 100vw, 600px\" \/><\/p>","protected":false},"excerpt":{"rendered":"<p>El armario de control de conversi\u00f3n de frecuencia se utiliza principalmente para ajustar la frecuencia de funcionamiento del equipo, reducir la p\u00e9rdida de energ\u00eda, arrancar el equipo suavemente y reducir los da\u00f1os en el motor causados por la gran corriente generada cuando el equipo arranca directamente. Tambi\u00e9n dispone de entrada anal\u00f3gica (para control de velocidad o se\u00f1al de realimentaci\u00f3n), control de conmutaci\u00f3n PID (para control, presi\u00f3n constante de la bomba) y funciones de comunicaci\u00f3n.<\/p>","protected":false},"featured_media":2859,"template":"","meta":{"site-sidebar-layout":"default","site-content-layout":"","ast-site-content-layout":"default","site-content-style":"default","site-sidebar-style":"default","ast-global-header-display":"","ast-banner-title-visibility":"","ast-main-header-display":"","ast-hfb-above-header-display":"","ast-hfb-below-header-display":"","ast-hfb-mobile-header-display":"","site-post-title":"","ast-breadcrumbs-content":"","ast-featured-img":"","footer-sml-layout":"","ast-disable-related-posts":"","theme-transparent-header-meta":"default","adv-header-id-meta":"","stick-header-meta":"","header-above-stick-meta":"","header-main-stick-meta":"","header-below-stick-meta":"","astra-migrate-meta-layouts":"set","ast-page-background-enabled":"default","ast-page-background-meta":{"desktop":{"background-color":"var(--ast-global-color-5)","background-image":"","background-repeat":"repeat","background-position":"center center","background-size":"auto","background-attachment":"scroll","background-type":"","background-media":"","overlay-type":"","overlay-color":"","overlay-opacity":"","overlay-gradient":""},"tablet":{"background-color":"","background-image":"","background-repeat":"repeat","background-position":"center center","background-size":"auto","background-attachment":"scroll","background-type":"","background-media":"","overlay-type":"","overlay-color":"","overlay-opacity":"","overlay-gradient":""},"mobile":{"background-color":"","background-image":"","background-repeat":"repeat","background-position":"center center","background-size":"auto","background-attachment":"scroll","background-type":"","background-media":"","overlay-type":"","overlay-color":"","overlay-opacity":"","overlay-gradient":""}},"ast-content-background-meta":{"desktop":{"background-color":"var(--ast-global-color-4)","background-image":"","background-repeat":"repeat","background-position":"center center","background-size":"auto","background-attachment":"scroll","background-type":"","background-media":"","overlay-type":"","overlay-color":"","overlay-opacity":"","overlay-gradient":""},"tablet":{"background-color":"var(--ast-global-color-4)","background-image":"","background-repeat":"repeat","background-position":"center center","background-size":"auto","background-attachment":"scroll","background-type":"","background-media":"","overlay-type":"","overlay-color":"","overlay-opacity":"","overlay-gradient":""},"mobile":{"background-color":"var(--ast-global-color-4)","background-image":"","background-repeat":"repeat","background-position":"center center","background-size":"auto","background-attachment":"scroll","background-type":"","background-media":"","overlay-type":"","overlay-color":"","overlay-opacity":"","overlay-gradient":""}}},"product_brand":[],"product_cat":[28],"product_tag":[],"class_list":{"0":"post-2856","1":"product","2":"type-product","3":"status-publish","4":"has-post-thumbnail","6":"product_cat-frequency-converter-control-cabinet","7":"desktop-align-left","8":"tablet-align-left","9":"mobile-align-left","11":"first","12":"outofstock","13":"shipping-taxable","14":"product-type-variable"},"_links":{"self":[{"href":"https:\/\/jiana-tech.com\/es\/wp-json\/wp\/v2\/product\/2856","targetHints":{"allow":["GET"]}}],"collection":[{"href":"https:\/\/jiana-tech.com\/es\/wp-json\/wp\/v2\/product"}],"about":[{"href":"https:\/\/jiana-tech.com\/es\/wp-json\/wp\/v2\/types\/product"}],"wp:featuredmedia":[{"embeddable":true,"href":"https:\/\/jiana-tech.com\/es\/wp-json\/wp\/v2\/media\/2859"}],"wp:attachment":[{"href":"https:\/\/jiana-tech.com\/es\/wp-json\/wp\/v2\/media?parent=2856"}],"wp:term":[{"taxonomy":"product_brand","embeddable":true,"href":"https:\/\/jiana-tech.com\/es\/wp-json\/wp\/v2\/product_brand?post=2856"},{"taxonomy":"product_cat","embeddable":true,"href":"https:\/\/jiana-tech.com\/es\/wp-json\/wp\/v2\/product_cat?post=2856"},{"taxonomy":"product_tag","embeddable":true,"href":"https:\/\/jiana-tech.com\/es\/wp-json\/wp\/v2\/product_tag?post=2856"}],"curies":[{"name":"wp","href":"https:\/\/api.w.org\/{rel}","templated":true}]}}