{"id":2909,"date":"2025-10-25T01:48:04","date_gmt":"2025-10-25T01:48:04","guid":{"rendered":"https:\/\/jiana-tech.com\/?post_type=product&#038;p=2909"},"modified":"2025-10-25T02:00:55","modified_gmt":"2025-10-25T02:00:55","slug":"fuji-brand-switch-distribution-cabinet","status":"publish","type":"product","link":"https:\/\/jiana-tech.com\/es\/product\/fuji-brand-switch-distribution-cabinet\/","title":{"rendered":"Armario de distribuci\u00f3n de interruptores marca Fuji"},"content":{"rendered":"<p style=\"text-align: center;\">\u25cf El armario de control el\u00e9ctrico de todo el sistema cuenta con puertas interiores y exteriores soldadas con un grado de protecci\u00f3n IP40.<\/p>\n<p style=\"text-align: center;\">\u25cf La l\u00ednea de alimentaci\u00f3n principal del armario el\u00e9ctrico es un dise\u00f1o trif\u00e1sico de cinco hilos con una tensi\u00f3n nominal de AC380V, una frecuencia nominal de 50Hz y una corriente de carga m\u00e1xima de 500A.<\/p>\n<p style=\"text-align: center;\">\u25cf Las barras colectoras de cobre amarilla, verde y roja del interior del armario son los cables trif\u00e1sicos vivos A, B y C, mientras que el cable negro es la l\u00ednea de alimentaci\u00f3n AC380V\/AC220V para el conmutador.<\/p>\n<p style=\"text-align: center;\">\u25cf Los componentes principales dentro del armario incluyen disyuntores de caja moldeada, disyuntores en miniatura y contactores de CA.<\/p>\n<p style=\"text-align: center;\">\u25cf Los disyuntores de caja moldeada del interior del armario son de la serie Fuji G-TWIN, de tama\u00f1o compacto, alto rendimiento, tecnolog\u00eda avanzada de protecci\u00f3n medioambiental y ventajas de ahorro energ\u00e9tico.<\/p>\n<p style=\"text-align: center;\">\u25cf La salida de potencia del interruptor de caja moldeada de 150 A dentro del armario est\u00e1 controlada por un contactor. El cable de control de la bobina del contactor se dirige al bloque de terminales inferior, lo que permite el encendido y apagado remotos. Todas las manijas del interruptor est\u00e1n expuestas, mientras que los componentes vivos y otros est\u00e1n ocultos por la puerta interior. Basta con abrir la puerta exterior para ponerlo en funcionamiento, lo que lo hace m\u00e1s c\u00f3modo, seguro y fiable.<\/p>\n<p style=\"text-align: center;\">El armario cuenta con indicadores de estado y un medidor multifunci\u00f3n, que permiten supervisar en tiempo real la tensi\u00f3n trif\u00e1sica, la corriente, la frecuencia y otros par\u00e1metros, lo que proporciona una mejor comprensi\u00f3n de las condiciones de funcionamiento actuales.<\/p>\n<p><img fetchpriority=\"high\" decoding=\"async\" class=\"aligncenter size-full wp-image-2910\" src=\"https:\/\/jiana-tech.com\/wp-content\/uploads\/2025\/10\/\u4ea7\u54c1\u7ec6\u8282\u56fe-2-1.jpg\" alt=\"\" width=\"930\" height=\"600\" srcset=\"https:\/\/jiana-tech.com\/wp-content\/uploads\/2025\/10\/\u4ea7\u54c1\u7ec6\u8282\u56fe-2-1.jpg 930w, https:\/\/jiana-tech.com\/wp-content\/uploads\/2025\/10\/\u4ea7\u54c1\u7ec6\u8282\u56fe-2-1-300x194.jpg 300w, https:\/\/jiana-tech.com\/wp-content\/uploads\/2025\/10\/\u4ea7\u54c1\u7ec6\u8282\u56fe-2-1-768x495.jpg 768w, https:\/\/jiana-tech.com\/wp-content\/uploads\/2025\/10\/\u4ea7\u54c1\u7ec6\u8282\u56fe-2-1-18x12.jpg 18w, https:\/\/jiana-tech.com\/wp-content\/uploads\/2025\/10\/\u4ea7\u54c1\u7ec6\u8282\u56fe-2-1-600x387.jpg 600w\" sizes=\"(max-width: 930px) 100vw, 930px\" \/> <img decoding=\"async\" class=\"aligncenter size-full wp-image-2911\" src=\"https:\/\/jiana-tech.com\/wp-content\/uploads\/2025\/10\/\u5bcc\u58eb\u54c1\u724c\u5f00\u5173\u914d\u7535\u67dc-2-1.jpg\" alt=\"\" width=\"600\" height=\"450\" srcset=\"https:\/\/jiana-tech.com\/wp-content\/uploads\/2025\/10\/\u5bcc\u58eb\u54c1\u724c\u5f00\u5173\u914d\u7535\u67dc-2-1.jpg 600w, https:\/\/jiana-tech.com\/wp-content\/uploads\/2025\/10\/\u5bcc\u58eb\u54c1\u724c\u5f00\u5173\u914d\u7535\u67dc-2-1-300x225.jpg 300w, https:\/\/jiana-tech.com\/wp-content\/uploads\/2025\/10\/\u5bcc\u58eb\u54c1\u724c\u5f00\u5173\u914d\u7535\u67dc-2-1-16x12.jpg 16w\" sizes=\"(max-width: 600px) 100vw, 600px\" \/><\/p>","protected":false},"excerpt":{"rendered":"<p>1. El armario de control el\u00e9ctrico de todo el sistema cuenta con puertas interiores y exteriores soldadas con un grado de protecci\u00f3n IP40.<br \/>\n\u25cf La alimentaci\u00f3n principal del armario el\u00e9ctrico es un sistema trif\u00e1sico de cinco hilos con una tensi\u00f3n nominal de AC380V, una frecuencia nominal de 50Hz y una corriente de carga m\u00e1xima de 320A.<br \/>\n3. Las barras colectoras de cobre amarilla, verde y roja del interior del armario son los cables de corriente trif\u00e1sica A, B y C. El cable negro es el interruptor de alimentaci\u00f3n AC380V.<\/p>","protected":false},"featured_media":2912,"template":"","meta":{"site-sidebar-layout":"default","site-content-layout":"","ast-site-content-layout":"default","site-content-style":"default","site-sidebar-style":"default","ast-global-header-display":"","ast-banner-title-visibility":"","ast-main-header-display":"","ast-hfb-above-header-display":"","ast-hfb-below-header-display":"","ast-hfb-mobile-header-display":"","site-post-title":"","ast-breadcrumbs-content":"","ast-featured-img":"","footer-sml-layout":"","theme-transparent-header-meta":"default","adv-header-id-meta":"","stick-header-meta":"","header-above-stick-meta":"","header-main-stick-meta":"","header-below-stick-meta":"","astra-migrate-meta-layouts":"set","ast-page-background-enabled":"default","ast-page-background-meta":{"desktop":{"background-color":"var(--ast-global-color-5)","background-image":"","background-repeat":"repeat","background-position":"center center","background-size":"auto","background-attachment":"scroll","background-type":"","background-media":"","overlay-type":"","overlay-color":"","overlay-opacity":"","overlay-gradient":""},"tablet":{"background-color":"","background-image":"","background-repeat":"repeat","background-position":"center center","background-size":"auto","background-attachment":"scroll","background-type":"","background-media":"","overlay-type":"","overlay-color":"","overlay-opacity":"","overlay-gradient":""},"mobile":{"background-color":"","background-image":"","background-repeat":"repeat","background-position":"center center","background-size":"auto","background-attachment":"scroll","background-type":"","background-media":"","overlay-type":"","overlay-color":"","overlay-opacity":"","overlay-gradient":""}},"ast-content-background-meta":{"desktop":{"background-color":"var(--ast-global-color-4)","background-image":"","background-repeat":"repeat","background-position":"center center","background-size":"auto","background-attachment":"scroll","background-type":"","background-media":"","overlay-type":"","overlay-color":"","overlay-opacity":"","overlay-gradient":""},"tablet":{"background-color":"var(--ast-global-color-4)","background-image":"","background-repeat":"repeat","background-position":"center center","background-size":"auto","background-attachment":"scroll","background-type":"","background-media":"","overlay-type":"","overlay-color":"","overlay-opacity":"","overlay-gradient":""},"mobile":{"background-color":"var(--ast-global-color-4)","background-image":"","background-repeat":"repeat","background-position":"center center","background-size":"auto","background-attachment":"scroll","background-type":"","background-media":"","overlay-type":"","overlay-color":"","overlay-opacity":"","overlay-gradient":""}}},"product_brand":[],"product_cat":[29],"product_tag":[],"class_list":{"0":"post-2909","1":"product","2":"type-product","3":"status-publish","4":"has-post-thumbnail","6":"product_cat-low-voltage-distribution-cabinet","7":"desktop-align-left","8":"tablet-align-left","9":"mobile-align-left","11":"first","12":"outofstock","13":"shipping-taxable","14":"product-type-variable"},"_links":{"self":[{"href":"https:\/\/jiana-tech.com\/es\/wp-json\/wp\/v2\/product\/2909","targetHints":{"allow":["GET"]}}],"collection":[{"href":"https:\/\/jiana-tech.com\/es\/wp-json\/wp\/v2\/product"}],"about":[{"href":"https:\/\/jiana-tech.com\/es\/wp-json\/wp\/v2\/types\/product"}],"wp:featuredmedia":[{"embeddable":true,"href":"https:\/\/jiana-tech.com\/es\/wp-json\/wp\/v2\/media\/2912"}],"wp:attachment":[{"href":"https:\/\/jiana-tech.com\/es\/wp-json\/wp\/v2\/media?parent=2909"}],"wp:term":[{"taxonomy":"product_brand","embeddable":true,"href":"https:\/\/jiana-tech.com\/es\/wp-json\/wp\/v2\/product_brand?post=2909"},{"taxonomy":"product_cat","embeddable":true,"href":"https:\/\/jiana-tech.com\/es\/wp-json\/wp\/v2\/product_cat?post=2909"},{"taxonomy":"product_tag","embeddable":true,"href":"https:\/\/jiana-tech.com\/es\/wp-json\/wp\/v2\/product_tag?post=2909"}],"curies":[{"name":"wp","href":"https:\/\/api.w.org\/{rel}","templated":true}]}}