{"id":2522,"date":"2025-09-10T00:36:25","date_gmt":"2025-09-10T00:36:25","guid":{"rendered":"https:\/\/jiana-tech.com\/product\/power-distribution-boxes-plc-control-cabinet-vfd-control-panel-board-system-pump-distribution-control-panel-with-heater\/"},"modified":"2025-10-25T03:22:24","modified_gmt":"2025-10-25T03:22:24","slug":"power-distribution-boxes-plc-control-cabinet-vfd-control-panel-board-system-pump-distribution-control-panel-with-heater","status":"publish","type":"product","link":"https:\/\/jiana-tech.com\/fr\/product\/power-distribution-boxes-plc-control-cabinet-vfd-control-panel-board-system-pump-distribution-control-panel-with-heater\/","title":{"rendered":"Bo\u00eetes de distribution d'\u00e9nergie Armoire de contr\u00f4le PLC Panneau de contr\u00f4le VFD Syst\u00e8me Panneau de contr\u00f4le de distribution de pompe avec chauffage"},"content":{"rendered":"<p>Application:Industrielle<br \/>\nNombre de prises : 6, 8, 12, 24, 16, 20<br \/>\nRated Voltage:220\/380\/415\/440\/460\/480V, 220\/380\/415\/440\/460\/480V<br \/>\nCourant nominal : selon votre demande<br \/>\nLieu d'origine : Guangdong, Chine<br \/>\nNom de marque:SAIPWELL\/SAIP<br \/>\nNum\u00e9ro de mod\u00e8le:SP-CT<br \/>\nProtection : IP65<br \/>\nCouleur:Couleur personnalis\u00e9e<br \/>\nMat\u00e9riau : acier lamin\u00e9 \u00e0 froid, acier inoxydable 304 316<br \/>\nTrou : sur mesure<br \/>\n\u00c9chantillon : disponible<br \/>\nCertificat:CE ROHS<br \/>\nService:OEM ODM<br \/>\nUnit\u00e9s de vente : Article unique<br \/>\nTaille de l'emballage unique : 30X30X30 cm<br \/>\nPoids brut simple : 5 000 kg<\/p>\n<p><img decoding=\"async\" class=\"alignnone size-full\" src=\"https:\/\/jiana-tech.com\/wp-content\/uploads\/2025\/09\/detail_pic_0-2.png\" width=\"790\" alt=\"\"\/><\/p>\n<p><img decoding=\"async\" class=\"alignnone size-full\" src=\"https:\/\/jiana-tech.com\/wp-content\/uploads\/2025\/09\/detail_pic_1-2.png\" width=\"790\" alt=\"\"\/><\/p>\n<p><img decoding=\"async\" class=\"alignnone size-full\" src=\"https:\/\/jiana-tech.com\/wp-content\/uploads\/2025\/09\/detail_pic_2-3.jpg\" width=\"790\" alt=\"\"\/><\/p>\n<p><img decoding=\"async\" class=\"alignnone size-full\" src=\"https:\/\/jiana-tech.com\/wp-content\/uploads\/2025\/09\/detail_pic_3-3.jpg\" width=\"790\" alt=\"\"\/><\/p>\n<p><img decoding=\"async\" class=\"alignnone size-full\" src=\"https:\/\/jiana-tech.com\/wp-content\/uploads\/2025\/09\/detail_pic_4-3.jpg\" width=\"790\" alt=\"\"\/><\/p>\n<p><img decoding=\"async\" class=\"alignnone size-full\" src=\"https:\/\/jiana-tech.com\/wp-content\/uploads\/2025\/09\/detail_pic_5-2.jpg\" width=\"790\" alt=\"\"\/><\/p>\n<p><img decoding=\"async\" class=\"alignnone size-full\" src=\"https:\/\/jiana-tech.com\/wp-content\/uploads\/2025\/09\/detail_pic_6-2.jpg\" width=\"790\" alt=\"\"\/><\/p>\n<p><img decoding=\"async\" class=\"alignnone size-full\" src=\"https:\/\/jiana-tech.com\/wp-content\/uploads\/2025\/09\/detail_pic_7-2.jpg\" width=\"790\" alt=\"\"\/><\/p>\n<p><img decoding=\"async\" class=\"alignnone size-full\" src=\"https:\/\/jiana-tech.com\/wp-content\/uploads\/2025\/09\/detail_pic_8-2.jpg\" width=\"790\" alt=\"\"\/><\/p>\n<p><img decoding=\"async\" class=\"alignnone size-full\" src=\"https:\/\/jiana-tech.com\/wp-content\/uploads\/2025\/09\/detail_pic_9-2.jpg\" width=\"790\" alt=\"\"\/><\/p>\n<p><img decoding=\"async\" class=\"alignnone size-full\" src=\"https:\/\/jiana-tech.com\/wp-content\/uploads\/2025\/09\/detail_pic_10-3.png\" width=\"790\" alt=\"\"\/><\/p>\n<p><img decoding=\"async\" class=\"alignnone size-full\" src=\"https:\/\/jiana-tech.com\/wp-content\/uploads\/2025\/09\/detail_pic_11-3.png\" width=\"790\" alt=\"\"\/><\/p>\n<p><img decoding=\"async\" class=\"alignnone size-full\" src=\"https:\/\/jiana-tech.com\/wp-content\/uploads\/2025\/09\/detail_pic_12-2.jpg\" width=\"790\" alt=\"\"\/><\/p>\n<p><img decoding=\"async\" class=\"alignnone size-full\" src=\"https:\/\/jiana-tech.com\/wp-content\/uploads\/2025\/09\/detail_pic_13-2.jpg\" width=\"790\" alt=\"\"\/><\/p>\n<p><img decoding=\"async\" class=\"alignnone size-full\" src=\"https:\/\/jiana-tech.com\/wp-content\/uploads\/2025\/09\/detail_pic_14-3.jpg\" width=\"790\" alt=\"\"\/><\/p>\n<p><img decoding=\"async\" class=\"alignnone size-full\" src=\"https:\/\/jiana-tech.com\/wp-content\/uploads\/2025\/09\/detail_pic_15-2.png\" width=\"790\" alt=\"\"\/><\/p>","protected":false},"excerpt":{"rendered":"<p>Bo\u00eetes de distribution d'\u00e9nergie Armoire de contr\u00f4le PLC Panneau de contr\u00f4le VFD Syst\u00e8me Panneau de contr\u00f4le de distribution de pompe avec chauffage<\/p>","protected":false},"featured_media":1883,"template":"","meta":{"site-sidebar-layout":"default","site-content-layout":"","ast-site-content-layout":"default","site-content-style":"default","site-sidebar-style":"default","ast-global-header-display":"","ast-banner-title-visibility":"","ast-main-header-display":"","ast-hfb-above-header-display":"","ast-hfb-below-header-display":"","ast-hfb-mobile-header-display":"","site-post-title":"","ast-breadcrumbs-content":"","ast-featured-img":"","footer-sml-layout":"","ast-disable-related-posts":"","theme-transparent-header-meta":"","adv-header-id-meta":"","stick-header-meta":"","header-above-stick-meta":"","header-main-stick-meta":"","header-below-stick-meta":"","astra-migrate-meta-layouts":"default","ast-page-background-enabled":"default","ast-page-background-meta":{"desktop":{"background-color":"var(--ast-global-color-5)","background-image":"","background-repeat":"repeat","background-position":"center center","background-size":"auto","background-attachment":"scroll","background-type":"","background-media":"","overlay-type":"","overlay-color":"","overlay-opacity":"","overlay-gradient":""},"tablet":{"background-color":"","background-image":"","background-repeat":"repeat","background-position":"center center","background-size":"auto","background-attachment":"scroll","background-type":"","background-media":"","overlay-type":"","overlay-color":"","overlay-opacity":"","overlay-gradient":""},"mobile":{"background-color":"","background-image":"","background-repeat":"repeat","background-position":"center center","background-size":"auto","background-attachment":"scroll","background-type":"","background-media":"","overlay-type":"","overlay-color":"","overlay-opacity":"","overlay-gradient":""}},"ast-content-background-meta":{"desktop":{"background-color":"var(--ast-global-color-4)","background-image":"","background-repeat":"repeat","background-position":"center center","background-size":"auto","background-attachment":"scroll","background-type":"","background-media":"","overlay-type":"","overlay-color":"","overlay-opacity":"","overlay-gradient":""},"tablet":{"background-color":"var(--ast-global-color-4)","background-image":"","background-repeat":"repeat","background-position":"center center","background-size":"auto","background-attachment":"scroll","background-type":"","background-media":"","overlay-type":"","overlay-color":"","overlay-opacity":"","overlay-gradient":""},"mobile":{"background-color":"var(--ast-global-color-4)","background-image":"","background-repeat":"repeat","background-position":"center center","background-size":"auto","background-attachment":"scroll","background-type":"","background-media":"","overlay-type":"","overlay-color":"","overlay-opacity":"","overlay-gradient":""}}},"product_brand":[],"product_cat":[33,19],"product_tag":[],"class_list":{"0":"post-2522","1":"product","2":"type-product","3":"status-publish","4":"has-post-thumbnail","6":"product_cat-plc-control-cabinet1","7":"product_cat-uncategorized","8":"desktop-align-left","9":"tablet-align-left","10":"mobile-align-left","12":"first","13":"outofstock","14":"shipping-taxable","15":"product-type-variable"},"_links":{"self":[{"href":"https:\/\/jiana-tech.com\/fr\/wp-json\/wp\/v2\/product\/2522","targetHints":{"allow":["GET"]}}],"collection":[{"href":"https:\/\/jiana-tech.com\/fr\/wp-json\/wp\/v2\/product"}],"about":[{"href":"https:\/\/jiana-tech.com\/fr\/wp-json\/wp\/v2\/types\/product"}],"wp:featuredmedia":[{"embeddable":true,"href":"https:\/\/jiana-tech.com\/fr\/wp-json\/wp\/v2\/media\/1883"}],"wp:attachment":[{"href":"https:\/\/jiana-tech.com\/fr\/wp-json\/wp\/v2\/media?parent=2522"}],"wp:term":[{"taxonomy":"product_brand","embeddable":true,"href":"https:\/\/jiana-tech.com\/fr\/wp-json\/wp\/v2\/product_brand?post=2522"},{"taxonomy":"product_cat","embeddable":true,"href":"https:\/\/jiana-tech.com\/fr\/wp-json\/wp\/v2\/product_cat?post=2522"},{"taxonomy":"product_tag","embeddable":true,"href":"https:\/\/jiana-tech.com\/fr\/wp-json\/wp\/v2\/product_tag?post=2522"}],"curies":[{"name":"wp","href":"https:\/\/api.w.org\/{rel}","templated":true}]}}