{"id":2527,"date":"2025-09-10T00:36:31","date_gmt":"2025-09-10T00:36:31","guid":{"rendered":"https:\/\/jiana-tech.com\/product\/saipwell-complete-set-electric-motor-control-panel-waterproof-enclosure-box-electric-switchgear-control-cabinet-distribution-box\/"},"modified":"2025-10-25T03:22:24","modified_gmt":"2025-10-25T03:22:24","slug":"saipwell-complete-set-electric-motor-control-panel-waterproof-enclosure-box-electric-switchgear-control-cabinet-distribution-box","status":"publish","type":"product","link":"https:\/\/jiana-tech.com\/fr\/product\/saipwell-complete-set-electric-motor-control-panel-waterproof-enclosure-box-electric-switchgear-control-cabinet-distribution-box\/","title":{"rendered":"SAIPWELL Ensemble complet de panneaux de commande de moteurs \u00e9lectriques Bo\u00eetier \u00e9tanche Armoire de commande d'appareillage \u00e9lectrique Bo\u00eetier de distribution"},"content":{"rendered":"<p>Niveau IP : IP65<br \/>\nTaille externe : personnalis\u00e9e<br \/>\nMat\u00e9riau : acier, acier lamin\u00e9 \u00e0 froid, acier inoxydable<br \/>\nLieu d'origine : Shanghai, Chine<br \/>\nNom de marque:SAIPWELL\/SAIP<br \/>\nNum\u00e9ro de mod\u00e8le : SPT, SPB, GGD, XL, PLC<br \/>\nType:BO\u00ceTE DE DISTRIBUTION<br \/>\nNom du produit : Bo\u00eetes de d\u00e9rivation \u00e9lectrique<br \/>\nNiveau IP : IP66\/IP67<br \/>\n\u00c9paisseur de la t\u00f4le d'acier : 1,0\/1,2\/1,5MM (sur mesure)<br \/>\nUtilisation:Panneau de distribution \u00e9lectrique<br \/>\nCouleur:Ral7032(Personnalis\u00e9)<br \/>\nSerrure:Serrure en alliage de zinc<br \/>\nTraitement de surface : s\u00e9rigraphie, placage, polissage<br \/>\nPersonnalisation : Acceptation d'un ensemble complet sur mesure<br \/>\nUnit\u00e9s de vente : Article unique<br \/>\nTaille de l'emballage unique : 20X20X15 cm<br \/>\nPoids brut simple : 5 000 kg<\/p>\n<p><img decoding=\"async\" class=\"alignnone size-full\" src=\"https:\/\/jiana-tech.com\/wp-content\/uploads\/2025\/09\/detail_pic_0-5.png\" width=\"790\" alt=\"\"\/><\/p>\n<p><img decoding=\"async\" class=\"alignnone size-full\" src=\"https:\/\/jiana-tech.com\/wp-content\/uploads\/2025\/09\/detail_pic_1-1.jpg\" width=\"790\" alt=\"\"\/><\/p>\n<p><img decoding=\"async\" class=\"alignnone size-full\" src=\"https:\/\/jiana-tech.com\/wp-content\/uploads\/2025\/09\/detail_pic_2-6.jpg\" width=\"790\" alt=\"\"\/><\/p>\n<p><img decoding=\"async\" class=\"alignnone size-full\" src=\"https:\/\/jiana-tech.com\/wp-content\/uploads\/2025\/09\/detail_pic_3-6.jpg\" width=\"790\" alt=\"\"\/><\/p>\n<p><img decoding=\"async\" class=\"alignnone size-full\" src=\"https:\/\/jiana-tech.com\/wp-content\/uploads\/2025\/09\/detail_pic_4-6.jpg\" width=\"790\" alt=\"\"\/><\/p>\n<p><img decoding=\"async\" class=\"alignnone size-full\" src=\"https:\/\/jiana-tech.com\/wp-content\/uploads\/2025\/09\/detail_pic_5-5.jpg\" width=\"790\" alt=\"\"\/><\/p>\n<p><img decoding=\"async\" class=\"alignnone size-full\" src=\"https:\/\/jiana-tech.com\/wp-content\/uploads\/2025\/09\/detail_pic_6-5.jpg\" width=\"790\" alt=\"\"\/><\/p>\n<p><img decoding=\"async\" class=\"alignnone size-full\" src=\"https:\/\/jiana-tech.com\/wp-content\/uploads\/2025\/09\/detail_pic_7-1.png\" width=\"790\" alt=\"\"\/><\/p>\n<p><img decoding=\"async\" class=\"alignnone size-full\" src=\"https:\/\/jiana-tech.com\/wp-content\/uploads\/2025\/09\/detail_pic_8-1.png\" width=\"790\" alt=\"\"\/><\/p>\n<p><img decoding=\"async\" class=\"alignnone size-full\" src=\"https:\/\/jiana-tech.com\/wp-content\/uploads\/2025\/09\/detail_pic_9-1.png\" width=\"790\" alt=\"\"\/><\/p>\n<p><img decoding=\"async\" class=\"alignnone size-full\" src=\"https:\/\/jiana-tech.com\/wp-content\/uploads\/2025\/09\/detail_pic_10-6.png\" width=\"790\" alt=\"\"\/><\/p>\n<p><img decoding=\"async\" class=\"alignnone size-full\" src=\"https:\/\/jiana-tech.com\/wp-content\/uploads\/2025\/09\/detail_pic_11-6.png\" width=\"790\" alt=\"\"\/><\/p>\n<p><img decoding=\"async\" class=\"alignnone size-full\" src=\"https:\/\/jiana-tech.com\/wp-content\/uploads\/2025\/09\/detail_pic_12-1.png\" width=\"790\" alt=\"\"\/><\/p>\n<p><img decoding=\"async\" class=\"alignnone size-full\" src=\"https:\/\/jiana-tech.com\/wp-content\/uploads\/2025\/09\/detail_pic_13-1.png\" width=\"790\" alt=\"\"\/><\/p>\n<p><img decoding=\"async\" class=\"alignnone size-full\" src=\"https:\/\/jiana-tech.com\/wp-content\/uploads\/2025\/09\/detail_pic_14.png\" width=\"790\" alt=\"\"\/><\/p>\n<p><img decoding=\"async\" class=\"alignnone size-full\" src=\"https:\/\/jiana-tech.com\/wp-content\/uploads\/2025\/09\/detail_pic_15-5.png\" width=\"790\" alt=\"\"\/><\/p>\n<p><img decoding=\"async\" class=\"alignnone size-full\" src=\"https:\/\/jiana-tech.com\/wp-content\/uploads\/2025\/09\/detail_pic_16-1.jpg\" width=\"790\" alt=\"\"\/><\/p>\n<p><img decoding=\"async\" class=\"alignnone size-full\" src=\"https:\/\/jiana-tech.com\/wp-content\/uploads\/2025\/09\/detail_pic_17-1.png\" width=\"790\" alt=\"\"\/><\/p>\n<p><img decoding=\"async\" class=\"alignnone size-full\" src=\"https:\/\/jiana-tech.com\/wp-content\/uploads\/2025\/09\/detail_pic_18.png\" width=\"790\" alt=\"\"\/><\/p>\n<p><img decoding=\"async\" class=\"alignnone size-full\" src=\"https:\/\/jiana-tech.com\/wp-content\/uploads\/2025\/09\/detail_pic_19.png\" width=\"790\" alt=\"\"\/><\/p>\n<p><img decoding=\"async\" class=\"alignnone size-full\" src=\"https:\/\/jiana-tech.com\/wp-content\/uploads\/2025\/09\/detail_pic_20.png\" width=\"790\" alt=\"\"\/><\/p>\n<p><img decoding=\"async\" class=\"alignnone size-full\" src=\"https:\/\/jiana-tech.com\/wp-content\/uploads\/2025\/09\/detail_pic_21.png\" width=\"790\" alt=\"\"\/><\/p>\n<p><img decoding=\"async\" class=\"alignnone size-full\" src=\"https:\/\/jiana-tech.com\/wp-content\/uploads\/2025\/09\/detail_pic_22.jpg\" width=\"790\" alt=\"\"\/><\/p>\n<p><img decoding=\"async\" class=\"alignnone size-full\" src=\"https:\/\/jiana-tech.com\/wp-content\/uploads\/2025\/09\/detail_pic_23.png\" width=\"790\" alt=\"\"\/><\/p>\n<p><img decoding=\"async\" class=\"alignnone size-full\" src=\"https:\/\/jiana-tech.com\/wp-content\/uploads\/2025\/09\/detail_pic_24.png\" width=\"790\" alt=\"\"\/><\/p>","protected":false},"excerpt":{"rendered":"<p>SAIPWELL Ensemble complet de panneaux de commande de moteurs \u00e9lectriques Bo\u00eetier \u00e9tanche Armoire de commande d'appareillage \u00e9lectrique Bo\u00eetier de distribution<\/p>","protected":false},"featured_media":1952,"template":"","meta":{"site-sidebar-layout":"default","site-content-layout":"","ast-site-content-layout":"default","site-content-style":"default","site-sidebar-style":"default","ast-global-header-display":"","ast-banner-title-visibility":"","ast-main-header-display":"","ast-hfb-above-header-display":"","ast-hfb-below-header-display":"","ast-hfb-mobile-header-display":"","site-post-title":"","ast-breadcrumbs-content":"","ast-featured-img":"","footer-sml-layout":"","ast-disable-related-posts":"","theme-transparent-header-meta":"","adv-header-id-meta":"","stick-header-meta":"","header-above-stick-meta":"","header-main-stick-meta":"","header-below-stick-meta":"","astra-migrate-meta-layouts":"default","ast-page-background-enabled":"default","ast-page-background-meta":{"desktop":{"background-color":"var(--ast-global-color-5)","background-image":"","background-repeat":"repeat","background-position":"center center","background-size":"auto","background-attachment":"scroll","background-type":"","background-media":"","overlay-type":"","overlay-color":"","overlay-opacity":"","overlay-gradient":""},"tablet":{"background-color":"","background-image":"","background-repeat":"repeat","background-position":"center center","background-size":"auto","background-attachment":"scroll","background-type":"","background-media":"","overlay-type":"","overlay-color":"","overlay-opacity":"","overlay-gradient":""},"mobile":{"background-color":"","background-image":"","background-repeat":"repeat","background-position":"center center","background-size":"auto","background-attachment":"scroll","background-type":"","background-media":"","overlay-type":"","overlay-color":"","overlay-opacity":"","overlay-gradient":""}},"ast-content-background-meta":{"desktop":{"background-color":"var(--ast-global-color-4)","background-image":"","background-repeat":"repeat","background-position":"center center","background-size":"auto","background-attachment":"scroll","background-type":"","background-media":"","overlay-type":"","overlay-color":"","overlay-opacity":"","overlay-gradient":""},"tablet":{"background-color":"var(--ast-global-color-4)","background-image":"","background-repeat":"repeat","background-position":"center center","background-size":"auto","background-attachment":"scroll","background-type":"","background-media":"","overlay-type":"","overlay-color":"","overlay-opacity":"","overlay-gradient":""},"mobile":{"background-color":"var(--ast-global-color-4)","background-image":"","background-repeat":"repeat","background-position":"center center","background-size":"auto","background-attachment":"scroll","background-type":"","background-media":"","overlay-type":"","overlay-color":"","overlay-opacity":"","overlay-gradient":""}}},"product_brand":[],"product_cat":[33,19],"product_tag":[],"class_list":{"0":"post-2527","1":"product","2":"type-product","3":"status-publish","4":"has-post-thumbnail","6":"product_cat-plc-control-cabinet1","7":"product_cat-uncategorized","8":"desktop-align-left","9":"tablet-align-left","10":"mobile-align-left","12":"first","13":"outofstock","14":"shipping-taxable","15":"product-type-variable"},"_links":{"self":[{"href":"https:\/\/jiana-tech.com\/fr\/wp-json\/wp\/v2\/product\/2527","targetHints":{"allow":["GET"]}}],"collection":[{"href":"https:\/\/jiana-tech.com\/fr\/wp-json\/wp\/v2\/product"}],"about":[{"href":"https:\/\/jiana-tech.com\/fr\/wp-json\/wp\/v2\/types\/product"}],"wp:featuredmedia":[{"embeddable":true,"href":"https:\/\/jiana-tech.com\/fr\/wp-json\/wp\/v2\/media\/1952"}],"wp:attachment":[{"href":"https:\/\/jiana-tech.com\/fr\/wp-json\/wp\/v2\/media?parent=2527"}],"wp:term":[{"taxonomy":"product_brand","embeddable":true,"href":"https:\/\/jiana-tech.com\/fr\/wp-json\/wp\/v2\/product_brand?post=2527"},{"taxonomy":"product_cat","embeddable":true,"href":"https:\/\/jiana-tech.com\/fr\/wp-json\/wp\/v2\/product_cat?post=2527"},{"taxonomy":"product_tag","embeddable":true,"href":"https:\/\/jiana-tech.com\/fr\/wp-json\/wp\/v2\/product_tag?post=2527"}],"curies":[{"name":"wp","href":"https:\/\/api.w.org\/{rel}","templated":true}]}}