{"id":2936,"date":"2025-10-25T02:17:13","date_gmt":"2025-10-25T02:17:13","guid":{"rendered":"https:\/\/jiana-tech.com\/?post_type=product&#038;p=2936"},"modified":"2025-10-25T02:19:18","modified_gmt":"2025-10-25T02:19:18","slug":"wastewater-treatment-system-control-cabinet","status":"publish","type":"product","link":"https:\/\/jiana-tech.com\/fr\/product\/wastewater-treatment-system-control-cabinet\/","title":{"rendered":"Wastewater treatment system control cabinet"},"content":{"rendered":"<p style=\"text-align: center;\">\u25cf The entire system&#8217;s electrical control cabinet utilizes an indoor Rittal cabinet design with an IP40 protection rating.<\/p>\n<p style=\"text-align: center;\">\u25cf The main power supply to the control cabinet is a three-phase, five-wire system with a rated voltage of AC380V, a rated frequency of 50Hz, and a maximum load current of 320A.<\/p>\n<p style=\"text-align: center;\">\u25cf The yellow, green, and red copper busbars within the cabinet are the three-phase live wires A, B, and C. The yellow wire is the AC220V control wire, the blue wire is the DC24V control wire, and the yellow-green connection is the ground wire.<\/p>\n<p style=\"text-align: center;\">\u25cf Les principaux composants de l'armoire comprennent des disjoncteurs \u00e0 bo\u00eetier moul\u00e9, des disjoncteurs miniatures, des contacteurs CA, des relais interm\u00e9diaires, des convertisseurs de fr\u00e9quence et des automates programmables.<\/p>\n<p style=\"text-align: center;\">\u25cf The cabinet&#8217;s components are from renowned brands such as Schneider and Siemens, ensuring system stability and a longer service life.<\/p>\n<p style=\"text-align: center;\">\u25cf The entire system CPU utilizes the Siemens S7-200 Smart, compact, low-cost, and featuring a powerful instruction set, it&#8217;s a perfect solution for controlling small applications.<\/p>\n<p style=\"text-align: center;\">\u25cf All device controls feature manual and automatic functions, allowing for flexible mode switching to meet diverse control needs.<\/p>\n<p style=\"text-align: center;\">\u25cf A multi-function electric meter on the cabinet provides real-time visibility of three-phase voltage, current, frequency, and other parameters, providing a better understanding of current operating status.<\/p>\n<p style=\"text-align: center;\">\u25cf All parameter values \u200b\u200bon the PLC panel can be modified in real time, and all alarm information can be viewed on the alarm screen, making it easy to handle abnormal situations. In emergencies, the PLC cabinet&#8217;s emergency stop button enables rapid shutdown.<\/p>\n<p><img fetchpriority=\"high\" decoding=\"async\" class=\"aligncenter size-full wp-image-2937\" src=\"https:\/\/jiana-tech.com\/wp-content\/uploads\/2025\/10\/\u5e9f\u6c34\u5904\u7406\u7cfb\u7edf\u63a7\u5236\u67dc.jpg-2.jpg\" alt=\"\" width=\"930\" height=\"600\" srcset=\"https:\/\/jiana-tech.com\/wp-content\/uploads\/2025\/10\/\u5e9f\u6c34\u5904\u7406\u7cfb\u7edf\u63a7\u5236\u67dc.jpg-2.jpg 930w, https:\/\/jiana-tech.com\/wp-content\/uploads\/2025\/10\/\u5e9f\u6c34\u5904\u7406\u7cfb\u7edf\u63a7\u5236\u67dc.jpg-2-300x194.jpg 300w, https:\/\/jiana-tech.com\/wp-content\/uploads\/2025\/10\/\u5e9f\u6c34\u5904\u7406\u7cfb\u7edf\u63a7\u5236\u67dc.jpg-2-768x495.jpg 768w, https:\/\/jiana-tech.com\/wp-content\/uploads\/2025\/10\/\u5e9f\u6c34\u5904\u7406\u7cfb\u7edf\u63a7\u5236\u67dc.jpg-2-18x12.jpg 18w, https:\/\/jiana-tech.com\/wp-content\/uploads\/2025\/10\/\u5e9f\u6c34\u5904\u7406\u7cfb\u7edf\u63a7\u5236\u67dc.jpg-2-600x387.jpg 600w\" sizes=\"(max-width: 930px) 100vw, 930px\" \/> <img decoding=\"async\" class=\"aligncenter size-full wp-image-2938\" src=\"https:\/\/jiana-tech.com\/wp-content\/uploads\/2025\/10\/\u5e9f\u6c34\u5904\u7406\u7cfb\u7edf\u63a7\u5236\u67dc1-2.jpg\" alt=\"\" width=\"600\" height=\"450\" srcset=\"https:\/\/jiana-tech.com\/wp-content\/uploads\/2025\/10\/\u5e9f\u6c34\u5904\u7406\u7cfb\u7edf\u63a7\u5236\u67dc1-2.jpg 600w, https:\/\/jiana-tech.com\/wp-content\/uploads\/2025\/10\/\u5e9f\u6c34\u5904\u7406\u7cfb\u7edf\u63a7\u5236\u67dc1-2-300x225.jpg 300w, https:\/\/jiana-tech.com\/wp-content\/uploads\/2025\/10\/\u5e9f\u6c34\u5904\u7406\u7cfb\u7edf\u63a7\u5236\u67dc1-2-16x12.jpg 16w\" sizes=\"(max-width: 600px) 100vw, 600px\" \/> <img decoding=\"async\" class=\"aligncenter size-full wp-image-2939\" src=\"https:\/\/jiana-tech.com\/wp-content\/uploads\/2025\/10\/\u5e9f\u6c34\u5904\u7406\u7cfb\u7edf\u63a7\u5236\u67dc1.jpg-2.jpg\" alt=\"\" width=\"930\" height=\"600\" srcset=\"https:\/\/jiana-tech.com\/wp-content\/uploads\/2025\/10\/\u5e9f\u6c34\u5904\u7406\u7cfb\u7edf\u63a7\u5236\u67dc1.jpg-2.jpg 930w, https:\/\/jiana-tech.com\/wp-content\/uploads\/2025\/10\/\u5e9f\u6c34\u5904\u7406\u7cfb\u7edf\u63a7\u5236\u67dc1.jpg-2-300x194.jpg 300w, https:\/\/jiana-tech.com\/wp-content\/uploads\/2025\/10\/\u5e9f\u6c34\u5904\u7406\u7cfb\u7edf\u63a7\u5236\u67dc1.jpg-2-768x495.jpg 768w, https:\/\/jiana-tech.com\/wp-content\/uploads\/2025\/10\/\u5e9f\u6c34\u5904\u7406\u7cfb\u7edf\u63a7\u5236\u67dc1.jpg-2-18x12.jpg 18w, https:\/\/jiana-tech.com\/wp-content\/uploads\/2025\/10\/\u5e9f\u6c34\u5904\u7406\u7cfb\u7edf\u63a7\u5236\u67dc1.jpg-2-600x387.jpg 600w\" sizes=\"(max-width: 930px) 100vw, 930px\" \/><\/p>","protected":false},"excerpt":{"rendered":"<p>1. The entire system&#8217;s electrical control cabinet utilizes an indoor Rittal cabinet design with an IP40 protection rating.<br \/>\n2. The main power supply to the electrical control cabinet is a three-phase, five-wire system with a rated voltage of AC380V, a rated frequency of 50Hz, and a maximum load current of 320A.<br \/>\n3. The yellow, green, and red copper busbars inside the cabinet are the three-phase live wires A, B, and C. The yellow wire is the AC220V control wire.<\/p>","protected":false},"featured_media":2938,"template":"","meta":{"site-sidebar-layout":"default","site-content-layout":"","ast-site-content-layout":"default","site-content-style":"default","site-sidebar-style":"default","ast-global-header-display":"","ast-banner-title-visibility":"","ast-main-header-display":"","ast-hfb-above-header-display":"","ast-hfb-below-header-display":"","ast-hfb-mobile-header-display":"","site-post-title":"","ast-breadcrumbs-content":"","ast-featured-img":"","footer-sml-layout":"","theme-transparent-header-meta":"default","adv-header-id-meta":"","stick-header-meta":"","header-above-stick-meta":"","header-main-stick-meta":"","header-below-stick-meta":"","astra-migrate-meta-layouts":"set","ast-page-background-enabled":"default","ast-page-background-meta":{"desktop":{"background-color":"var(--ast-global-color-5)","background-image":"","background-repeat":"repeat","background-position":"center center","background-size":"auto","background-attachment":"scroll","background-type":"","background-media":"","overlay-type":"","overlay-color":"","overlay-opacity":"","overlay-gradient":""},"tablet":{"background-color":"","background-image":"","background-repeat":"repeat","background-position":"center center","background-size":"auto","background-attachment":"scroll","background-type":"","background-media":"","overlay-type":"","overlay-color":"","overlay-opacity":"","overlay-gradient":""},"mobile":{"background-color":"","background-image":"","background-repeat":"repeat","background-position":"center center","background-size":"auto","background-attachment":"scroll","background-type":"","background-media":"","overlay-type":"","overlay-color":"","overlay-opacity":"","overlay-gradient":""}},"ast-content-background-meta":{"desktop":{"background-color":"var(--ast-global-color-4)","background-image":"","background-repeat":"repeat","background-position":"center center","background-size":"auto","background-attachment":"scroll","background-type":"","background-media":"","overlay-type":"","overlay-color":"","overlay-opacity":"","overlay-gradient":""},"tablet":{"background-color":"var(--ast-global-color-4)","background-image":"","background-repeat":"repeat","background-position":"center center","background-size":"auto","background-attachment":"scroll","background-type":"","background-media":"","overlay-type":"","overlay-color":"","overlay-opacity":"","overlay-gradient":""},"mobile":{"background-color":"var(--ast-global-color-4)","background-image":"","background-repeat":"repeat","background-position":"center center","background-size":"auto","background-attachment":"scroll","background-type":"","background-media":"","overlay-type":"","overlay-color":"","overlay-opacity":"","overlay-gradient":""}}},"product_brand":[],"product_cat":[30],"product_tag":[],"class_list":{"0":"post-2936","1":"product","2":"type-product","3":"status-publish","4":"has-post-thumbnail","6":"product_cat-environmental-protection-equipment-system-control-cabinet","7":"desktop-align-left","8":"tablet-align-left","9":"mobile-align-left","11":"first","12":"outofstock","13":"shipping-taxable","14":"product-type-variable"},"_links":{"self":[{"href":"https:\/\/jiana-tech.com\/fr\/wp-json\/wp\/v2\/product\/2936","targetHints":{"allow":["GET"]}}],"collection":[{"href":"https:\/\/jiana-tech.com\/fr\/wp-json\/wp\/v2\/product"}],"about":[{"href":"https:\/\/jiana-tech.com\/fr\/wp-json\/wp\/v2\/types\/product"}],"wp:featuredmedia":[{"embeddable":true,"href":"https:\/\/jiana-tech.com\/fr\/wp-json\/wp\/v2\/media\/2938"}],"wp:attachment":[{"href":"https:\/\/jiana-tech.com\/fr\/wp-json\/wp\/v2\/media?parent=2936"}],"wp:term":[{"taxonomy":"product_brand","embeddable":true,"href":"https:\/\/jiana-tech.com\/fr\/wp-json\/wp\/v2\/product_brand?post=2936"},{"taxonomy":"product_cat","embeddable":true,"href":"https:\/\/jiana-tech.com\/fr\/wp-json\/wp\/v2\/product_cat?post=2936"},{"taxonomy":"product_tag","embeddable":true,"href":"https:\/\/jiana-tech.com\/fr\/wp-json\/wp\/v2\/product_tag?post=2936"}],"curies":[{"name":"wp","href":"https:\/\/api.w.org\/{rel}","templated":true}]}}