{"id":2952,"date":"2025-10-25T02:50:25","date_gmt":"2025-10-25T02:50:25","guid":{"rendered":"https:\/\/jiana-tech.com\/?post_type=product&#038;p=2952"},"modified":"2025-10-25T02:52:24","modified_gmt":"2025-10-25T02:52:24","slug":"ab-controllogix-redundant-series-plc-cabinet","status":"publish","type":"product","link":"https:\/\/jiana-tech.com\/fr\/product\/ab-controllogix-redundant-series-plc-cabinet\/","title":{"rendered":"AB ControlLogix Redundant Series PLC Cabinet"},"content":{"rendered":"<p style=\"text-align: center;\">\u25cf L'armoire de commande \u00e9lectrique de l'ensemble du syst\u00e8me utilise une conception d'armoire soud\u00e9e int\u00e9rieure avec un indice de protection IP40.<\/p>\n<p style=\"text-align: center;\">\u25cf L'alimentation principale de l'armoire de commande est monophas\u00e9e AC220V, \u00e9valu\u00e9e \u00e0 50Hz, avec un courant de charge maximum de 25A.<\/p>\n<p style=\"text-align: center;\">\u25cf Le fil jaune dans l'armoire est la ligne de contr\u00f4le AC220V, le fil bleu est la ligne de contr\u00f4le DC24V, et la ligne jaune-vert est la ligne de terre.<\/p>\n<p style=\"text-align: center;\">\u25cf Les principaux composants de l'armoire comprennent un disjoncteur miniature, un relais interm\u00e9diaire, une alimentation \u00e0 d\u00e9coupage et un automate.<\/p>\n<p style=\"text-align: center;\">\u25cf Les composants de l'armoire utilisent des marques telles que Fuji, AB et MW, ce qui garantit la stabilit\u00e9 du syst\u00e8me et une dur\u00e9e de vie plus longue.<\/p>\n<p style=\"text-align: center;\">\u25cf L'ensemble du syst\u00e8me utilise l'unit\u00e9 centrale de la s\u00e9rie AB ControlLogix, dot\u00e9e d'une conception enti\u00e8rement modulaire. De l'alimentation du ch\u00e2ssis et du type de module \u00e0 la m\u00e9moire, au nombre de contr\u00f4leurs et au type de r\u00e9seau, tout peut \u00eatre s\u00e9lectionn\u00e9 en fonction des exigences de l'application.<\/p>\n<p style=\"text-align: center;\">\u25cf Toutes les valeurs des param\u00e8tres sur le panneau peuvent \u00eatre modifi\u00e9es en temps r\u00e9el, et toutes les informations d'alarme peuvent \u00eatre visualis\u00e9es sur l'\u00e9cran d'alarme, ce qui facilite la gestion des situations anormales. En cas d'urgence, le bouton d'arr\u00eat d'urgence de l'armoire de l'automate permet un arr\u00eat rapide.<\/p>\n<p><img fetchpriority=\"high\" decoding=\"async\" class=\"aligncenter size-full wp-image-2953\" src=\"https:\/\/jiana-tech.com\/wp-content\/uploads\/2025\/10\/AB-ControlLogix-\u5197\u4f59\u7cfb\u5217PLC\u67dc-2.jpg\" alt=\"\" width=\"600\" height=\"450\" srcset=\"https:\/\/jiana-tech.com\/wp-content\/uploads\/2025\/10\/AB-ControlLogix-\u5197\u4f59\u7cfb\u5217PLC\u67dc-2.jpg 600w, https:\/\/jiana-tech.com\/wp-content\/uploads\/2025\/10\/AB-ControlLogix-\u5197\u4f59\u7cfb\u5217PLC\u67dc-2-300x225.jpg 300w, https:\/\/jiana-tech.com\/wp-content\/uploads\/2025\/10\/AB-ControlLogix-\u5197\u4f59\u7cfb\u5217PLC\u67dc-2-16x12.jpg 16w\" sizes=\"(max-width: 600px) 100vw, 600px\" \/> <img decoding=\"async\" class=\"aligncenter size-full wp-image-2954\" src=\"https:\/\/jiana-tech.com\/wp-content\/uploads\/2025\/10\/AB-ControlLogix-\u5197\u4f59\u7cfb\u5217PLC\u67dc-2.jpg\" alt=\"\" width=\"600\" height=\"450\" srcset=\"https:\/\/jiana-tech.com\/wp-content\/uploads\/2025\/10\/AB-ControlLogix-\u5197\u4f59\u7cfb\u5217PLC\u67dc-2.jpg 600w, https:\/\/jiana-tech.com\/wp-content\/uploads\/2025\/10\/AB-ControlLogix-\u5197\u4f59\u7cfb\u5217PLC\u67dc-2-300x225.jpg 300w, https:\/\/jiana-tech.com\/wp-content\/uploads\/2025\/10\/AB-ControlLogix-\u5197\u4f59\u7cfb\u5217PLC\u67dc-2-16x12.jpg 16w\" sizes=\"(max-width: 600px) 100vw, 600px\" \/> <img decoding=\"async\" class=\"aligncenter size-full wp-image-2955\" src=\"https:\/\/jiana-tech.com\/wp-content\/uploads\/2025\/10\/\u4ea7\u54c1\u4e8cIMG_20211125_1131551.jpg-2.jpg\" alt=\"\" width=\"900\" height=\"1200\" srcset=\"https:\/\/jiana-tech.com\/wp-content\/uploads\/2025\/10\/\u4ea7\u54c1\u4e8cIMG_20211125_1131551.jpg-2.jpg 900w, https:\/\/jiana-tech.com\/wp-content\/uploads\/2025\/10\/\u4ea7\u54c1\u4e8cIMG_20211125_1131551.jpg-2-225x300.jpg 225w, https:\/\/jiana-tech.com\/wp-content\/uploads\/2025\/10\/\u4ea7\u54c1\u4e8cIMG_20211125_1131551.jpg-2-768x1024.jpg 768w, https:\/\/jiana-tech.com\/wp-content\/uploads\/2025\/10\/\u4ea7\u54c1\u4e8cIMG_20211125_1131551.jpg-2-9x12.jpg 9w, https:\/\/jiana-tech.com\/wp-content\/uploads\/2025\/10\/\u4ea7\u54c1\u4e8cIMG_20211125_1131551.jpg-2-600x800.jpg 600w\" sizes=\"(max-width: 900px) 100vw, 900px\" \/> <img loading=\"lazy\" decoding=\"async\" class=\"aligncenter size-full wp-image-2956\" src=\"https:\/\/jiana-tech.com\/wp-content\/uploads\/2025\/10\/\u5c01\u9762\u4e00YAO0411.jpg-2.jpg\" alt=\"\" width=\"900\" height=\"1200\" srcset=\"https:\/\/jiana-tech.com\/wp-content\/uploads\/2025\/10\/\u5c01\u9762\u4e00YAO0411.jpg-2.jpg 900w, https:\/\/jiana-tech.com\/wp-content\/uploads\/2025\/10\/\u5c01\u9762\u4e00YAO0411.jpg-2-225x300.jpg 225w, https:\/\/jiana-tech.com\/wp-content\/uploads\/2025\/10\/\u5c01\u9762\u4e00YAO0411.jpg-2-768x1024.jpg 768w, https:\/\/jiana-tech.com\/wp-content\/uploads\/2025\/10\/\u5c01\u9762\u4e00YAO0411.jpg-2-9x12.jpg 9w, https:\/\/jiana-tech.com\/wp-content\/uploads\/2025\/10\/\u5c01\u9762\u4e00YAO0411.jpg-2-600x800.jpg 600w\" sizes=\"(max-width: 900px) 100vw, 900px\" \/><\/p>","protected":false},"excerpt":{"rendered":"<p>L'armoire de commande PLC est une armoire de commande int\u00e9gr\u00e9e programmable dot\u00e9e de fonctions de protection telles que la protection contre les surcharges, les courts-circuits et les pertes de phase. Elle pr\u00e9sente une structure compacte, un fonctionnement stable et des fonctions compl\u00e8tes. Elle peut \u00eatre combin\u00e9e en fonction de l'\u00e9chelle de contr\u00f4le r\u00e9elle et peut r\u00e9aliser un contr\u00f4le automatique \u00e0 partir d'une seule armoire ou \u00eatre connect\u00e9e par Ethernet industriel.<\/p>","protected":false},"featured_media":2953,"template":"","meta":{"site-sidebar-layout":"default","site-content-layout":"","ast-site-content-layout":"default","site-content-style":"default","site-sidebar-style":"default","ast-global-header-display":"","ast-banner-title-visibility":"","ast-main-header-display":"","ast-hfb-above-header-display":"","ast-hfb-below-header-display":"","ast-hfb-mobile-header-display":"","site-post-title":"","ast-breadcrumbs-content":"","ast-featured-img":"","footer-sml-layout":"","theme-transparent-header-meta":"default","adv-header-id-meta":"","stick-header-meta":"","header-above-stick-meta":"","header-main-stick-meta":"","header-below-stick-meta":"","astra-migrate-meta-layouts":"set","ast-page-background-enabled":"default","ast-page-background-meta":{"desktop":{"background-color":"var(--ast-global-color-5)","background-image":"","background-repeat":"repeat","background-position":"center center","background-size":"auto","background-attachment":"scroll","background-type":"","background-media":"","overlay-type":"","overlay-color":"","overlay-opacity":"","overlay-gradient":""},"tablet":{"background-color":"","background-image":"","background-repeat":"repeat","background-position":"center center","background-size":"auto","background-attachment":"scroll","background-type":"","background-media":"","overlay-type":"","overlay-color":"","overlay-opacity":"","overlay-gradient":""},"mobile":{"background-color":"","background-image":"","background-repeat":"repeat","background-position":"center center","background-size":"auto","background-attachment":"scroll","background-type":"","background-media":"","overlay-type":"","overlay-color":"","overlay-opacity":"","overlay-gradient":""}},"ast-content-background-meta":{"desktop":{"background-color":"var(--ast-global-color-4)","background-image":"","background-repeat":"repeat","background-position":"center center","background-size":"auto","background-attachment":"scroll","background-type":"","background-media":"","overlay-type":"","overlay-color":"","overlay-opacity":"","overlay-gradient":""},"tablet":{"background-color":"var(--ast-global-color-4)","background-image":"","background-repeat":"repeat","background-position":"center center","background-size":"auto","background-attachment":"scroll","background-type":"","background-media":"","overlay-type":"","overlay-color":"","overlay-opacity":"","overlay-gradient":""},"mobile":{"background-color":"var(--ast-global-color-4)","background-image":"","background-repeat":"repeat","background-position":"center center","background-size":"auto","background-attachment":"scroll","background-type":"","background-media":"","overlay-type":"","overlay-color":"","overlay-opacity":"","overlay-gradient":""}}},"product_brand":[],"product_cat":[32],"product_tag":[],"class_list":{"0":"post-2952","1":"product","2":"type-product","3":"status-publish","4":"has-post-thumbnail","6":"product_cat-plc-control-cabinet","7":"desktop-align-left","8":"tablet-align-left","9":"mobile-align-left","11":"first","12":"outofstock","13":"shipping-taxable","14":"product-type-variable"},"_links":{"self":[{"href":"https:\/\/jiana-tech.com\/fr\/wp-json\/wp\/v2\/product\/2952","targetHints":{"allow":["GET"]}}],"collection":[{"href":"https:\/\/jiana-tech.com\/fr\/wp-json\/wp\/v2\/product"}],"about":[{"href":"https:\/\/jiana-tech.com\/fr\/wp-json\/wp\/v2\/types\/product"}],"wp:featuredmedia":[{"embeddable":true,"href":"https:\/\/jiana-tech.com\/fr\/wp-json\/wp\/v2\/media\/2953"}],"wp:attachment":[{"href":"https:\/\/jiana-tech.com\/fr\/wp-json\/wp\/v2\/media?parent=2952"}],"wp:term":[{"taxonomy":"product_brand","embeddable":true,"href":"https:\/\/jiana-tech.com\/fr\/wp-json\/wp\/v2\/product_brand?post=2952"},{"taxonomy":"product_cat","embeddable":true,"href":"https:\/\/jiana-tech.com\/fr\/wp-json\/wp\/v2\/product_cat?post=2952"},{"taxonomy":"product_tag","embeddable":true,"href":"https:\/\/jiana-tech.com\/fr\/wp-json\/wp\/v2\/product_tag?post=2952"}],"curies":[{"name":"wp","href":"https:\/\/api.w.org\/{rel}","templated":true}]}}