{"id":2957,"date":"2025-10-25T02:52:48","date_gmt":"2025-10-25T02:52:48","guid":{"rendered":"https:\/\/jiana-tech.com\/?post_type=product&#038;p=2957"},"modified":"2025-10-25T02:55:34","modified_gmt":"2025-10-25T02:55:34","slug":"ab-controllogix-series","status":"publish","type":"product","link":"https:\/\/jiana-tech.com\/fr\/product\/ab-controllogix-series\/","title":{"rendered":"S\u00e9rie AB ControlLogix"},"content":{"rendered":"<p style=\"text-align: center;\">\u25cf L'armoire de commande \u00e9lectrique de l'ensemble du syst\u00e8me utilise une conception d'armoire soud\u00e9e int\u00e9rieure avec un indice de protection IP40.<\/p>\n<p style=\"text-align: center;\">\u25cf The main power supply for the control cabinet is single-phase AC380V, rated at 50Hz, with a maximum load current of 250A.<\/p>\n<p style=\"text-align: center;\">\u25cf Le fil noir \u00e0 l'int\u00e9rieur de l'armoire est la ligne d'alimentation AC380V, le fil jaune est la ligne de contr\u00f4le AC220V, le fil bleu est la ligne de contr\u00f4le DC24V, et la ligne jaune-vert est la ligne de terre.<\/p>\n<p style=\"text-align: center;\">\u25cf The cabinet&#8217;s main components include molded case circuit breakers, miniature circuit breakers, intermediate relays, inverters, and PLCs.<\/p>\n<p style=\"text-align: center;\">\u25cf Cabinet components utilize brands such as Fuji, AB, and MV, ensuring system stability and a longer service life.<\/p>\n<p style=\"text-align: center;\">\u25cf The entire system utilizes the AB ControlLogix series CPU, featuring a fully modular design. From the frame power supply and module type to memory, number of controllers, and network type, everything can be selected based on application requirements.<\/p>\n<p style=\"text-align: center;\">\u25cf All panel parameters can be modified in real time, and all alarm information can be viewed on the alarm screen, making it easy to handle abnormal situations. In the event of an emergency, the PLC cabinet&#8217;s emergency stop button enables rapid shutdown.<\/p>\n<p><img fetchpriority=\"high\" decoding=\"async\" class=\"aligncenter size-full wp-image-2958\" src=\"https:\/\/jiana-tech.com\/wp-content\/uploads\/2025\/10\/AB-ControlLogix-\u5197\u4f59\u7cfb\u5217PLC\u67dc-2.jpg\" alt=\"\" width=\"600\" height=\"450\" srcset=\"https:\/\/jiana-tech.com\/wp-content\/uploads\/2025\/10\/AB-ControlLogix-\u5197\u4f59\u7cfb\u5217PLC\u67dc-2.jpg 600w, https:\/\/jiana-tech.com\/wp-content\/uploads\/2025\/10\/AB-ControlLogix-\u5197\u4f59\u7cfb\u5217PLC\u67dc-2-300x225.jpg 300w, https:\/\/jiana-tech.com\/wp-content\/uploads\/2025\/10\/AB-ControlLogix-\u5197\u4f59\u7cfb\u5217PLC\u67dc-2-16x12.jpg 16w\" sizes=\"(max-width: 600px) 100vw, 600px\" \/> <img decoding=\"async\" class=\"aligncenter size-full wp-image-2959\" src=\"https:\/\/jiana-tech.com\/wp-content\/uploads\/2025\/10\/AB-ControlLogix-\u5197\u4f59\u7cfb\u5217PLC\u67dc-2.jpg\" alt=\"\" width=\"600\" height=\"450\" srcset=\"https:\/\/jiana-tech.com\/wp-content\/uploads\/2025\/10\/AB-ControlLogix-\u5197\u4f59\u7cfb\u5217PLC\u67dc-2.jpg 600w, https:\/\/jiana-tech.com\/wp-content\/uploads\/2025\/10\/AB-ControlLogix-\u5197\u4f59\u7cfb\u5217PLC\u67dc-2-300x225.jpg 300w, https:\/\/jiana-tech.com\/wp-content\/uploads\/2025\/10\/AB-ControlLogix-\u5197\u4f59\u7cfb\u5217PLC\u67dc-2-16x12.jpg 16w\" sizes=\"(max-width: 600px) 100vw, 600px\" \/> <img decoding=\"async\" class=\"aligncenter size-full wp-image-2960\" src=\"https:\/\/jiana-tech.com\/wp-content\/uploads\/2025\/10\/\u4ea7\u54c1\u4e8cIMG_20211203_1603481.jpg-2.jpg\" alt=\"\" width=\"900\" height=\"1200\" srcset=\"https:\/\/jiana-tech.com\/wp-content\/uploads\/2025\/10\/\u4ea7\u54c1\u4e8cIMG_20211203_1603481.jpg-2.jpg 900w, https:\/\/jiana-tech.com\/wp-content\/uploads\/2025\/10\/\u4ea7\u54c1\u4e8cIMG_20211203_1603481.jpg-2-225x300.jpg 225w, https:\/\/jiana-tech.com\/wp-content\/uploads\/2025\/10\/\u4ea7\u54c1\u4e8cIMG_20211203_1603481.jpg-2-768x1024.jpg 768w, https:\/\/jiana-tech.com\/wp-content\/uploads\/2025\/10\/\u4ea7\u54c1\u4e8cIMG_20211203_1603481.jpg-2-9x12.jpg 9w, https:\/\/jiana-tech.com\/wp-content\/uploads\/2025\/10\/\u4ea7\u54c1\u4e8cIMG_20211203_1603481.jpg-2-600x800.jpg 600w\" sizes=\"(max-width: 900px) 100vw, 900px\" \/> <img loading=\"lazy\" decoding=\"async\" class=\"aligncenter size-full wp-image-2961\" src=\"https:\/\/jiana-tech.com\/wp-content\/uploads\/2025\/10\/\u5c01\u9762\u4e00IMG_20211203_1607031.jpg-2.jpg\" alt=\"\" width=\"900\" height=\"1200\" srcset=\"https:\/\/jiana-tech.com\/wp-content\/uploads\/2025\/10\/\u5c01\u9762\u4e00IMG_20211203_1607031.jpg-2.jpg 900w, https:\/\/jiana-tech.com\/wp-content\/uploads\/2025\/10\/\u5c01\u9762\u4e00IMG_20211203_1607031.jpg-2-225x300.jpg 225w, https:\/\/jiana-tech.com\/wp-content\/uploads\/2025\/10\/\u5c01\u9762\u4e00IMG_20211203_1607031.jpg-2-768x1024.jpg 768w, https:\/\/jiana-tech.com\/wp-content\/uploads\/2025\/10\/\u5c01\u9762\u4e00IMG_20211203_1607031.jpg-2-9x12.jpg 9w, https:\/\/jiana-tech.com\/wp-content\/uploads\/2025\/10\/\u5c01\u9762\u4e00IMG_20211203_1607031.jpg-2-600x800.jpg 600w\" sizes=\"(max-width: 900px) 100vw, 900px\" \/><\/p>","protected":false},"excerpt":{"rendered":"<p>L'armoire de commande PLC est une armoire de commande int\u00e9gr\u00e9e programmable dot\u00e9e de fonctions de protection telles que la protection contre les surcharges, les courts-circuits et les pertes de phase. Elle pr\u00e9sente une structure compacte, un fonctionnement stable et des fonctions compl\u00e8tes. Elle peut \u00eatre combin\u00e9e en fonction de l'\u00e9chelle de contr\u00f4le r\u00e9elle et peut r\u00e9aliser un contr\u00f4le automatique \u00e0 partir d'une seule armoire ou \u00eatre connect\u00e9e par Ethernet industriel.<\/p>","protected":false},"featured_media":2958,"template":"","meta":{"site-sidebar-layout":"default","site-content-layout":"","ast-site-content-layout":"default","site-content-style":"default","site-sidebar-style":"default","ast-global-header-display":"","ast-banner-title-visibility":"","ast-main-header-display":"","ast-hfb-above-header-display":"","ast-hfb-below-header-display":"","ast-hfb-mobile-header-display":"","site-post-title":"","ast-breadcrumbs-content":"","ast-featured-img":"","footer-sml-layout":"","theme-transparent-header-meta":"default","adv-header-id-meta":"","stick-header-meta":"","header-above-stick-meta":"","header-main-stick-meta":"","header-below-stick-meta":"","astra-migrate-meta-layouts":"set","ast-page-background-enabled":"default","ast-page-background-meta":{"desktop":{"background-color":"var(--ast-global-color-5)","background-image":"","background-repeat":"repeat","background-position":"center center","background-size":"auto","background-attachment":"scroll","background-type":"","background-media":"","overlay-type":"","overlay-color":"","overlay-opacity":"","overlay-gradient":""},"tablet":{"background-color":"","background-image":"","background-repeat":"repeat","background-position":"center center","background-size":"auto","background-attachment":"scroll","background-type":"","background-media":"","overlay-type":"","overlay-color":"","overlay-opacity":"","overlay-gradient":""},"mobile":{"background-color":"","background-image":"","background-repeat":"repeat","background-position":"center center","background-size":"auto","background-attachment":"scroll","background-type":"","background-media":"","overlay-type":"","overlay-color":"","overlay-opacity":"","overlay-gradient":""}},"ast-content-background-meta":{"desktop":{"background-color":"var(--ast-global-color-4)","background-image":"","background-repeat":"repeat","background-position":"center center","background-size":"auto","background-attachment":"scroll","background-type":"","background-media":"","overlay-type":"","overlay-color":"","overlay-opacity":"","overlay-gradient":""},"tablet":{"background-color":"var(--ast-global-color-4)","background-image":"","background-repeat":"repeat","background-position":"center center","background-size":"auto","background-attachment":"scroll","background-type":"","background-media":"","overlay-type":"","overlay-color":"","overlay-opacity":"","overlay-gradient":""},"mobile":{"background-color":"var(--ast-global-color-4)","background-image":"","background-repeat":"repeat","background-position":"center center","background-size":"auto","background-attachment":"scroll","background-type":"","background-media":"","overlay-type":"","overlay-color":"","overlay-opacity":"","overlay-gradient":""}}},"product_brand":[],"product_cat":[32],"product_tag":[],"class_list":{"0":"post-2957","1":"product","2":"type-product","3":"status-publish","4":"has-post-thumbnail","6":"product_cat-plc-control-cabinet","7":"desktop-align-left","8":"tablet-align-left","9":"mobile-align-left","11":"first","12":"outofstock","13":"shipping-taxable","14":"product-type-variable"},"_links":{"self":[{"href":"https:\/\/jiana-tech.com\/fr\/wp-json\/wp\/v2\/product\/2957","targetHints":{"allow":["GET"]}}],"collection":[{"href":"https:\/\/jiana-tech.com\/fr\/wp-json\/wp\/v2\/product"}],"about":[{"href":"https:\/\/jiana-tech.com\/fr\/wp-json\/wp\/v2\/types\/product"}],"wp:featuredmedia":[{"embeddable":true,"href":"https:\/\/jiana-tech.com\/fr\/wp-json\/wp\/v2\/media\/2958"}],"wp:attachment":[{"href":"https:\/\/jiana-tech.com\/fr\/wp-json\/wp\/v2\/media?parent=2957"}],"wp:term":[{"taxonomy":"product_brand","embeddable":true,"href":"https:\/\/jiana-tech.com\/fr\/wp-json\/wp\/v2\/product_brand?post=2957"},{"taxonomy":"product_cat","embeddable":true,"href":"https:\/\/jiana-tech.com\/fr\/wp-json\/wp\/v2\/product_cat?post=2957"},{"taxonomy":"product_tag","embeddable":true,"href":"https:\/\/jiana-tech.com\/fr\/wp-json\/wp\/v2\/product_tag?post=2957"}],"curies":[{"name":"wp","href":"https:\/\/api.w.org\/{rel}","templated":true}]}}