{"id":2995,"date":"2025-10-25T03:06:28","date_gmt":"2025-10-25T03:06:28","guid":{"rendered":"https:\/\/jiana-tech.com\/?post_type=product&#038;p=2995"},"modified":"2025-10-25T03:08:17","modified_gmt":"2025-10-25T03:08:17","slug":"siemens-s7-1200-series-plc-cabinet","status":"publish","type":"product","link":"https:\/\/jiana-tech.com\/fr\/product\/siemens-s7-1200-series-plc-cabinet\/","title":{"rendered":"Armoire PLC Siemens s\u00e9rie S7-1200"},"content":{"rendered":"<p style=\"text-align: center;\">\u25cf L'armoire de commande \u00e9lectrique de l'ensemble du syst\u00e8me pr\u00e9sente une conception \u00e0 double porte de style int\u00e9rieur, sur le mod\u00e8le d'une armoire Rittal, avec un indice de protection IP40.<\/p>\n<p style=\"text-align: center;\">\u25cf L'alimentation principale de l'armoire de commande \u00e9lectrique est un syst\u00e8me triphas\u00e9 \u00e0 cinq fils avec une tension nominale de AC380V, une fr\u00e9quence nominale de 50Hz et un courant de charge maximal de 300A.<\/p>\n<p style=\"text-align: center;\">\u25cf Le fil noir \u00e0 l'int\u00e9rieur de l'armoire est la ligne d'alimentation AC380V, le fil jaune est la ligne de contr\u00f4le AC220V, le fil bleu est la ligne de contr\u00f4le DC24V, et la ligne jaune-vert est la ligne de terre.<\/p>\n<p style=\"text-align: center;\">\u25cf Les principaux composants \u00e0 l'int\u00e9rieur de l'armoire comprennent un disjoncteur \u00e0 bo\u00eetier moul\u00e9, un disjoncteur miniature, un contacteur CA, un relais interm\u00e9diaire, un disjoncteur magn\u00e9tothermique de moteur, un convertisseur de fr\u00e9quence, un d\u00e9marreur progressif et un automate programmable.<\/p>\n<p style=\"text-align: center;\">\u25cf Les composants \u00e0 l'int\u00e9rieur de l'armoire sont L'utilisation de marques de premier plan comme Schneider, Siemens et Omron garantit la stabilit\u00e9 du syst\u00e8me et une dur\u00e9e de vie plus longue.<\/p>\n<p style=\"text-align: center;\">\u25cf Toutes les commandes de l'\u00e9quipement sont dot\u00e9es de fonctions manuelles et automatiques, ce qui permet de changer de mode de mani\u00e8re flexible pour r\u00e9pondre \u00e0 divers besoins de contr\u00f4le.<\/p>\n<p style=\"text-align: center;\">\u25cf L'ensemble du syst\u00e8me utilise l'unit\u00e9 centrale de la s\u00e9rie Siemens S7-1200, r\u00e9pondant parfaitement aux besoins des syst\u00e8mes d'automatisation de petite et moyenne taille.<\/p>\n<p style=\"text-align: center;\">\u25cf L'armoire de commande est \u00e9quip\u00e9e d'un compteur multifonction, offrant une visibilit\u00e9 en temps r\u00e9el de la tension triphas\u00e9e, du courant et d'autres param\u00e8tres.<\/p>\n<p style=\"text-align: center;\">\u25cf Un module de communication sans fil situ\u00e9 dans l'armoire prend en charge la modification du programme \u00e0 distance et permet de visualiser en temps r\u00e9el les param\u00e8tres de fonctionnement et d'autres informations via une application mobile ou un navigateur Web.<img fetchpriority=\"high\" decoding=\"async\" class=\"aligncenter size-full wp-image-2996\" src=\"https:\/\/jiana-tech.com\/wp-content\/uploads\/2025\/10\/\u4ea7\u54c1\u4e8cIMG_20210628_1318341.jpg-2.jpg\" alt=\"\" width=\"900\" height=\"1200\" srcset=\"https:\/\/jiana-tech.com\/wp-content\/uploads\/2025\/10\/\u4ea7\u54c1\u4e8cIMG_20210628_1318341.jpg-2.jpg 900w, https:\/\/jiana-tech.com\/wp-content\/uploads\/2025\/10\/\u4ea7\u54c1\u4e8cIMG_20210628_1318341.jpg-2-225x300.jpg 225w, https:\/\/jiana-tech.com\/wp-content\/uploads\/2025\/10\/\u4ea7\u54c1\u4e8cIMG_20210628_1318341.jpg-2-768x1024.jpg 768w, https:\/\/jiana-tech.com\/wp-content\/uploads\/2025\/10\/\u4ea7\u54c1\u4e8cIMG_20210628_1318341.jpg-2-9x12.jpg 9w, https:\/\/jiana-tech.com\/wp-content\/uploads\/2025\/10\/\u4ea7\u54c1\u4e8cIMG_20210628_1318341.jpg-2-600x800.jpg 600w\" sizes=\"(max-width: 900px) 100vw, 900px\" \/> <img decoding=\"async\" class=\"aligncenter size-full wp-image-2997\" src=\"https:\/\/jiana-tech.com\/wp-content\/uploads\/2025\/10\/\u5c01\u9762\u4e00IMG_20210628_1325251.jpg-2.jpg\" alt=\"\" width=\"900\" height=\"1200\" srcset=\"https:\/\/jiana-tech.com\/wp-content\/uploads\/2025\/10\/\u5c01\u9762\u4e00IMG_20210628_1325251.jpg-2.jpg 900w, https:\/\/jiana-tech.com\/wp-content\/uploads\/2025\/10\/\u5c01\u9762\u4e00IMG_20210628_1325251.jpg-2-225x300.jpg 225w, https:\/\/jiana-tech.com\/wp-content\/uploads\/2025\/10\/\u5c01\u9762\u4e00IMG_20210628_1325251.jpg-2-768x1024.jpg 768w, https:\/\/jiana-tech.com\/wp-content\/uploads\/2025\/10\/\u5c01\u9762\u4e00IMG_20210628_1325251.jpg-2-9x12.jpg 9w, https:\/\/jiana-tech.com\/wp-content\/uploads\/2025\/10\/\u5c01\u9762\u4e00IMG_20210628_1325251.jpg-2-600x800.jpg 600w\" sizes=\"(max-width: 900px) 100vw, 900px\" \/> <img decoding=\"async\" class=\"aligncenter size-full wp-image-2998\" src=\"https:\/\/jiana-tech.com\/wp-content\/uploads\/2025\/10\/\u897f\u95e8\u5b50S7-1500\u7cfb\u5217PLC\u67dc-2.jpg\" alt=\"\" width=\"600\" height=\"450\" srcset=\"https:\/\/jiana-tech.com\/wp-content\/uploads\/2025\/10\/\u897f\u95e8\u5b50S7-1500\u7cfb\u5217PLC\u67dc-2.jpg 600w, https:\/\/jiana-tech.com\/wp-content\/uploads\/2025\/10\/\u897f\u95e8\u5b50S7-1500\u7cfb\u5217PLC\u67dc-2-300x225.jpg 300w, https:\/\/jiana-tech.com\/wp-content\/uploads\/2025\/10\/\u897f\u95e8\u5b50S7-1500\u7cfb\u5217PLC\u67dc-2-16x12.jpg 16w\" sizes=\"(max-width: 600px) 100vw, 600px\" \/> <img loading=\"lazy\" decoding=\"async\" class=\"aligncenter size-full wp-image-2999\" src=\"https:\/\/jiana-tech.com\/wp-content\/uploads\/2025\/10\/\u897f\u95e8\u5b50S7-1500\u7cfb\u5217PLC\u67dc-2.jpg\" alt=\"\" width=\"600\" height=\"450\" srcset=\"https:\/\/jiana-tech.com\/wp-content\/uploads\/2025\/10\/\u897f\u95e8\u5b50S7-1500\u7cfb\u5217PLC\u67dc-2.jpg 600w, https:\/\/jiana-tech.com\/wp-content\/uploads\/2025\/10\/\u897f\u95e8\u5b50S7-1500\u7cfb\u5217PLC\u67dc-2-300x225.jpg 300w, https:\/\/jiana-tech.com\/wp-content\/uploads\/2025\/10\/\u897f\u95e8\u5b50S7-1500\u7cfb\u5217PLC\u67dc-2-16x12.jpg 16w\" sizes=\"(max-width: 600px) 100vw, 600px\" \/><\/p>","protected":false},"excerpt":{"rendered":"<p>L'armoire de commande PLC est une armoire de commande int\u00e9gr\u00e9e programmable dot\u00e9e de fonctions de protection telles que la protection contre les surcharges, les courts-circuits et les pertes de phase. Elle pr\u00e9sente une structure compacte, un fonctionnement stable et des fonctions compl\u00e8tes. Elle peut \u00eatre combin\u00e9e en fonction de l'\u00e9chelle de contr\u00f4le r\u00e9elle et peut r\u00e9aliser un contr\u00f4le automatique \u00e0 partir d'une seule armoire ou \u00eatre connect\u00e9e par Ethernet industriel.<\/p>","protected":false},"featured_media":2998,"template":"","meta":{"site-sidebar-layout":"default","site-content-layout":"","ast-site-content-layout":"default","site-content-style":"default","site-sidebar-style":"default","ast-global-header-display":"","ast-banner-title-visibility":"","ast-main-header-display":"","ast-hfb-above-header-display":"","ast-hfb-below-header-display":"","ast-hfb-mobile-header-display":"","site-post-title":"","ast-breadcrumbs-content":"","ast-featured-img":"","footer-sml-layout":"","theme-transparent-header-meta":"default","adv-header-id-meta":"","stick-header-meta":"","header-above-stick-meta":"","header-main-stick-meta":"","header-below-stick-meta":"","astra-migrate-meta-layouts":"set","ast-page-background-enabled":"default","ast-page-background-meta":{"desktop":{"background-color":"var(--ast-global-color-5)","background-image":"","background-repeat":"repeat","background-position":"center center","background-size":"auto","background-attachment":"scroll","background-type":"","background-media":"","overlay-type":"","overlay-color":"","overlay-opacity":"","overlay-gradient":""},"tablet":{"background-color":"","background-image":"","background-repeat":"repeat","background-position":"center center","background-size":"auto","background-attachment":"scroll","background-type":"","background-media":"","overlay-type":"","overlay-color":"","overlay-opacity":"","overlay-gradient":""},"mobile":{"background-color":"","background-image":"","background-repeat":"repeat","background-position":"center center","background-size":"auto","background-attachment":"scroll","background-type":"","background-media":"","overlay-type":"","overlay-color":"","overlay-opacity":"","overlay-gradient":""}},"ast-content-background-meta":{"desktop":{"background-color":"var(--ast-global-color-4)","background-image":"","background-repeat":"repeat","background-position":"center center","background-size":"auto","background-attachment":"scroll","background-type":"","background-media":"","overlay-type":"","overlay-color":"","overlay-opacity":"","overlay-gradient":""},"tablet":{"background-color":"var(--ast-global-color-4)","background-image":"","background-repeat":"repeat","background-position":"center center","background-size":"auto","background-attachment":"scroll","background-type":"","background-media":"","overlay-type":"","overlay-color":"","overlay-opacity":"","overlay-gradient":""},"mobile":{"background-color":"var(--ast-global-color-4)","background-image":"","background-repeat":"repeat","background-position":"center center","background-size":"auto","background-attachment":"scroll","background-type":"","background-media":"","overlay-type":"","overlay-color":"","overlay-opacity":"","overlay-gradient":""}}},"product_brand":[],"product_cat":[32],"product_tag":[],"class_list":{"0":"post-2995","1":"product","2":"type-product","3":"status-publish","4":"has-post-thumbnail","6":"product_cat-plc-control-cabinet","7":"desktop-align-left","8":"tablet-align-left","9":"mobile-align-left","11":"first","12":"outofstock","13":"shipping-taxable","14":"product-type-variable"},"_links":{"self":[{"href":"https:\/\/jiana-tech.com\/fr\/wp-json\/wp\/v2\/product\/2995","targetHints":{"allow":["GET"]}}],"collection":[{"href":"https:\/\/jiana-tech.com\/fr\/wp-json\/wp\/v2\/product"}],"about":[{"href":"https:\/\/jiana-tech.com\/fr\/wp-json\/wp\/v2\/types\/product"}],"wp:featuredmedia":[{"embeddable":true,"href":"https:\/\/jiana-tech.com\/fr\/wp-json\/wp\/v2\/media\/2998"}],"wp:attachment":[{"href":"https:\/\/jiana-tech.com\/fr\/wp-json\/wp\/v2\/media?parent=2995"}],"wp:term":[{"taxonomy":"product_brand","embeddable":true,"href":"https:\/\/jiana-tech.com\/fr\/wp-json\/wp\/v2\/product_brand?post=2995"},{"taxonomy":"product_cat","embeddable":true,"href":"https:\/\/jiana-tech.com\/fr\/wp-json\/wp\/v2\/product_cat?post=2995"},{"taxonomy":"product_tag","embeddable":true,"href":"https:\/\/jiana-tech.com\/fr\/wp-json\/wp\/v2\/product_tag?post=2995"}],"curies":[{"name":"wp","href":"https:\/\/api.w.org\/{rel}","templated":true}]}}