{"id":3006,"date":"2025-10-25T03:10:01","date_gmt":"2025-10-25T03:10:01","guid":{"rendered":"https:\/\/jiana-tech.com\/?post_type=product&#038;p=3006"},"modified":"2025-10-25T03:11:24","modified_gmt":"2025-10-25T03:11:24","slug":"siemens-s7-1500-series-plc-cabinet","status":"publish","type":"product","link":"https:\/\/jiana-tech.com\/fr\/product\/siemens-s7-1500-series-plc-cabinet\/","title":{"rendered":"Armoire PLC Siemens s\u00e9rie S7-1500"},"content":{"rendered":"<p style=\"text-align: center;\">\u25cf Les armoires de commande \u00e9lectrique de l'ensemble du syst\u00e8me utilisent une conception int\u00e9rieure de type Rittal avec un indice de protection IP40. Il y a quatre armoires de commande : les armoires 1, 2 et 3 sont des armoires MCC, et la derni\u00e8re est une armoire PLC. Cette conception permet d'isoler efficacement les interf\u00e9rences entre les lignes d'alimentation et les lignes de signaux.<\/p>\n<p style=\"text-align: center;\">\u25cf L'alimentation principale de l'armoire de commande \u00e9lectrique est un syst\u00e8me triphas\u00e9 \u00e0 cinq fils avec une tension nominale de AC380V, une fr\u00e9quence nominale de 50Hz et un courant de charge maximal de 300A.<\/p>\n<p style=\"text-align: center;\">\u25cf Le fil noir \u00e0 l'int\u00e9rieur de l'armoire est la ligne d'alimentation AC380V, le fil jaune est la ligne de contr\u00f4le AC220V, le fil bleu est la ligne de contr\u00f4le DC24V, et la ligne jaune-vert est la ligne de terre.<\/p>\n<p style=\"text-align: center;\">\u25cf Les principaux composants \u00e0 l'int\u00e9rieur de l'armoire comprennent un disjoncteur \u00e0 bo\u00eetier moul\u00e9, un disjoncteur miniature, un contacteur CA, un relais interm\u00e9diaire, un convertisseur de fr\u00e9quence, un d\u00e9marreur progressif et un automate programmable.<\/p>\n<p style=\"text-align: center;\">\u25cf \u00c0 l'int\u00e9rieur de l'armoire Les composants de grandes marques telles que Schneider, Siemens et Omron garantissent la stabilit\u00e9 du syst\u00e8me et une dur\u00e9e de vie plus longue.<\/p>\n<p style=\"text-align: center;\">\u25cf Toutes les commandes de l'\u00e9quipement sont dot\u00e9es de fonctions manuelles et automatiques, ce qui permet de changer de mode de mani\u00e8re flexible pour r\u00e9pondre \u00e0 divers besoins de contr\u00f4le.<\/p>\n<p style=\"text-align: center;\">\u25cf L'ensemble du syst\u00e8me utilise l'unit\u00e9 centrale de la s\u00e9rie Siemens S7-1500. Son temps de r\u00e9ponse rapide, le panneau d'affichage int\u00e9gr\u00e9 de l'UC et les m\u00e9canismes de d\u00e9bogage et de diagnostic correspondants am\u00e9liorent consid\u00e9rablement l'efficacit\u00e9 de la production et r\u00e9duisent les co\u00fbts.<\/p>\n<p style=\"text-align: center;\">\u25cf L'armoire de commande est \u00e9quip\u00e9e d'un compteur multifonction pour la surveillance en temps r\u00e9el de la tension triphas\u00e9e, du courant et d'autres param\u00e8tres.<\/p>\n<p style=\"text-align: center;\">\u25cf Un module de communication sans fil est int\u00e9gr\u00e9 \u00e0 l'armoire, permettant de modifier le programme \u00e0 distance et de consulter les param\u00e8tres de fonctionnement en temps r\u00e9el et d'autres informations via une application mobile ou un navigateur web.<\/p>\n<p><img fetchpriority=\"high\" decoding=\"async\" class=\"aligncenter size-full wp-image-3007\" src=\"https:\/\/jiana-tech.com\/wp-content\/uploads\/2025\/10\/\u4ea7\u54c1\u4e8cIMG_20210414_0829201.jpg-2.jpg\" alt=\"\" width=\"930\" height=\"600\" srcset=\"https:\/\/jiana-tech.com\/wp-content\/uploads\/2025\/10\/\u4ea7\u54c1\u4e8cIMG_20210414_0829201.jpg-2.jpg 930w, https:\/\/jiana-tech.com\/wp-content\/uploads\/2025\/10\/\u4ea7\u54c1\u4e8cIMG_20210414_0829201.jpg-2-300x194.jpg 300w, https:\/\/jiana-tech.com\/wp-content\/uploads\/2025\/10\/\u4ea7\u54c1\u4e8cIMG_20210414_0829201.jpg-2-768x495.jpg 768w, https:\/\/jiana-tech.com\/wp-content\/uploads\/2025\/10\/\u4ea7\u54c1\u4e8cIMG_20210414_0829201.jpg-2-18x12.jpg 18w, https:\/\/jiana-tech.com\/wp-content\/uploads\/2025\/10\/\u4ea7\u54c1\u4e8cIMG_20210414_0829201.jpg-2-600x387.jpg 600w\" sizes=\"(max-width: 930px) 100vw, 930px\" \/> <img decoding=\"async\" class=\"aligncenter size-full wp-image-3008\" src=\"https:\/\/jiana-tech.com\/wp-content\/uploads\/2025\/10\/\u5c01\u9762\u4e00IMG_20210414_08392911.jpg-2.jpg\" alt=\"\" width=\"930\" height=\"600\" srcset=\"https:\/\/jiana-tech.com\/wp-content\/uploads\/2025\/10\/\u5c01\u9762\u4e00IMG_20210414_08392911.jpg-2.jpg 930w, https:\/\/jiana-tech.com\/wp-content\/uploads\/2025\/10\/\u5c01\u9762\u4e00IMG_20210414_08392911.jpg-2-300x194.jpg 300w, https:\/\/jiana-tech.com\/wp-content\/uploads\/2025\/10\/\u5c01\u9762\u4e00IMG_20210414_08392911.jpg-2-768x495.jpg 768w, https:\/\/jiana-tech.com\/wp-content\/uploads\/2025\/10\/\u5c01\u9762\u4e00IMG_20210414_08392911.jpg-2-18x12.jpg 18w, https:\/\/jiana-tech.com\/wp-content\/uploads\/2025\/10\/\u5c01\u9762\u4e00IMG_20210414_08392911.jpg-2-600x387.jpg 600w\" sizes=\"(max-width: 930px) 100vw, 930px\" \/> <img decoding=\"async\" class=\"aligncenter size-full wp-image-3009\" src=\"https:\/\/jiana-tech.com\/wp-content\/uploads\/2025\/10\/\u897f\u95e8\u5b50S7-1500\u7cfb\u5217PLC\u67dc-2.jpg\" alt=\"\" width=\"600\" height=\"450\" srcset=\"https:\/\/jiana-tech.com\/wp-content\/uploads\/2025\/10\/\u897f\u95e8\u5b50S7-1500\u7cfb\u5217PLC\u67dc-2.jpg 600w, https:\/\/jiana-tech.com\/wp-content\/uploads\/2025\/10\/\u897f\u95e8\u5b50S7-1500\u7cfb\u5217PLC\u67dc-2-300x225.jpg 300w, https:\/\/jiana-tech.com\/wp-content\/uploads\/2025\/10\/\u897f\u95e8\u5b50S7-1500\u7cfb\u5217PLC\u67dc-2-16x12.jpg 16w\" sizes=\"(max-width: 600px) 100vw, 600px\" \/> <img loading=\"lazy\" decoding=\"async\" class=\"aligncenter size-full wp-image-3010\" src=\"https:\/\/jiana-tech.com\/wp-content\/uploads\/2025\/10\/\u897f\u95e8\u5b50S7-1500\u7cfb\u5217PLC\u67dc-2.jpg\" alt=\"\" width=\"600\" height=\"450\" srcset=\"https:\/\/jiana-tech.com\/wp-content\/uploads\/2025\/10\/\u897f\u95e8\u5b50S7-1500\u7cfb\u5217PLC\u67dc-2.jpg 600w, https:\/\/jiana-tech.com\/wp-content\/uploads\/2025\/10\/\u897f\u95e8\u5b50S7-1500\u7cfb\u5217PLC\u67dc-2-300x225.jpg 300w, https:\/\/jiana-tech.com\/wp-content\/uploads\/2025\/10\/\u897f\u95e8\u5b50S7-1500\u7cfb\u5217PLC\u67dc-2-16x12.jpg 16w\" sizes=\"(max-width: 600px) 100vw, 600px\" \/> <img loading=\"lazy\" decoding=\"async\" class=\"aligncenter size-full wp-image-3011\" src=\"https:\/\/jiana-tech.com\/wp-content\/uploads\/2025\/10\/\u897f\u95e8\u5b50S7-1500\u7cfb\u5217PLC\u67dc-2.jpg\" alt=\"\" width=\"600\" height=\"450\" srcset=\"https:\/\/jiana-tech.com\/wp-content\/uploads\/2025\/10\/\u897f\u95e8\u5b50S7-1500\u7cfb\u5217PLC\u67dc-2.jpg 600w, https:\/\/jiana-tech.com\/wp-content\/uploads\/2025\/10\/\u897f\u95e8\u5b50S7-1500\u7cfb\u5217PLC\u67dc-2-300x225.jpg 300w, https:\/\/jiana-tech.com\/wp-content\/uploads\/2025\/10\/\u897f\u95e8\u5b50S7-1500\u7cfb\u5217PLC\u67dc-2-16x12.jpg 16w\" sizes=\"(max-width: 600px) 100vw, 600px\" \/><\/p>","protected":false},"excerpt":{"rendered":"<p>L'armoire de commande PLC est une armoire de commande int\u00e9gr\u00e9e programmable dot\u00e9e de fonctions de protection telles que la protection contre les surcharges, les courts-circuits et les pertes de phase. Elle pr\u00e9sente une structure compacte, un fonctionnement stable et des fonctions compl\u00e8tes. Elle peut \u00eatre combin\u00e9e en fonction de l'\u00e9chelle de contr\u00f4le r\u00e9elle et peut r\u00e9aliser un contr\u00f4le automatique \u00e0 partir d'une seule armoire ou \u00eatre connect\u00e9e par Ethernet industriel.<\/p>","protected":false},"featured_media":3009,"template":"","meta":{"site-sidebar-layout":"default","site-content-layout":"","ast-site-content-layout":"default","site-content-style":"default","site-sidebar-style":"default","ast-global-header-display":"","ast-banner-title-visibility":"","ast-main-header-display":"","ast-hfb-above-header-display":"","ast-hfb-below-header-display":"","ast-hfb-mobile-header-display":"","site-post-title":"","ast-breadcrumbs-content":"","ast-featured-img":"","footer-sml-layout":"","theme-transparent-header-meta":"default","adv-header-id-meta":"","stick-header-meta":"","header-above-stick-meta":"","header-main-stick-meta":"","header-below-stick-meta":"","astra-migrate-meta-layouts":"set","ast-page-background-enabled":"default","ast-page-background-meta":{"desktop":{"background-color":"var(--ast-global-color-5)","background-image":"","background-repeat":"repeat","background-position":"center center","background-size":"auto","background-attachment":"scroll","background-type":"","background-media":"","overlay-type":"","overlay-color":"","overlay-opacity":"","overlay-gradient":""},"tablet":{"background-color":"","background-image":"","background-repeat":"repeat","background-position":"center center","background-size":"auto","background-attachment":"scroll","background-type":"","background-media":"","overlay-type":"","overlay-color":"","overlay-opacity":"","overlay-gradient":""},"mobile":{"background-color":"","background-image":"","background-repeat":"repeat","background-position":"center center","background-size":"auto","background-attachment":"scroll","background-type":"","background-media":"","overlay-type":"","overlay-color":"","overlay-opacity":"","overlay-gradient":""}},"ast-content-background-meta":{"desktop":{"background-color":"var(--ast-global-color-4)","background-image":"","background-repeat":"repeat","background-position":"center center","background-size":"auto","background-attachment":"scroll","background-type":"","background-media":"","overlay-type":"","overlay-color":"","overlay-opacity":"","overlay-gradient":""},"tablet":{"background-color":"var(--ast-global-color-4)","background-image":"","background-repeat":"repeat","background-position":"center center","background-size":"auto","background-attachment":"scroll","background-type":"","background-media":"","overlay-type":"","overlay-color":"","overlay-opacity":"","overlay-gradient":""},"mobile":{"background-color":"var(--ast-global-color-4)","background-image":"","background-repeat":"repeat","background-position":"center center","background-size":"auto","background-attachment":"scroll","background-type":"","background-media":"","overlay-type":"","overlay-color":"","overlay-opacity":"","overlay-gradient":""}}},"product_brand":[],"product_cat":[32],"product_tag":[],"class_list":{"0":"post-3006","1":"product","2":"type-product","3":"status-publish","4":"has-post-thumbnail","6":"product_cat-plc-control-cabinet","7":"desktop-align-left","8":"tablet-align-left","9":"mobile-align-left","11":"first","12":"outofstock","13":"shipping-taxable","14":"product-type-variable"},"_links":{"self":[{"href":"https:\/\/jiana-tech.com\/fr\/wp-json\/wp\/v2\/product\/3006","targetHints":{"allow":["GET"]}}],"collection":[{"href":"https:\/\/jiana-tech.com\/fr\/wp-json\/wp\/v2\/product"}],"about":[{"href":"https:\/\/jiana-tech.com\/fr\/wp-json\/wp\/v2\/types\/product"}],"wp:featuredmedia":[{"embeddable":true,"href":"https:\/\/jiana-tech.com\/fr\/wp-json\/wp\/v2\/media\/3009"}],"wp:attachment":[{"href":"https:\/\/jiana-tech.com\/fr\/wp-json\/wp\/v2\/media?parent=3006"}],"wp:term":[{"taxonomy":"product_brand","embeddable":true,"href":"https:\/\/jiana-tech.com\/fr\/wp-json\/wp\/v2\/product_brand?post=3006"},{"taxonomy":"product_cat","embeddable":true,"href":"https:\/\/jiana-tech.com\/fr\/wp-json\/wp\/v2\/product_cat?post=3006"},{"taxonomy":"product_tag","embeddable":true,"href":"https:\/\/jiana-tech.com\/fr\/wp-json\/wp\/v2\/product_tag?post=3006"}],"curies":[{"name":"wp","href":"https:\/\/api.w.org\/{rel}","templated":true}]}}