{"id":461,"date":"2025-08-05T00:53:02","date_gmt":"2025-08-05T00:53:02","guid":{"rendered":"https:\/\/jiana-tech.com\/?post_type=product&#038;p=461"},"modified":"2025-08-05T00:54:18","modified_gmt":"2025-08-05T00:54:18","slug":"external-mounting-box-outdoor-extension-cord-cover-box-electronic-enclosure-hinged-abs-junction-box-220x110x170mm","status":"publish","type":"product","link":"https:\/\/jiana-tech.com\/fr\/product\/external-mounting-box-outdoor-extension-cord-cover-box-electronic-enclosure-hinged-abs-junction-box-220x110x170mm\/","title":{"rendered":"Bo\u00eetier de montage externe Bo\u00eetier de couverture pour cordon d'extension ext\u00e9rieur Bo\u00eetier \u00e9lectronique Bo\u00eetier de jonction \u00e0 charni\u00e8re en ABS 220x110x170mm"},"content":{"rendered":"<p>Niveau IP : IP65<br \/>\nType:Bo\u00eete de contr\u00f4le<br \/>\nLieu d'origine : Shandong, Chine<br \/>\nNom de marque:Yangao<br \/>\nNum\u00e9ro de mod\u00e8le:SF1<br \/>\nTaille externe :120*90*70, 150*100*70, 150*100*90, 210*110*75, 220*170*110, 210*160*100, 260*110*75, 260*160*100, 290*190*140, 280*190*140, 300*200*130, 300*300*180, 390*290*160, 330*330*130, 380*280*130, 400*300*180, 350*250*150, 450*350*200, 500*400*200, 630*530*250<br \/>\nMat\u00e9riau : PC, ABS<br \/>\nNom du produit : bo\u00eete de panneau \u00e9lectrique<br \/>\nCouleur : Gris<br \/>\nApplication:Prot\u00e9ger les disjoncteurs install\u00e9s<br \/>\nUtilisation:Largement utilis\u00e9<br \/>\nCaract\u00e9ristiques:S\u00e9curit\u00e9 Durable<br \/>\nFonction:Fonction de protection<br \/>\nForme:Rectangle<br \/>\nPersonnalisation:Accepter les bo\u00eetiers personnalis\u00e9s<br \/>\nLogo:Accepte les logos personnalis\u00e9s<br \/>\nUnit\u00e9s de vente : Article unique<br \/>\nTaille de l'emballage unique : 33X23X19 cm<br \/>\nPoids brut simple : 1.400 KG<\/p>\n<p><img decoding=\"async\" class=\"alignnone size-full\" src=\"https:\/\/1688factorys.com\/wp-content\/uploads\/detail_pic_0-112.png\" width=\"790\" alt=\"\"\/><\/p>\n<p><img decoding=\"async\" class=\"alignnone size-full\" src=\"https:\/\/1688factorys.com\/wp-content\/uploads\/detail_pic_1-1365.jpg\" width=\"790\" alt=\"\"\/><\/p>\n<p><img decoding=\"async\" class=\"alignnone size-full\" src=\"https:\/\/1688factorys.com\/wp-content\/uploads\/detail_pic_2-1405.jpg\" width=\"790\" alt=\"\"\/><\/p>\n<p><img decoding=\"async\" class=\"alignnone size-full\" src=\"https:\/\/1688factorys.com\/wp-content\/uploads\/detail_pic_3-1381.jpg\" width=\"790\" alt=\"\"\/><\/p>\n<p><img decoding=\"async\" class=\"alignnone size-full\" src=\"https:\/\/1688factorys.com\/wp-content\/uploads\/detail_pic_4-1225.jpg\" width=\"790\" alt=\"\"\/><\/p>\n<p><img decoding=\"async\" class=\"alignnone size-full\" src=\"https:\/\/1688factorys.com\/wp-content\/uploads\/detail_pic_5-1089.jpg\" width=\"790\" alt=\"\"\/><\/p>\n<p><img decoding=\"async\" class=\"alignnone size-full\" src=\"https:\/\/1688factorys.com\/wp-content\/uploads\/detail_pic_6-1101.jpg\" width=\"790\" alt=\"\"\/><\/p>\n<p><img decoding=\"async\" class=\"alignnone size-full\" src=\"https:\/\/1688factorys.com\/wp-content\/uploads\/detail_pic_7-1084.jpg\" width=\"790\" alt=\"\"\/><\/p>\n<p><img decoding=\"async\" class=\"alignnone size-full\" src=\"https:\/\/1688factorys.com\/wp-content\/uploads\/detail_pic_8-804.jpg\" width=\"790\" alt=\"\"\/><\/p>","protected":false},"excerpt":{"rendered":"<p>Bo\u00eetier de montage externe Bo\u00eetier de couverture pour cordon d'extension ext\u00e9rieur Bo\u00eetier \u00e9lectronique Bo\u00eetier de jonction \u00e0 charni\u00e8re en ABS 220x110x170mm<\/p>","protected":false},"featured_media":660,"template":"","meta":{"site-sidebar-layout":"default","site-content-layout":"","ast-site-content-layout":"default","site-content-style":"default","site-sidebar-style":"default","ast-global-header-display":"","ast-banner-title-visibility":"","ast-main-header-display":"","ast-hfb-above-header-display":"","ast-hfb-below-header-display":"","ast-hfb-mobile-header-display":"","site-post-title":"","ast-breadcrumbs-content":"","ast-featured-img":"","footer-sml-layout":"","theme-transparent-header-meta":"","adv-header-id-meta":"","stick-header-meta":"","header-above-stick-meta":"","header-main-stick-meta":"","header-below-stick-meta":"","astra-migrate-meta-layouts":"default","ast-page-background-enabled":"default","ast-page-background-meta":{"desktop":{"background-color":"var(--ast-global-color-5)","background-image":"","background-repeat":"repeat","background-position":"center center","background-size":"auto","background-attachment":"scroll","background-type":"","background-media":"","overlay-type":"","overlay-color":"","overlay-opacity":"","overlay-gradient":""},"tablet":{"background-color":"","background-image":"","background-repeat":"repeat","background-position":"center center","background-size":"auto","background-attachment":"scroll","background-type":"","background-media":"","overlay-type":"","overlay-color":"","overlay-opacity":"","overlay-gradient":""},"mobile":{"background-color":"","background-image":"","background-repeat":"repeat","background-position":"center center","background-size":"auto","background-attachment":"scroll","background-type":"","background-media":"","overlay-type":"","overlay-color":"","overlay-opacity":"","overlay-gradient":""}},"ast-content-background-meta":{"desktop":{"background-color":"var(--ast-global-color-4)","background-image":"","background-repeat":"repeat","background-position":"center center","background-size":"auto","background-attachment":"scroll","background-type":"","background-media":"","overlay-type":"","overlay-color":"","overlay-opacity":"","overlay-gradient":""},"tablet":{"background-color":"var(--ast-global-color-4)","background-image":"","background-repeat":"repeat","background-position":"center center","background-size":"auto","background-attachment":"scroll","background-type":"","background-media":"","overlay-type":"","overlay-color":"","overlay-opacity":"","overlay-gradient":""},"mobile":{"background-color":"var(--ast-global-color-4)","background-image":"","background-repeat":"repeat","background-position":"center center","background-size":"auto","background-attachment":"scroll","background-type":"","background-media":"","overlay-type":"","overlay-color":"","overlay-opacity":"","overlay-gradient":""}}},"product_brand":[],"product_cat":[21],"product_tag":[],"class_list":{"0":"post-461","1":"product","2":"type-product","3":"status-publish","4":"has-post-thumbnail","6":"product_cat-plastic-waterproof-box","7":"desktop-align-left","8":"tablet-align-left","9":"mobile-align-left","11":"first","12":"outofstock","13":"shipping-taxable","14":"product-type-variable"},"_links":{"self":[{"href":"https:\/\/jiana-tech.com\/fr\/wp-json\/wp\/v2\/product\/461","targetHints":{"allow":["GET"]}}],"collection":[{"href":"https:\/\/jiana-tech.com\/fr\/wp-json\/wp\/v2\/product"}],"about":[{"href":"https:\/\/jiana-tech.com\/fr\/wp-json\/wp\/v2\/types\/product"}],"wp:featuredmedia":[{"embeddable":true,"href":"https:\/\/jiana-tech.com\/fr\/wp-json\/wp\/v2\/media\/660"}],"wp:attachment":[{"href":"https:\/\/jiana-tech.com\/fr\/wp-json\/wp\/v2\/media?parent=461"}],"wp:term":[{"taxonomy":"product_brand","embeddable":true,"href":"https:\/\/jiana-tech.com\/fr\/wp-json\/wp\/v2\/product_brand?post=461"},{"taxonomy":"product_cat","embeddable":true,"href":"https:\/\/jiana-tech.com\/fr\/wp-json\/wp\/v2\/product_cat?post=461"},{"taxonomy":"product_tag","embeddable":true,"href":"https:\/\/jiana-tech.com\/fr\/wp-json\/wp\/v2\/product_tag?post=461"}],"curies":[{"name":"wp","href":"https:\/\/api.w.org\/{rel}","templated":true}]}}