{"id":2918,"date":"2025-10-25T02:07:57","date_gmt":"2025-10-25T02:07:57","guid":{"rendered":"https:\/\/jiana-tech.com\/?post_type=product&#038;p=2918"},"modified":"2025-10-25T02:10:20","modified_gmt":"2025-10-25T02:10:20","slug":"edi-processing-system-control-cabinet","status":"publish","type":"product","link":"https:\/\/jiana-tech.com\/it\/product\/edi-processing-system-control-cabinet\/","title":{"rendered":"EDI processing system control cabinet"},"content":{"rendered":"<p style=\"text-align: center;\">\u25cf The entire system&#8217;s electrical control cabinet utilizes an indoor Rittal cabinet design with an IP40 protection rating.<\/p>\n<p style=\"text-align: center;\">L'alimentazione principale dell'armadio elettrico \u00e8 un sistema trifase a cinque fili con una tensione nominale di 380 V CA, una frequenza nominale di 50 Hz e una corrente di carico massima di 300 A.<\/p>\n<p style=\"text-align: center;\">Le sbarre di rame gialle, verdi e rosse all'interno degli armadi sono i fili trifase sotto tensione A, B e C. Il filo giallo \u00e8 il filo di controllo AC220V, il filo blu \u00e8 il filo di controllo DC24V e il collegamento giallo-verde \u00e8 il filo di terra.<\/p>\n<p style=\"text-align: center;\">I componenti principali dell'armadio comprendono interruttori scatolati, interruttori miniaturizzati, contattori CA, rel\u00e8 intermedi, convertitori di frequenza e PLC.<\/p>\n<p style=\"text-align: center;\">\u25cf Components within the cabinet are from renowned brands such as Schneider, Siemens, and ABB, ensuring system stability and a longer service life.<\/p>\n<p style=\"text-align: center;\">\u25cf The entire system CPU utilizes the Siemens S7-200 Smart, compact, low-cost, and featuring a powerful instruction set, it&#8217;s a perfect solution for controlling small applications.<\/p>\n<p style=\"text-align: center;\">\u25cf All device controls feature manual and automatic functions, allowing for flexible mode switching to meet diverse control needs.<\/p>\n<p style=\"text-align: center;\">\u25cf A multi-function electric meter on the cabinet provides real-time visibility of three-phase voltage, current, and other parameters, providing a better understanding of current operating status.<\/p>\n<p style=\"text-align: center;\">Tutti i valori dei parametri sul pannello del PLC possono essere modificati in tempo reale e tutte le informazioni sugli allarmi possono essere visualizzate sulla schermata degli allarmi, facilitando la gestione di situazioni anomale. In caso di emergenza, il pulsante di arresto di emergenza del quadro PLC consente un arresto rapido.<\/p>\n<p><img fetchpriority=\"high\" decoding=\"async\" class=\"aligncenter size-full wp-image-2919\" src=\"https:\/\/jiana-tech.com\/wp-content\/uploads\/2025\/10\/EDI\u5904\u7406\u7cfb\u7edf\u63a7\u5236\u67dc-2.jpg\" alt=\"\" width=\"600\" height=\"450\" srcset=\"https:\/\/jiana-tech.com\/wp-content\/uploads\/2025\/10\/EDI\u5904\u7406\u7cfb\u7edf\u63a7\u5236\u67dc-2.jpg 600w, https:\/\/jiana-tech.com\/wp-content\/uploads\/2025\/10\/EDI\u5904\u7406\u7cfb\u7edf\u63a7\u5236\u67dc-2-300x225.jpg 300w, https:\/\/jiana-tech.com\/wp-content\/uploads\/2025\/10\/EDI\u5904\u7406\u7cfb\u7edf\u63a7\u5236\u67dc-2-16x12.jpg 16w\" sizes=\"(max-width: 600px) 100vw, 600px\" \/> <img decoding=\"async\" class=\"aligncenter size-full wp-image-2920\" src=\"https:\/\/jiana-tech.com\/wp-content\/uploads\/2025\/10\/EDI\u5904\u7406\u7cfb\u7edf\u63a7\u5236\u67dc-001-2.jpg\" alt=\"\" width=\"930\" height=\"1237\" srcset=\"https:\/\/jiana-tech.com\/wp-content\/uploads\/2025\/10\/EDI\u5904\u7406\u7cfb\u7edf\u63a7\u5236\u67dc-001-2.jpg 930w, https:\/\/jiana-tech.com\/wp-content\/uploads\/2025\/10\/EDI\u5904\u7406\u7cfb\u7edf\u63a7\u5236\u67dc-001-2-226x300.jpg 226w, https:\/\/jiana-tech.com\/wp-content\/uploads\/2025\/10\/EDI\u5904\u7406\u7cfb\u7edf\u63a7\u5236\u67dc-001-2-770x1024.jpg 770w, https:\/\/jiana-tech.com\/wp-content\/uploads\/2025\/10\/EDI\u5904\u7406\u7cfb\u7edf\u63a7\u5236\u67dc-001-2-768x1022.jpg 768w, https:\/\/jiana-tech.com\/wp-content\/uploads\/2025\/10\/EDI\u5904\u7406\u7cfb\u7edf\u63a7\u5236\u67dc-001-2-9x12.jpg 9w, https:\/\/jiana-tech.com\/wp-content\/uploads\/2025\/10\/EDI\u5904\u7406\u7cfb\u7edf\u63a7\u5236\u67dc-001-2-600x798.jpg 600w\" sizes=\"(max-width: 930px) 100vw, 930px\" \/> <img decoding=\"async\" class=\"aligncenter size-full wp-image-2921\" src=\"https:\/\/jiana-tech.com\/wp-content\/uploads\/2025\/10\/EDI\u5904\u7406\u7cfb\u7edf\u63a7\u5236\u67dc-002-2.jpg\" alt=\"\" width=\"930\" height=\"1449\" srcset=\"https:\/\/jiana-tech.com\/wp-content\/uploads\/2025\/10\/EDI\u5904\u7406\u7cfb\u7edf\u63a7\u5236\u67dc-002-2.jpg 930w, https:\/\/jiana-tech.com\/wp-content\/uploads\/2025\/10\/EDI\u5904\u7406\u7cfb\u7edf\u63a7\u5236\u67dc-002-2-193x300.jpg 193w, https:\/\/jiana-tech.com\/wp-content\/uploads\/2025\/10\/EDI\u5904\u7406\u7cfb\u7edf\u63a7\u5236\u67dc-002-2-657x1024.jpg 657w, https:\/\/jiana-tech.com\/wp-content\/uploads\/2025\/10\/EDI\u5904\u7406\u7cfb\u7edf\u63a7\u5236\u67dc-002-2-768x1197.jpg 768w, https:\/\/jiana-tech.com\/wp-content\/uploads\/2025\/10\/EDI\u5904\u7406\u7cfb\u7edf\u63a7\u5236\u67dc-002-2-8x12.jpg 8w, https:\/\/jiana-tech.com\/wp-content\/uploads\/2025\/10\/EDI\u5904\u7406\u7cfb\u7edf\u63a7\u5236\u67dc-002-2-600x935.jpg 600w\" sizes=\"(max-width: 930px) 100vw, 930px\" \/><\/p>","protected":false},"excerpt":{"rendered":"<p>1. The entire system&#8217;s electrical control cabinet utilizes an indoor Rittal cabinet design with an IP40 protection rating.<br \/>\nL'alimentazione principale dell'armadio elettrico \u00e8 un sistema trifase a cinque fili con una tensione nominale di 380 V CA, una frequenza nominale di 50 Hz e una corrente di carico massima di 300 A.<br \/>\n3. The yellow, green, and red copper busbars inside the cabinet are the three-phase live wires A, B, and C. The yellow wire is the AC220V control wire, and the blue<\/p>","protected":false},"featured_media":2919,"template":"","meta":{"site-sidebar-layout":"default","site-content-layout":"","ast-site-content-layout":"default","site-content-style":"default","site-sidebar-style":"default","ast-global-header-display":"","ast-banner-title-visibility":"","ast-main-header-display":"","ast-hfb-above-header-display":"","ast-hfb-below-header-display":"","ast-hfb-mobile-header-display":"","site-post-title":"","ast-breadcrumbs-content":"","ast-featured-img":"","footer-sml-layout":"","ast-disable-related-posts":"","theme-transparent-header-meta":"default","adv-header-id-meta":"","stick-header-meta":"","header-above-stick-meta":"","header-main-stick-meta":"","header-below-stick-meta":"","astra-migrate-meta-layouts":"set","ast-page-background-enabled":"default","ast-page-background-meta":{"desktop":{"background-color":"var(--ast-global-color-5)","background-image":"","background-repeat":"repeat","background-position":"center center","background-size":"auto","background-attachment":"scroll","background-type":"","background-media":"","overlay-type":"","overlay-color":"","overlay-opacity":"","overlay-gradient":""},"tablet":{"background-color":"","background-image":"","background-repeat":"repeat","background-position":"center center","background-size":"auto","background-attachment":"scroll","background-type":"","background-media":"","overlay-type":"","overlay-color":"","overlay-opacity":"","overlay-gradient":""},"mobile":{"background-color":"","background-image":"","background-repeat":"repeat","background-position":"center center","background-size":"auto","background-attachment":"scroll","background-type":"","background-media":"","overlay-type":"","overlay-color":"","overlay-opacity":"","overlay-gradient":""}},"ast-content-background-meta":{"desktop":{"background-color":"var(--ast-global-color-4)","background-image":"","background-repeat":"repeat","background-position":"center center","background-size":"auto","background-attachment":"scroll","background-type":"","background-media":"","overlay-type":"","overlay-color":"","overlay-opacity":"","overlay-gradient":""},"tablet":{"background-color":"var(--ast-global-color-4)","background-image":"","background-repeat":"repeat","background-position":"center center","background-size":"auto","background-attachment":"scroll","background-type":"","background-media":"","overlay-type":"","overlay-color":"","overlay-opacity":"","overlay-gradient":""},"mobile":{"background-color":"var(--ast-global-color-4)","background-image":"","background-repeat":"repeat","background-position":"center center","background-size":"auto","background-attachment":"scroll","background-type":"","background-media":"","overlay-type":"","overlay-color":"","overlay-opacity":"","overlay-gradient":""}}},"product_brand":[],"product_cat":[30],"product_tag":[],"class_list":{"0":"post-2918","1":"product","2":"type-product","3":"status-publish","4":"has-post-thumbnail","6":"product_cat-environmental-protection-equipment-system-control-cabinet","7":"desktop-align-left","8":"tablet-align-left","9":"mobile-align-left","11":"first","12":"outofstock","13":"shipping-taxable","14":"product-type-variable"},"_links":{"self":[{"href":"https:\/\/jiana-tech.com\/it\/wp-json\/wp\/v2\/product\/2918","targetHints":{"allow":["GET"]}}],"collection":[{"href":"https:\/\/jiana-tech.com\/it\/wp-json\/wp\/v2\/product"}],"about":[{"href":"https:\/\/jiana-tech.com\/it\/wp-json\/wp\/v2\/types\/product"}],"wp:featuredmedia":[{"embeddable":true,"href":"https:\/\/jiana-tech.com\/it\/wp-json\/wp\/v2\/media\/2919"}],"wp:attachment":[{"href":"https:\/\/jiana-tech.com\/it\/wp-json\/wp\/v2\/media?parent=2918"}],"wp:term":[{"taxonomy":"product_brand","embeddable":true,"href":"https:\/\/jiana-tech.com\/it\/wp-json\/wp\/v2\/product_brand?post=2918"},{"taxonomy":"product_cat","embeddable":true,"href":"https:\/\/jiana-tech.com\/it\/wp-json\/wp\/v2\/product_cat?post=2918"},{"taxonomy":"product_tag","embeddable":true,"href":"https:\/\/jiana-tech.com\/it\/wp-json\/wp\/v2\/product_tag?post=2918"}],"curies":[{"name":"wp","href":"https:\/\/api.w.org\/{rel}","templated":true}]}}