{"id":178,"date":"2025-08-05T00:50:34","date_gmt":"2025-08-05T00:50:34","guid":{"rendered":"https:\/\/jiana-tech.com\/?post_type=product&#038;p=178"},"modified":"2025-08-05T00:51:49","modified_gmt":"2025-08-05T00:51:49","slug":"yangao-box-ae-box-small-size-metal-sheet-electric-box-with-rainproof-edge","status":"publish","type":"product","link":"https:\/\/jiana-tech.com\/lt\/product\/yangao-box-ae-box-small-size-metal-sheet-electric-box-with-rainproof-edge\/","title":{"rendered":"YanGao d\u0117\u017eut\u0117 AE d\u0117\u017eut\u0117 Ma\u017eo dyd\u017eio metalinio lak\u0161to elektros d\u0117\u017eut\u0117 su lietaus nepraleid\u017eian\u010diu kra\u0161tu"},"content":{"rendered":"<p>IP lygis: IP40<br \/>\nTipas: valdymo d\u0117\u017eut\u0117<br \/>\nKilm\u0117s vieta: Shandong, Kinija<br \/>\nPavir\u0161iaus apdorojimas: miltelin\u0117 danga<br \/>\nPrek\u0117s \u017eenklo pavadinimas: YanGao<br \/>\nModelio numeris: DL-01<br \/>\nI\u0161orinis dydis: 250 * 300 * 140, 300 * 400 * 200, 400 * 400 * 200, 400 * 500 * 200, 400 * 600 * 250, 500 * 700 * 250, 600 * 800 * 250, 800 * 1000 * 250, kiti<br \/>\nMed\u017eiaga: \u0161altai valcuotas plienas, metalas, plienas<br \/>\nProdukto pavadinimas: elektros skydo d\u0117\u017eut\u0117<br \/>\nSpalva: pilka<br \/>\nTaikymas: Apsaugoti sumontuotus grandin\u0117s pertraukiklius<br \/>\nNaudojimas: pla\u010diai naudojamas<br \/>\nDydis: 250X300 300X400 400X500 500X600 600X800 800X1000<br \/>\nSavyb\u0117: Sauga Patvarus<br \/>\nFunkcija: apsaugos funkcija<br \/>\nForma: sta\u010diakampis<br \/>\nPritaikymas: Priimkite korpus\u0105 pritaikyt\u0105<br \/>\nLogotipas: Priimkite individual\u0173 logotip\u0105<br \/>\nPardavimo vienetai: Vienas elementas<br \/>\nVienos pakuot\u0117s dydis: 43X34X23 cm<br \/>\nBendrasis svoris: 6.500 KG<\/p>\n<p><img decoding=\"async\" class=\"alignnone size-full\" src=\"https:\/\/1688factorys.com\/wp-content\/uploads\/detail_pic_0-1396.jpg\" width=\"790\" alt=\"\"\/><\/p>\n<p><img decoding=\"async\" class=\"alignnone size-full\" src=\"https:\/\/1688factorys.com\/wp-content\/uploads\/detail_pic_1-1321.jpg\" width=\"790\" alt=\"\"\/><\/p>\n<p><img decoding=\"async\" class=\"alignnone size-full\" src=\"https:\/\/1688factorys.com\/wp-content\/uploads\/detail_pic_2-1361.jpg\" width=\"790\" alt=\"\"\/><\/p>\n<p><img decoding=\"async\" class=\"alignnone size-full\" src=\"https:\/\/1688factorys.com\/wp-content\/uploads\/detail_pic_3-1337.jpg\" width=\"790\" alt=\"\"\/><\/p>\n<p><img decoding=\"async\" class=\"alignnone size-full\" src=\"https:\/\/1688factorys.com\/wp-content\/uploads\/detail_pic_4-1181.jpg\" width=\"790\" alt=\"\"\/><\/p>\n<p><img decoding=\"async\" class=\"alignnone size-full\" src=\"https:\/\/1688factorys.com\/wp-content\/uploads\/detail_pic_5-1045.jpg\" width=\"790\" alt=\"\"\/><\/p>\n<p><img decoding=\"async\" class=\"alignnone size-full\" src=\"https:\/\/1688factorys.com\/wp-content\/uploads\/detail_pic_6-1059.jpg\" width=\"790\" alt=\"\"\/><\/p>\n<p><img decoding=\"async\" class=\"alignnone size-full\" src=\"https:\/\/1688factorys.com\/wp-content\/uploads\/detail_pic_7-1042.jpg\" width=\"790\" alt=\"\"\/><\/p>\n<p><img decoding=\"async\" class=\"alignnone size-full\" src=\"https:\/\/1688factorys.com\/wp-content\/uploads\/detail_pic_8-762.jpg\" width=\"790\" alt=\"\"\/><\/p>\n<p><img decoding=\"async\" class=\"alignnone size-full\" src=\"https:\/\/1688factorys.com\/wp-content\/uploads\/detail_pic_9-682.jpg\" width=\"790\" alt=\"\"\/><\/p>","protected":false},"excerpt":{"rendered":"<p>YanGao d\u0117\u017eut\u0117 AE d\u0117\u017eut\u0117 Ma\u017eo dyd\u017eio metalinio lak\u0161to elektros d\u0117\u017eut\u0117 su lietaus nepraleid\u017eian\u010diu kra\u0161tu<\/p>","protected":false},"featured_media":341,"template":"","meta":{"site-sidebar-layout":"default","site-content-layout":"","ast-site-content-layout":"default","site-content-style":"default","site-sidebar-style":"default","ast-global-header-display":"","ast-banner-title-visibility":"","ast-main-header-display":"","ast-hfb-above-header-display":"","ast-hfb-below-header-display":"","ast-hfb-mobile-header-display":"","site-post-title":"","ast-breadcrumbs-content":"","ast-featured-img":"","footer-sml-layout":"","theme-transparent-header-meta":"","adv-header-id-meta":"","stick-header-meta":"","header-above-stick-meta":"","header-main-stick-meta":"","header-below-stick-meta":"","astra-migrate-meta-layouts":"default","ast-page-background-enabled":"default","ast-page-background-meta":{"desktop":{"background-color":"var(--ast-global-color-5)","background-image":"","background-repeat":"repeat","background-position":"center center","background-size":"auto","background-attachment":"scroll","background-type":"","background-media":"","overlay-type":"","overlay-color":"","overlay-opacity":"","overlay-gradient":""},"tablet":{"background-color":"","background-image":"","background-repeat":"repeat","background-position":"center center","background-size":"auto","background-attachment":"scroll","background-type":"","background-media":"","overlay-type":"","overlay-color":"","overlay-opacity":"","overlay-gradient":""},"mobile":{"background-color":"","background-image":"","background-repeat":"repeat","background-position":"center center","background-size":"auto","background-attachment":"scroll","background-type":"","background-media":"","overlay-type":"","overlay-color":"","overlay-opacity":"","overlay-gradient":""}},"ast-content-background-meta":{"desktop":{"background-color":"var(--ast-global-color-4)","background-image":"","background-repeat":"repeat","background-position":"center center","background-size":"auto","background-attachment":"scroll","background-type":"","background-media":"","overlay-type":"","overlay-color":"","overlay-opacity":"","overlay-gradient":""},"tablet":{"background-color":"var(--ast-global-color-4)","background-image":"","background-repeat":"repeat","background-position":"center center","background-size":"auto","background-attachment":"scroll","background-type":"","background-media":"","overlay-type":"","overlay-color":"","overlay-opacity":"","overlay-gradient":""},"mobile":{"background-color":"var(--ast-global-color-4)","background-image":"","background-repeat":"repeat","background-position":"center center","background-size":"auto","background-attachment":"scroll","background-type":"","background-media":"","overlay-type":"","overlay-color":"","overlay-opacity":"","overlay-gradient":""}}},"product_brand":[],"product_cat":[20],"product_tag":[],"class_list":{"0":"post-178","1":"product","2":"type-product","3":"status-publish","4":"has-post-thumbnail","6":"product_cat-metal-box","7":"desktop-align-left","8":"tablet-align-left","9":"mobile-align-left","11":"first","12":"outofstock","13":"shipping-taxable","14":"product-type-variable"},"_links":{"self":[{"href":"https:\/\/jiana-tech.com\/lt\/wp-json\/wp\/v2\/product\/178","targetHints":{"allow":["GET"]}}],"collection":[{"href":"https:\/\/jiana-tech.com\/lt\/wp-json\/wp\/v2\/product"}],"about":[{"href":"https:\/\/jiana-tech.com\/lt\/wp-json\/wp\/v2\/types\/product"}],"wp:featuredmedia":[{"embeddable":true,"href":"https:\/\/jiana-tech.com\/lt\/wp-json\/wp\/v2\/media\/341"}],"wp:attachment":[{"href":"https:\/\/jiana-tech.com\/lt\/wp-json\/wp\/v2\/media?parent=178"}],"wp:term":[{"taxonomy":"product_brand","embeddable":true,"href":"https:\/\/jiana-tech.com\/lt\/wp-json\/wp\/v2\/product_brand?post=178"},{"taxonomy":"product_cat","embeddable":true,"href":"https:\/\/jiana-tech.com\/lt\/wp-json\/wp\/v2\/product_cat?post=178"},{"taxonomy":"product_tag","embeddable":true,"href":"https:\/\/jiana-tech.com\/lt\/wp-json\/wp\/v2\/product_tag?post=178"}],"curies":[{"name":"wp","href":"https:\/\/api.w.org\/{rel}","templated":true}]}}