{"id":2548,"date":"2025-09-10T00:36:43","date_gmt":"2025-09-10T00:36:43","guid":{"rendered":"https:\/\/jiana-tech.com\/product\/customized-completed-set-of-xl-21-cabinet-electric-box-plc-control-cabinet-electrical-cabinet-ip55\/"},"modified":"2025-10-25T03:22:23","modified_gmt":"2025-10-25T03:22:23","slug":"customized-completed-set-of-xl-21-cabinet-electric-box-plc-control-cabinet-electrical-cabinet-ip55","status":"publish","type":"product","link":"https:\/\/jiana-tech.com\/lt\/product\/customized-completed-set-of-xl-21-cabinet-electric-box-plc-control-cabinet-electrical-cabinet-ip55\/","title":{"rendered":"Individualus u\u017ebaigtas XL-21 spintos rinkinys Elektros d\u0117\u017eut\u0117 PLC valdymo spinta Elektros spinta IP55"},"content":{"rendered":"<p>IP lygis: ip55<br \/>\nI\u0161orinis dydis: 1000 * 800 * 300<br \/>\nMed\u017eiaga: plieno lak\u0161tas, 1,5 mm metalo lak\u0161tas<br \/>\nKilm\u0117s vieta: Zhejiang, Kinija<br \/>\nPrek\u0117s \u017eenklo pavadinimas: Saipwell<br \/>\nModelio numeris: SPT-1008030<br \/>\nTipas: paskirstymo d\u0117\u017eut\u0117<br \/>\nMed\u017eiaga: ner\u016bdijantis plienas \/ \u0161altai valcuotas plienas<br \/>\nStoris: 1,2\/1,5\/2,0 mm<br \/>\nDydis: 1000*800*300<br \/>\nSpalva: RAL 7032 \/ RAL 7035<br \/>\nSertifikatas: CE ROHS UL<br \/>\nPristatymo laikas: 10-15 darbo dien\u0173<br \/>\nPasirinktin\u0117 paslauga:Cuout.logo.label<br \/>\nMOQ: 1 vnt.<br \/>\nApsaugos laipsnis: IP66 Lauke<br \/>\nPakuot\u0117: kartonin\u0117 pakuot\u0117<br \/>\nPardavimo vienetai: Vienas elementas<br \/>\nVienos pakuot\u0117s dydis: 102X82X32 cm<br \/>\nVienkartinis bendrasis svoris: 50 000 kg<\/p>\n<p><img decoding=\"async\" class=\"alignnone size-full\" src=\"https:\/\/jiana-tech.com\/wp-content\/uploads\/2025\/09\/detail_pic_0-15.jpg\" width=\"790\" alt=\"\"\/><\/p>\n<p><img decoding=\"async\" class=\"alignnone size-full\" src=\"https:\/\/jiana-tech.com\/wp-content\/uploads\/2025\/09\/detail_pic_1-13.jpg\" width=\"790\" alt=\"\"\/><\/p>\n<p><img decoding=\"async\" class=\"alignnone size-full\" src=\"https:\/\/jiana-tech.com\/wp-content\/uploads\/2025\/09\/detail_pic_2-22.jpg\" width=\"790\" alt=\"\"\/><\/p>\n<p><img decoding=\"async\" class=\"alignnone size-full\" src=\"https:\/\/jiana-tech.com\/wp-content\/uploads\/2025\/09\/detail_pic_3-19.jpg\" width=\"790\" alt=\"\"\/><\/p>\n<p><img decoding=\"async\" class=\"alignnone size-full\" src=\"https:\/\/jiana-tech.com\/wp-content\/uploads\/2025\/09\/detail_pic_4-20.jpg\" width=\"790\" alt=\"\"\/><\/p>\n<p><img decoding=\"async\" class=\"alignnone size-full\" src=\"https:\/\/jiana-tech.com\/wp-content\/uploads\/2025\/09\/detail_pic_5-16.jpg\" width=\"790\" alt=\"\"\/><\/p>\n<p><img decoding=\"async\" class=\"alignnone size-full\" src=\"https:\/\/jiana-tech.com\/wp-content\/uploads\/2025\/09\/detail_pic_6-17.jpg\" width=\"790\" alt=\"\"\/><\/p>\n<p><img decoding=\"async\" class=\"alignnone size-full\" src=\"https:\/\/jiana-tech.com\/wp-content\/uploads\/2025\/09\/detail_pic_7-15.jpg\" width=\"790\" alt=\"\"\/><\/p>\n<p><img decoding=\"async\" class=\"alignnone size-full\" src=\"https:\/\/jiana-tech.com\/wp-content\/uploads\/2025\/09\/detail_pic_8-11.jpg\" width=\"790\" alt=\"\"\/><\/p>\n<p><img decoding=\"async\" class=\"alignnone size-full\" src=\"https:\/\/jiana-tech.com\/wp-content\/uploads\/2025\/09\/detail_pic_9-15.jpg\" width=\"790\" alt=\"\"\/><\/p>\n<p><img decoding=\"async\" class=\"alignnone size-full\" src=\"https:\/\/jiana-tech.com\/wp-content\/uploads\/2025\/09\/detail_pic_10-9.jpg\" width=\"790\" alt=\"\"\/><\/p>\n<p><img decoding=\"async\" class=\"alignnone size-full\" src=\"https:\/\/jiana-tech.com\/wp-content\/uploads\/2025\/09\/detail_pic_11-8.jpg\" width=\"790\" alt=\"\"\/><\/p>\n<p><img decoding=\"async\" class=\"alignnone size-full\" src=\"https:\/\/jiana-tech.com\/wp-content\/uploads\/2025\/09\/detail_pic_12-11.jpg\" width=\"790\" alt=\"\"\/><\/p>\n<p><img decoding=\"async\" class=\"alignnone size-full\" src=\"https:\/\/jiana-tech.com\/wp-content\/uploads\/2025\/09\/detail_pic_13-13.jpg\" width=\"790\" alt=\"\"\/><\/p>\n<p><img decoding=\"async\" class=\"alignnone size-full\" src=\"https:\/\/jiana-tech.com\/wp-content\/uploads\/2025\/09\/detail_pic_14-13.jpg\" width=\"790\" alt=\"\"\/><\/p>\n<p><img decoding=\"async\" class=\"alignnone size-full\" src=\"https:\/\/jiana-tech.com\/wp-content\/uploads\/2025\/09\/detail_pic_15-11.jpg\" width=\"790\" alt=\"\"\/><\/p>\n<p><img decoding=\"async\" class=\"alignnone size-full\" src=\"https:\/\/jiana-tech.com\/wp-content\/uploads\/2025\/09\/detail_pic_16-11.jpg\" width=\"790\" alt=\"\"\/><\/p>\n<p><img decoding=\"async\" class=\"alignnone size-full\" src=\"https:\/\/jiana-tech.com\/wp-content\/uploads\/2025\/09\/detail_pic_17-10.png\" width=\"790\" alt=\"\"\/><\/p>\n<p><img decoding=\"async\" class=\"alignnone size-full\" src=\"https:\/\/jiana-tech.com\/wp-content\/uploads\/2025\/09\/detail_pic_18-8.jpg\" width=\"790\" alt=\"\"\/><\/p>\n<p><img decoding=\"async\" class=\"alignnone size-full\" src=\"https:\/\/jiana-tech.com\/wp-content\/uploads\/2025\/09\/detail_pic_19-9.jpg\" width=\"790\" alt=\"\"\/><\/p>","protected":false},"excerpt":{"rendered":"<p>Individualus u\u017ebaigtas XL-21 spintos rinkinys Elektros d\u0117\u017eut\u0117 PLC valdymo spinta Elektros spinta IP55<\/p>","protected":false},"featured_media":2489,"template":"","meta":{"site-sidebar-layout":"default","site-content-layout":"","ast-site-content-layout":"default","site-content-style":"default","site-sidebar-style":"default","ast-global-header-display":"","ast-banner-title-visibility":"","ast-main-header-display":"","ast-hfb-above-header-display":"","ast-hfb-below-header-display":"","ast-hfb-mobile-header-display":"","site-post-title":"","ast-breadcrumbs-content":"","ast-featured-img":"","footer-sml-layout":"","ast-disable-related-posts":"","theme-transparent-header-meta":"","adv-header-id-meta":"","stick-header-meta":"","header-above-stick-meta":"","header-main-stick-meta":"","header-below-stick-meta":"","astra-migrate-meta-layouts":"default","ast-page-background-enabled":"default","ast-page-background-meta":{"desktop":{"background-color":"var(--ast-global-color-5)","background-image":"","background-repeat":"repeat","background-position":"center center","background-size":"auto","background-attachment":"scroll","background-type":"","background-media":"","overlay-type":"","overlay-color":"","overlay-opacity":"","overlay-gradient":""},"tablet":{"background-color":"","background-image":"","background-repeat":"repeat","background-position":"center center","background-size":"auto","background-attachment":"scroll","background-type":"","background-media":"","overlay-type":"","overlay-color":"","overlay-opacity":"","overlay-gradient":""},"mobile":{"background-color":"","background-image":"","background-repeat":"repeat","background-position":"center center","background-size":"auto","background-attachment":"scroll","background-type":"","background-media":"","overlay-type":"","overlay-color":"","overlay-opacity":"","overlay-gradient":""}},"ast-content-background-meta":{"desktop":{"background-color":"var(--ast-global-color-4)","background-image":"","background-repeat":"repeat","background-position":"center center","background-size":"auto","background-attachment":"scroll","background-type":"","background-media":"","overlay-type":"","overlay-color":"","overlay-opacity":"","overlay-gradient":""},"tablet":{"background-color":"var(--ast-global-color-4)","background-image":"","background-repeat":"repeat","background-position":"center center","background-size":"auto","background-attachment":"scroll","background-type":"","background-media":"","overlay-type":"","overlay-color":"","overlay-opacity":"","overlay-gradient":""},"mobile":{"background-color":"var(--ast-global-color-4)","background-image":"","background-repeat":"repeat","background-position":"center center","background-size":"auto","background-attachment":"scroll","background-type":"","background-media":"","overlay-type":"","overlay-color":"","overlay-opacity":"","overlay-gradient":""}}},"product_brand":[],"product_cat":[33,19],"product_tag":[],"class_list":{"0":"post-2548","1":"product","2":"type-product","3":"status-publish","4":"has-post-thumbnail","6":"product_cat-plc-control-cabinet1","7":"product_cat-uncategorized","8":"desktop-align-left","9":"tablet-align-left","10":"mobile-align-left","12":"first","13":"outofstock","14":"shipping-taxable","15":"product-type-variable"},"_links":{"self":[{"href":"https:\/\/jiana-tech.com\/lt\/wp-json\/wp\/v2\/product\/2548","targetHints":{"allow":["GET"]}}],"collection":[{"href":"https:\/\/jiana-tech.com\/lt\/wp-json\/wp\/v2\/product"}],"about":[{"href":"https:\/\/jiana-tech.com\/lt\/wp-json\/wp\/v2\/types\/product"}],"wp:featuredmedia":[{"embeddable":true,"href":"https:\/\/jiana-tech.com\/lt\/wp-json\/wp\/v2\/media\/2489"}],"wp:attachment":[{"href":"https:\/\/jiana-tech.com\/lt\/wp-json\/wp\/v2\/media?parent=2548"}],"wp:term":[{"taxonomy":"product_brand","embeddable":true,"href":"https:\/\/jiana-tech.com\/lt\/wp-json\/wp\/v2\/product_brand?post=2548"},{"taxonomy":"product_cat","embeddable":true,"href":"https:\/\/jiana-tech.com\/lt\/wp-json\/wp\/v2\/product_cat?post=2548"},{"taxonomy":"product_tag","embeddable":true,"href":"https:\/\/jiana-tech.com\/lt\/wp-json\/wp\/v2\/product_tag?post=2548"}],"curies":[{"name":"wp","href":"https:\/\/api.w.org\/{rel}","templated":true}]}}