{"id":2871,"date":"2025-10-25T01:21:48","date_gmt":"2025-10-25T01:21:48","guid":{"rendered":"https:\/\/jiana-tech.com\/?post_type=product&#038;p=2871"},"modified":"2025-10-25T01:29:27","modified_gmt":"2025-10-25T01:29:27","slug":"ac310-series-inverter-cabinet","status":"publish","type":"product","link":"https:\/\/jiana-tech.com\/lt\/product\/ac310-series-inverter-cabinet\/","title":{"rendered":"AC310 series inverter cabinet"},"content":{"rendered":"<p style=\"text-align: center;\">1. Visos sistemos elektros valdymo spintel\u0117je naudojama lauko Rittal konstrukcijos spintel\u0117, kurios apsaugos klas\u0117 yra IP54.<\/p>\n<p style=\"text-align: center;\">\u25cf Pagrindinis valdymo spintos maitinimo \u0161altinis yra trifaz\u0117 penki\u0173 laid\u0173 sistema, kurios vardin\u0117 \u012ftampa yra 380 V AC, vardinis da\u017enis - 50 Hz, o did\u017eiausia apkrovos srov\u0117 - 100 A.<\/p>\n<p style=\"text-align: center;\">\u25cf Juodas laidas spintel\u0117s viduje yra AC380V maitinimo linija, geltonas laidas - AC220V valdymo linija, m\u0117lynas laidas - DC24V valdymo linija, o geltonai \u017ealia linija - \u012f\u017eeminimo linija.<\/p>\n<p style=\"text-align: center;\">\u25cf Pagrindiniai korpuso viduje esantys komponentai yra liejamo korpuso grandin\u0117s pertraukiklis, miniati\u016brinis grandin\u0117s pertraukiklis, tarpin\u0117 rel\u0117, kintamosios srov\u0117s kontaktorius ir da\u017enio keitiklis.<\/p>\n<p style=\"text-align: center;\">\u25cf The frequency converter inside the cabinet uses the AC310 series. Unlike other frequency converters that can only drive specific motors, the AC310 series frequency converter can drive a variety of motors, including conventional asynchronous motors, variable-frequency motors, AC servo motors, various synchronous motors, high-speed motors, and electric spindles.<\/p>\n<p style=\"text-align: center;\">\u25cf Spintel\u0117je yra mygtukai, kontrolin\u0117s lemput\u0117s ir i\u0161pl\u0117stinis valdymo skydelis. \u0160iame skydelyje, prijungtame prie da\u017enio keitiklio elektrini\u0173 komponent\u0173, rodoma da\u017enio keitiklio veikimo b\u016bsena ir valdomas da\u017enio keitiklio paleidimas ir sustabdymas.<\/p>\n<p><img fetchpriority=\"high\" decoding=\"async\" class=\"aligncenter size-full wp-image-2872\" src=\"https:\/\/jiana-tech.com\/wp-content\/uploads\/2025\/10\/\u4ea7\u54c1\u4e8cIMG_20210905_1257191.jpg-2.jpg\" alt=\"\" width=\"900\" height=\"1200\" srcset=\"https:\/\/jiana-tech.com\/wp-content\/uploads\/2025\/10\/\u4ea7\u54c1\u4e8cIMG_20210905_1257191.jpg-2.jpg 900w, https:\/\/jiana-tech.com\/wp-content\/uploads\/2025\/10\/\u4ea7\u54c1\u4e8cIMG_20210905_1257191.jpg-2-225x300.jpg 225w, https:\/\/jiana-tech.com\/wp-content\/uploads\/2025\/10\/\u4ea7\u54c1\u4e8cIMG_20210905_1257191.jpg-2-768x1024.jpg 768w, https:\/\/jiana-tech.com\/wp-content\/uploads\/2025\/10\/\u4ea7\u54c1\u4e8cIMG_20210905_1257191.jpg-2-9x12.jpg 9w, https:\/\/jiana-tech.com\/wp-content\/uploads\/2025\/10\/\u4ea7\u54c1\u4e8cIMG_20210905_1257191.jpg-2-600x800.jpg 600w\" sizes=\"(max-width: 900px) 100vw, 900px\" \/> <img decoding=\"async\" class=\"aligncenter size-full wp-image-2873\" src=\"https:\/\/jiana-tech.com\/wp-content\/uploads\/2025\/10\/\u5c01\u9762\u4e00IMG_20210905_1258141.jpg-2.jpg\" alt=\"\" width=\"900\" height=\"1200\" srcset=\"https:\/\/jiana-tech.com\/wp-content\/uploads\/2025\/10\/\u5c01\u9762\u4e00IMG_20210905_1258141.jpg-2.jpg 900w, https:\/\/jiana-tech.com\/wp-content\/uploads\/2025\/10\/\u5c01\u9762\u4e00IMG_20210905_1258141.jpg-2-225x300.jpg 225w, https:\/\/jiana-tech.com\/wp-content\/uploads\/2025\/10\/\u5c01\u9762\u4e00IMG_20210905_1258141.jpg-2-768x1024.jpg 768w, https:\/\/jiana-tech.com\/wp-content\/uploads\/2025\/10\/\u5c01\u9762\u4e00IMG_20210905_1258141.jpg-2-9x12.jpg 9w, https:\/\/jiana-tech.com\/wp-content\/uploads\/2025\/10\/\u5c01\u9762\u4e00IMG_20210905_1258141.jpg-2-600x800.jpg 600w\" sizes=\"(max-width: 900px) 100vw, 900px\" \/> <img decoding=\"async\" class=\"aligncenter size-full wp-image-2874\" src=\"https:\/\/jiana-tech.com\/wp-content\/uploads\/2025\/10\/\u4f1f\u521bAC310\u7cfb\u5217\u53d8\u9891\u5668\u67dc-2.jpg\" alt=\"\" width=\"600\" height=\"450\" srcset=\"https:\/\/jiana-tech.com\/wp-content\/uploads\/2025\/10\/\u4f1f\u521bAC310\u7cfb\u5217\u53d8\u9891\u5668\u67dc-2.jpg 600w, https:\/\/jiana-tech.com\/wp-content\/uploads\/2025\/10\/\u4f1f\u521bAC310\u7cfb\u5217\u53d8\u9891\u5668\u67dc-2-300x225.jpg 300w, https:\/\/jiana-tech.com\/wp-content\/uploads\/2025\/10\/\u4f1f\u521bAC310\u7cfb\u5217\u53d8\u9891\u5668\u67dc-2-16x12.jpg 16w\" sizes=\"(max-width: 600px) 100vw, 600px\" \/> <img loading=\"lazy\" decoding=\"async\" class=\"aligncenter size-full wp-image-2875\" src=\"https:\/\/jiana-tech.com\/wp-content\/uploads\/2025\/10\/\u4f1f\u521bAC310\u7cfb\u5217\u53d8\u9891\u5668\u67dc-001.jpg\" alt=\"\" width=\"600\" height=\"450\" srcset=\"https:\/\/jiana-tech.com\/wp-content\/uploads\/2025\/10\/\u4f1f\u521bAC310\u7cfb\u5217\u53d8\u9891\u5668\u67dc-001.jpg 600w, https:\/\/jiana-tech.com\/wp-content\/uploads\/2025\/10\/\u4f1f\u521bAC310\u7cfb\u5217\u53d8\u9891\u5668\u67dc-001-300x225.jpg 300w, https:\/\/jiana-tech.com\/wp-content\/uploads\/2025\/10\/\u4f1f\u521bAC310\u7cfb\u5217\u53d8\u9891\u5668\u67dc-001-16x12.jpg 16w\" sizes=\"(max-width: 600px) 100vw, 600px\" \/><\/p>","protected":false},"excerpt":{"rendered":"<p>Da\u017enio keitiklio valdymo spinta daugiausia naudojama \u012frangos darbiniam da\u017eniui reguliuoti, energijos nuostoliams ma\u017einti, skland\u017eiai paleisti \u012frang\u0105 ir suma\u017einti variklio pa\u017eeidimus, kuriuos sukelia didel\u0117 srov\u0117, atsirandanti tiesiogiai paleid\u017eiant \u012frang\u0105. Ji taip pat turi analogin\u0119 \u012fvest\u012f (grei\u010dio valdymui arba gr\u012f\u017etamojo ry\u0161io signalui), PID perjungimo valdym\u0105 (valdymui, siurblio pastoviam sl\u0117giui) ir ry\u0161io funkcijas.<\/p>","protected":false},"featured_media":2874,"template":"","meta":{"site-sidebar-layout":"default","site-content-layout":"","ast-site-content-layout":"default","site-content-style":"default","site-sidebar-style":"default","ast-global-header-display":"","ast-banner-title-visibility":"","ast-main-header-display":"","ast-hfb-above-header-display":"","ast-hfb-below-header-display":"","ast-hfb-mobile-header-display":"","site-post-title":"","ast-breadcrumbs-content":"","ast-featured-img":"","footer-sml-layout":"","ast-disable-related-posts":"","theme-transparent-header-meta":"default","adv-header-id-meta":"","stick-header-meta":"","header-above-stick-meta":"","header-main-stick-meta":"","header-below-stick-meta":"","astra-migrate-meta-layouts":"set","ast-page-background-enabled":"default","ast-page-background-meta":{"desktop":{"background-color":"var(--ast-global-color-5)","background-image":"","background-repeat":"repeat","background-position":"center center","background-size":"auto","background-attachment":"scroll","background-type":"","background-media":"","overlay-type":"","overlay-color":"","overlay-opacity":"","overlay-gradient":""},"tablet":{"background-color":"","background-image":"","background-repeat":"repeat","background-position":"center center","background-size":"auto","background-attachment":"scroll","background-type":"","background-media":"","overlay-type":"","overlay-color":"","overlay-opacity":"","overlay-gradient":""},"mobile":{"background-color":"","background-image":"","background-repeat":"repeat","background-position":"center center","background-size":"auto","background-attachment":"scroll","background-type":"","background-media":"","overlay-type":"","overlay-color":"","overlay-opacity":"","overlay-gradient":""}},"ast-content-background-meta":{"desktop":{"background-color":"var(--ast-global-color-4)","background-image":"","background-repeat":"repeat","background-position":"center center","background-size":"auto","background-attachment":"scroll","background-type":"","background-media":"","overlay-type":"","overlay-color":"","overlay-opacity":"","overlay-gradient":""},"tablet":{"background-color":"var(--ast-global-color-4)","background-image":"","background-repeat":"repeat","background-position":"center center","background-size":"auto","background-attachment":"scroll","background-type":"","background-media":"","overlay-type":"","overlay-color":"","overlay-opacity":"","overlay-gradient":""},"mobile":{"background-color":"var(--ast-global-color-4)","background-image":"","background-repeat":"repeat","background-position":"center center","background-size":"auto","background-attachment":"scroll","background-type":"","background-media":"","overlay-type":"","overlay-color":"","overlay-opacity":"","overlay-gradient":""}}},"product_brand":[],"product_cat":[28],"product_tag":[],"class_list":{"0":"post-2871","1":"product","2":"type-product","3":"status-publish","4":"has-post-thumbnail","6":"product_cat-frequency-converter-control-cabinet","7":"desktop-align-left","8":"tablet-align-left","9":"mobile-align-left","11":"first","12":"outofstock","13":"shipping-taxable","14":"product-type-variable"},"_links":{"self":[{"href":"https:\/\/jiana-tech.com\/lt\/wp-json\/wp\/v2\/product\/2871","targetHints":{"allow":["GET"]}}],"collection":[{"href":"https:\/\/jiana-tech.com\/lt\/wp-json\/wp\/v2\/product"}],"about":[{"href":"https:\/\/jiana-tech.com\/lt\/wp-json\/wp\/v2\/types\/product"}],"wp:featuredmedia":[{"embeddable":true,"href":"https:\/\/jiana-tech.com\/lt\/wp-json\/wp\/v2\/media\/2874"}],"wp:attachment":[{"href":"https:\/\/jiana-tech.com\/lt\/wp-json\/wp\/v2\/media?parent=2871"}],"wp:term":[{"taxonomy":"product_brand","embeddable":true,"href":"https:\/\/jiana-tech.com\/lt\/wp-json\/wp\/v2\/product_brand?post=2871"},{"taxonomy":"product_cat","embeddable":true,"href":"https:\/\/jiana-tech.com\/lt\/wp-json\/wp\/v2\/product_cat?post=2871"},{"taxonomy":"product_tag","embeddable":true,"href":"https:\/\/jiana-tech.com\/lt\/wp-json\/wp\/v2\/product_tag?post=2871"}],"curies":[{"name":"wp","href":"https:\/\/api.w.org\/{rel}","templated":true}]}}