{"id":2957,"date":"2025-10-25T02:52:48","date_gmt":"2025-10-25T02:52:48","guid":{"rendered":"https:\/\/jiana-tech.com\/?post_type=product&#038;p=2957"},"modified":"2025-10-25T02:55:34","modified_gmt":"2025-10-25T02:55:34","slug":"ab-controllogix-series","status":"publish","type":"product","link":"https:\/\/jiana-tech.com\/lt\/product\/ab-controllogix-series\/","title":{"rendered":"AB ControlLogix serija"},"content":{"rendered":"<p style=\"text-align: center;\">\u25cf Visoje sistemos elektros valdymo spintoje naudojama vidaus suvirinta spinta, kurios apsaugos klas\u0117 IP40.<\/p>\n<p style=\"text-align: center;\">\u25cf Pagrindinis valdymo spintos maitinimo \u0161altinis yra vienfazis kintamosios srov\u0117s 380 V, vardinis 50 Hz da\u017enis, kurio did\u017eiausia apkrovos srov\u0117 yra 250 A.<\/p>\n<p style=\"text-align: center;\">\u25cf Juodas laidas spintel\u0117s viduje yra AC380V maitinimo linija, geltonas laidas - AC220V valdymo linija, m\u0117lynas laidas - DC24V valdymo linija, o geltonai \u017ealia linija - \u012f\u017eeminimo linija.<\/p>\n<p style=\"text-align: center;\">\u25cf Pagrindin\u0117s spintos sudedamosios dalys yra liejinio korpuso automatiniai jungikliai, miniati\u016briniai automatiniai jungikliai, tarpin\u0117s rel\u0117s, keitikliai ir PLC.<\/p>\n<p style=\"text-align: center;\">\u25cf Korpuso komponentams naudojami tokie preki\u0173 \u017eenklai kaip \"Fuji\", AB ir MV, u\u017etikrinantys sistemos stabilum\u0105 ir ilgesn\u012f tarnavimo laik\u0105.<\/p>\n<p style=\"text-align: center;\">\u25cf Visoje sistemoje naudojamas AB \"ControlLogix\" serijos procesorius, pasi\u017eymintis visi\u0161kai moduline konstrukcija. Visk\u0105, pradedant r\u0117mo maitinimo \u0161altiniu ir modulio tipu, baigiant atmintimi, valdikli\u0173 skai\u010diumi ir tinklo tipu, galima pasirinkti atsi\u017evelgiant \u012f taikymo reikalavimus.<\/p>\n<p style=\"text-align: center;\">\u25cf Visas skydelio parametr\u0173 vertes galima keisti realiuoju laiku, o vis\u0105 pavojaus signalo informacij\u0105 galima per\u017ei\u016br\u0117ti pavojaus signalo ekrane, kad b\u016bt\u0173 lengviau spr\u0119sti ne\u012fprastas situacijas. I\u0161kilus avarinei situacijai, PLC spintel\u0117je esantis avarinio stabdymo mygtukas leid\u017eia greitai i\u0161jungti \u012frengin\u012f.<\/p>\n<p><img fetchpriority=\"high\" decoding=\"async\" class=\"aligncenter size-full wp-image-2958\" src=\"https:\/\/jiana-tech.com\/wp-content\/uploads\/2025\/10\/AB-ControlLogix-\u7cfb\u5217PLC\u67dc-2.jpg\" alt=\"\" width=\"600\" height=\"450\" srcset=\"https:\/\/jiana-tech.com\/wp-content\/uploads\/2025\/10\/AB-ControlLogix-\u7cfb\u5217PLC\u67dc-2.jpg 600w, https:\/\/jiana-tech.com\/wp-content\/uploads\/2025\/10\/AB-ControlLogix-\u7cfb\u5217PLC\u67dc-2-300x225.jpg 300w, https:\/\/jiana-tech.com\/wp-content\/uploads\/2025\/10\/AB-ControlLogix-\u7cfb\u5217PLC\u67dc-2-16x12.jpg 16w\" sizes=\"(max-width: 600px) 100vw, 600px\" \/> <img decoding=\"async\" class=\"aligncenter size-full wp-image-2959\" src=\"https:\/\/jiana-tech.com\/wp-content\/uploads\/2025\/10\/AB-ControlLogix-\u7cfb\u5217PLC\u67dc-2.jpg\" alt=\"\" width=\"600\" height=\"450\" srcset=\"https:\/\/jiana-tech.com\/wp-content\/uploads\/2025\/10\/AB-ControlLogix-\u7cfb\u5217PLC\u67dc-2.jpg 600w, https:\/\/jiana-tech.com\/wp-content\/uploads\/2025\/10\/AB-ControlLogix-\u7cfb\u5217PLC\u67dc-2-300x225.jpg 300w, https:\/\/jiana-tech.com\/wp-content\/uploads\/2025\/10\/AB-ControlLogix-\u7cfb\u5217PLC\u67dc-2-16x12.jpg 16w\" sizes=\"(max-width: 600px) 100vw, 600px\" \/> <img decoding=\"async\" class=\"aligncenter size-full wp-image-2960\" src=\"https:\/\/jiana-tech.com\/wp-content\/uploads\/2025\/10\/\u4ea7\u54c1\u4e8cIMG_20211203_1603481.jpg-2.jpg\" alt=\"\" width=\"900\" height=\"1200\" srcset=\"https:\/\/jiana-tech.com\/wp-content\/uploads\/2025\/10\/\u4ea7\u54c1\u4e8cIMG_20211203_1603481.jpg-2.jpg 900w, https:\/\/jiana-tech.com\/wp-content\/uploads\/2025\/10\/\u4ea7\u54c1\u4e8cIMG_20211203_1603481.jpg-2-225x300.jpg 225w, https:\/\/jiana-tech.com\/wp-content\/uploads\/2025\/10\/\u4ea7\u54c1\u4e8cIMG_20211203_1603481.jpg-2-768x1024.jpg 768w, https:\/\/jiana-tech.com\/wp-content\/uploads\/2025\/10\/\u4ea7\u54c1\u4e8cIMG_20211203_1603481.jpg-2-9x12.jpg 9w, https:\/\/jiana-tech.com\/wp-content\/uploads\/2025\/10\/\u4ea7\u54c1\u4e8cIMG_20211203_1603481.jpg-2-600x800.jpg 600w\" sizes=\"(max-width: 900px) 100vw, 900px\" \/> <img loading=\"lazy\" decoding=\"async\" class=\"aligncenter size-full wp-image-2961\" src=\"https:\/\/jiana-tech.com\/wp-content\/uploads\/2025\/10\/\u5c01\u9762\u4e00IMG_20211203_1607031.jpg-2.jpg\" alt=\"\" width=\"900\" height=\"1200\" srcset=\"https:\/\/jiana-tech.com\/wp-content\/uploads\/2025\/10\/\u5c01\u9762\u4e00IMG_20211203_1607031.jpg-2.jpg 900w, https:\/\/jiana-tech.com\/wp-content\/uploads\/2025\/10\/\u5c01\u9762\u4e00IMG_20211203_1607031.jpg-2-225x300.jpg 225w, https:\/\/jiana-tech.com\/wp-content\/uploads\/2025\/10\/\u5c01\u9762\u4e00IMG_20211203_1607031.jpg-2-768x1024.jpg 768w, https:\/\/jiana-tech.com\/wp-content\/uploads\/2025\/10\/\u5c01\u9762\u4e00IMG_20211203_1607031.jpg-2-9x12.jpg 9w, https:\/\/jiana-tech.com\/wp-content\/uploads\/2025\/10\/\u5c01\u9762\u4e00IMG_20211203_1607031.jpg-2-600x800.jpg 600w\" sizes=\"(max-width: 900px) 100vw, 900px\" \/><\/p>","protected":false},"excerpt":{"rendered":"<p>PLC valdymo spinta - tai programuojama integruota valdymo spinta su tokiomis apsaugos funkcijomis kaip apsauga nuo perkrovos, trumpojo jungimo ir faz\u0117s praradimo. Ji pasi\u017eymi kompakti\u0161ka strukt\u016bra, stabiliu veikimu ir i\u0161baigtomis funkcijomis. J\u0105 galima derinti pagal faktin\u0119 valdymo skal\u0119, galima realizuoti vienos spintos automatin\u012f valdym\u0105 arba prijungti per pramonin\u012f eternet\u0105.<\/p>","protected":false},"featured_media":2958,"template":"","meta":{"site-sidebar-layout":"default","site-content-layout":"","ast-site-content-layout":"default","site-content-style":"default","site-sidebar-style":"default","ast-global-header-display":"","ast-banner-title-visibility":"","ast-main-header-display":"","ast-hfb-above-header-display":"","ast-hfb-below-header-display":"","ast-hfb-mobile-header-display":"","site-post-title":"","ast-breadcrumbs-content":"","ast-featured-img":"","footer-sml-layout":"","theme-transparent-header-meta":"default","adv-header-id-meta":"","stick-header-meta":"","header-above-stick-meta":"","header-main-stick-meta":"","header-below-stick-meta":"","astra-migrate-meta-layouts":"set","ast-page-background-enabled":"default","ast-page-background-meta":{"desktop":{"background-color":"var(--ast-global-color-5)","background-image":"","background-repeat":"repeat","background-position":"center center","background-size":"auto","background-attachment":"scroll","background-type":"","background-media":"","overlay-type":"","overlay-color":"","overlay-opacity":"","overlay-gradient":""},"tablet":{"background-color":"","background-image":"","background-repeat":"repeat","background-position":"center center","background-size":"auto","background-attachment":"scroll","background-type":"","background-media":"","overlay-type":"","overlay-color":"","overlay-opacity":"","overlay-gradient":""},"mobile":{"background-color":"","background-image":"","background-repeat":"repeat","background-position":"center center","background-size":"auto","background-attachment":"scroll","background-type":"","background-media":"","overlay-type":"","overlay-color":"","overlay-opacity":"","overlay-gradient":""}},"ast-content-background-meta":{"desktop":{"background-color":"var(--ast-global-color-4)","background-image":"","background-repeat":"repeat","background-position":"center center","background-size":"auto","background-attachment":"scroll","background-type":"","background-media":"","overlay-type":"","overlay-color":"","overlay-opacity":"","overlay-gradient":""},"tablet":{"background-color":"var(--ast-global-color-4)","background-image":"","background-repeat":"repeat","background-position":"center center","background-size":"auto","background-attachment":"scroll","background-type":"","background-media":"","overlay-type":"","overlay-color":"","overlay-opacity":"","overlay-gradient":""},"mobile":{"background-color":"var(--ast-global-color-4)","background-image":"","background-repeat":"repeat","background-position":"center center","background-size":"auto","background-attachment":"scroll","background-type":"","background-media":"","overlay-type":"","overlay-color":"","overlay-opacity":"","overlay-gradient":""}}},"product_brand":[],"product_cat":[32],"product_tag":[],"class_list":{"0":"post-2957","1":"product","2":"type-product","3":"status-publish","4":"has-post-thumbnail","6":"product_cat-plc-control-cabinet","7":"desktop-align-left","8":"tablet-align-left","9":"mobile-align-left","11":"first","12":"outofstock","13":"shipping-taxable","14":"product-type-variable"},"_links":{"self":[{"href":"https:\/\/jiana-tech.com\/lt\/wp-json\/wp\/v2\/product\/2957","targetHints":{"allow":["GET"]}}],"collection":[{"href":"https:\/\/jiana-tech.com\/lt\/wp-json\/wp\/v2\/product"}],"about":[{"href":"https:\/\/jiana-tech.com\/lt\/wp-json\/wp\/v2\/types\/product"}],"wp:featuredmedia":[{"embeddable":true,"href":"https:\/\/jiana-tech.com\/lt\/wp-json\/wp\/v2\/media\/2958"}],"wp:attachment":[{"href":"https:\/\/jiana-tech.com\/lt\/wp-json\/wp\/v2\/media?parent=2957"}],"wp:term":[{"taxonomy":"product_brand","embeddable":true,"href":"https:\/\/jiana-tech.com\/lt\/wp-json\/wp\/v2\/product_brand?post=2957"},{"taxonomy":"product_cat","embeddable":true,"href":"https:\/\/jiana-tech.com\/lt\/wp-json\/wp\/v2\/product_cat?post=2957"},{"taxonomy":"product_tag","embeddable":true,"href":"https:\/\/jiana-tech.com\/lt\/wp-json\/wp\/v2\/product_tag?post=2957"}],"curies":[{"name":"wp","href":"https:\/\/api.w.org\/{rel}","templated":true}]}}