{"id":2973,"date":"2025-10-25T02:59:31","date_gmt":"2025-10-25T02:59:31","guid":{"rendered":"https:\/\/jiana-tech.com\/?post_type=product&#038;p=2973"},"modified":"2025-10-25T03:01:01","modified_gmt":"2025-10-25T03:01:01","slug":"mitsubishi-q-series-plc-cabinet","status":"publish","type":"product","link":"https:\/\/jiana-tech.com\/lt\/product\/mitsubishi-q-series-plc-cabinet\/","title":{"rendered":"\"Mitsubishi\" Q serijos PLC spinta"},"content":{"rendered":"<p style=\"text-align: center;\">\u25cf The entire system&#8217;s electrical control cabinets utilize an indoor Rittal-style design with an IP40 protection rating. There are four control cabinets: cabinets 1, 2, and 3 are MCC cabinets, and the final one is a PLC cabinet. This design effectively isolates interference between power and signal lines.<\/p>\n<p style=\"text-align: center;\">\u25cf The main power supply to the electrical control cabinets is a three-phase, five-wire system with a rated voltage of AC380V, a rated frequency of 50Hz, and a maximum load current of 400A.<\/p>\n<p style=\"text-align: center;\">\u25cf Juodas laidas spintel\u0117s viduje yra AC380V maitinimo linija, geltonas laidas - AC220V valdymo linija, m\u0117lynas laidas - DC24V valdymo linija, o geltonai \u017ealia linija - \u012f\u017eeminimo linija.<\/p>\n<p style=\"text-align: center;\">\u25cf The main components inside the cabinet include molded case circuit breakers, miniature circuit breakers, AC contactors, intermediate relays, and inverters. The control cabinet consists of a controller, a PLC, and other components.<\/p>\n<p style=\"text-align: center;\">\u25cf Cabinet components utilize top-tier brands such as Schneider, Mitsubishi, and Omron, ensuring system stability and a longer service life.<\/p>\n<p style=\"text-align: center;\">\u25cf Visi prietais\u0173 valdikliai turi rankinio ir automatinio valdymo funkcijas su lanks\u010diu re\u017eimo perjungimu, kad b\u016bt\u0173 patenkinti \u012fvair\u016bs valdymo poreikiai.<\/p>\n<p style=\"text-align: center;\">\u25cf The entire system utilizes the Mitsubishi Q series CPU, a modular structure that allows for flexible product configuration and scale, with a maximum input and output point count of 4096.<\/p>\n<p style=\"text-align: center;\">\u25cf Valdymo spintoje \u012frengtas daugiafunkcinis matuoklis, skirtas trifaz\u0117s \u012ftampos, srov\u0117s ir kit\u0173 parametr\u0173 per\u017ei\u016brai realiuoju laiku.<\/p>\n<p style=\"text-align: center;\">\u25cf Visas skydelio parametr\u0173 vertes galima keisti realiuoju laiku, o vis\u0105 pavojaus signalo informacij\u0105 galima per\u017ei\u016br\u0117ti pavojaus signalo ekrane, kad b\u016bt\u0173 lengviau spr\u0119sti ne\u012fprastas situacijas. I\u0161kilus avarinei situacijai, PLC spintel\u0117je esantis avarinio stabdymo mygtukas leid\u017eia greitai i\u0161jungti \u012frengin\u012f.<\/p>\n<p><img fetchpriority=\"high\" decoding=\"async\" class=\"aligncenter size-full wp-image-2974\" src=\"https:\/\/jiana-tech.com\/wp-content\/uploads\/2025\/10\/\u4ea7\u54c1\u4e8cIMG_20210710_1023431.jpg-2.jpg\" alt=\"\" width=\"930\" height=\"600\" srcset=\"https:\/\/jiana-tech.com\/wp-content\/uploads\/2025\/10\/\u4ea7\u54c1\u4e8cIMG_20210710_1023431.jpg-2.jpg 930w, https:\/\/jiana-tech.com\/wp-content\/uploads\/2025\/10\/\u4ea7\u54c1\u4e8cIMG_20210710_1023431.jpg-2-300x194.jpg 300w, https:\/\/jiana-tech.com\/wp-content\/uploads\/2025\/10\/\u4ea7\u54c1\u4e8cIMG_20210710_1023431.jpg-2-768x495.jpg 768w, https:\/\/jiana-tech.com\/wp-content\/uploads\/2025\/10\/\u4ea7\u54c1\u4e8cIMG_20210710_1023431.jpg-2-18x12.jpg 18w, https:\/\/jiana-tech.com\/wp-content\/uploads\/2025\/10\/\u4ea7\u54c1\u4e8cIMG_20210710_1023431.jpg-2-600x387.jpg 600w\" sizes=\"(max-width: 930px) 100vw, 930px\" \/> <img decoding=\"async\" class=\"aligncenter size-full wp-image-2975\" src=\"https:\/\/jiana-tech.com\/wp-content\/uploads\/2025\/10\/\u5c01\u9762\u4e00IMG_20210710_103516121.jpg-2.jpg\" alt=\"\" width=\"930\" height=\"600\" srcset=\"https:\/\/jiana-tech.com\/wp-content\/uploads\/2025\/10\/\u5c01\u9762\u4e00IMG_20210710_103516121.jpg-2.jpg 930w, https:\/\/jiana-tech.com\/wp-content\/uploads\/2025\/10\/\u5c01\u9762\u4e00IMG_20210710_103516121.jpg-2-300x194.jpg 300w, https:\/\/jiana-tech.com\/wp-content\/uploads\/2025\/10\/\u5c01\u9762\u4e00IMG_20210710_103516121.jpg-2-768x495.jpg 768w, https:\/\/jiana-tech.com\/wp-content\/uploads\/2025\/10\/\u5c01\u9762\u4e00IMG_20210710_103516121.jpg-2-18x12.jpg 18w, https:\/\/jiana-tech.com\/wp-content\/uploads\/2025\/10\/\u5c01\u9762\u4e00IMG_20210710_103516121.jpg-2-600x387.jpg 600w\" sizes=\"(max-width: 930px) 100vw, 930px\" \/> <img decoding=\"async\" class=\"aligncenter size-full wp-image-2976\" src=\"https:\/\/jiana-tech.com\/wp-content\/uploads\/2025\/10\/\u4e09\u83f1Q\u7cfb\u5217PLC\u67dc-2.jpg\" alt=\"\" width=\"600\" height=\"450\" srcset=\"https:\/\/jiana-tech.com\/wp-content\/uploads\/2025\/10\/\u4e09\u83f1Q\u7cfb\u5217PLC\u67dc-2.jpg 600w, https:\/\/jiana-tech.com\/wp-content\/uploads\/2025\/10\/\u4e09\u83f1Q\u7cfb\u5217PLC\u67dc-2-300x225.jpg 300w, https:\/\/jiana-tech.com\/wp-content\/uploads\/2025\/10\/\u4e09\u83f1Q\u7cfb\u5217PLC\u67dc-2-16x12.jpg 16w\" sizes=\"(max-width: 600px) 100vw, 600px\" \/> <img loading=\"lazy\" decoding=\"async\" class=\"aligncenter size-full wp-image-2977\" src=\"https:\/\/jiana-tech.com\/wp-content\/uploads\/2025\/10\/\u4e09\u83f1Q\u7cfb\u5217PLC\u67dc-001.jpg\" alt=\"\" width=\"600\" height=\"450\" srcset=\"https:\/\/jiana-tech.com\/wp-content\/uploads\/2025\/10\/\u4e09\u83f1Q\u7cfb\u5217PLC\u67dc-001.jpg 600w, https:\/\/jiana-tech.com\/wp-content\/uploads\/2025\/10\/\u4e09\u83f1Q\u7cfb\u5217PLC\u67dc-001-300x225.jpg 300w, https:\/\/jiana-tech.com\/wp-content\/uploads\/2025\/10\/\u4e09\u83f1Q\u7cfb\u5217PLC\u67dc-001-16x12.jpg 16w\" sizes=\"(max-width: 600px) 100vw, 600px\" \/><\/p>","protected":false},"excerpt":{"rendered":"<p>PLC valdymo spinta - tai programuojama integruota valdymo spinta su tokiomis apsaugos funkcijomis kaip apsauga nuo perkrovos, trumpojo jungimo ir faz\u0117s praradimo. Ji pasi\u017eymi kompakti\u0161ka strukt\u016bra, stabiliu veikimu ir i\u0161baigtomis funkcijomis. J\u0105 galima derinti pagal faktin\u0119 valdymo skal\u0119, galima realizuoti vienos spintos automatin\u012f valdym\u0105 arba prijungti per pramonin\u012f eternet\u0105.<\/p>","protected":false},"featured_media":2976,"template":"","meta":{"site-sidebar-layout":"default","site-content-layout":"","ast-site-content-layout":"default","site-content-style":"default","site-sidebar-style":"default","ast-global-header-display":"","ast-banner-title-visibility":"","ast-main-header-display":"","ast-hfb-above-header-display":"","ast-hfb-below-header-display":"","ast-hfb-mobile-header-display":"","site-post-title":"","ast-breadcrumbs-content":"","ast-featured-img":"","footer-sml-layout":"","theme-transparent-header-meta":"default","adv-header-id-meta":"","stick-header-meta":"","header-above-stick-meta":"","header-main-stick-meta":"","header-below-stick-meta":"","astra-migrate-meta-layouts":"set","ast-page-background-enabled":"default","ast-page-background-meta":{"desktop":{"background-color":"var(--ast-global-color-5)","background-image":"","background-repeat":"repeat","background-position":"center center","background-size":"auto","background-attachment":"scroll","background-type":"","background-media":"","overlay-type":"","overlay-color":"","overlay-opacity":"","overlay-gradient":""},"tablet":{"background-color":"","background-image":"","background-repeat":"repeat","background-position":"center center","background-size":"auto","background-attachment":"scroll","background-type":"","background-media":"","overlay-type":"","overlay-color":"","overlay-opacity":"","overlay-gradient":""},"mobile":{"background-color":"","background-image":"","background-repeat":"repeat","background-position":"center center","background-size":"auto","background-attachment":"scroll","background-type":"","background-media":"","overlay-type":"","overlay-color":"","overlay-opacity":"","overlay-gradient":""}},"ast-content-background-meta":{"desktop":{"background-color":"var(--ast-global-color-4)","background-image":"","background-repeat":"repeat","background-position":"center center","background-size":"auto","background-attachment":"scroll","background-type":"","background-media":"","overlay-type":"","overlay-color":"","overlay-opacity":"","overlay-gradient":""},"tablet":{"background-color":"var(--ast-global-color-4)","background-image":"","background-repeat":"repeat","background-position":"center center","background-size":"auto","background-attachment":"scroll","background-type":"","background-media":"","overlay-type":"","overlay-color":"","overlay-opacity":"","overlay-gradient":""},"mobile":{"background-color":"var(--ast-global-color-4)","background-image":"","background-repeat":"repeat","background-position":"center center","background-size":"auto","background-attachment":"scroll","background-type":"","background-media":"","overlay-type":"","overlay-color":"","overlay-opacity":"","overlay-gradient":""}}},"product_brand":[],"product_cat":[32],"product_tag":[],"class_list":{"0":"post-2973","1":"product","2":"type-product","3":"status-publish","4":"has-post-thumbnail","6":"product_cat-plc-control-cabinet","7":"desktop-align-left","8":"tablet-align-left","9":"mobile-align-left","11":"first","12":"outofstock","13":"shipping-taxable","14":"product-type-variable"},"_links":{"self":[{"href":"https:\/\/jiana-tech.com\/lt\/wp-json\/wp\/v2\/product\/2973","targetHints":{"allow":["GET"]}}],"collection":[{"href":"https:\/\/jiana-tech.com\/lt\/wp-json\/wp\/v2\/product"}],"about":[{"href":"https:\/\/jiana-tech.com\/lt\/wp-json\/wp\/v2\/types\/product"}],"wp:featuredmedia":[{"embeddable":true,"href":"https:\/\/jiana-tech.com\/lt\/wp-json\/wp\/v2\/media\/2976"}],"wp:attachment":[{"href":"https:\/\/jiana-tech.com\/lt\/wp-json\/wp\/v2\/media?parent=2973"}],"wp:term":[{"taxonomy":"product_brand","embeddable":true,"href":"https:\/\/jiana-tech.com\/lt\/wp-json\/wp\/v2\/product_brand?post=2973"},{"taxonomy":"product_cat","embeddable":true,"href":"https:\/\/jiana-tech.com\/lt\/wp-json\/wp\/v2\/product_cat?post=2973"},{"taxonomy":"product_tag","embeddable":true,"href":"https:\/\/jiana-tech.com\/lt\/wp-json\/wp\/v2\/product_tag?post=2973"}],"curies":[{"name":"wp","href":"https:\/\/api.w.org\/{rel}","templated":true}]}}