{"id":2984,"date":"2025-10-25T03:03:04","date_gmt":"2025-10-25T03:03:04","guid":{"rendered":"https:\/\/jiana-tech.com\/?post_type=product&#038;p=2984"},"modified":"2025-10-25T03:04:39","modified_gmt":"2025-10-25T03:04:39","slug":"siemens-s7-300-series-plc-cabinet","status":"publish","type":"product","link":"https:\/\/jiana-tech.com\/lt\/product\/siemens-s7-300-series-plc-cabinet\/","title":{"rendered":"\"Siemens\" S7-300 serijos PLC spinta"},"content":{"rendered":"<p style=\"text-align: center;\">\u25cfThe entire system&#8217;s electrical control cabinet utilizes an outdoor positive-pressure explosion-proof design.<\/p>\n<p style=\"text-align: center;\">\u25cfThe main power supply for the electrical control cabinet is single-phase AC220V, rated at 50Hz, with a maximum load current of 20A.<\/p>\n<p style=\"text-align: center;\">\u25cfThe yellow wire inside the cabinet is the AC220V control line, the blue wire is the DC24V control line, and the yellow-green line is the ground line.<\/p>\n<p style=\"text-align: center;\">\u25cfThe cabinet&#8217;s main components include a miniature circuit breaker, intermediate relay, touch screen, and PLC.<\/p>\n<p style=\"text-align: center;\">\u25cfThe cabinet&#8217;s components are from leading brands such as Schneider, Siemens, and Omron, ensuring system stability and a longer service life.<\/p>\n<p style=\"text-align: center;\">\u25cfThe system&#8217;s CPU utilizes the Siemens S7-300 series, a modular, small PLC system suitable for mid-range and low-end performance requirements. Modules with various performance levels are available to perfectly meet and adapt to automation control tasks.<\/p>\n<p style=\"text-align: center;\">\u25cf Visas skydelio parametr\u0173 vertes galima keisti realiuoju laiku, o vis\u0105 pavojaus signalo informacij\u0105 galima per\u017ei\u016br\u0117ti pavojaus signalo ekrane, kad b\u016bt\u0173 lengviau spr\u0119sti ne\u012fprastas situacijas. I\u0161kilus avarinei situacijai, PLC spintel\u0117je esantis avarinio stabdymo mygtukas leid\u017eia greitai i\u0161jungti \u012frengin\u012f.<\/p>\n<p><img fetchpriority=\"high\" decoding=\"async\" class=\"aligncenter size-full wp-image-2985\" src=\"https:\/\/jiana-tech.com\/wp-content\/uploads\/2025\/10\/IMG_20200729_1748101.jpg-2.jpg\" alt=\"\" width=\"930\" height=\"1200\" srcset=\"https:\/\/jiana-tech.com\/wp-content\/uploads\/2025\/10\/IMG_20200729_1748101.jpg-2.jpg 930w, https:\/\/jiana-tech.com\/wp-content\/uploads\/2025\/10\/IMG_20200729_1748101.jpg-2-233x300.jpg 233w, https:\/\/jiana-tech.com\/wp-content\/uploads\/2025\/10\/IMG_20200729_1748101.jpg-2-794x1024.jpg 794w, https:\/\/jiana-tech.com\/wp-content\/uploads\/2025\/10\/IMG_20200729_1748101.jpg-2-768x991.jpg 768w, https:\/\/jiana-tech.com\/wp-content\/uploads\/2025\/10\/IMG_20200729_1748101.jpg-2-9x12.jpg 9w, https:\/\/jiana-tech.com\/wp-content\/uploads\/2025\/10\/IMG_20200729_1748101.jpg-2-600x774.jpg 600w\" sizes=\"(max-width: 930px) 100vw, 930px\" \/> <img decoding=\"async\" class=\"aligncenter size-full wp-image-2986\" src=\"https:\/\/jiana-tech.com\/wp-content\/uploads\/2025\/10\/IMG_20200729_1802091.jpg-2.jpg\" alt=\"\" width=\"930\" height=\"1200\" srcset=\"https:\/\/jiana-tech.com\/wp-content\/uploads\/2025\/10\/IMG_20200729_1802091.jpg-2.jpg 930w, https:\/\/jiana-tech.com\/wp-content\/uploads\/2025\/10\/IMG_20200729_1802091.jpg-2-233x300.jpg 233w, https:\/\/jiana-tech.com\/wp-content\/uploads\/2025\/10\/IMG_20200729_1802091.jpg-2-794x1024.jpg 794w, https:\/\/jiana-tech.com\/wp-content\/uploads\/2025\/10\/IMG_20200729_1802091.jpg-2-768x991.jpg 768w, https:\/\/jiana-tech.com\/wp-content\/uploads\/2025\/10\/IMG_20200729_1802091.jpg-2-9x12.jpg 9w, https:\/\/jiana-tech.com\/wp-content\/uploads\/2025\/10\/IMG_20200729_1802091.jpg-2-600x774.jpg 600w\" sizes=\"(max-width: 930px) 100vw, 930px\" \/> <img decoding=\"async\" class=\"aligncenter size-full wp-image-2987\" src=\"https:\/\/jiana-tech.com\/wp-content\/uploads\/2025\/10\/\u897f\u95e8\u5b50S7-300\u7cfb\u5217PLC\u67dc.jpg\" alt=\"\" width=\"600\" height=\"450\" srcset=\"https:\/\/jiana-tech.com\/wp-content\/uploads\/2025\/10\/\u897f\u95e8\u5b50S7-300\u7cfb\u5217PLC\u67dc.jpg 600w, https:\/\/jiana-tech.com\/wp-content\/uploads\/2025\/10\/\u897f\u95e8\u5b50S7-300\u7cfb\u5217PLC\u67dc-300x225.jpg 300w, https:\/\/jiana-tech.com\/wp-content\/uploads\/2025\/10\/\u897f\u95e8\u5b50S7-300\u7cfb\u5217PLC\u67dc-16x12.jpg 16w\" sizes=\"(max-width: 600px) 100vw, 600px\" \/> <img loading=\"lazy\" decoding=\"async\" class=\"aligncenter size-full wp-image-2988\" src=\"https:\/\/jiana-tech.com\/wp-content\/uploads\/2025\/10\/\u897f\u95e8\u5b50S7-300\u7cfb\u5217PLC\u67dc-001.jpg\" alt=\"\" width=\"600\" height=\"450\" srcset=\"https:\/\/jiana-tech.com\/wp-content\/uploads\/2025\/10\/\u897f\u95e8\u5b50S7-300\u7cfb\u5217PLC\u67dc-001.jpg 600w, https:\/\/jiana-tech.com\/wp-content\/uploads\/2025\/10\/\u897f\u95e8\u5b50S7-300\u7cfb\u5217PLC\u67dc-001-300x225.jpg 300w, https:\/\/jiana-tech.com\/wp-content\/uploads\/2025\/10\/\u897f\u95e8\u5b50S7-300\u7cfb\u5217PLC\u67dc-001-16x12.jpg 16w\" sizes=\"(max-width: 600px) 100vw, 600px\" \/> <img loading=\"lazy\" decoding=\"async\" class=\"aligncenter size-full wp-image-2989\" src=\"https:\/\/jiana-tech.com\/wp-content\/uploads\/2025\/10\/\u897f\u95e8\u5b50S7-300\u7cfb\u5217PLC\u67dc-002.jpg\" alt=\"\" width=\"600\" height=\"450\" srcset=\"https:\/\/jiana-tech.com\/wp-content\/uploads\/2025\/10\/\u897f\u95e8\u5b50S7-300\u7cfb\u5217PLC\u67dc-002.jpg 600w, https:\/\/jiana-tech.com\/wp-content\/uploads\/2025\/10\/\u897f\u95e8\u5b50S7-300\u7cfb\u5217PLC\u67dc-002-300x225.jpg 300w, https:\/\/jiana-tech.com\/wp-content\/uploads\/2025\/10\/\u897f\u95e8\u5b50S7-300\u7cfb\u5217PLC\u67dc-002-16x12.jpg 16w\" sizes=\"(max-width: 600px) 100vw, 600px\" \/><\/p>","protected":false},"excerpt":{"rendered":"<p>PLC valdymo spinta - tai programuojama integruota valdymo spinta su tokiomis apsaugos funkcijomis kaip apsauga nuo perkrovos, trumpojo jungimo ir faz\u0117s praradimo. Ji pasi\u017eymi kompakti\u0161ka strukt\u016bra, stabiliu veikimu ir i\u0161baigtomis funkcijomis. J\u0105 galima derinti pagal faktin\u0119 valdymo skal\u0119, galima realizuoti vienos spintos automatin\u012f valdym\u0105 arba prijungti per pramonin\u012f eternet\u0105.<\/p>","protected":false},"featured_media":2987,"template":"","meta":{"site-sidebar-layout":"default","site-content-layout":"","ast-site-content-layout":"default","site-content-style":"default","site-sidebar-style":"default","ast-global-header-display":"","ast-banner-title-visibility":"","ast-main-header-display":"","ast-hfb-above-header-display":"","ast-hfb-below-header-display":"","ast-hfb-mobile-header-display":"","site-post-title":"","ast-breadcrumbs-content":"","ast-featured-img":"","footer-sml-layout":"","theme-transparent-header-meta":"default","adv-header-id-meta":"","stick-header-meta":"","header-above-stick-meta":"","header-main-stick-meta":"","header-below-stick-meta":"","astra-migrate-meta-layouts":"set","ast-page-background-enabled":"default","ast-page-background-meta":{"desktop":{"background-color":"var(--ast-global-color-5)","background-image":"","background-repeat":"repeat","background-position":"center center","background-size":"auto","background-attachment":"scroll","background-type":"","background-media":"","overlay-type":"","overlay-color":"","overlay-opacity":"","overlay-gradient":""},"tablet":{"background-color":"","background-image":"","background-repeat":"repeat","background-position":"center center","background-size":"auto","background-attachment":"scroll","background-type":"","background-media":"","overlay-type":"","overlay-color":"","overlay-opacity":"","overlay-gradient":""},"mobile":{"background-color":"","background-image":"","background-repeat":"repeat","background-position":"center center","background-size":"auto","background-attachment":"scroll","background-type":"","background-media":"","overlay-type":"","overlay-color":"","overlay-opacity":"","overlay-gradient":""}},"ast-content-background-meta":{"desktop":{"background-color":"var(--ast-global-color-4)","background-image":"","background-repeat":"repeat","background-position":"center center","background-size":"auto","background-attachment":"scroll","background-type":"","background-media":"","overlay-type":"","overlay-color":"","overlay-opacity":"","overlay-gradient":""},"tablet":{"background-color":"var(--ast-global-color-4)","background-image":"","background-repeat":"repeat","background-position":"center center","background-size":"auto","background-attachment":"scroll","background-type":"","background-media":"","overlay-type":"","overlay-color":"","overlay-opacity":"","overlay-gradient":""},"mobile":{"background-color":"var(--ast-global-color-4)","background-image":"","background-repeat":"repeat","background-position":"center center","background-size":"auto","background-attachment":"scroll","background-type":"","background-media":"","overlay-type":"","overlay-color":"","overlay-opacity":"","overlay-gradient":""}}},"product_brand":[],"product_cat":[32],"product_tag":[],"class_list":{"0":"post-2984","1":"product","2":"type-product","3":"status-publish","4":"has-post-thumbnail","6":"product_cat-plc-control-cabinet","7":"desktop-align-left","8":"tablet-align-left","9":"mobile-align-left","11":"first","12":"outofstock","13":"shipping-taxable","14":"product-type-variable"},"_links":{"self":[{"href":"https:\/\/jiana-tech.com\/lt\/wp-json\/wp\/v2\/product\/2984","targetHints":{"allow":["GET"]}}],"collection":[{"href":"https:\/\/jiana-tech.com\/lt\/wp-json\/wp\/v2\/product"}],"about":[{"href":"https:\/\/jiana-tech.com\/lt\/wp-json\/wp\/v2\/types\/product"}],"wp:featuredmedia":[{"embeddable":true,"href":"https:\/\/jiana-tech.com\/lt\/wp-json\/wp\/v2\/media\/2987"}],"wp:attachment":[{"href":"https:\/\/jiana-tech.com\/lt\/wp-json\/wp\/v2\/media?parent=2984"}],"wp:term":[{"taxonomy":"product_brand","embeddable":true,"href":"https:\/\/jiana-tech.com\/lt\/wp-json\/wp\/v2\/product_brand?post=2984"},{"taxonomy":"product_cat","embeddable":true,"href":"https:\/\/jiana-tech.com\/lt\/wp-json\/wp\/v2\/product_cat?post=2984"},{"taxonomy":"product_tag","embeddable":true,"href":"https:\/\/jiana-tech.com\/lt\/wp-json\/wp\/v2\/product_tag?post=2984"}],"curies":[{"name":"wp","href":"https:\/\/api.w.org\/{rel}","templated":true}]}}