{"id":2990,"date":"2025-10-25T03:04:47","date_gmt":"2025-10-25T03:04:47","guid":{"rendered":"https:\/\/jiana-tech.com\/?post_type=product&#038;p=2990"},"modified":"2025-10-25T03:06:22","modified_gmt":"2025-10-25T03:06:22","slug":"siemens-s7-400-series-plc-cabinet","status":"publish","type":"product","link":"https:\/\/jiana-tech.com\/lt\/product\/siemens-s7-400-series-plc-cabinet\/","title":{"rendered":"\"Siemens\" S7-400 serijos PLC spinta"},"content":{"rendered":"<p style=\"text-align: center;\">\u25cf Visos sistemos elektros valdymo spinta turi vidines suvirintas priekines ir galines duris, kuri\u0173 apsaugos klas\u0117 IP40.<\/p>\n<p style=\"text-align: center;\">\u25cf Pagrindinis valdymo spintos maitinimo \u0161altinis yra vienfazis AC220V, vardinis 50 Hz da\u017enis, maksimali apkrovos srov\u0117 20 A.<\/p>\n<p style=\"text-align: center;\">\u25cf Geltonas laidas spintel\u0117s viduje yra AC220V valdymo linija, m\u0117lynas laidas - DC24V valdymo linija, o geltonai \u017ealia linija - \u012f\u017eeminimo linija.<\/p>\n<p style=\"text-align: center;\">\u25cf Pagrindin\u0117s spintos sudedamosios dalys yra miniati\u016brinis grandin\u0117s pertraukiklis, tarpin\u0117 rel\u0117, perjungiamasis maitinimo \u0161altinis, jungiklis, PLC ir jutiklinis ekranas.<\/p>\n<p style=\"text-align: center;\">\u25cf Spintos komponentai yra pirmaujan\u010di\u0173 prek\u0117s \u017eenkl\u0173, toki\u0173 kaip \"Schneider\", \"Siemens\" ir \"Omron\", komponentai, u\u017etikrinantys sistemos stabilum\u0105 ir ilg\u0105 tarnavimo laik\u0105.<\/p>\n<p style=\"text-align: center;\">\u25cf Visame sistemos procesoriuje naudojamas \"Siemens S7-400\" atleidimo i\u0161 darbo komplektas - didelio na\u0161umo procesorius, priskiriamas auk\u0161\u010diausios klas\u0117s na\u0161umo grupei.<\/p>\n<p style=\"text-align: center;\">\u25cf Visas skydelio parametr\u0173 vertes galima keisti realiuoju laiku, o vis\u0105 pavojaus signalo informacij\u0105 galima per\u017ei\u016br\u0117ti pavojaus signalo ekrane, kad b\u016bt\u0173 lengviau spr\u0119sti ne\u012fprastas situacijas. I\u0161kilus avarinei situacijai, PLC spintel\u0117je esantis avarinio stabdymo mygtukas leid\u017eia greitai i\u0161jungti \u012frengin\u012f.<\/p>\n<p><img fetchpriority=\"high\" decoding=\"async\" class=\"aligncenter size-full wp-image-2991\" src=\"https:\/\/jiana-tech.com\/wp-content\/uploads\/2025\/10\/\u4ea7\u54c1\u4e8cIMG_20200326_1312241.jpg-2.jpg\" alt=\"\" width=\"900\" height=\"1200\" srcset=\"https:\/\/jiana-tech.com\/wp-content\/uploads\/2025\/10\/\u4ea7\u54c1\u4e8cIMG_20200326_1312241.jpg-2.jpg 900w, https:\/\/jiana-tech.com\/wp-content\/uploads\/2025\/10\/\u4ea7\u54c1\u4e8cIMG_20200326_1312241.jpg-2-225x300.jpg 225w, https:\/\/jiana-tech.com\/wp-content\/uploads\/2025\/10\/\u4ea7\u54c1\u4e8cIMG_20200326_1312241.jpg-2-768x1024.jpg 768w, https:\/\/jiana-tech.com\/wp-content\/uploads\/2025\/10\/\u4ea7\u54c1\u4e8cIMG_20200326_1312241.jpg-2-9x12.jpg 9w, https:\/\/jiana-tech.com\/wp-content\/uploads\/2025\/10\/\u4ea7\u54c1\u4e8cIMG_20200326_1312241.jpg-2-600x800.jpg 600w\" sizes=\"(max-width: 900px) 100vw, 900px\" \/> <img decoding=\"async\" class=\"aligncenter size-full wp-image-2992\" src=\"https:\/\/jiana-tech.com\/wp-content\/uploads\/2025\/10\/\u5c01\u9762\u4e00IMG_20200326_1319231.jpg-2.jpg\" alt=\"\" width=\"900\" height=\"1200\" srcset=\"https:\/\/jiana-tech.com\/wp-content\/uploads\/2025\/10\/\u5c01\u9762\u4e00IMG_20200326_1319231.jpg-2.jpg 900w, https:\/\/jiana-tech.com\/wp-content\/uploads\/2025\/10\/\u5c01\u9762\u4e00IMG_20200326_1319231.jpg-2-225x300.jpg 225w, https:\/\/jiana-tech.com\/wp-content\/uploads\/2025\/10\/\u5c01\u9762\u4e00IMG_20200326_1319231.jpg-2-768x1024.jpg 768w, https:\/\/jiana-tech.com\/wp-content\/uploads\/2025\/10\/\u5c01\u9762\u4e00IMG_20200326_1319231.jpg-2-9x12.jpg 9w, https:\/\/jiana-tech.com\/wp-content\/uploads\/2025\/10\/\u5c01\u9762\u4e00IMG_20200326_1319231.jpg-2-600x800.jpg 600w\" sizes=\"(max-width: 900px) 100vw, 900px\" \/> <img decoding=\"async\" class=\"aligncenter size-full wp-image-2993\" src=\"https:\/\/jiana-tech.com\/wp-content\/uploads\/2025\/10\/\u897f\u95e8\u5b50S7-400\u7cfb\u5217PLC\u67dc-2.jpg\" alt=\"\" width=\"600\" height=\"450\" srcset=\"https:\/\/jiana-tech.com\/wp-content\/uploads\/2025\/10\/\u897f\u95e8\u5b50S7-400\u7cfb\u5217PLC\u67dc-2.jpg 600w, https:\/\/jiana-tech.com\/wp-content\/uploads\/2025\/10\/\u897f\u95e8\u5b50S7-400\u7cfb\u5217PLC\u67dc-2-300x225.jpg 300w, https:\/\/jiana-tech.com\/wp-content\/uploads\/2025\/10\/\u897f\u95e8\u5b50S7-400\u7cfb\u5217PLC\u67dc-2-16x12.jpg 16w\" sizes=\"(max-width: 600px) 100vw, 600px\" \/> <img loading=\"lazy\" decoding=\"async\" class=\"aligncenter size-full wp-image-2994\" src=\"https:\/\/jiana-tech.com\/wp-content\/uploads\/2025\/10\/\u897f\u95e8\u5b50S7-400\u7cfb\u5217PLC\u67dc-2.jpg\" alt=\"\" width=\"600\" height=\"450\" srcset=\"https:\/\/jiana-tech.com\/wp-content\/uploads\/2025\/10\/\u897f\u95e8\u5b50S7-400\u7cfb\u5217PLC\u67dc-2.jpg 600w, https:\/\/jiana-tech.com\/wp-content\/uploads\/2025\/10\/\u897f\u95e8\u5b50S7-400\u7cfb\u5217PLC\u67dc-2-300x225.jpg 300w, https:\/\/jiana-tech.com\/wp-content\/uploads\/2025\/10\/\u897f\u95e8\u5b50S7-400\u7cfb\u5217PLC\u67dc-2-16x12.jpg 16w\" sizes=\"(max-width: 600px) 100vw, 600px\" \/><\/p>","protected":false},"excerpt":{"rendered":"<p>PLC valdymo spinta - tai programuojama integruota valdymo spinta su tokiomis apsaugos funkcijomis kaip apsauga nuo perkrovos, trumpojo jungimo ir faz\u0117s praradimo. Ji pasi\u017eymi kompakti\u0161ka strukt\u016bra, stabiliu veikimu ir i\u0161baigtomis funkcijomis. J\u0105 galima derinti pagal faktin\u0119 valdymo skal\u0119, galima realizuoti vienos spintos automatin\u012f valdym\u0105 arba prijungti per pramonin\u012f eternet\u0105.<\/p>","protected":false},"featured_media":2993,"template":"","meta":{"site-sidebar-layout":"default","site-content-layout":"","ast-site-content-layout":"default","site-content-style":"default","site-sidebar-style":"default","ast-global-header-display":"","ast-banner-title-visibility":"","ast-main-header-display":"","ast-hfb-above-header-display":"","ast-hfb-below-header-display":"","ast-hfb-mobile-header-display":"","site-post-title":"","ast-breadcrumbs-content":"","ast-featured-img":"","footer-sml-layout":"","theme-transparent-header-meta":"default","adv-header-id-meta":"","stick-header-meta":"","header-above-stick-meta":"","header-main-stick-meta":"","header-below-stick-meta":"","astra-migrate-meta-layouts":"set","ast-page-background-enabled":"default","ast-page-background-meta":{"desktop":{"background-color":"var(--ast-global-color-5)","background-image":"","background-repeat":"repeat","background-position":"center center","background-size":"auto","background-attachment":"scroll","background-type":"","background-media":"","overlay-type":"","overlay-color":"","overlay-opacity":"","overlay-gradient":""},"tablet":{"background-color":"","background-image":"","background-repeat":"repeat","background-position":"center center","background-size":"auto","background-attachment":"scroll","background-type":"","background-media":"","overlay-type":"","overlay-color":"","overlay-opacity":"","overlay-gradient":""},"mobile":{"background-color":"","background-image":"","background-repeat":"repeat","background-position":"center center","background-size":"auto","background-attachment":"scroll","background-type":"","background-media":"","overlay-type":"","overlay-color":"","overlay-opacity":"","overlay-gradient":""}},"ast-content-background-meta":{"desktop":{"background-color":"var(--ast-global-color-4)","background-image":"","background-repeat":"repeat","background-position":"center center","background-size":"auto","background-attachment":"scroll","background-type":"","background-media":"","overlay-type":"","overlay-color":"","overlay-opacity":"","overlay-gradient":""},"tablet":{"background-color":"var(--ast-global-color-4)","background-image":"","background-repeat":"repeat","background-position":"center center","background-size":"auto","background-attachment":"scroll","background-type":"","background-media":"","overlay-type":"","overlay-color":"","overlay-opacity":"","overlay-gradient":""},"mobile":{"background-color":"var(--ast-global-color-4)","background-image":"","background-repeat":"repeat","background-position":"center center","background-size":"auto","background-attachment":"scroll","background-type":"","background-media":"","overlay-type":"","overlay-color":"","overlay-opacity":"","overlay-gradient":""}}},"product_brand":[],"product_cat":[32],"product_tag":[],"class_list":{"0":"post-2990","1":"product","2":"type-product","3":"status-publish","4":"has-post-thumbnail","6":"product_cat-plc-control-cabinet","7":"desktop-align-left","8":"tablet-align-left","9":"mobile-align-left","11":"first","12":"outofstock","13":"shipping-taxable","14":"product-type-variable"},"_links":{"self":[{"href":"https:\/\/jiana-tech.com\/lt\/wp-json\/wp\/v2\/product\/2990","targetHints":{"allow":["GET"]}}],"collection":[{"href":"https:\/\/jiana-tech.com\/lt\/wp-json\/wp\/v2\/product"}],"about":[{"href":"https:\/\/jiana-tech.com\/lt\/wp-json\/wp\/v2\/types\/product"}],"wp:featuredmedia":[{"embeddable":true,"href":"https:\/\/jiana-tech.com\/lt\/wp-json\/wp\/v2\/media\/2993"}],"wp:attachment":[{"href":"https:\/\/jiana-tech.com\/lt\/wp-json\/wp\/v2\/media?parent=2990"}],"wp:term":[{"taxonomy":"product_brand","embeddable":true,"href":"https:\/\/jiana-tech.com\/lt\/wp-json\/wp\/v2\/product_brand?post=2990"},{"taxonomy":"product_cat","embeddable":true,"href":"https:\/\/jiana-tech.com\/lt\/wp-json\/wp\/v2\/product_cat?post=2990"},{"taxonomy":"product_tag","embeddable":true,"href":"https:\/\/jiana-tech.com\/lt\/wp-json\/wp\/v2\/product_tag?post=2990"}],"curies":[{"name":"wp","href":"https:\/\/api.w.org\/{rel}","templated":true}]}}