{"id":359,"date":"2025-08-05T00:51:55","date_gmt":"2025-08-05T00:51:55","guid":{"rendered":"https:\/\/jiana-tech.com\/?post_type=product&#038;p=359"},"modified":"2025-08-05T00:53:41","modified_gmt":"2025-08-05T00:53:41","slug":"manufacturing-industrial-electronic-waterproof-terminal-box-ip66-ip67-abs-plastic-material","status":"publish","type":"product","link":"https:\/\/jiana-tech.com\/lt\/product\/manufacturing-industrial-electronic-waterproof-terminal-box-ip66-ip67-abs-plastic-material\/","title":{"rendered":"Pramon\u0117s pramonini\u0173 elektronini\u0173 vandeniui atspari\u0173 terminal\u0173 d\u0117\u017eut\u0117 Ip66 Ip67 Abs plastikin\u0117 med\u017eiaga"},"content":{"rendered":"<p>IP lygis: ip66<br \/>\nTipas: jungiamoji d\u0117\u017eut\u0117<br \/>\nKilm\u0117s vieta: Shandong, Kinija<br \/>\nPrek\u0117s \u017eenklo pavadinimas: YanGao<br \/>\nModelio numeris: Terminalas<br \/>\nI\u0161orinis dydis: standartinis<br \/>\nProdukto pavadinimas: Vandeniui atspari jungiamoji d\u0117\u017eut\u0117<br \/>\nMed\u017eiaga: ABS<br \/>\nTaikymas: Lauko elektronin\u0117 \u012franga<br \/>\nFunkcija: \u012ediekite spausdintin\u0119 plok\u0161t\u0119<br \/>\nMOQ: 1 vnt.<br \/>\nPristatymo laikas: 3-5 darbo dienos<br \/>\n:<br \/>\n:<br \/>\n:<br \/>\n:<br \/>\n:<br \/>\n:<\/p>\n<p><img decoding=\"async\" class=\"alignnone size-full\" src=\"https:\/\/1688factorys.com\/wp-content\/uploads\/detail_pic_0-1427.jpg\" width=\"790\" alt=\"\"\/><\/p>\n<p><img decoding=\"async\" class=\"alignnone size-full\" src=\"https:\/\/1688factorys.com\/wp-content\/uploads\/detail_pic_1-1352.jpg\" width=\"790\" alt=\"\"\/><\/p>\n<p><img decoding=\"async\" class=\"alignnone size-full\" src=\"https:\/\/1688factorys.com\/wp-content\/uploads\/detail_pic_2-1392.jpg\" width=\"790\" alt=\"\"\/><\/p>\n<p><img decoding=\"async\" class=\"alignnone size-full\" src=\"https:\/\/1688factorys.com\/wp-content\/uploads\/detail_pic_3-1368.jpg\" width=\"790\" alt=\"\"\/><\/p>\n<p><img decoding=\"async\" class=\"alignnone size-full\" src=\"https:\/\/1688factorys.com\/wp-content\/uploads\/detail_pic_4-1212.jpg\" width=\"790\" alt=\"\"\/><\/p>\n<p><img decoding=\"async\" class=\"alignnone size-full\" src=\"https:\/\/1688factorys.com\/wp-content\/uploads\/detail_pic_5-1076.jpg\" width=\"790\" alt=\"\"\/><\/p>","protected":false},"excerpt":{"rendered":"<p>Pramon\u0117s pramonini\u0173 elektronini\u0173 vandeniui atspari\u0173 terminal\u0173 d\u0117\u017eut\u0117 Ip66 Ip67 Abs plastikin\u0117 med\u017eiaga<\/p>","protected":false},"featured_media":562,"template":"","meta":{"site-sidebar-layout":"default","site-content-layout":"","ast-site-content-layout":"default","site-content-style":"default","site-sidebar-style":"default","ast-global-header-display":"","ast-banner-title-visibility":"","ast-main-header-display":"","ast-hfb-above-header-display":"","ast-hfb-below-header-display":"","ast-hfb-mobile-header-display":"","site-post-title":"","ast-breadcrumbs-content":"","ast-featured-img":"","footer-sml-layout":"","theme-transparent-header-meta":"","adv-header-id-meta":"","stick-header-meta":"","header-above-stick-meta":"","header-main-stick-meta":"","header-below-stick-meta":"","astra-migrate-meta-layouts":"default","ast-page-background-enabled":"default","ast-page-background-meta":{"desktop":{"background-color":"var(--ast-global-color-5)","background-image":"","background-repeat":"repeat","background-position":"center center","background-size":"auto","background-attachment":"scroll","background-type":"","background-media":"","overlay-type":"","overlay-color":"","overlay-opacity":"","overlay-gradient":""},"tablet":{"background-color":"","background-image":"","background-repeat":"repeat","background-position":"center center","background-size":"auto","background-attachment":"scroll","background-type":"","background-media":"","overlay-type":"","overlay-color":"","overlay-opacity":"","overlay-gradient":""},"mobile":{"background-color":"","background-image":"","background-repeat":"repeat","background-position":"center center","background-size":"auto","background-attachment":"scroll","background-type":"","background-media":"","overlay-type":"","overlay-color":"","overlay-opacity":"","overlay-gradient":""}},"ast-content-background-meta":{"desktop":{"background-color":"var(--ast-global-color-4)","background-image":"","background-repeat":"repeat","background-position":"center center","background-size":"auto","background-attachment":"scroll","background-type":"","background-media":"","overlay-type":"","overlay-color":"","overlay-opacity":"","overlay-gradient":""},"tablet":{"background-color":"var(--ast-global-color-4)","background-image":"","background-repeat":"repeat","background-position":"center center","background-size":"auto","background-attachment":"scroll","background-type":"","background-media":"","overlay-type":"","overlay-color":"","overlay-opacity":"","overlay-gradient":""},"mobile":{"background-color":"var(--ast-global-color-4)","background-image":"","background-repeat":"repeat","background-position":"center center","background-size":"auto","background-attachment":"scroll","background-type":"","background-media":"","overlay-type":"","overlay-color":"","overlay-opacity":"","overlay-gradient":""}}},"product_brand":[],"product_cat":[21],"product_tag":[],"class_list":{"0":"post-359","1":"product","2":"type-product","3":"status-publish","4":"has-post-thumbnail","6":"product_cat-plastic-waterproof-box","7":"desktop-align-left","8":"tablet-align-left","9":"mobile-align-left","11":"first","12":"outofstock","13":"shipping-taxable","14":"product-type-variable"},"_links":{"self":[{"href":"https:\/\/jiana-tech.com\/lt\/wp-json\/wp\/v2\/product\/359","targetHints":{"allow":["GET"]}}],"collection":[{"href":"https:\/\/jiana-tech.com\/lt\/wp-json\/wp\/v2\/product"}],"about":[{"href":"https:\/\/jiana-tech.com\/lt\/wp-json\/wp\/v2\/types\/product"}],"wp:featuredmedia":[{"embeddable":true,"href":"https:\/\/jiana-tech.com\/lt\/wp-json\/wp\/v2\/media\/562"}],"wp:attachment":[{"href":"https:\/\/jiana-tech.com\/lt\/wp-json\/wp\/v2\/media?parent=359"}],"wp:term":[{"taxonomy":"product_brand","embeddable":true,"href":"https:\/\/jiana-tech.com\/lt\/wp-json\/wp\/v2\/product_brand?post=359"},{"taxonomy":"product_cat","embeddable":true,"href":"https:\/\/jiana-tech.com\/lt\/wp-json\/wp\/v2\/product_cat?post=359"},{"taxonomy":"product_tag","embeddable":true,"href":"https:\/\/jiana-tech.com\/lt\/wp-json\/wp\/v2\/product_tag?post=359"}],"curies":[{"name":"wp","href":"https:\/\/api.w.org\/{rel}","templated":true}]}}