{"id":2542,"date":"2025-09-10T00:36:35","date_gmt":"2025-09-10T00:36:35","guid":{"rendered":"https:\/\/jiana-tech.com\/product\/saipwell-plc-control-cabinet-programming-variable-frequency-cabinet-electrical-industry-complete-electric-control-cabinet\/"},"modified":"2025-10-25T03:22:23","modified_gmt":"2025-10-25T03:22:23","slug":"saipwell-plc-control-cabinet-programming-variable-frequency-cabinet-electrical-industry-complete-electric-control-cabinet","status":"publish","type":"product","link":"https:\/\/jiana-tech.com\/pt\/product\/saipwell-plc-control-cabinet-programming-variable-frequency-cabinet-electrical-industry-complete-electric-control-cabinet\/","title":{"rendered":"SAIPWELL PLC Gabinete de controlo Programa\u00e7\u00e3o Gabinete de frequ\u00eancia vari\u00e1vel Ind\u00fastria el\u00e9ctrica Gabinete de controlo el\u00e9trico completo"},"content":{"rendered":"<p>N\u00edvel IP:ip55<br \/>\nTamanho externo: personalizado<br \/>\nLocal de origem:China<br \/>\nNome da marca:SAIPWELL<br \/>\nN\u00famero do modelo:PLC<br \/>\nTipo:Caixa de controlo<br \/>\nMaterial do inv\u00f3lucro:A\u00e7o laminado a frio\/a\u00e7o inoxid\u00e1vel<br \/>\nEspessura:1.0\/1.2\/1.5\/2.0mm\/Personalizado<br \/>\nCertificado:CE ROHS<br \/>\nServi\u00e7o:OEM.ODM<br \/>\nPersonaliza\u00e7\u00e3o:Serigrafia.recorte.etiqueta.grava\u00e7\u00e3o a laser<br \/>\nMOQ:1pc<br \/>\nUnidades de venda:Artigo \u00fanico<br \/>\nTamanho da embalagem individual:XX cm<\/p>\n<p><img decoding=\"async\" class=\"alignnone size-full\" src=\"https:\/\/jiana-tech.com\/wp-content\/uploads\/2025\/09\/detail_pic_0-11.jpg\" width=\"790\" alt=\"\"\/><\/p>\n<p><img decoding=\"async\" class=\"alignnone size-full\" src=\"https:\/\/jiana-tech.com\/wp-content\/uploads\/2025\/09\/detail_pic_1-10.jpg\" width=\"790\" alt=\"\"\/><\/p>\n<p><img decoding=\"async\" class=\"alignnone size-full\" src=\"https:\/\/jiana-tech.com\/wp-content\/uploads\/2025\/09\/detail_pic_2-19.jpg\" width=\"790\" alt=\"\"\/><\/p>\n<p><img decoding=\"async\" class=\"alignnone size-full\" src=\"https:\/\/jiana-tech.com\/wp-content\/uploads\/2025\/09\/detail_pic_3-16.jpg\" width=\"790\" alt=\"\"\/><\/p>\n<p><img decoding=\"async\" class=\"alignnone size-full\" src=\"https:\/\/jiana-tech.com\/wp-content\/uploads\/2025\/09\/detail_pic_4-18.jpg\" width=\"790\" alt=\"\"\/><\/p>\n<p><img decoding=\"async\" class=\"alignnone size-full\" src=\"https:\/\/jiana-tech.com\/wp-content\/uploads\/2025\/09\/detail_pic_5-14.jpg\" width=\"790\" alt=\"\"\/><\/p>\n<p><img decoding=\"async\" class=\"alignnone size-full\" src=\"https:\/\/jiana-tech.com\/wp-content\/uploads\/2025\/09\/detail_pic_6-4.png\" width=\"790\" alt=\"\"\/><\/p>\n<p><img decoding=\"async\" class=\"alignnone size-full\" src=\"https:\/\/jiana-tech.com\/wp-content\/uploads\/2025\/09\/detail_pic_7-6.png\" width=\"790\" alt=\"\"\/><\/p>\n<p><img decoding=\"async\" class=\"alignnone size-full\" src=\"https:\/\/jiana-tech.com\/wp-content\/uploads\/2025\/09\/detail_pic_8-10.png\" width=\"790\" alt=\"\"\/><\/p>\n<p><img decoding=\"async\" class=\"alignnone size-full\" src=\"https:\/\/jiana-tech.com\/wp-content\/uploads\/2025\/09\/detail_pic_9-6.png\" width=\"790\" alt=\"\"\/><\/p>\n<p><img decoding=\"async\" class=\"alignnone size-full\" src=\"https:\/\/jiana-tech.com\/wp-content\/uploads\/2025\/09\/detail_pic_10-12.png\" width=\"790\" alt=\"\"\/><\/p>\n<p><img decoding=\"async\" class=\"alignnone size-full\" src=\"https:\/\/jiana-tech.com\/wp-content\/uploads\/2025\/09\/detail_pic_11-12.png\" width=\"790\" alt=\"\"\/><\/p>\n<p><img decoding=\"async\" class=\"alignnone size-full\" src=\"https:\/\/jiana-tech.com\/wp-content\/uploads\/2025\/09\/detail_pic_12-7.png\" width=\"790\" alt=\"\"\/><\/p>\n<p><img decoding=\"async\" class=\"alignnone size-full\" src=\"https:\/\/jiana-tech.com\/wp-content\/uploads\/2025\/09\/detail_pic_13-6.png\" width=\"790\" alt=\"\"\/><\/p>\n<p><img decoding=\"async\" class=\"alignnone size-full\" src=\"https:\/\/jiana-tech.com\/wp-content\/uploads\/2025\/09\/detail_pic_14-7.png\" width=\"790\" alt=\"\"\/><\/p>\n<p><img decoding=\"async\" class=\"alignnone size-full\" src=\"https:\/\/jiana-tech.com\/wp-content\/uploads\/2025\/09\/detail_pic_15-9.png\" width=\"790\" alt=\"\"\/><\/p>\n<p><img decoding=\"async\" class=\"alignnone size-full\" src=\"https:\/\/jiana-tech.com\/wp-content\/uploads\/2025\/09\/detail_pic_16-2.png\" width=\"790\" alt=\"\"\/><\/p>\n<p><img decoding=\"async\" class=\"alignnone size-full\" src=\"https:\/\/jiana-tech.com\/wp-content\/uploads\/2025\/09\/detail_pic_17-8.png\" width=\"790\" alt=\"\"\/><\/p>\n<p><img decoding=\"async\" class=\"alignnone size-full\" src=\"https:\/\/jiana-tech.com\/wp-content\/uploads\/2025\/09\/detail_pic_18-6.jpg\" width=\"790\" alt=\"\"\/><\/p>\n<p><img decoding=\"async\" class=\"alignnone size-full\" src=\"https:\/\/jiana-tech.com\/wp-content\/uploads\/2025\/09\/detail_pic_19-5.jpg\" width=\"790\" alt=\"\"\/><\/p>\n<p><img decoding=\"async\" class=\"alignnone size-full\" src=\"https:\/\/jiana-tech.com\/wp-content\/uploads\/2025\/09\/detail_pic_20-4.png\" width=\"790\" alt=\"\"\/><\/p>\n<p><img decoding=\"async\" class=\"alignnone size-full\" src=\"https:\/\/jiana-tech.com\/wp-content\/uploads\/2025\/09\/detail_pic_21-4.jpg\" width=\"790\" alt=\"\"\/><\/p>\n<p><img decoding=\"async\" class=\"alignnone size-full\" src=\"https:\/\/jiana-tech.com\/wp-content\/uploads\/2025\/09\/detail_pic_22-5.jpg\" width=\"790\" alt=\"\"\/><\/p>\n<p><img decoding=\"async\" class=\"alignnone size-full\" src=\"https:\/\/jiana-tech.com\/wp-content\/uploads\/2025\/09\/detail_pic_23-4.jpg\" width=\"790\" alt=\"\"\/><\/p>\n<p><img decoding=\"async\" class=\"alignnone size-full\" src=\"https:\/\/jiana-tech.com\/wp-content\/uploads\/2025\/09\/detail_pic_24-4.jpg\" width=\"790\" alt=\"\"\/><\/p>\n<p><img decoding=\"async\" class=\"alignnone size-full\" src=\"https:\/\/jiana-tech.com\/wp-content\/uploads\/2025\/09\/detail_pic_25-4.jpg\" width=\"790\" alt=\"\"\/><\/p>\n<p><img decoding=\"async\" class=\"alignnone size-full\" src=\"https:\/\/jiana-tech.com\/wp-content\/uploads\/2025\/09\/detail_pic_26-3.jpg\" width=\"790\" alt=\"\"\/><\/p>","protected":false},"excerpt":{"rendered":"<p>SAIPWELL PLC Gabinete de controlo Programa\u00e7\u00e3o Gabinete de frequ\u00eancia vari\u00e1vel Ind\u00fastria el\u00e9ctrica Gabinete de controlo el\u00e9trico completo<\/p>","protected":false},"featured_media":2351,"template":"","meta":{"site-sidebar-layout":"default","site-content-layout":"","ast-site-content-layout":"default","site-content-style":"default","site-sidebar-style":"default","ast-global-header-display":"","ast-banner-title-visibility":"","ast-main-header-display":"","ast-hfb-above-header-display":"","ast-hfb-below-header-display":"","ast-hfb-mobile-header-display":"","site-post-title":"","ast-breadcrumbs-content":"","ast-featured-img":"","footer-sml-layout":"","ast-disable-related-posts":"","theme-transparent-header-meta":"","adv-header-id-meta":"","stick-header-meta":"","header-above-stick-meta":"","header-main-stick-meta":"","header-below-stick-meta":"","astra-migrate-meta-layouts":"default","ast-page-background-enabled":"default","ast-page-background-meta":{"desktop":{"background-color":"var(--ast-global-color-5)","background-image":"","background-repeat":"repeat","background-position":"center center","background-size":"auto","background-attachment":"scroll","background-type":"","background-media":"","overlay-type":"","overlay-color":"","overlay-opacity":"","overlay-gradient":""},"tablet":{"background-color":"","background-image":"","background-repeat":"repeat","background-position":"center center","background-size":"auto","background-attachment":"scroll","background-type":"","background-media":"","overlay-type":"","overlay-color":"","overlay-opacity":"","overlay-gradient":""},"mobile":{"background-color":"","background-image":"","background-repeat":"repeat","background-position":"center center","background-size":"auto","background-attachment":"scroll","background-type":"","background-media":"","overlay-type":"","overlay-color":"","overlay-opacity":"","overlay-gradient":""}},"ast-content-background-meta":{"desktop":{"background-color":"var(--ast-global-color-4)","background-image":"","background-repeat":"repeat","background-position":"center center","background-size":"auto","background-attachment":"scroll","background-type":"","background-media":"","overlay-type":"","overlay-color":"","overlay-opacity":"","overlay-gradient":""},"tablet":{"background-color":"var(--ast-global-color-4)","background-image":"","background-repeat":"repeat","background-position":"center center","background-size":"auto","background-attachment":"scroll","background-type":"","background-media":"","overlay-type":"","overlay-color":"","overlay-opacity":"","overlay-gradient":""},"mobile":{"background-color":"var(--ast-global-color-4)","background-image":"","background-repeat":"repeat","background-position":"center center","background-size":"auto","background-attachment":"scroll","background-type":"","background-media":"","overlay-type":"","overlay-color":"","overlay-opacity":"","overlay-gradient":""}}},"product_brand":[],"product_cat":[33,19],"product_tag":[],"class_list":{"0":"post-2542","1":"product","2":"type-product","3":"status-publish","4":"has-post-thumbnail","6":"product_cat-plc-control-cabinet1","7":"product_cat-uncategorized","8":"desktop-align-left","9":"tablet-align-left","10":"mobile-align-left","12":"first","13":"outofstock","14":"shipping-taxable","15":"product-type-variable"},"_links":{"self":[{"href":"https:\/\/jiana-tech.com\/pt\/wp-json\/wp\/v2\/product\/2542","targetHints":{"allow":["GET"]}}],"collection":[{"href":"https:\/\/jiana-tech.com\/pt\/wp-json\/wp\/v2\/product"}],"about":[{"href":"https:\/\/jiana-tech.com\/pt\/wp-json\/wp\/v2\/types\/product"}],"wp:featuredmedia":[{"embeddable":true,"href":"https:\/\/jiana-tech.com\/pt\/wp-json\/wp\/v2\/media\/2351"}],"wp:attachment":[{"href":"https:\/\/jiana-tech.com\/pt\/wp-json\/wp\/v2\/media?parent=2542"}],"wp:term":[{"taxonomy":"product_brand","embeddable":true,"href":"https:\/\/jiana-tech.com\/pt\/wp-json\/wp\/v2\/product_brand?post=2542"},{"taxonomy":"product_cat","embeddable":true,"href":"https:\/\/jiana-tech.com\/pt\/wp-json\/wp\/v2\/product_cat?post=2542"},{"taxonomy":"product_tag","embeddable":true,"href":"https:\/\/jiana-tech.com\/pt\/wp-json\/wp\/v2\/product_tag?post=2542"}],"curies":[{"name":"wp","href":"https:\/\/api.w.org\/{rel}","templated":true}]}}