{"id":2930,"date":"2025-10-25T02:15:20","date_gmt":"2025-10-25T02:15:20","guid":{"rendered":"https:\/\/jiana-tech.com\/?post_type=product&#038;p=2930"},"modified":"2025-10-25T02:17:08","modified_gmt":"2025-10-25T02:17:08","slug":"amino-acid-waste-gas-treatment-system-control-cabinet","status":"publish","type":"product","link":"https:\/\/jiana-tech.com\/pt\/product\/amino-acid-waste-gas-treatment-system-control-cabinet\/","title":{"rendered":"Arm\u00e1rio de controlo do sistema de tratamento de gases residuais de amino\u00e1cidos"},"content":{"rendered":"<p style=\"text-align: center;\">\u25cf The entire system&#8217;s electrical control cabinet utilizes an outdoor Rittal cabinet design with an IP54 protection rating.<\/p>\n<p style=\"text-align: center;\">A fonte de alimenta\u00e7\u00e3o principal do arm\u00e1rio de controlo \u00e9 um sistema trif\u00e1sico de cinco fios com uma tens\u00e3o nominal de AC380V, uma frequ\u00eancia nominal de 50Hz e uma corrente de carga m\u00e1xima de 320A.<\/p>\n<p style=\"text-align: center;\">Os barramentos de cobre amarelo, verde e vermelho no arm\u00e1rio s\u00e3o os fios activos trif\u00e1sicos A, B e C. O fio amarelo \u00e9 o fio de controlo AC220V, o fio azul \u00e9 o fio de controlo DC24V e a liga\u00e7\u00e3o amarelo-verde \u00e9 o fio de terra.<\/p>\n<p style=\"text-align: center;\">\u25cf The cabinet&#8217;s main components include molded case circuit breakers, miniature circuit breakers, intermediate relays, switching power supplies, switches, PLCs, and touch screens.<\/p>\n<p style=\"text-align: center;\">\u25cf The cabinet&#8217;s components are from renowned brands such as Schneider, Siemens, and ABB, ensuring system stability and a longer lifespan.<\/p>\n<p style=\"text-align: center;\">\u25cf The entire system CPU utilizes a Siemens S7-1200 , boasting powerful control functions and robust computing power, ensuring smoother system operation.<\/p>\n<p style=\"text-align: center;\">Todos os controlos do equipamento possuem fun\u00e7\u00f5es manuais e autom\u00e1ticas, permitindo uma mudan\u00e7a de modo flex\u00edvel para satisfazer diversas necessidades de controlo.<\/p>\n<p style=\"text-align: center;\">\u25cf The cabinet features buttons, indicator lights, and an inverter operation panel. Connected to the electrical components within the cabinet, it displays the operating status of the control cabinet and also controls the start and stop of equipment.<\/p>\n<p style=\"text-align: center;\">\u25cf A multi-function electric meter is installed on the cabinet, providing real-time visibility of three-phase voltage, current, and other parameters.<\/p>\n<p style=\"text-align: center;\">Todos os valores de par\u00e2metros no painel do PLC podem ser modificados em tempo real, e todas as informa\u00e7\u00f5es de alarme podem ser visualizadas no ecr\u00e3 de alarme, facilitando a gest\u00e3o de situa\u00e7\u00f5es anormais. Em caso de emerg\u00eancia, o bot\u00e3o de paragem de emerg\u00eancia do arm\u00e1rio do PLC permite um encerramento r\u00e1pido.<\/p>\n<p><img fetchpriority=\"high\" decoding=\"async\" class=\"aligncenter size-full wp-image-2931\" src=\"https:\/\/jiana-tech.com\/wp-content\/uploads\/2025\/10\/\u6c28\u57fa\u9178\u5e9f\u6c14\u5904\u7406\u7cfb\u7edf\u63a7\u5236\u67dc-2.jpg\" alt=\"\" width=\"600\" height=\"450\" srcset=\"https:\/\/jiana-tech.com\/wp-content\/uploads\/2025\/10\/\u6c28\u57fa\u9178\u5e9f\u6c14\u5904\u7406\u7cfb\u7edf\u63a7\u5236\u67dc-2.jpg 600w, https:\/\/jiana-tech.com\/wp-content\/uploads\/2025\/10\/\u6c28\u57fa\u9178\u5e9f\u6c14\u5904\u7406\u7cfb\u7edf\u63a7\u5236\u67dc-2-300x225.jpg 300w, https:\/\/jiana-tech.com\/wp-content\/uploads\/2025\/10\/\u6c28\u57fa\u9178\u5e9f\u6c14\u5904\u7406\u7cfb\u7edf\u63a7\u5236\u67dc-2-16x12.jpg 16w\" sizes=\"(max-width: 600px) 100vw, 600px\" \/> <img decoding=\"async\" class=\"aligncenter size-full wp-image-2932\" src=\"https:\/\/jiana-tech.com\/wp-content\/uploads\/2025\/10\/\u6c28\u57fa\u9178\u5e9f\u6c14\u5904\u7406\u7cfb\u7edf\u63a7\u5236\u67dc-001-2.jpg\" alt=\"\" width=\"930\" height=\"698\" srcset=\"https:\/\/jiana-tech.com\/wp-content\/uploads\/2025\/10\/\u6c28\u57fa\u9178\u5e9f\u6c14\u5904\u7406\u7cfb\u7edf\u63a7\u5236\u67dc-001-2.jpg 930w, https:\/\/jiana-tech.com\/wp-content\/uploads\/2025\/10\/\u6c28\u57fa\u9178\u5e9f\u6c14\u5904\u7406\u7cfb\u7edf\u63a7\u5236\u67dc-001-2-300x225.jpg 300w, https:\/\/jiana-tech.com\/wp-content\/uploads\/2025\/10\/\u6c28\u57fa\u9178\u5e9f\u6c14\u5904\u7406\u7cfb\u7edf\u63a7\u5236\u67dc-001-2-768x576.jpg 768w, https:\/\/jiana-tech.com\/wp-content\/uploads\/2025\/10\/\u6c28\u57fa\u9178\u5e9f\u6c14\u5904\u7406\u7cfb\u7edf\u63a7\u5236\u67dc-001-2-16x12.jpg 16w, https:\/\/jiana-tech.com\/wp-content\/uploads\/2025\/10\/\u6c28\u57fa\u9178\u5e9f\u6c14\u5904\u7406\u7cfb\u7edf\u63a7\u5236\u67dc-001-2-600x450.jpg 600w\" sizes=\"(max-width: 930px) 100vw, 930px\" \/> <img decoding=\"async\" class=\"aligncenter size-full wp-image-2933\" src=\"https:\/\/jiana-tech.com\/wp-content\/uploads\/2025\/10\/\u6c28\u57fa\u9178\u5e9f\u6c14\u5904\u7406\u7cfb\u7edf\u63a7\u5236\u67dc-002-2.jpg\" alt=\"\" width=\"900\" height=\"1200\" srcset=\"https:\/\/jiana-tech.com\/wp-content\/uploads\/2025\/10\/\u6c28\u57fa\u9178\u5e9f\u6c14\u5904\u7406\u7cfb\u7edf\u63a7\u5236\u67dc-002-2.jpg 900w, https:\/\/jiana-tech.com\/wp-content\/uploads\/2025\/10\/\u6c28\u57fa\u9178\u5e9f\u6c14\u5904\u7406\u7cfb\u7edf\u63a7\u5236\u67dc-002-2-225x300.jpg 225w, https:\/\/jiana-tech.com\/wp-content\/uploads\/2025\/10\/\u6c28\u57fa\u9178\u5e9f\u6c14\u5904\u7406\u7cfb\u7edf\u63a7\u5236\u67dc-002-2-768x1024.jpg 768w, https:\/\/jiana-tech.com\/wp-content\/uploads\/2025\/10\/\u6c28\u57fa\u9178\u5e9f\u6c14\u5904\u7406\u7cfb\u7edf\u63a7\u5236\u67dc-002-2-9x12.jpg 9w, https:\/\/jiana-tech.com\/wp-content\/uploads\/2025\/10\/\u6c28\u57fa\u9178\u5e9f\u6c14\u5904\u7406\u7cfb\u7edf\u63a7\u5236\u67dc-002-2-600x800.jpg 600w\" sizes=\"(max-width: 900px) 100vw, 900px\" \/> <img loading=\"lazy\" decoding=\"async\" class=\"aligncenter size-full wp-image-2934\" src=\"https:\/\/jiana-tech.com\/wp-content\/uploads\/2025\/10\/\u6c28\u57fa\u9178\u5e9f\u6c14\u5904\u7406\u7cfb\u7edf\u63a7\u5236\u67dc-003-2.jpg\" alt=\"\" width=\"900\" height=\"1200\" srcset=\"https:\/\/jiana-tech.com\/wp-content\/uploads\/2025\/10\/\u6c28\u57fa\u9178\u5e9f\u6c14\u5904\u7406\u7cfb\u7edf\u63a7\u5236\u67dc-003-2.jpg 900w, https:\/\/jiana-tech.com\/wp-content\/uploads\/2025\/10\/\u6c28\u57fa\u9178\u5e9f\u6c14\u5904\u7406\u7cfb\u7edf\u63a7\u5236\u67dc-003-2-225x300.jpg 225w, https:\/\/jiana-tech.com\/wp-content\/uploads\/2025\/10\/\u6c28\u57fa\u9178\u5e9f\u6c14\u5904\u7406\u7cfb\u7edf\u63a7\u5236\u67dc-003-2-768x1024.jpg 768w, https:\/\/jiana-tech.com\/wp-content\/uploads\/2025\/10\/\u6c28\u57fa\u9178\u5e9f\u6c14\u5904\u7406\u7cfb\u7edf\u63a7\u5236\u67dc-003-2-9x12.jpg 9w, https:\/\/jiana-tech.com\/wp-content\/uploads\/2025\/10\/\u6c28\u57fa\u9178\u5e9f\u6c14\u5904\u7406\u7cfb\u7edf\u63a7\u5236\u67dc-003-2-600x800.jpg 600w\" sizes=\"(max-width: 900px) 100vw, 900px\" \/> <img loading=\"lazy\" decoding=\"async\" class=\"aligncenter size-full wp-image-2935\" src=\"https:\/\/jiana-tech.com\/wp-content\/uploads\/2025\/10\/\u6c28\u57fa\u9178\u5e9f\u6c14\u5904\u7406\u7cfb\u7edf\u63a7\u5236\u67dc-004-2.jpg\" alt=\"\" width=\"900\" height=\"1200\" srcset=\"https:\/\/jiana-tech.com\/wp-content\/uploads\/2025\/10\/\u6c28\u57fa\u9178\u5e9f\u6c14\u5904\u7406\u7cfb\u7edf\u63a7\u5236\u67dc-004-2.jpg 900w, https:\/\/jiana-tech.com\/wp-content\/uploads\/2025\/10\/\u6c28\u57fa\u9178\u5e9f\u6c14\u5904\u7406\u7cfb\u7edf\u63a7\u5236\u67dc-004-2-225x300.jpg 225w, https:\/\/jiana-tech.com\/wp-content\/uploads\/2025\/10\/\u6c28\u57fa\u9178\u5e9f\u6c14\u5904\u7406\u7cfb\u7edf\u63a7\u5236\u67dc-004-2-768x1024.jpg 768w, https:\/\/jiana-tech.com\/wp-content\/uploads\/2025\/10\/\u6c28\u57fa\u9178\u5e9f\u6c14\u5904\u7406\u7cfb\u7edf\u63a7\u5236\u67dc-004-2-9x12.jpg 9w, https:\/\/jiana-tech.com\/wp-content\/uploads\/2025\/10\/\u6c28\u57fa\u9178\u5e9f\u6c14\u5904\u7406\u7cfb\u7edf\u63a7\u5236\u67dc-004-2-600x800.jpg 600w\" sizes=\"(max-width: 900px) 100vw, 900px\" \/><\/p>","protected":false},"excerpt":{"rendered":"<p>1. The entire system&#8217;s electrical control cabinet utilizes an outdoor Rittal cabinet design with an IP54 protection rating.<br \/>\n2. The electrical control cabinet&#8217;s main power supply is a three-phase, five-wire system with a rated voltage of AC380V, a rated frequency of 50Hz, and a maximum load current of 320A.<\/p>","protected":false},"featured_media":2931,"template":"","meta":{"site-sidebar-layout":"default","site-content-layout":"","ast-site-content-layout":"default","site-content-style":"default","site-sidebar-style":"default","ast-global-header-display":"","ast-banner-title-visibility":"","ast-main-header-display":"","ast-hfb-above-header-display":"","ast-hfb-below-header-display":"","ast-hfb-mobile-header-display":"","site-post-title":"","ast-breadcrumbs-content":"","ast-featured-img":"","footer-sml-layout":"","theme-transparent-header-meta":"default","adv-header-id-meta":"","stick-header-meta":"","header-above-stick-meta":"","header-main-stick-meta":"","header-below-stick-meta":"","astra-migrate-meta-layouts":"set","ast-page-background-enabled":"default","ast-page-background-meta":{"desktop":{"background-color":"var(--ast-global-color-5)","background-image":"","background-repeat":"repeat","background-position":"center center","background-size":"auto","background-attachment":"scroll","background-type":"","background-media":"","overlay-type":"","overlay-color":"","overlay-opacity":"","overlay-gradient":""},"tablet":{"background-color":"","background-image":"","background-repeat":"repeat","background-position":"center center","background-size":"auto","background-attachment":"scroll","background-type":"","background-media":"","overlay-type":"","overlay-color":"","overlay-opacity":"","overlay-gradient":""},"mobile":{"background-color":"","background-image":"","background-repeat":"repeat","background-position":"center center","background-size":"auto","background-attachment":"scroll","background-type":"","background-media":"","overlay-type":"","overlay-color":"","overlay-opacity":"","overlay-gradient":""}},"ast-content-background-meta":{"desktop":{"background-color":"var(--ast-global-color-4)","background-image":"","background-repeat":"repeat","background-position":"center center","background-size":"auto","background-attachment":"scroll","background-type":"","background-media":"","overlay-type":"","overlay-color":"","overlay-opacity":"","overlay-gradient":""},"tablet":{"background-color":"var(--ast-global-color-4)","background-image":"","background-repeat":"repeat","background-position":"center center","background-size":"auto","background-attachment":"scroll","background-type":"","background-media":"","overlay-type":"","overlay-color":"","overlay-opacity":"","overlay-gradient":""},"mobile":{"background-color":"var(--ast-global-color-4)","background-image":"","background-repeat":"repeat","background-position":"center center","background-size":"auto","background-attachment":"scroll","background-type":"","background-media":"","overlay-type":"","overlay-color":"","overlay-opacity":"","overlay-gradient":""}}},"product_brand":[],"product_cat":[30],"product_tag":[],"class_list":{"0":"post-2930","1":"product","2":"type-product","3":"status-publish","4":"has-post-thumbnail","6":"product_cat-environmental-protection-equipment-system-control-cabinet","7":"desktop-align-left","8":"tablet-align-left","9":"mobile-align-left","11":"first","12":"outofstock","13":"shipping-taxable","14":"product-type-variable"},"_links":{"self":[{"href":"https:\/\/jiana-tech.com\/pt\/wp-json\/wp\/v2\/product\/2930","targetHints":{"allow":["GET"]}}],"collection":[{"href":"https:\/\/jiana-tech.com\/pt\/wp-json\/wp\/v2\/product"}],"about":[{"href":"https:\/\/jiana-tech.com\/pt\/wp-json\/wp\/v2\/types\/product"}],"wp:featuredmedia":[{"embeddable":true,"href":"https:\/\/jiana-tech.com\/pt\/wp-json\/wp\/v2\/media\/2931"}],"wp:attachment":[{"href":"https:\/\/jiana-tech.com\/pt\/wp-json\/wp\/v2\/media?parent=2930"}],"wp:term":[{"taxonomy":"product_brand","embeddable":true,"href":"https:\/\/jiana-tech.com\/pt\/wp-json\/wp\/v2\/product_brand?post=2930"},{"taxonomy":"product_cat","embeddable":true,"href":"https:\/\/jiana-tech.com\/pt\/wp-json\/wp\/v2\/product_cat?post=2930"},{"taxonomy":"product_tag","embeddable":true,"href":"https:\/\/jiana-tech.com\/pt\/wp-json\/wp\/v2\/product_tag?post=2930"}],"curies":[{"name":"wp","href":"https:\/\/api.w.org\/{rel}","templated":true}]}}