{"id":2936,"date":"2025-10-25T02:17:13","date_gmt":"2025-10-25T02:17:13","guid":{"rendered":"https:\/\/jiana-tech.com\/?post_type=product&#038;p=2936"},"modified":"2025-10-25T02:19:18","modified_gmt":"2025-10-25T02:19:18","slug":"wastewater-treatment-system-control-cabinet","status":"publish","type":"product","link":"https:\/\/jiana-tech.com\/pt\/product\/wastewater-treatment-system-control-cabinet\/","title":{"rendered":"Arm\u00e1rio de controlo do sistema de tratamento de \u00e1guas residuais"},"content":{"rendered":"<p style=\"text-align: center;\">O arm\u00e1rio de controlo el\u00e9trico de todo o sistema utiliza um design de arm\u00e1rio interior da Rittal com uma classifica\u00e7\u00e3o de prote\u00e7\u00e3o IP40.<\/p>\n<p style=\"text-align: center;\">A fonte de alimenta\u00e7\u00e3o principal do arm\u00e1rio de controlo \u00e9 um sistema trif\u00e1sico de cinco fios com uma tens\u00e3o nominal de AC380V, uma frequ\u00eancia nominal de 50Hz e uma corrente de carga m\u00e1xima de 320A.<\/p>\n<p style=\"text-align: center;\">Os barramentos de cobre amarelo, verde e vermelho no arm\u00e1rio s\u00e3o os fios activos trif\u00e1sicos A, B e C. O fio amarelo \u00e9 o fio de controlo AC220V, o fio azul \u00e9 o fio de controlo DC24V e a liga\u00e7\u00e3o amarelo-verde \u00e9 o fio de terra.<\/p>\n<p style=\"text-align: center;\">Os principais componentes do arm\u00e1rio incluem disjuntores em caixa moldada, disjuntores miniatura, rel\u00e9s interm\u00e9dios, conversores de frequ\u00eancia, contactores CA, PLCs e ecr\u00e3s t\u00e1cteis.<\/p>\n<p style=\"text-align: center;\">Os componentes do arm\u00e1rio s\u00e3o de marcas de renome como a Schneider e a Siemens, garantindo a estabilidade do sistema e uma vida \u00fatil mais longa.<\/p>\n<p style=\"text-align: center;\">A CPU de todo o sistema utiliza o Siemens S7-200 Smart, compacto, de baixo custo e com um poderoso conjunto de instru\u00e7\u00f5es, \u00e9 a solu\u00e7\u00e3o perfeita para controlar pequenas aplica\u00e7\u00f5es.<\/p>\n<p style=\"text-align: center;\">Todos os controlos de dispositivos possuem fun\u00e7\u00f5es manuais e autom\u00e1ticas, permitindo uma comuta\u00e7\u00e3o de modo flex\u00edvel para satisfazer diversas necessidades de controlo.<\/p>\n<p style=\"text-align: center;\">Um medidor el\u00e9trico multifuncional no arm\u00e1rio fornece visibilidade em tempo real da tens\u00e3o trif\u00e1sica, corrente, frequ\u00eancia e outros par\u00e2metros, proporcionando uma melhor compreens\u00e3o do estado de funcionamento atual.<\/p>\n<p style=\"text-align: center;\">Todos os valores de par\u00e2metros no painel do PLC podem ser modificados em tempo real, e todas as informa\u00e7\u00f5es de alarme podem ser visualizadas no ecr\u00e3 de alarme, facilitando a gest\u00e3o de situa\u00e7\u00f5es anormais. Em caso de emerg\u00eancia, o bot\u00e3o de paragem de emerg\u00eancia do arm\u00e1rio do PLC permite um encerramento r\u00e1pido.<\/p>\n<p><img fetchpriority=\"high\" decoding=\"async\" class=\"aligncenter size-full wp-image-2937\" src=\"https:\/\/jiana-tech.com\/wp-content\/uploads\/2025\/10\/\u5e9f\u6c34\u5904\u7406\u7cfb\u7edf\u63a7\u5236\u67dc.jpg-2.jpg\" alt=\"\" width=\"930\" height=\"600\" srcset=\"https:\/\/jiana-tech.com\/wp-content\/uploads\/2025\/10\/\u5e9f\u6c34\u5904\u7406\u7cfb\u7edf\u63a7\u5236\u67dc.jpg-2.jpg 930w, https:\/\/jiana-tech.com\/wp-content\/uploads\/2025\/10\/\u5e9f\u6c34\u5904\u7406\u7cfb\u7edf\u63a7\u5236\u67dc.jpg-2-300x194.jpg 300w, https:\/\/jiana-tech.com\/wp-content\/uploads\/2025\/10\/\u5e9f\u6c34\u5904\u7406\u7cfb\u7edf\u63a7\u5236\u67dc.jpg-2-768x495.jpg 768w, https:\/\/jiana-tech.com\/wp-content\/uploads\/2025\/10\/\u5e9f\u6c34\u5904\u7406\u7cfb\u7edf\u63a7\u5236\u67dc.jpg-2-18x12.jpg 18w, https:\/\/jiana-tech.com\/wp-content\/uploads\/2025\/10\/\u5e9f\u6c34\u5904\u7406\u7cfb\u7edf\u63a7\u5236\u67dc.jpg-2-600x387.jpg 600w\" sizes=\"(max-width: 930px) 100vw, 930px\" \/> <img decoding=\"async\" class=\"aligncenter size-full wp-image-2938\" src=\"https:\/\/jiana-tech.com\/wp-content\/uploads\/2025\/10\/\u5e9f\u6c34\u5904\u7406\u7cfb\u7edf\u63a7\u5236\u67dc1-2.jpg\" alt=\"\" width=\"600\" height=\"450\" srcset=\"https:\/\/jiana-tech.com\/wp-content\/uploads\/2025\/10\/\u5e9f\u6c34\u5904\u7406\u7cfb\u7edf\u63a7\u5236\u67dc1-2.jpg 600w, https:\/\/jiana-tech.com\/wp-content\/uploads\/2025\/10\/\u5e9f\u6c34\u5904\u7406\u7cfb\u7edf\u63a7\u5236\u67dc1-2-300x225.jpg 300w, https:\/\/jiana-tech.com\/wp-content\/uploads\/2025\/10\/\u5e9f\u6c34\u5904\u7406\u7cfb\u7edf\u63a7\u5236\u67dc1-2-16x12.jpg 16w\" sizes=\"(max-width: 600px) 100vw, 600px\" \/> <img decoding=\"async\" class=\"aligncenter size-full wp-image-2939\" src=\"https:\/\/jiana-tech.com\/wp-content\/uploads\/2025\/10\/\u5e9f\u6c34\u5904\u7406\u7cfb\u7edf\u63a7\u5236\u67dc1-2.jpg\" alt=\"\" width=\"930\" height=\"600\" srcset=\"https:\/\/jiana-tech.com\/wp-content\/uploads\/2025\/10\/\u5e9f\u6c34\u5904\u7406\u7cfb\u7edf\u63a7\u5236\u67dc1-2.jpg 600w, https:\/\/jiana-tech.com\/wp-content\/uploads\/2025\/10\/\u5e9f\u6c34\u5904\u7406\u7cfb\u7edf\u63a7\u5236\u67dc1-2-300x225.jpg 300w, https:\/\/jiana-tech.com\/wp-content\/uploads\/2025\/10\/\u5e9f\u6c34\u5904\u7406\u7cfb\u7edf\u63a7\u5236\u67dc1-2-16x12.jpg 16w\" sizes=\"(max-width: 930px) 100vw, 930px\" \/><\/p>","protected":false},"excerpt":{"rendered":"<p>1. O arm\u00e1rio de controlo el\u00e9trico de todo o sistema utiliza um design de arm\u00e1rio interior da Rittal com uma classifica\u00e7\u00e3o de prote\u00e7\u00e3o IP40.<br \/>\n2. A fonte de alimenta\u00e7\u00e3o principal do quadro el\u00e9trico de controlo \u00e9 um sistema trif\u00e1sico de cinco fios, com uma tens\u00e3o nominal de 380V CA, uma frequ\u00eancia nominal de 50Hz e uma corrente de carga m\u00e1xima de 320A.<br \/>\n3. Os barramentos de cobre amarelo, verde e vermelho no interior do arm\u00e1rio s\u00e3o os fios el\u00e9ctricos trif\u00e1sicos A, B e C. O fio amarelo \u00e9 o fio de controlo AC220V.<\/p>","protected":false},"featured_media":2938,"template":"","meta":{"site-sidebar-layout":"default","site-content-layout":"","ast-site-content-layout":"default","site-content-style":"default","site-sidebar-style":"default","ast-global-header-display":"","ast-banner-title-visibility":"","ast-main-header-display":"","ast-hfb-above-header-display":"","ast-hfb-below-header-display":"","ast-hfb-mobile-header-display":"","site-post-title":"","ast-breadcrumbs-content":"","ast-featured-img":"","footer-sml-layout":"","ast-disable-related-posts":"","theme-transparent-header-meta":"default","adv-header-id-meta":"","stick-header-meta":"","header-above-stick-meta":"","header-main-stick-meta":"","header-below-stick-meta":"","astra-migrate-meta-layouts":"set","ast-page-background-enabled":"default","ast-page-background-meta":{"desktop":{"background-color":"var(--ast-global-color-5)","background-image":"","background-repeat":"repeat","background-position":"center center","background-size":"auto","background-attachment":"scroll","background-type":"","background-media":"","overlay-type":"","overlay-color":"","overlay-opacity":"","overlay-gradient":""},"tablet":{"background-color":"","background-image":"","background-repeat":"repeat","background-position":"center center","background-size":"auto","background-attachment":"scroll","background-type":"","background-media":"","overlay-type":"","overlay-color":"","overlay-opacity":"","overlay-gradient":""},"mobile":{"background-color":"","background-image":"","background-repeat":"repeat","background-position":"center center","background-size":"auto","background-attachment":"scroll","background-type":"","background-media":"","overlay-type":"","overlay-color":"","overlay-opacity":"","overlay-gradient":""}},"ast-content-background-meta":{"desktop":{"background-color":"var(--ast-global-color-4)","background-image":"","background-repeat":"repeat","background-position":"center center","background-size":"auto","background-attachment":"scroll","background-type":"","background-media":"","overlay-type":"","overlay-color":"","overlay-opacity":"","overlay-gradient":""},"tablet":{"background-color":"var(--ast-global-color-4)","background-image":"","background-repeat":"repeat","background-position":"center center","background-size":"auto","background-attachment":"scroll","background-type":"","background-media":"","overlay-type":"","overlay-color":"","overlay-opacity":"","overlay-gradient":""},"mobile":{"background-color":"var(--ast-global-color-4)","background-image":"","background-repeat":"repeat","background-position":"center center","background-size":"auto","background-attachment":"scroll","background-type":"","background-media":"","overlay-type":"","overlay-color":"","overlay-opacity":"","overlay-gradient":""}}},"product_brand":[],"product_cat":[30],"product_tag":[],"class_list":{"0":"post-2936","1":"product","2":"type-product","3":"status-publish","4":"has-post-thumbnail","6":"product_cat-environmental-protection-equipment-system-control-cabinet","7":"desktop-align-left","8":"tablet-align-left","9":"mobile-align-left","11":"first","12":"outofstock","13":"shipping-taxable","14":"product-type-variable"},"_links":{"self":[{"href":"https:\/\/jiana-tech.com\/pt\/wp-json\/wp\/v2\/product\/2936","targetHints":{"allow":["GET"]}}],"collection":[{"href":"https:\/\/jiana-tech.com\/pt\/wp-json\/wp\/v2\/product"}],"about":[{"href":"https:\/\/jiana-tech.com\/pt\/wp-json\/wp\/v2\/types\/product"}],"wp:featuredmedia":[{"embeddable":true,"href":"https:\/\/jiana-tech.com\/pt\/wp-json\/wp\/v2\/media\/2938"}],"wp:attachment":[{"href":"https:\/\/jiana-tech.com\/pt\/wp-json\/wp\/v2\/media?parent=2936"}],"wp:term":[{"taxonomy":"product_brand","embeddable":true,"href":"https:\/\/jiana-tech.com\/pt\/wp-json\/wp\/v2\/product_brand?post=2936"},{"taxonomy":"product_cat","embeddable":true,"href":"https:\/\/jiana-tech.com\/pt\/wp-json\/wp\/v2\/product_cat?post=2936"},{"taxonomy":"product_tag","embeddable":true,"href":"https:\/\/jiana-tech.com\/pt\/wp-json\/wp\/v2\/product_tag?post=2936"}],"curies":[{"name":"wp","href":"https:\/\/api.w.org\/{rel}","templated":true}]}}