{"id":2967,"date":"2025-10-25T02:57:14","date_gmt":"2025-10-25T02:57:14","guid":{"rendered":"https:\/\/jiana-tech.com\/?post_type=product&#038;p=2967"},"modified":"2025-10-25T02:59:12","modified_gmt":"2025-10-25T02:59:12","slug":"mitsubishi-fx-3u-series-plc-cabinet","status":"publish","type":"product","link":"https:\/\/jiana-tech.com\/pt\/product\/mitsubishi-fx-3u-series-plc-cabinet\/","title":{"rendered":"Arm\u00e1rio PLC da s\u00e9rie FX-3U da Mitsubishi"},"content":{"rendered":"<p style=\"text-align: center;\">\u25cf The entire system&#8217;s electrical control cabinet utilizes an outdoor-style Rittal cabinet design with an IP54 protection rating.<\/p>\n<p style=\"text-align: center;\">\u25cf The main power supply for the electrical control cabinet is a three-phase, five-wire system with a rated voltage of AC380V, a rated frequency of 50Hz, and a maximum load current of 160A.<\/p>\n<p style=\"text-align: center;\">O fio preto no interior do arm\u00e1rio \u00e9 a linha de alimenta\u00e7\u00e3o AC380V, o fio amarelo \u00e9 a linha de controlo AC220V, o fio azul \u00e9 a linha de controlo DC24V e a linha verde-amarela \u00e9 a linha de terra.<\/p>\n<p style=\"text-align: center;\">Os principais componentes no interior do arm\u00e1rio incluem disjuntores em caixa moldada, disjuntores miniatura, contactores CA, rel\u00e9s interm\u00e9dios, inversores e PLCs.<\/p>\n<p style=\"text-align: center;\">\u25cf The components inside the cabinet are from Schneider, Mitsubishi, and Ohm. Longxian brand ensures stable system operation and a longer service life.<\/p>\n<p style=\"text-align: center;\">Todos os controlos do equipamento possuem fun\u00e7\u00f5es manuais e autom\u00e1ticas, permitindo uma mudan\u00e7a de modo flex\u00edvel para satisfazer diversas necessidades de controlo.<\/p>\n<p style=\"text-align: center;\">\u25cf The entire system utilizes the Mitsubishi FX-3U series CPU, offering fast processing speed and a wide range of scalable input and output points, up to 384 points.<\/p>\n<p style=\"text-align: center;\">\u25cf The control cabinet is equipped with a multi-function meter for real-time viewing of three-phase voltage, current, and other parameters.<\/p>\n<p style=\"text-align: center;\">Todos os valores de par\u00e2metros no painel podem ser modificados em tempo real e todas as informa\u00e7\u00f5es de alarme podem ser visualizadas no ecr\u00e3 de alarme, facilitando a gest\u00e3o de situa\u00e7\u00f5es anormais. Em caso de emerg\u00eancia, o bot\u00e3o de paragem de emerg\u00eancia do arm\u00e1rio do PLC permite um encerramento r\u00e1pido.<\/p>\n<p><img fetchpriority=\"high\" decoding=\"async\" class=\"aligncenter size-full wp-image-2968\" src=\"https:\/\/jiana-tech.com\/wp-content\/uploads\/2025\/10\/\u4ea7\u54c1\u4e8cIMG_20201016_1616131.jpg-2.jpg\" alt=\"\" width=\"900\" height=\"1200\" srcset=\"https:\/\/jiana-tech.com\/wp-content\/uploads\/2025\/10\/\u4ea7\u54c1\u4e8cIMG_20201016_1616131.jpg-2.jpg 900w, https:\/\/jiana-tech.com\/wp-content\/uploads\/2025\/10\/\u4ea7\u54c1\u4e8cIMG_20201016_1616131.jpg-2-225x300.jpg 225w, https:\/\/jiana-tech.com\/wp-content\/uploads\/2025\/10\/\u4ea7\u54c1\u4e8cIMG_20201016_1616131.jpg-2-768x1024.jpg 768w, https:\/\/jiana-tech.com\/wp-content\/uploads\/2025\/10\/\u4ea7\u54c1\u4e8cIMG_20201016_1616131.jpg-2-9x12.jpg 9w, https:\/\/jiana-tech.com\/wp-content\/uploads\/2025\/10\/\u4ea7\u54c1\u4e8cIMG_20201016_1616131.jpg-2-600x800.jpg 600w\" sizes=\"(max-width: 900px) 100vw, 900px\" \/> <img decoding=\"async\" class=\"aligncenter size-full wp-image-2969\" src=\"https:\/\/jiana-tech.com\/wp-content\/uploads\/2025\/10\/\u5c01\u9762\u4e00IMG_20201016_1625281.jpg-2.jpg\" alt=\"\" width=\"900\" height=\"1200\" srcset=\"https:\/\/jiana-tech.com\/wp-content\/uploads\/2025\/10\/\u5c01\u9762\u4e00IMG_20201016_1625281.jpg-2.jpg 900w, https:\/\/jiana-tech.com\/wp-content\/uploads\/2025\/10\/\u5c01\u9762\u4e00IMG_20201016_1625281.jpg-2-225x300.jpg 225w, https:\/\/jiana-tech.com\/wp-content\/uploads\/2025\/10\/\u5c01\u9762\u4e00IMG_20201016_1625281.jpg-2-768x1024.jpg 768w, https:\/\/jiana-tech.com\/wp-content\/uploads\/2025\/10\/\u5c01\u9762\u4e00IMG_20201016_1625281.jpg-2-9x12.jpg 9w, https:\/\/jiana-tech.com\/wp-content\/uploads\/2025\/10\/\u5c01\u9762\u4e00IMG_20201016_1625281.jpg-2-600x800.jpg 600w\" sizes=\"(max-width: 900px) 100vw, 900px\" \/> <img decoding=\"async\" class=\"aligncenter size-full wp-image-2970\" src=\"https:\/\/jiana-tech.com\/wp-content\/uploads\/2025\/10\/\u4e09\u83f1FX-3U\u7cfb\u5217PLC\u67dc-2.jpg\" alt=\"\" width=\"600\" height=\"450\" srcset=\"https:\/\/jiana-tech.com\/wp-content\/uploads\/2025\/10\/\u4e09\u83f1FX-3U\u7cfb\u5217PLC\u67dc-2.jpg 600w, https:\/\/jiana-tech.com\/wp-content\/uploads\/2025\/10\/\u4e09\u83f1FX-3U\u7cfb\u5217PLC\u67dc-2-300x225.jpg 300w, https:\/\/jiana-tech.com\/wp-content\/uploads\/2025\/10\/\u4e09\u83f1FX-3U\u7cfb\u5217PLC\u67dc-2-16x12.jpg 16w\" sizes=\"(max-width: 600px) 100vw, 600px\" \/> <img loading=\"lazy\" decoding=\"async\" class=\"aligncenter size-full wp-image-2971\" src=\"https:\/\/jiana-tech.com\/wp-content\/uploads\/2025\/10\/\u4e09\u83f1FX-3U\u7cfb\u5217PLC\u67dc-001.jpg\" alt=\"\" width=\"600\" height=\"450\" srcset=\"https:\/\/jiana-tech.com\/wp-content\/uploads\/2025\/10\/\u4e09\u83f1FX-3U\u7cfb\u5217PLC\u67dc-001.jpg 600w, https:\/\/jiana-tech.com\/wp-content\/uploads\/2025\/10\/\u4e09\u83f1FX-3U\u7cfb\u5217PLC\u67dc-001-300x225.jpg 300w, https:\/\/jiana-tech.com\/wp-content\/uploads\/2025\/10\/\u4e09\u83f1FX-3U\u7cfb\u5217PLC\u67dc-001-16x12.jpg 16w\" sizes=\"(max-width: 600px) 100vw, 600px\" \/> <img loading=\"lazy\" decoding=\"async\" class=\"aligncenter size-full wp-image-2972\" src=\"https:\/\/jiana-tech.com\/wp-content\/uploads\/2025\/10\/\u4e09\u83f1FX-3U\u7cfb\u5217PLC\u67dc-002.jpg\" alt=\"\" width=\"600\" height=\"450\" srcset=\"https:\/\/jiana-tech.com\/wp-content\/uploads\/2025\/10\/\u4e09\u83f1FX-3U\u7cfb\u5217PLC\u67dc-002.jpg 600w, https:\/\/jiana-tech.com\/wp-content\/uploads\/2025\/10\/\u4e09\u83f1FX-3U\u7cfb\u5217PLC\u67dc-002-300x225.jpg 300w, https:\/\/jiana-tech.com\/wp-content\/uploads\/2025\/10\/\u4e09\u83f1FX-3U\u7cfb\u5217PLC\u67dc-002-16x12.jpg 16w\" sizes=\"(max-width: 600px) 100vw, 600px\" \/><\/p>","protected":false},"excerpt":{"rendered":"<p>O arm\u00e1rio de controlo PLC \u00e9 um arm\u00e1rio de controlo integrado program\u00e1vel com fun\u00e7\u00f5es de prote\u00e7\u00e3o, tais como sobrecarga, curto-circuito e prote\u00e7\u00e3o contra perda de fase. Tem uma estrutura compacta, opera\u00e7\u00e3o est\u00e1vel e fun\u00e7\u00f5es completas. Pode ser combinado de acordo com a escala de controlo real e pode realizar o controlo autom\u00e1tico de um \u00fanico arm\u00e1rio ou ser ligado atrav\u00e9s de Ethernet industrial.<\/p>","protected":false},"featured_media":2970,"template":"","meta":{"site-sidebar-layout":"default","site-content-layout":"","ast-site-content-layout":"default","site-content-style":"default","site-sidebar-style":"default","ast-global-header-display":"","ast-banner-title-visibility":"","ast-main-header-display":"","ast-hfb-above-header-display":"","ast-hfb-below-header-display":"","ast-hfb-mobile-header-display":"","site-post-title":"","ast-breadcrumbs-content":"","ast-featured-img":"","footer-sml-layout":"","theme-transparent-header-meta":"default","adv-header-id-meta":"","stick-header-meta":"","header-above-stick-meta":"","header-main-stick-meta":"","header-below-stick-meta":"","astra-migrate-meta-layouts":"set","ast-page-background-enabled":"default","ast-page-background-meta":{"desktop":{"background-color":"var(--ast-global-color-5)","background-image":"","background-repeat":"repeat","background-position":"center center","background-size":"auto","background-attachment":"scroll","background-type":"","background-media":"","overlay-type":"","overlay-color":"","overlay-opacity":"","overlay-gradient":""},"tablet":{"background-color":"","background-image":"","background-repeat":"repeat","background-position":"center center","background-size":"auto","background-attachment":"scroll","background-type":"","background-media":"","overlay-type":"","overlay-color":"","overlay-opacity":"","overlay-gradient":""},"mobile":{"background-color":"","background-image":"","background-repeat":"repeat","background-position":"center center","background-size":"auto","background-attachment":"scroll","background-type":"","background-media":"","overlay-type":"","overlay-color":"","overlay-opacity":"","overlay-gradient":""}},"ast-content-background-meta":{"desktop":{"background-color":"var(--ast-global-color-4)","background-image":"","background-repeat":"repeat","background-position":"center center","background-size":"auto","background-attachment":"scroll","background-type":"","background-media":"","overlay-type":"","overlay-color":"","overlay-opacity":"","overlay-gradient":""},"tablet":{"background-color":"var(--ast-global-color-4)","background-image":"","background-repeat":"repeat","background-position":"center center","background-size":"auto","background-attachment":"scroll","background-type":"","background-media":"","overlay-type":"","overlay-color":"","overlay-opacity":"","overlay-gradient":""},"mobile":{"background-color":"var(--ast-global-color-4)","background-image":"","background-repeat":"repeat","background-position":"center center","background-size":"auto","background-attachment":"scroll","background-type":"","background-media":"","overlay-type":"","overlay-color":"","overlay-opacity":"","overlay-gradient":""}}},"product_brand":[],"product_cat":[32],"product_tag":[],"class_list":{"0":"post-2967","1":"product","2":"type-product","3":"status-publish","4":"has-post-thumbnail","6":"product_cat-plc-control-cabinet","7":"desktop-align-left","8":"tablet-align-left","9":"mobile-align-left","11":"first","12":"outofstock","13":"shipping-taxable","14":"product-type-variable"},"_links":{"self":[{"href":"https:\/\/jiana-tech.com\/pt\/wp-json\/wp\/v2\/product\/2967","targetHints":{"allow":["GET"]}}],"collection":[{"href":"https:\/\/jiana-tech.com\/pt\/wp-json\/wp\/v2\/product"}],"about":[{"href":"https:\/\/jiana-tech.com\/pt\/wp-json\/wp\/v2\/types\/product"}],"wp:featuredmedia":[{"embeddable":true,"href":"https:\/\/jiana-tech.com\/pt\/wp-json\/wp\/v2\/media\/2970"}],"wp:attachment":[{"href":"https:\/\/jiana-tech.com\/pt\/wp-json\/wp\/v2\/media?parent=2967"}],"wp:term":[{"taxonomy":"product_brand","embeddable":true,"href":"https:\/\/jiana-tech.com\/pt\/wp-json\/wp\/v2\/product_brand?post=2967"},{"taxonomy":"product_cat","embeddable":true,"href":"https:\/\/jiana-tech.com\/pt\/wp-json\/wp\/v2\/product_cat?post=2967"},{"taxonomy":"product_tag","embeddable":true,"href":"https:\/\/jiana-tech.com\/pt\/wp-json\/wp\/v2\/product_tag?post=2967"}],"curies":[{"name":"wp","href":"https:\/\/api.w.org\/{rel}","templated":true}]}}