{"id":3006,"date":"2025-10-25T03:10:01","date_gmt":"2025-10-25T03:10:01","guid":{"rendered":"https:\/\/jiana-tech.com\/?post_type=product&#038;p=3006"},"modified":"2025-10-25T03:11:24","modified_gmt":"2025-10-25T03:11:24","slug":"siemens-s7-1500-series-plc-cabinet","status":"publish","type":"product","link":"https:\/\/jiana-tech.com\/pt\/product\/siemens-s7-1500-series-plc-cabinet\/","title":{"rendered":"Arm\u00e1rio PLC Siemens da s\u00e9rie S7-1500"},"content":{"rendered":"<p style=\"text-align: center;\">\u25cf The entire system&#8217;s electrical control cabinets utilize an indoor Rittal-style design with an IP40 protection rating. There are four control cabinets: cabinets 1, 2, and 3 are MCC cabinets, and the final one is a PLC cabinet. This design effectively isolates interference between power and signal lines.<\/p>\n<p style=\"text-align: center;\">\u25cf The main power supply to the control cabinets is a three-phase, five-wire system with a rated voltage of AC380V, a rated frequency of 50Hz, and a maximum load current of 1000A.<\/p>\n<p style=\"text-align: center;\">O fio preto no interior do arm\u00e1rio \u00e9 a linha de alimenta\u00e7\u00e3o AC380V, o fio amarelo \u00e9 a linha de controlo AC220V, o fio azul \u00e9 a linha de controlo DC24V e a linha verde-amarela \u00e9 a linha de terra.<\/p>\n<p style=\"text-align: center;\">\u25cf The main components inside the cabinet include a molded case circuit breaker, a miniature circuit breaker, an AC contactor, an intermediate relay, a frequency converter, a soft starter, and a PLC.<\/p>\n<p style=\"text-align: center;\">\u25cf Inside the cabinet Components from leading brands such as Schneider, Siemens, and Omron ensure system stability and a longer service life.<\/p>\n<p style=\"text-align: center;\">Todos os controlos do equipamento possuem fun\u00e7\u00f5es manuais e autom\u00e1ticas, permitindo uma mudan\u00e7a de modo flex\u00edvel para satisfazer diversas necessidades de controlo.<\/p>\n<p style=\"text-align: center;\">\u25cf The entire system utilizes the Siemens S7-1500 series CPU. Its fast response time, integrated CPU display panel, and corresponding debugging and diagnostic mechanisms significantly improve production efficiency and reduce costs.<\/p>\n<p style=\"text-align: center;\">O arm\u00e1rio de controlo est\u00e1 equipado com um medidor multifun\u00e7\u00f5es para monitoriza\u00e7\u00e3o em tempo real da tens\u00e3o trif\u00e1sica, corrente e outros par\u00e2metros.<\/p>\n<p style=\"text-align: center;\">Um m\u00f3dulo de comunica\u00e7\u00e3o sem fios est\u00e1 integrado no arm\u00e1rio, permitindo a modifica\u00e7\u00e3o remota do programa e a visualiza\u00e7\u00e3o de par\u00e2metros de funcionamento em tempo real e outras informa\u00e7\u00f5es atrav\u00e9s de uma aplica\u00e7\u00e3o m\u00f3vel ou de um navegador Web.<\/p>\n<p><img fetchpriority=\"high\" decoding=\"async\" class=\"aligncenter size-full wp-image-3007\" src=\"https:\/\/jiana-tech.com\/wp-content\/uploads\/2025\/10\/\u4ea7\u54c1\u4e8cIMG_20210414_0829201.jpg-2.jpg\" alt=\"\" width=\"930\" height=\"600\" srcset=\"https:\/\/jiana-tech.com\/wp-content\/uploads\/2025\/10\/\u4ea7\u54c1\u4e8cIMG_20210414_0829201.jpg-2.jpg 930w, https:\/\/jiana-tech.com\/wp-content\/uploads\/2025\/10\/\u4ea7\u54c1\u4e8cIMG_20210414_0829201.jpg-2-300x194.jpg 300w, https:\/\/jiana-tech.com\/wp-content\/uploads\/2025\/10\/\u4ea7\u54c1\u4e8cIMG_20210414_0829201.jpg-2-768x495.jpg 768w, https:\/\/jiana-tech.com\/wp-content\/uploads\/2025\/10\/\u4ea7\u54c1\u4e8cIMG_20210414_0829201.jpg-2-18x12.jpg 18w, https:\/\/jiana-tech.com\/wp-content\/uploads\/2025\/10\/\u4ea7\u54c1\u4e8cIMG_20210414_0829201.jpg-2-600x387.jpg 600w\" sizes=\"(max-width: 930px) 100vw, 930px\" \/> <img decoding=\"async\" class=\"aligncenter size-full wp-image-3008\" src=\"https:\/\/jiana-tech.com\/wp-content\/uploads\/2025\/10\/\u5c01\u9762\u4e00IMG_20210414_08392911.jpg-2.jpg\" alt=\"\" width=\"930\" height=\"600\" srcset=\"https:\/\/jiana-tech.com\/wp-content\/uploads\/2025\/10\/\u5c01\u9762\u4e00IMG_20210414_08392911.jpg-2.jpg 930w, https:\/\/jiana-tech.com\/wp-content\/uploads\/2025\/10\/\u5c01\u9762\u4e00IMG_20210414_08392911.jpg-2-300x194.jpg 300w, https:\/\/jiana-tech.com\/wp-content\/uploads\/2025\/10\/\u5c01\u9762\u4e00IMG_20210414_08392911.jpg-2-768x495.jpg 768w, https:\/\/jiana-tech.com\/wp-content\/uploads\/2025\/10\/\u5c01\u9762\u4e00IMG_20210414_08392911.jpg-2-18x12.jpg 18w, https:\/\/jiana-tech.com\/wp-content\/uploads\/2025\/10\/\u5c01\u9762\u4e00IMG_20210414_08392911.jpg-2-600x387.jpg 600w\" sizes=\"(max-width: 930px) 100vw, 930px\" \/> <img decoding=\"async\" class=\"aligncenter size-full wp-image-3009\" src=\"https:\/\/jiana-tech.com\/wp-content\/uploads\/2025\/10\/\u897f\u95e8\u5b50S7-400\u7cfb\u5217PLC\u67dc-2.jpg\" alt=\"\" width=\"600\" height=\"450\" srcset=\"https:\/\/jiana-tech.com\/wp-content\/uploads\/2025\/10\/\u897f\u95e8\u5b50S7-400\u7cfb\u5217PLC\u67dc-2.jpg 600w, https:\/\/jiana-tech.com\/wp-content\/uploads\/2025\/10\/\u897f\u95e8\u5b50S7-400\u7cfb\u5217PLC\u67dc-2-300x225.jpg 300w, https:\/\/jiana-tech.com\/wp-content\/uploads\/2025\/10\/\u897f\u95e8\u5b50S7-400\u7cfb\u5217PLC\u67dc-2-16x12.jpg 16w\" sizes=\"(max-width: 600px) 100vw, 600px\" \/> <img loading=\"lazy\" decoding=\"async\" class=\"aligncenter size-full wp-image-3010\" src=\"https:\/\/jiana-tech.com\/wp-content\/uploads\/2025\/10\/\u897f\u95e8\u5b50S7-400\u7cfb\u5217PLC\u67dc-2.jpg\" alt=\"\" width=\"600\" height=\"450\" srcset=\"https:\/\/jiana-tech.com\/wp-content\/uploads\/2025\/10\/\u897f\u95e8\u5b50S7-400\u7cfb\u5217PLC\u67dc-2.jpg 600w, https:\/\/jiana-tech.com\/wp-content\/uploads\/2025\/10\/\u897f\u95e8\u5b50S7-400\u7cfb\u5217PLC\u67dc-2-300x225.jpg 300w, https:\/\/jiana-tech.com\/wp-content\/uploads\/2025\/10\/\u897f\u95e8\u5b50S7-400\u7cfb\u5217PLC\u67dc-2-16x12.jpg 16w\" sizes=\"(max-width: 600px) 100vw, 600px\" \/> <img loading=\"lazy\" decoding=\"async\" class=\"aligncenter size-full wp-image-3011\" src=\"https:\/\/jiana-tech.com\/wp-content\/uploads\/2025\/10\/\u897f\u95e8\u5b50S7-400\u7cfb\u5217PLC\u67dc-2.jpg\" alt=\"\" width=\"600\" height=\"450\" srcset=\"https:\/\/jiana-tech.com\/wp-content\/uploads\/2025\/10\/\u897f\u95e8\u5b50S7-400\u7cfb\u5217PLC\u67dc-2.jpg 600w, https:\/\/jiana-tech.com\/wp-content\/uploads\/2025\/10\/\u897f\u95e8\u5b50S7-400\u7cfb\u5217PLC\u67dc-2-300x225.jpg 300w, https:\/\/jiana-tech.com\/wp-content\/uploads\/2025\/10\/\u897f\u95e8\u5b50S7-400\u7cfb\u5217PLC\u67dc-2-16x12.jpg 16w\" sizes=\"(max-width: 600px) 100vw, 600px\" \/><\/p>","protected":false},"excerpt":{"rendered":"<p>O arm\u00e1rio de controlo PLC \u00e9 um arm\u00e1rio de controlo integrado program\u00e1vel com fun\u00e7\u00f5es de prote\u00e7\u00e3o, tais como sobrecarga, curto-circuito e prote\u00e7\u00e3o contra perda de fase. Tem uma estrutura compacta, opera\u00e7\u00e3o est\u00e1vel e fun\u00e7\u00f5es completas. Pode ser combinado de acordo com a escala de controlo real e pode realizar o controlo autom\u00e1tico de um \u00fanico arm\u00e1rio ou ser ligado atrav\u00e9s de Ethernet industrial.<\/p>","protected":false},"featured_media":3009,"template":"","meta":{"site-sidebar-layout":"default","site-content-layout":"","ast-site-content-layout":"default","site-content-style":"default","site-sidebar-style":"default","ast-global-header-display":"","ast-banner-title-visibility":"","ast-main-header-display":"","ast-hfb-above-header-display":"","ast-hfb-below-header-display":"","ast-hfb-mobile-header-display":"","site-post-title":"","ast-breadcrumbs-content":"","ast-featured-img":"","footer-sml-layout":"","theme-transparent-header-meta":"default","adv-header-id-meta":"","stick-header-meta":"","header-above-stick-meta":"","header-main-stick-meta":"","header-below-stick-meta":"","astra-migrate-meta-layouts":"set","ast-page-background-enabled":"default","ast-page-background-meta":{"desktop":{"background-color":"var(--ast-global-color-5)","background-image":"","background-repeat":"repeat","background-position":"center center","background-size":"auto","background-attachment":"scroll","background-type":"","background-media":"","overlay-type":"","overlay-color":"","overlay-opacity":"","overlay-gradient":""},"tablet":{"background-color":"","background-image":"","background-repeat":"repeat","background-position":"center center","background-size":"auto","background-attachment":"scroll","background-type":"","background-media":"","overlay-type":"","overlay-color":"","overlay-opacity":"","overlay-gradient":""},"mobile":{"background-color":"","background-image":"","background-repeat":"repeat","background-position":"center center","background-size":"auto","background-attachment":"scroll","background-type":"","background-media":"","overlay-type":"","overlay-color":"","overlay-opacity":"","overlay-gradient":""}},"ast-content-background-meta":{"desktop":{"background-color":"var(--ast-global-color-4)","background-image":"","background-repeat":"repeat","background-position":"center center","background-size":"auto","background-attachment":"scroll","background-type":"","background-media":"","overlay-type":"","overlay-color":"","overlay-opacity":"","overlay-gradient":""},"tablet":{"background-color":"var(--ast-global-color-4)","background-image":"","background-repeat":"repeat","background-position":"center center","background-size":"auto","background-attachment":"scroll","background-type":"","background-media":"","overlay-type":"","overlay-color":"","overlay-opacity":"","overlay-gradient":""},"mobile":{"background-color":"var(--ast-global-color-4)","background-image":"","background-repeat":"repeat","background-position":"center center","background-size":"auto","background-attachment":"scroll","background-type":"","background-media":"","overlay-type":"","overlay-color":"","overlay-opacity":"","overlay-gradient":""}}},"product_brand":[],"product_cat":[32],"product_tag":[],"class_list":{"0":"post-3006","1":"product","2":"type-product","3":"status-publish","4":"has-post-thumbnail","6":"product_cat-plc-control-cabinet","7":"desktop-align-left","8":"tablet-align-left","9":"mobile-align-left","11":"first","12":"outofstock","13":"shipping-taxable","14":"product-type-variable"},"_links":{"self":[{"href":"https:\/\/jiana-tech.com\/pt\/wp-json\/wp\/v2\/product\/3006","targetHints":{"allow":["GET"]}}],"collection":[{"href":"https:\/\/jiana-tech.com\/pt\/wp-json\/wp\/v2\/product"}],"about":[{"href":"https:\/\/jiana-tech.com\/pt\/wp-json\/wp\/v2\/types\/product"}],"wp:featuredmedia":[{"embeddable":true,"href":"https:\/\/jiana-tech.com\/pt\/wp-json\/wp\/v2\/media\/3009"}],"wp:attachment":[{"href":"https:\/\/jiana-tech.com\/pt\/wp-json\/wp\/v2\/media?parent=3006"}],"wp:term":[{"taxonomy":"product_brand","embeddable":true,"href":"https:\/\/jiana-tech.com\/pt\/wp-json\/wp\/v2\/product_brand?post=3006"},{"taxonomy":"product_cat","embeddable":true,"href":"https:\/\/jiana-tech.com\/pt\/wp-json\/wp\/v2\/product_cat?post=3006"},{"taxonomy":"product_tag","embeddable":true,"href":"https:\/\/jiana-tech.com\/pt\/wp-json\/wp\/v2\/product_tag?post=3006"}],"curies":[{"name":"wp","href":"https:\/\/api.w.org\/{rel}","templated":true}]}}