{"id":81,"date":"2025-08-05T00:50:11","date_gmt":"2025-08-05T00:50:11","guid":{"rendered":"https:\/\/jiana-tech.com\/?post_type=product&#038;p=81"},"modified":"2025-08-05T00:50:43","modified_gmt":"2025-08-05T00:50:43","slug":"yangao-wall-mount-enclosure-distribution-box-oem-inner-door-metal-enclosure-box","status":"publish","type":"product","link":"https:\/\/jiana-tech.com\/pt\/product\/yangao-wall-mount-enclosure-distribution-box-oem-inner-door-metal-enclosure-box\/","title":{"rendered":"Caixa de distribui\u00e7\u00e3o para montagem na parede YanGao Caixa de distribui\u00e7\u00e3o met\u00e1lica com porta interior OEM"},"content":{"rendered":"<p>N\u00edvel IP:IP40<br \/>\nTipo:Caixa de controlo<br \/>\nLocal de origem:Shandong, China<br \/>\nTratamento de superf\u00edcie:Revestimento em p\u00f3<br \/>\nNome da marca:YanGao<br \/>\nN\u00famero do modelo:DL-01<br \/>\nTamanho externo: 250*300*140, 300*400*200, 400*400*200, 400*500*200, 400*600*250, 500*700*250, 600*800*250, 800*1000*250, outros<br \/>\nMaterial:a\u00e7o laminado a frio, Metal, A\u00e7o<br \/>\nNome de produto:caixa de painel el\u00e9trico<br \/>\nCor:Cinzento<br \/>\nAplica\u00e7\u00e3o: Proteger os disjuntores instalados<br \/>\nUtiliza\u00e7\u00e3o:Amplamente utilizado<br \/>\nTamanho:250X300 300X400 400X500 500X600 600X800 800X1000<br \/>\nCarater\u00edstica:Seguran\u00e7a Dur\u00e1vel<br \/>\nFun\u00e7\u00e3o:Fun\u00e7\u00e3o de prote\u00e7\u00e3o<br \/>\nForma:Ret\u00e2ngulo<br \/>\nPersonaliza\u00e7\u00e3o:Aceitar o inv\u00f3lucro personalizado<br \/>\nLog\u00f3tipo:Aceitar log\u00f3tipo personalizado<br \/>\nUnidades de venda:Artigo \u00fanico<br \/>\nTamanho da embalagem individual:43X34X23 cm<br \/>\nPeso bruto \u00fanico: 6.500 KG<\/p>\n<p><img decoding=\"async\" class=\"alignnone size-full\" src=\"https:\/\/1688factorys.com\/wp-content\/uploads\/detail_pic_0-1376.jpg\" width=\"790\" alt=\"\"\/><\/p>\n<p><img decoding=\"async\" class=\"alignnone size-full\" src=\"https:\/\/1688factorys.com\/wp-content\/uploads\/detail_pic_1-1301.jpg\" width=\"790\" alt=\"\"\/><\/p>\n<p><img decoding=\"async\" class=\"alignnone size-full\" src=\"https:\/\/1688factorys.com\/wp-content\/uploads\/detail_pic_2-1341.jpg\" width=\"790\" alt=\"\"\/><\/p>\n<p><img decoding=\"async\" class=\"alignnone size-full\" src=\"https:\/\/1688factorys.com\/wp-content\/uploads\/detail_pic_3-1317.jpg\" width=\"790\" alt=\"\"\/><\/p>\n<p><img decoding=\"async\" class=\"alignnone size-full\" src=\"https:\/\/1688factorys.com\/wp-content\/uploads\/detail_pic_4-1161.jpg\" width=\"790\" alt=\"\"\/><\/p>\n<p><img decoding=\"async\" class=\"alignnone size-full\" src=\"https:\/\/1688factorys.com\/wp-content\/uploads\/detail_pic_5-1025.jpg\" width=\"790\" alt=\"\"\/><\/p>\n<p><img decoding=\"async\" class=\"alignnone size-full\" src=\"https:\/\/1688factorys.com\/wp-content\/uploads\/detail_pic_6-1039.jpg\" width=\"790\" alt=\"\"\/><\/p>\n<p><img decoding=\"async\" class=\"alignnone size-full\" src=\"https:\/\/1688factorys.com\/wp-content\/uploads\/detail_pic_7-1022.jpg\" width=\"790\" alt=\"\"\/><\/p>\n<p><img decoding=\"async\" class=\"alignnone size-full\" src=\"https:\/\/1688factorys.com\/wp-content\/uploads\/detail_pic_8-742.jpg\" width=\"790\" alt=\"\"\/><\/p>\n<p><img decoding=\"async\" class=\"alignnone size-full\" src=\"https:\/\/1688factorys.com\/wp-content\/uploads\/detail_pic_9-662.jpg\" width=\"790\" alt=\"\"\/><\/p>","protected":false},"excerpt":{"rendered":"<p>Caixa de distribui\u00e7\u00e3o para montagem na parede YanGao Caixa de distribui\u00e7\u00e3o met\u00e1lica com porta interior OEM<\/p>","protected":false},"featured_media":206,"template":"","meta":{"site-sidebar-layout":"default","site-content-layout":"","ast-site-content-layout":"default","site-content-style":"default","site-sidebar-style":"default","ast-global-header-display":"","ast-banner-title-visibility":"","ast-main-header-display":"","ast-hfb-above-header-display":"","ast-hfb-below-header-display":"","ast-hfb-mobile-header-display":"","site-post-title":"","ast-breadcrumbs-content":"","ast-featured-img":"","footer-sml-layout":"","theme-transparent-header-meta":"","adv-header-id-meta":"","stick-header-meta":"","header-above-stick-meta":"","header-main-stick-meta":"","header-below-stick-meta":"","astra-migrate-meta-layouts":"default","ast-page-background-enabled":"default","ast-page-background-meta":{"desktop":{"background-color":"var(--ast-global-color-5)","background-image":"","background-repeat":"repeat","background-position":"center center","background-size":"auto","background-attachment":"scroll","background-type":"","background-media":"","overlay-type":"","overlay-color":"","overlay-opacity":"","overlay-gradient":""},"tablet":{"background-color":"","background-image":"","background-repeat":"repeat","background-position":"center center","background-size":"auto","background-attachment":"scroll","background-type":"","background-media":"","overlay-type":"","overlay-color":"","overlay-opacity":"","overlay-gradient":""},"mobile":{"background-color":"","background-image":"","background-repeat":"repeat","background-position":"center center","background-size":"auto","background-attachment":"scroll","background-type":"","background-media":"","overlay-type":"","overlay-color":"","overlay-opacity":"","overlay-gradient":""}},"ast-content-background-meta":{"desktop":{"background-color":"var(--ast-global-color-4)","background-image":"","background-repeat":"repeat","background-position":"center center","background-size":"auto","background-attachment":"scroll","background-type":"","background-media":"","overlay-type":"","overlay-color":"","overlay-opacity":"","overlay-gradient":""},"tablet":{"background-color":"var(--ast-global-color-4)","background-image":"","background-repeat":"repeat","background-position":"center center","background-size":"auto","background-attachment":"scroll","background-type":"","background-media":"","overlay-type":"","overlay-color":"","overlay-opacity":"","overlay-gradient":""},"mobile":{"background-color":"var(--ast-global-color-4)","background-image":"","background-repeat":"repeat","background-position":"center center","background-size":"auto","background-attachment":"scroll","background-type":"","background-media":"","overlay-type":"","overlay-color":"","overlay-opacity":"","overlay-gradient":""}}},"product_brand":[],"product_cat":[20],"product_tag":[],"class_list":{"0":"post-81","1":"product","2":"type-product","3":"status-publish","4":"has-post-thumbnail","6":"product_cat-metal-box","7":"desktop-align-left","8":"tablet-align-left","9":"mobile-align-left","11":"first","12":"outofstock","13":"shipping-taxable","14":"product-type-variable"},"_links":{"self":[{"href":"https:\/\/jiana-tech.com\/pt\/wp-json\/wp\/v2\/product\/81","targetHints":{"allow":["GET"]}}],"collection":[{"href":"https:\/\/jiana-tech.com\/pt\/wp-json\/wp\/v2\/product"}],"about":[{"href":"https:\/\/jiana-tech.com\/pt\/wp-json\/wp\/v2\/types\/product"}],"wp:featuredmedia":[{"embeddable":true,"href":"https:\/\/jiana-tech.com\/pt\/wp-json\/wp\/v2\/media\/206"}],"wp:attachment":[{"href":"https:\/\/jiana-tech.com\/pt\/wp-json\/wp\/v2\/media?parent=81"}],"wp:term":[{"taxonomy":"product_brand","embeddable":true,"href":"https:\/\/jiana-tech.com\/pt\/wp-json\/wp\/v2\/product_brand?post=81"},{"taxonomy":"product_cat","embeddable":true,"href":"https:\/\/jiana-tech.com\/pt\/wp-json\/wp\/v2\/product_cat?post=81"},{"taxonomy":"product_tag","embeddable":true,"href":"https:\/\/jiana-tech.com\/pt\/wp-json\/wp\/v2\/product_tag?post=81"}],"curies":[{"name":"wp","href":"https:\/\/api.w.org\/{rel}","templated":true}]}}